{"id":668,"date":"2021-12-09T00:00:00","date_gmt":"2021-12-08T22:00:00","guid":{"rendered":"https:\/\/techart.fi\/?page_id=668"},"modified":"2021-12-08T15:45:38","modified_gmt":"2021-12-08T13:45:38","slug":"9-december-2021","status":"publish","type":"page","link":"https:\/\/techart.fi\/en\/joulukalenteriluukku\/9-december-2021\/","title":{"rendered":"December 9th"},"content":{"rendered":"<p class=\"translation-block\">Comic book and visual artist <a href=\"https:\/\/www.instagram.com\/lauriahtinen\/\" target=\"_self\" rel=\"noreferrer noopener\">Lauri Ahtinen<\/a><\/p>\n\n\n\n<figure class=\"wp-block-image size-large\"><img data-recalc-dims=\"1\" fetchpriority=\"high\" decoding=\"async\" width=\"762\" height=\"1024\" src=\"https:\/\/i0.wp.com\/techart.fi\/wp-content\/uploads\/2021\/11\/lauriahtinen.jpg?resize=762%2C1024&#038;ssl=1\" alt=\"\" class=\"wp-image-669\" srcset=\"https:\/\/i0.wp.com\/techart.fi\/wp-content\/uploads\/2021\/11\/lauriahtinen.jpg?resize=762%2C1024&amp;ssl=1 762w, https:\/\/i0.wp.com\/techart.fi\/wp-content\/uploads\/2021\/11\/lauriahtinen.jpg?resize=223%2C300&amp;ssl=1 223w, https:\/\/i0.wp.com\/techart.fi\/wp-content\/uploads\/2021\/11\/lauriahtinen.jpg?resize=768%2C1032&amp;ssl=1 768w, https:\/\/i0.wp.com\/techart.fi\/wp-content\/uploads\/2021\/11\/lauriahtinen.jpg?resize=1143%2C1536&amp;ssl=1 1143w, https:\/\/i0.wp.com\/techart.fi\/wp-content\/uploads\/2021\/11\/lauriahtinen.jpg?resize=9%2C12&amp;ssl=1 9w, https:\/\/i0.wp.com\/techart.fi\/wp-content\/uploads\/2021\/11\/lauriahtinen.jpg?resize=440%2C591&amp;ssl=1 440w, https:\/\/i0.wp.com\/techart.fi\/wp-content\/uploads\/2021\/11\/lauriahtinen.jpg?w=1200&amp;ssl=1 1200w\" sizes=\"(max-width: 762px) 100vw, 762px\" \/><\/figure>\n\n\n\n<div class=\"wp-block-columns is-layout-flex wp-container-core-columns-is-layout-9d6595d7 wp-block-columns-is-layout-flex\">\n<div class=\"wp-block-column is-layout-flow wp-block-column-is-layout-flow\">\n<p class=\"translation-block\">The TechArt project presents <strong>Probot Ltd<\/strong>. Probot is an expert in robotics and automation from Oulu, founded in 2006. The company now employs 16 people and, despite the pandemic, the company will continue to grow and employ skilled personnel in the coming years.<\/p>\n\n\n\n<p>Yritys on toimintavuosiensa aikana toimittanut robotiikkaa l\u00e4hestulkoon kaikenlaiselle teollisuudelle. Probot Oy on vahvasti mukana my\u00f6s seuraavan sukupolven robotiikan kehitt\u00e4misess\u00e4 ja osana t\u00e4t\u00e4 tulevaisuuden visiointia on syntynyt monia yhteenliittymi\u00e4 taiteilijoiden kanssa. N\u00e4kyvimp\u00e4n\u00e4 ovat olleet erityisesti Taikaboxin kanssa tehdyt nykytanssiin liittyv\u00e4t robottitoteutukset.<\/p>\n\n\n\n<p>T\u00e4ll\u00e4 hetkell\u00e4 Probot Oy:n taiteellisen robotiikan osasto ty\u00f6st\u00e4\u00e4 erilaisia tekniikoita robotilla teht\u00e4v\u00e4n taidemaalauksen saralla. Oheisen videon my\u00f6t\u00e4 Probot Oy haluaa toivottaa kaikille TechArt joulukalenterin seuraajille hyv\u00e4\u00e4 joulua ja innovatiivista uutta vuotta!<\/p>\n\n\n\n<p class=\"translation-block\">More information about Probot Ltd.: <a href=\"https:\/\/probot.fi\" rel=\"nofollow\" target=\"_self\">https:\/\/probot.fi<\/a><\/p>\n<\/div>\n\n\n\n<div class=\"wp-block-column is-layout-flow wp-block-column-is-layout-flow\">\n<figure class=\"wp-block-embed is-type-video is-provider-youtube wp-block-embed-youtube wp-embed-aspect-16-9 wp-has-aspect-ratio\"><div class=\"wp-block-embed__wrapper\">\n<iframe title=\"Christmas Greetings by Artinator 3000\" width=\"1140\" height=\"641\" src=\"https:\/\/www.youtube.com\/embed\/3v2M3yT3sjQ?feature=oembed\" frameborder=\"0\" allow=\"accelerometer; autoplay; clipboard-write; encrypted-media; gyroscope; picture-in-picture\" allowfullscreen><\/iframe>\n<\/div><figcaption>Christmas Greetings by Probot Ltd.<\/figcaption><\/figure>\n<\/div>\n<\/div>","protected":false},"excerpt":{"rendered":"<p>Sarjakuva- ja kuvataiteilija Lauri Ahtinen TechArt -hanke esittelee Probot Oy:n. Probot on vuonna 2006 perustettu robotiikan ja automaation erityisosaaja Oulusta. Yritys ty\u00f6llist\u00e4\u00e4 nyt 16 ty\u00f6ntekij\u00e4\u00e4 ja pandemiasta huolimatta yritys tulee [&hellip;]<\/p>\n","protected":false},"author":2,"featured_media":0,"parent":620,"menu_order":0,"comment_status":"closed","ping_status":"closed","template":"","meta":{"qubely_global_settings":"","qubely_interactions":"","bwfblock_default_font":"","_monsterinsights_skip_tracking":false,"_monsterinsights_sitenote_active":false,"_monsterinsights_sitenote_note":"","_monsterinsights_sitenote_category":0,"order-bump-settings":[],"_wpfnl_thankyou_order_overview":"on","_wpfnl_thankyou_order_details":"on","_wpfnl_thankyou_billing_details":"on","_wpfnl_thankyou_shipping_details":"on","jetpack_post_was_ever_published":false,"footnotes":""},"class_list":["post-668","page","type-page","status-publish","czr-hentry"],"acf":[],"yoast_head":"<!-- This site is optimized with the Yoast SEO plugin v27.5 - https:\/\/yoast.com\/product\/yoast-seo-wordpress\/ -->\n<title>9. Joulukuuta -<\/title>\n<meta name=\"robots\" content=\"index, follow, max-snippet:-1, max-image-preview:large, max-video-preview:-1\" \/>\n<link rel=\"canonical\" href=\"https:\/\/techart.fi\/en\/joulukalenteriluukku\/9-december-2021\/\" \/>\n<meta property=\"og:locale\" content=\"en_GB\" \/>\n<meta property=\"og:type\" content=\"article\" \/>\n<meta property=\"og:title\" content=\"9. Joulukuuta -\" \/>\n<meta property=\"og:description\" content=\"Sarjakuva- ja kuvataiteilija Lauri Ahtinen TechArt -hanke esittelee Probot Oy:n. Probot on vuonna 2006 perustettu robotiikan ja automaation erityisosaaja Oulusta. Yritys ty\u00f6llist\u00e4\u00e4 nyt 16 ty\u00f6ntekij\u00e4\u00e4 ja pandemiasta huolimatta yritys tulee [&hellip;]\" \/>\n<meta property=\"og:url\" content=\"https:\/\/techart.fi\/en\/joulukalenteriluukku\/9-december-2021\/\" \/>\n<meta property=\"article:publisher\" content=\"https:\/\/www.facebook.com\/techartoulu\" \/>\n<meta property=\"og:image\" content=\"https:\/\/techart.fi\/wp-content\/uploads\/2021\/11\/lauriahtinen-762x1024.jpg\" \/>\n<meta name=\"twitter:card\" content=\"summary_large_image\" \/>\n<meta name=\"twitter:label1\" content=\"Estimated reading time\" \/>\n\t<meta name=\"twitter:data1\" content=\"1 minute\" \/>\n<script type=\"application\/ld+json\" class=\"yoast-schema-graph\">{\"@context\":\"https:\\\/\\\/schema.org\",\"@graph\":[{\"@type\":\"WebPage\",\"@id\":\"https:\\\/\\\/techart.fi\\\/joulukalenteriluukku\\\/9-december-2021\\\/\",\"url\":\"https:\\\/\\\/techart.fi\\\/joulukalenteriluukku\\\/9-december-2021\\\/\",\"name\":\"9. Joulukuuta -\",\"isPartOf\":{\"@id\":\"https:\\\/\\\/techart.fi\\\/#website\"},\"primaryImageOfPage\":{\"@id\":\"https:\\\/\\\/techart.fi\\\/joulukalenteriluukku\\\/9-december-2021\\\/#primaryimage\"},\"image\":{\"@id\":\"https:\\\/\\\/techart.fi\\\/joulukalenteriluukku\\\/9-december-2021\\\/#primaryimage\"},\"thumbnailUrl\":\"https:\\\/\\\/techart.fi\\\/wp-content\\\/uploads\\\/2021\\\/11\\\/lauriahtinen-762x1024.jpg\",\"datePublished\":\"2021-12-08T22:00:00+00:00\",\"breadcrumb\":{\"@id\":\"https:\\\/\\\/techart.fi\\\/joulukalenteriluukku\\\/9-december-2021\\\/#breadcrumb\"},\"inLanguage\":\"en-GB\",\"potentialAction\":[{\"@type\":\"ReadAction\",\"target\":[\"https:\\\/\\\/techart.fi\\\/joulukalenteriluukku\\\/9-december-2021\\\/\"]}]},{\"@type\":\"ImageObject\",\"inLanguage\":\"en-GB\",\"@id\":\"https:\\\/\\\/techart.fi\\\/joulukalenteriluukku\\\/9-december-2021\\\/#primaryimage\",\"url\":\"https:\\\/\\\/techart.fi\\\/wp-content\\\/uploads\\\/2021\\\/11\\\/lauriahtinen-762x1024.jpg\",\"contentUrl\":\"https:\\\/\\\/techart.fi\\\/wp-content\\\/uploads\\\/2021\\\/11\\\/lauriahtinen-762x1024.jpg\"},{\"@type\":\"BreadcrumbList\",\"@id\":\"https:\\\/\\\/techart.fi\\\/joulukalenteriluukku\\\/9-december-2021\\\/#breadcrumb\",\"itemListElement\":[{\"@type\":\"ListItem\",\"position\":1,\"name\":\"Home\",\"item\":\"https:\\\/\\\/techart.fi\\\/\"},{\"@type\":\"ListItem\",\"position\":2,\"name\":\"joulukalenteri-luukku\",\"item\":\"https:\\\/\\\/techart.fi\\\/joulukalenteriluukku\\\/\"},{\"@type\":\"ListItem\",\"position\":3,\"name\":\"9. Joulukuuta\"}]},{\"@type\":\"WebSite\",\"@id\":\"https:\\\/\\\/techart.fi\\\/#website\",\"url\":\"https:\\\/\\\/techart.fi\\\/\",\"name\":\"TechArt\",\"description\":\"\",\"publisher\":{\"@id\":\"https:\\\/\\\/techart.fi\\\/#organization\"},\"potentialAction\":[{\"@type\":\"SearchAction\",\"target\":{\"@type\":\"EntryPoint\",\"urlTemplate\":\"https:\\\/\\\/techart.fi\\\/?s={search_term_string}\"},\"query-input\":{\"@type\":\"PropertyValueSpecification\",\"valueRequired\":true,\"valueName\":\"search_term_string\"}}],\"inLanguage\":\"en-GB\"},{\"@type\":\"Organization\",\"@id\":\"https:\\\/\\\/techart.fi\\\/#organization\",\"name\":\"TechArt\",\"url\":\"https:\\\/\\\/techart.fi\\\/\",\"logo\":{\"@type\":\"ImageObject\",\"inLanguage\":\"en-GB\",\"@id\":\"https:\\\/\\\/techart.fi\\\/#\\\/schema\\\/logo\\\/image\\\/\",\"url\":\"https:\\\/\\\/i0.wp.com\\\/techart.fi\\\/wp-content\\\/uploads\\\/2021\\\/11\\\/cropped-techart_webclip.png?fit=256%2C161&ssl=1\",\"contentUrl\":\"https:\\\/\\\/i0.wp.com\\\/techart.fi\\\/wp-content\\\/uploads\\\/2021\\\/11\\\/cropped-techart_webclip.png?fit=256%2C161&ssl=1\",\"width\":256,\"height\":161,\"caption\":\"TechArt\"},\"image\":{\"@id\":\"https:\\\/\\\/techart.fi\\\/#\\\/schema\\\/logo\\\/image\\\/\"},\"sameAs\":[\"https:\\\/\\\/www.facebook.com\\\/techartoulu\",\"https:\\\/\\\/www.instagram.com\\\/techartoulu\\\/\",\"https:\\\/\\\/www.youtube.com\\\/channel\\\/UCzcjRf7yPFh7Etzp_zCAwMQ\"]}]}<\/script>\n<!-- \/ Yoast SEO plugin. -->","yoast_head_json":{"title":"9. Joulukuuta -","robots":{"index":"index","follow":"follow","max-snippet":"max-snippet:-1","max-image-preview":"max-image-preview:large","max-video-preview":"max-video-preview:-1"},"canonical":"https:\/\/techart.fi\/en\/joulukalenteriluukku\/9-december-2021\/","og_locale":"en_GB","og_type":"article","og_title":"9. Joulukuuta -","og_description":"Sarjakuva- ja kuvataiteilija Lauri Ahtinen TechArt -hanke esittelee Probot Oy:n. Probot on vuonna 2006 perustettu robotiikan ja automaation erityisosaaja Oulusta. Yritys ty\u00f6llist\u00e4\u00e4 nyt 16 ty\u00f6ntekij\u00e4\u00e4 ja pandemiasta huolimatta yritys tulee [&hellip;]","og_url":"https:\/\/techart.fi\/en\/joulukalenteriluukku\/9-december-2021\/","article_publisher":"https:\/\/www.facebook.com\/techartoulu","og_image":[{"url":"https:\/\/techart.fi\/wp-content\/uploads\/2021\/11\/lauriahtinen-762x1024.jpg","type":"","width":"","height":""}],"twitter_card":"summary_large_image","twitter_misc":{"Estimated reading time":"1 minute"},"schema":{"@context":"https:\/\/schema.org","@graph":[{"@type":"WebPage","@id":"https:\/\/techart.fi\/joulukalenteriluukku\/9-december-2021\/","url":"https:\/\/techart.fi\/joulukalenteriluukku\/9-december-2021\/","name":"9. Joulukuuta -","isPartOf":{"@id":"https:\/\/techart.fi\/#website"},"primaryImageOfPage":{"@id":"https:\/\/techart.fi\/joulukalenteriluukku\/9-december-2021\/#primaryimage"},"image":{"@id":"https:\/\/techart.fi\/joulukalenteriluukku\/9-december-2021\/#primaryimage"},"thumbnailUrl":"https:\/\/techart.fi\/wp-content\/uploads\/2021\/11\/lauriahtinen-762x1024.jpg","datePublished":"2021-12-08T22:00:00+00:00","breadcrumb":{"@id":"https:\/\/techart.fi\/joulukalenteriluukku\/9-december-2021\/#breadcrumb"},"inLanguage":"en-GB","potentialAction":[{"@type":"ReadAction","target":["https:\/\/techart.fi\/joulukalenteriluukku\/9-december-2021\/"]}]},{"@type":"ImageObject","inLanguage":"en-GB","@id":"https:\/\/techart.fi\/joulukalenteriluukku\/9-december-2021\/#primaryimage","url":"https:\/\/techart.fi\/wp-content\/uploads\/2021\/11\/lauriahtinen-762x1024.jpg","contentUrl":"https:\/\/techart.fi\/wp-content\/uploads\/2021\/11\/lauriahtinen-762x1024.jpg"},{"@type":"BreadcrumbList","@id":"https:\/\/techart.fi\/joulukalenteriluukku\/9-december-2021\/#breadcrumb","itemListElement":[{"@type":"ListItem","position":1,"name":"Home","item":"https:\/\/techart.fi\/"},{"@type":"ListItem","position":2,"name":"joulukalenteri-luukku","item":"https:\/\/techart.fi\/joulukalenteriluukku\/"},{"@type":"ListItem","position":3,"name":"9. Joulukuuta"}]},{"@type":"WebSite","@id":"https:\/\/techart.fi\/#website","url":"https:\/\/techart.fi\/","name":"TechArt","description":"","publisher":{"@id":"https:\/\/techart.fi\/#organization"},"potentialAction":[{"@type":"SearchAction","target":{"@type":"EntryPoint","urlTemplate":"https:\/\/techart.fi\/?s={search_term_string}"},"query-input":{"@type":"PropertyValueSpecification","valueRequired":true,"valueName":"search_term_string"}}],"inLanguage":"en-GB"},{"@type":"Organization","@id":"https:\/\/techart.fi\/#organization","name":"TechArt","url":"https:\/\/techart.fi\/","logo":{"@type":"ImageObject","inLanguage":"en-GB","@id":"https:\/\/techart.fi\/#\/schema\/logo\/image\/","url":"https:\/\/i0.wp.com\/techart.fi\/wp-content\/uploads\/2021\/11\/cropped-techart_webclip.png?fit=256%2C161&ssl=1","contentUrl":"https:\/\/i0.wp.com\/techart.fi\/wp-content\/uploads\/2021\/11\/cropped-techart_webclip.png?fit=256%2C161&ssl=1","width":256,"height":161,"caption":"TechArt"},"image":{"@id":"https:\/\/techart.fi\/#\/schema\/logo\/image\/"},"sameAs":["https:\/\/www.facebook.com\/techartoulu","https:\/\/www.instagram.com\/techartoulu\/","https:\/\/www.youtube.com\/channel\/UCzcjRf7yPFh7Etzp_zCAwMQ"]}]}},"jetpack-related-posts":[{"id":350,"url":"https:\/\/techart.fi\/en\/airnest-productions-oy-playsign-oy-loppuraportti\/","url_meta":{"origin":668,"position":0},"title":"Airnest Productions Oy &#038; Playsign Oy loppuraportti","author":"admin","date":"11\/23\/2021","format":false,"excerpt":"","rel":"","context":"Similar post","block_context":{"text":"Similar post","link":""},"img":{"alt_text":"","src":"","width":0,"height":0},"classes":[]},{"id":688,"url":"https:\/\/techart.fi\/en\/joulukalenteriluukku\/23-december-2021\/","url_meta":{"origin":668,"position":1},"title":"December 23rd","author":"Harri Filppa","date":"12\/23\/2021","format":false,"excerpt":"Kuvittaja ja sarjakuvataiteilija Mari Ahokoivu TechArt hanke esittelee Nokia Oulun tehtaan sek\u00e4 langattoman 5G-tietoliikenneverkon seuraajan 6G:n tulevaisuuden n\u00e4kymi\u00e4. Nokia on hy\u00f6dynt\u00e4nyt langattomien tietoliikenneverkkojen mahdollisuuksia reaaliaikaisesti Oulun tehtaalla, jossa 5G sis\u00e4verkon avulla saadaan l\u00e4hes viiveet\u00f6n ja luotettava teollisuuden tarpeisiin soveltuva automaatio- ja robotiikan ja viestinn\u00e4n verkko, jolla voidaan parantaa tuotannon tehokkuutta\u2026","rel":"","context":"Similar post","block_context":{"text":"Similar post","link":""},"img":{"alt_text":"","src":"https:\/\/i0.wp.com\/techart.fi\/wp-content\/uploads\/2021\/12\/sjaelfugl01.jpg?resize=350%2C200","width":350,"height":200,"srcset":"https:\/\/i0.wp.com\/techart.fi\/wp-content\/uploads\/2021\/12\/sjaelfugl01.jpg?resize=350%2C200 1x, https:\/\/i0.wp.com\/techart.fi\/wp-content\/uploads\/2021\/12\/sjaelfugl01.jpg?resize=525%2C300 1.5x, https:\/\/i0.wp.com\/techart.fi\/wp-content\/uploads\/2021\/12\/sjaelfugl01.jpg?resize=700%2C400 2x"},"classes":[]},{"id":337,"url":"https:\/\/techart.fi\/en\/loppuraportit\/","url_meta":{"origin":668,"position":2},"title":"Final reports","author":"admin","date":"11\/23\/2021","format":false,"excerpt":"OMVF XR - musiikkivideon loppuraportti TaikaBox Ry - Connected Studio loppuraportti Airnest Productions Oy & Playsign Oy loppuraportti Oulun kulttuuritapahtumayhdistys ry loppuraportti TK Piano - Oulu Music Lounge loppuraportti Pohjoinen valokuvakeskus ry - Art in Park loppuraportti","rel":"","context":"Similar post","block_context":{"text":"Similar post","link":""},"img":{"alt_text":"","src":"","width":0,"height":0},"classes":[]},{"id":1346,"url":"https:\/\/techart.fi\/en\/techart-in-the-heart-of-lumo\/","url_meta":{"origin":668,"position":3},"title":"TechArt - in the Heart of LUMO 2022","author":"admin","date":"05\/30\/2022","format":false,"excerpt":"Kansainv\u00e4linen teos- ja ohjelmahaku TechArt hanke kutsuu taiteilijoita, suunnittelijoita ja eri teknologia-alan ammattilaisia sek\u00e4 opiskelijoita ja oppilaitoksia tarjoamaan ehdotuksensa vuoden 2022 tapahtumaan. Tapahtumakokonaisuus j\u00e4rjestet\u00e4\u00e4n osana Lumo-valofestivaalia, joka juhlistaa 10-vuotisjuhlavuottaan. Oikeutetusti TechArt- ohjelma- ja teoshaun vuoden teemana on Juhla. Etsimme TechArt- In the Heart of LUMO -tapahtumaan vaikuttavia installaatioita ja innovatiivisia\u2026","rel":"","context":"Similar post","block_context":{"text":"Similar post","link":""},"img":{"alt_text":"TechArt_heart_LUMO","src":"https:\/\/i0.wp.com\/techart.fi\/wp-content\/uploads\/2022\/05\/TechArt_heart_LUMO.png?fit=570%2C615&ssl=1&resize=350%2C200","width":350,"height":200,"srcset":"https:\/\/i0.wp.com\/techart.fi\/wp-content\/uploads\/2022\/05\/TechArt_heart_LUMO.png?fit=570%2C615&ssl=1&resize=350%2C200 1x, https:\/\/i0.wp.com\/techart.fi\/wp-content\/uploads\/2022\/05\/TechArt_heart_LUMO.png?fit=570%2C615&ssl=1&resize=525%2C300 1.5x"},"classes":[]},{"id":639,"url":"https:\/\/techart.fi\/en\/joulukalenteriluukku\/3-december-2021\/","url_meta":{"origin":668,"position":4},"title":"December 3rd","author":"Harri Filppa","date":"12\/03\/2021","format":false,"excerpt":"Sarjakuvantekij\u00e4 ja taiteilijael\u00e4kel\u00e4inen Jope Pitk\u00e4nen. TechArt esittelee TaikaBox ry:n kalenteriluukussa nro. 3.\u00a0 Taikabox toteutti TechArt hankkeen Connected Studio pilotin vuoden 2021 aikana yhdess\u00e4 oululaisen Near Real Oy:n kanssa. Taikabox yhdist\u00e4\u00e4 teoksissaan tanssia ja teknologiaa. Taikabox ry:n luoma Connected Studio sek\u00e4 Near Real Oy:n online l\u00e4\u00e4k\u00e4ripalveluja varten kehitt\u00e4m\u00e4 digitaalinen alusta tarjosivat\u2026","rel":"","context":"Similar post","block_context":{"text":"Similar post","link":""},"img":{"alt_text":"","src":"https:\/\/i0.wp.com\/img.youtube.com\/vi\/kuIizmIglrY\/0.jpg?resize=350%2C200","width":350,"height":200},"classes":[]},{"id":423,"url":"https:\/\/techart.fi\/en\/esittelyvideoita\/","url_meta":{"origin":668,"position":5},"title":"Presentation videos","author":"admin","date":"11\/26\/2021","format":false,"excerpt":"T\u00e4h\u00e4n on koottu TechArt- hankkeen aikana toteutettuja esittelyvideoita. Videoiden kuvaukset kilpailutettiin, ja toteuttajaksi valittiin Kapina Oy. Videoita esitettiin Comic Strip World Championships (CSWS21) palkintojenjakogaalan livestremauksen yhteydess\u00e4. Lis\u00e4ksi esittelyvideoita toteutettiin kahdesta LUMO - valofestivaalin teoksesta ja tekij\u00f6ist\u00e4. https:\/\/youtu.be\/7zrx5o7YKDk Drone footage of Oulu https:\/\/youtu.be\/dk5E-UL9dYA Drone footage of Oulu, the City Main Library\u2026","rel":"","context":"Similar post","block_context":{"text":"Similar post","link":""},"img":{"alt_text":"","src":"https:\/\/i0.wp.com\/img.youtube.com\/vi\/7zrx5o7YKDk\/0.jpg?resize=350%2C200","width":350,"height":200},"classes":[]}],"jetpack_sharing_enabled":true,"_links":{"self":[{"href":"https:\/\/techart.fi\/en\/wp-json\/wp\/v2\/pages\/668","targetHints":{"allow":["GET"]}}],"collection":[{"href":"https:\/\/techart.fi\/en\/wp-json\/wp\/v2\/pages"}],"about":[{"href":"https:\/\/techart.fi\/en\/wp-json\/wp\/v2\/types\/page"}],"author":[{"embeddable":true,"href":"https:\/\/techart.fi\/en\/wp-json\/wp\/v2\/users\/2"}],"replies":[{"embeddable":true,"href":"https:\/\/techart.fi\/en\/wp-json\/wp\/v2\/comments?post=668"}],"version-history":[{"count":6,"href":"https:\/\/techart.fi\/en\/wp-json\/wp\/v2\/pages\/668\/revisions"}],"predecessor-version":[{"id":890,"href":"https:\/\/techart.fi\/en\/wp-json\/wp\/v2\/pages\/668\/revisions\/890"}],"up":[{"embeddable":true,"href":"https:\/\/techart.fi\/en\/wp-json\/wp\/v2\/pages\/620"}],"wp:attachment":[{"href":"https:\/\/techart.fi\/en\/wp-json\/wp\/v2\/media?parent=668"}],"curies":[{"name":"wp","href":"https:\/\/api.w.org\/{rel}","templated":true}]}}