{"id":428,"date":"2021-11-26T06:24:50","date_gmt":"2021-11-26T04:24:50","guid":{"rendered":"https:\/\/techart.fi\/?page_id=428"},"modified":"2021-11-26T06:26:09","modified_gmt":"2021-11-26T04:26:09","slug":"mediapankki","status":"publish","type":"page","link":"https:\/\/techart.fi\/en\/mediapankki\/","title":{"rendered":"Logos and other marketing material"},"content":{"rendered":"<p>Ohesta l\u00f6ytyv\u00e4t TechArt- hankkeen logot, sek\u00e4 markkinointimateriaalit<\/p>\n\n\n\n<div class=\"wp-block-file\"><a href=\"https:\/\/techart.fi\/wp-content\/uploads\/2021\/11\/techart_rahoittajalogot.zip\">Logos of the TechArt Project funding partners<\/a><a href=\"https:\/\/techart.fi\/wp-content\/uploads\/2021\/11\/techart_rahoittajalogot.zip\" class=\"wp-block-file__button\" download>Lataa<\/a><\/div>\n\n\n\n<div class=\"wp-block-file\"><a href=\"https:\/\/techart.fi\/wp-content\/uploads\/2021\/11\/TechArt_logo_NEGA.png\">TechArt_logo_NEGA<\/a><a href=\"https:\/\/techart.fi\/wp-content\/uploads\/2021\/11\/TechArt_logo_NEGA.png\" class=\"wp-block-file__button\" download>Lataa<\/a><\/div>\n\n\n\n<div data-wp-interactive=\"core\/file\" class=\"wp-block-file\"><object data-wp-bind--hidden=\"!state.hasPdfPreview\" hidden class=\"wp-block-file__embed\" data=\"https:\/\/techart.fi\/wp-content\/uploads\/2021\/11\/TheChase_License_636776-2021-2022.pdf\" type=\"application\/pdf\" style=\"width:100%;height:600px\" aria-label=\"Embed of Tiedoston TheChase_License_636776-2021-2022 upotus..\"><\/object><a href=\"https:\/\/techart.fi\/wp-content\/uploads\/2021\/11\/TheChase_License_636776-2021-2022.pdf\">TheChase_License_636776-2021-2022<\/a><a href=\"https:\/\/techart.fi\/wp-content\/uploads\/2021\/11\/TheChase_License_636776-2021-2022.pdf\" class=\"wp-block-file__button\" download>Lataa<\/a><\/div>\n\n\n\n<div class=\"wp-block-file\"><a href=\"https:\/\/techart.fi\/wp-content\/uploads\/2021\/11\/the-chase-by-aves-Artlist.mp3\">the-chase-by-aves-Artlist<\/a><a href=\"https:\/\/techart.fi\/wp-content\/uploads\/2021\/11\/the-chase-by-aves-Artlist.mp3\" class=\"wp-block-file__button\" download>Lataa<\/a><\/div>\n\n\n\n<div data-wp-interactive=\"core\/file\" class=\"wp-block-file\"><object data-wp-bind--hidden=\"!state.hasPdfPreview\" hidden class=\"wp-block-file__embed\" data=\"https:\/\/techart.fi\/wp-content\/uploads\/2021\/11\/TechART_A3_TEM_Rakennerahastot_2014-2020.pdf\" type=\"application\/pdf\" style=\"width:100%;height:600px\" aria-label=\"Embed of Tiedoston TechART_A3_TEM_Rakennerahastot_2014-2020 upotus..\"><\/object><a href=\"https:\/\/techart.fi\/wp-content\/uploads\/2021\/11\/TechART_A3_TEM_Rakennerahastot_2014-2020.pdf\">TechART_A3_TEM_Rakennerahastot_2014-2020<\/a><a href=\"https:\/\/techart.fi\/wp-content\/uploads\/2021\/11\/TechART_A3_TEM_Rakennerahastot_2014-2020.pdf\" class=\"wp-block-file__button\" download>Lataa<\/a><\/div>","protected":false},"excerpt":{"rendered":"<p>Ohesta l\u00f6ytyv\u00e4t TechArt- hankkeen logot, sek\u00e4 markkinointimateriaalit<\/p>","protected":false},"author":1,"featured_media":0,"parent":0,"menu_order":0,"comment_status":"closed","ping_status":"closed","template":"","meta":{"qubely_global_settings":"","qubely_interactions":"","bwfblock_default_font":"","_monsterinsights_skip_tracking":false,"_monsterinsights_sitenote_active":false,"_monsterinsights_sitenote_note":"","_monsterinsights_sitenote_category":0,"order-bump-settings":[],"_wpfnl_thankyou_order_overview":"on","_wpfnl_thankyou_order_details":"on","_wpfnl_thankyou_billing_details":"on","_wpfnl_thankyou_shipping_details":"on","jetpack_post_was_ever_published":false,"footnotes":""},"class_list":["post-428","page","type-page","status-publish","czr-hentry"],"acf":[],"yoast_head":"<!-- This site is optimized with the Yoast SEO plugin v27.5 - https:\/\/yoast.com\/product\/yoast-seo-wordpress\/ -->\n<title>Mediapankki -<\/title>\n<meta name=\"robots\" content=\"index, follow, max-snippet:-1, max-image-preview:large, max-video-preview:-1\" \/>\n<link rel=\"canonical\" href=\"https:\/\/techart.fi\/en\/mediapankki\/\" \/>\n<meta property=\"og:locale\" content=\"en_GB\" \/>\n<meta property=\"og:type\" content=\"article\" \/>\n<meta property=\"og:title\" content=\"Mediapankki -\" \/>\n<meta property=\"og:description\" content=\"Ohesta l\u00f6ytyv\u00e4t TechArt- hankkeen logot, sek\u00e4 markkinointimateriaalit\" \/>\n<meta property=\"og:url\" content=\"https:\/\/techart.fi\/en\/mediapankki\/\" \/>\n<meta property=\"article:publisher\" content=\"https:\/\/www.facebook.com\/techartoulu\" \/>\n<meta property=\"article:modified_time\" content=\"2021-11-26T04:26:09+00:00\" \/>\n<meta property=\"og:image\" content=\"https:\/\/i0.wp.com\/techart.fi\/wp-content\/uploads\/2021\/11\/IMG-1661-scaled.jpg?fit=2560%2C1920&ssl=1\" \/>\n\t<meta property=\"og:image:width\" content=\"2560\" \/>\n\t<meta property=\"og:image:height\" content=\"1920\" \/>\n\t<meta property=\"og:image:type\" content=\"image\/jpeg\" \/>\n<meta name=\"twitter:card\" content=\"summary_large_image\" \/>\n<meta name=\"twitter:label1\" content=\"Estimated reading time\" \/>\n\t<meta name=\"twitter:data1\" content=\"1 minute\" \/>\n<script type=\"application\/ld+json\" class=\"yoast-schema-graph\">{\"@context\":\"https:\\\/\\\/schema.org\",\"@graph\":[{\"@type\":\"WebPage\",\"@id\":\"https:\\\/\\\/techart.fi\\\/mediapankki\\\/\",\"url\":\"https:\\\/\\\/techart.fi\\\/mediapankki\\\/\",\"name\":\"Mediapankki -\",\"isPartOf\":{\"@id\":\"https:\\\/\\\/techart.fi\\\/#website\"},\"datePublished\":\"2021-11-26T04:24:50+00:00\",\"dateModified\":\"2021-11-26T04:26:09+00:00\",\"breadcrumb\":{\"@id\":\"https:\\\/\\\/techart.fi\\\/mediapankki\\\/#breadcrumb\"},\"inLanguage\":\"en-GB\",\"potentialAction\":[{\"@type\":\"ReadAction\",\"target\":[\"https:\\\/\\\/techart.fi\\\/mediapankki\\\/\"]}]},{\"@type\":\"BreadcrumbList\",\"@id\":\"https:\\\/\\\/techart.fi\\\/mediapankki\\\/#breadcrumb\",\"itemListElement\":[{\"@type\":\"ListItem\",\"position\":1,\"name\":\"Home\",\"item\":\"https:\\\/\\\/techart.fi\\\/\"},{\"@type\":\"ListItem\",\"position\":2,\"name\":\"Mediapankki\"}]},{\"@type\":\"WebSite\",\"@id\":\"https:\\\/\\\/techart.fi\\\/#website\",\"url\":\"https:\\\/\\\/techart.fi\\\/\",\"name\":\"TechArt\",\"description\":\"\",\"publisher\":{\"@id\":\"https:\\\/\\\/techart.fi\\\/#organization\"},\"potentialAction\":[{\"@type\":\"SearchAction\",\"target\":{\"@type\":\"EntryPoint\",\"urlTemplate\":\"https:\\\/\\\/techart.fi\\\/?s={search_term_string}\"},\"query-input\":{\"@type\":\"PropertyValueSpecification\",\"valueRequired\":true,\"valueName\":\"search_term_string\"}}],\"inLanguage\":\"en-GB\"},{\"@type\":\"Organization\",\"@id\":\"https:\\\/\\\/techart.fi\\\/#organization\",\"name\":\"TechArt\",\"url\":\"https:\\\/\\\/techart.fi\\\/\",\"logo\":{\"@type\":\"ImageObject\",\"inLanguage\":\"en-GB\",\"@id\":\"https:\\\/\\\/techart.fi\\\/#\\\/schema\\\/logo\\\/image\\\/\",\"url\":\"https:\\\/\\\/i0.wp.com\\\/techart.fi\\\/wp-content\\\/uploads\\\/2021\\\/11\\\/cropped-techart_webclip.png?fit=256%2C161&ssl=1\",\"contentUrl\":\"https:\\\/\\\/i0.wp.com\\\/techart.fi\\\/wp-content\\\/uploads\\\/2021\\\/11\\\/cropped-techart_webclip.png?fit=256%2C161&ssl=1\",\"width\":256,\"height\":161,\"caption\":\"TechArt\"},\"image\":{\"@id\":\"https:\\\/\\\/techart.fi\\\/#\\\/schema\\\/logo\\\/image\\\/\"},\"sameAs\":[\"https:\\\/\\\/www.facebook.com\\\/techartoulu\",\"https:\\\/\\\/www.instagram.com\\\/techartoulu\\\/\",\"https:\\\/\\\/www.youtube.com\\\/channel\\\/UCzcjRf7yPFh7Etzp_zCAwMQ\"]}]}<\/script>\n<!-- \/ Yoast SEO plugin. -->","yoast_head_json":{"title":"Mediapankki -","robots":{"index":"index","follow":"follow","max-snippet":"max-snippet:-1","max-image-preview":"max-image-preview:large","max-video-preview":"max-video-preview:-1"},"canonical":"https:\/\/techart.fi\/en\/mediapankki\/","og_locale":"en_GB","og_type":"article","og_title":"Mediapankki -","og_description":"Ohesta l\u00f6ytyv\u00e4t TechArt- hankkeen logot, sek\u00e4 markkinointimateriaalit","og_url":"https:\/\/techart.fi\/en\/mediapankki\/","article_publisher":"https:\/\/www.facebook.com\/techartoulu","article_modified_time":"2021-11-26T04:26:09+00:00","og_image":[{"width":2560,"height":1920,"url":"https:\/\/i0.wp.com\/techart.fi\/wp-content\/uploads\/2021\/11\/IMG-1661-scaled.jpg?fit=2560%2C1920&ssl=1","type":"image\/jpeg"}],"twitter_card":"summary_large_image","twitter_misc":{"Estimated reading time":"1 minute"},"schema":{"@context":"https:\/\/schema.org","@graph":[{"@type":"WebPage","@id":"https:\/\/techart.fi\/mediapankki\/","url":"https:\/\/techart.fi\/mediapankki\/","name":"Mediapankki -","isPartOf":{"@id":"https:\/\/techart.fi\/#website"},"datePublished":"2021-11-26T04:24:50+00:00","dateModified":"2021-11-26T04:26:09+00:00","breadcrumb":{"@id":"https:\/\/techart.fi\/mediapankki\/#breadcrumb"},"inLanguage":"en-GB","potentialAction":[{"@type":"ReadAction","target":["https:\/\/techart.fi\/mediapankki\/"]}]},{"@type":"BreadcrumbList","@id":"https:\/\/techart.fi\/mediapankki\/#breadcrumb","itemListElement":[{"@type":"ListItem","position":1,"name":"Home","item":"https:\/\/techart.fi\/"},{"@type":"ListItem","position":2,"name":"Mediapankki"}]},{"@type":"WebSite","@id":"https:\/\/techart.fi\/#website","url":"https:\/\/techart.fi\/","name":"TechArt","description":"","publisher":{"@id":"https:\/\/techart.fi\/#organization"},"potentialAction":[{"@type":"SearchAction","target":{"@type":"EntryPoint","urlTemplate":"https:\/\/techart.fi\/?s={search_term_string}"},"query-input":{"@type":"PropertyValueSpecification","valueRequired":true,"valueName":"search_term_string"}}],"inLanguage":"en-GB"},{"@type":"Organization","@id":"https:\/\/techart.fi\/#organization","name":"TechArt","url":"https:\/\/techart.fi\/","logo":{"@type":"ImageObject","inLanguage":"en-GB","@id":"https:\/\/techart.fi\/#\/schema\/logo\/image\/","url":"https:\/\/i0.wp.com\/techart.fi\/wp-content\/uploads\/2021\/11\/cropped-techart_webclip.png?fit=256%2C161&ssl=1","contentUrl":"https:\/\/i0.wp.com\/techart.fi\/wp-content\/uploads\/2021\/11\/cropped-techart_webclip.png?fit=256%2C161&ssl=1","width":256,"height":161,"caption":"TechArt"},"image":{"@id":"https:\/\/techart.fi\/#\/schema\/logo\/image\/"},"sameAs":["https:\/\/www.facebook.com\/techartoulu","https:\/\/www.instagram.com\/techartoulu\/","https:\/\/www.youtube.com\/channel\/UCzcjRf7yPFh7Etzp_zCAwMQ"]}]}},"jetpack-related-posts":[{"id":13,"url":"https:\/\/techart.fi\/en\/mika-on-techart\/","url_meta":{"origin":428,"position":0},"title":"Welcome to the TechArt project website!","author":"admin","date":"11\/08\/2021","format":false,"excerpt":"TechArt\u00a0-hankkeen tarkoituksena on selvitt\u00e4\u00e4, rakentaa ja\u00a0pilotoida\u00a0teknologiaa ja kulttuuria yhdist\u00e4v\u00e4\u00e4 ekosysteemi\u00e4. N\u00e4ilt\u00e4 sivuilta l\u00f6yd\u00e4t tietoa hankkeen aikana toteutetuista piloteista, tapahtumista sek\u00e4 ekosysteemity\u00f6st\u00e4. Hankeen aikana tuotetut digitaaliset kokeilut ja virtuaalimallit l\u00f6ytyv\u00e4t sivustolta. Pistepilvimallit ovat ladattavissa ilmaiseksi kaikille halukkaille. Info osion alta l\u00f6ytyy hankkeen aikana toteutettuja esittelyvideoita mm. LUMO valofestivaali 2021 aikana olleista\u2026","rel":"","context":"Similar post","block_context":{"text":"Similar post","link":""},"img":{"alt_text":"TechArt","src":"https:\/\/i0.wp.com\/techart.fi\/wp-content\/uploads\/2021\/11\/IMG-1661-scaled.jpg?resize=350%2C200&ssl=1","width":350,"height":200,"srcset":"https:\/\/i0.wp.com\/techart.fi\/wp-content\/uploads\/2021\/11\/IMG-1661-scaled.jpg?resize=350%2C200&ssl=1 1x, https:\/\/i0.wp.com\/techart.fi\/wp-content\/uploads\/2021\/11\/IMG-1661-scaled.jpg?resize=525%2C300&ssl=1 1.5x, https:\/\/i0.wp.com\/techart.fi\/wp-content\/uploads\/2021\/11\/IMG-1661-scaled.jpg?resize=700%2C400&ssl=1 2x, https:\/\/i0.wp.com\/techart.fi\/wp-content\/uploads\/2021\/11\/IMG-1661-scaled.jpg?resize=1050%2C600&ssl=1 3x, https:\/\/i0.wp.com\/techart.fi\/wp-content\/uploads\/2021\/11\/IMG-1661-scaled.jpg?resize=1400%2C800&ssl=1 4x"},"classes":[]},{"id":1306,"url":"https:\/\/techart.fi\/en\/pilotointi\/satuseina\/","url_meta":{"origin":428,"position":1},"title":"Satusein\u00e4","author":"admin","date":"05\/02\/2022","format":false,"excerpt":"TechArt- hanke haki erityisesti jo valmista tuotetta, jossa yhdistyisi interaktiivisesti kosketuksella toimiva musiikkia, pelillisyytt\u00e4 ja vuorovaikutusta sis\u00e4lt\u00e4v\u00e4 kokonaisuus. Toteutettavaksi tuotekehityspilotiksi tuli valituksi Satusein\u00e4. T\u00e4h\u00e4n Satusein\u00e4\u00e4n on aiemmin voinut Suomessa tutustua. mm. Helsingiss\u00e4 Oodissa ja Mikkeliss\u00e4. Jean Sibeliuksen ja Leevi Madetojan musiikkiin sovitettu mukaansatempaava \u00e4lysein\u00e4\u00a0tarjoaa sukelluksen\u00a0Maaria taivaanlaulaja\u00a0-musiikkisatuun sek\u00e4 samaan satumaailmaan sijoittuviin\u2026","rel":"","context":"Similar post","block_context":{"text":"Similar post","link":""},"img":{"alt_text":"","src":"https:\/\/i0.wp.com\/techart.fi\/wp-content\/uploads\/2022\/05\/IMG-8734-2-scaled.jpg?resize=350%2C200&ssl=1","width":350,"height":200,"srcset":"https:\/\/i0.wp.com\/techart.fi\/wp-content\/uploads\/2022\/05\/IMG-8734-2-scaled.jpg?resize=350%2C200&ssl=1 1x, https:\/\/i0.wp.com\/techart.fi\/wp-content\/uploads\/2022\/05\/IMG-8734-2-scaled.jpg?resize=525%2C300&ssl=1 1.5x, https:\/\/i0.wp.com\/techart.fi\/wp-content\/uploads\/2022\/05\/IMG-8734-2-scaled.jpg?resize=700%2C400&ssl=1 2x, https:\/\/i0.wp.com\/techart.fi\/wp-content\/uploads\/2022\/05\/IMG-8734-2-scaled.jpg?resize=1050%2C600&ssl=1 3x, https:\/\/i0.wp.com\/techart.fi\/wp-content\/uploads\/2022\/05\/IMG-8734-2-scaled.jpg?resize=1400%2C800&ssl=1 4x"},"classes":[]},{"id":439,"url":"https:\/\/techart.fi\/en\/kuvagalleria\/","url_meta":{"origin":428,"position":2},"title":"Photogallery","author":"admin","date":"11\/26\/2021","format":false,"excerpt":"Ohesta l\u00f6ytyy kuvia TechArt- hankkeen eri tapahtumista. TechArt Forum 2022 TechArt Forum 2022, Kuvaaja: Sanna Krook Photos from previous TechArt Events.","rel":"","context":"Similar post","block_context":{"text":"Similar post","link":""},"img":{"alt_text":"","src":"https:\/\/i0.wp.com\/techart.fi\/wp-content\/uploads\/2022\/04\/278675678_1338925289919853_3329231881314140027_n.jpg?resize=350%2C200&ssl=1","width":350,"height":200,"srcset":"https:\/\/i0.wp.com\/techart.fi\/wp-content\/uploads\/2022\/04\/278675678_1338925289919853_3329231881314140027_n.jpg?resize=350%2C200&ssl=1 1x, https:\/\/i0.wp.com\/techart.fi\/wp-content\/uploads\/2022\/04\/278675678_1338925289919853_3329231881314140027_n.jpg?resize=525%2C300&ssl=1 1.5x, https:\/\/i0.wp.com\/techart.fi\/wp-content\/uploads\/2022\/04\/278675678_1338925289919853_3329231881314140027_n.jpg?resize=700%2C400&ssl=1 2x, https:\/\/i0.wp.com\/techart.fi\/wp-content\/uploads\/2022\/04\/278675678_1338925289919853_3329231881314140027_n.jpg?resize=1050%2C600&ssl=1 3x, https:\/\/i0.wp.com\/techart.fi\/wp-content\/uploads\/2022\/04\/278675678_1338925289919853_3329231881314140027_n.jpg?resize=1400%2C800&ssl=1 4x"},"classes":[]},{"id":304,"url":"https:\/\/techart.fi\/en\/nopeat-innovaatio-kokeilut\/","url_meta":{"origin":428,"position":3},"title":"Rapid innovation pilots","author":"admin","date":"11\/23\/2021","format":false,"excerpt":"TechArt- hankkeessa on toteutettu avoimella haulla ns. nopeat innovaatio kokeilut. Ohessa l\u00f6ytyv\u00e4t n\u00e4iden 6 eri kokeilut sis\u00e4ll\u00f6t ja tulokset tiivistettyn\u00e4, Loppuraportit kustakin kokeilusta on koottu kohtaan Loppuraportit OMVF XR - musiikkivideo Oulun Musiikkivideofestivaalit ry. toteutti XR-musiikkivideon ohmudogin musiikkikappaleeseen KEIJUSTAMINA. Video on XR-musiikkivideo, jossa katsoja sukeltaa ihmisen syd\u00e4men sis\u00e4lle Art in\u2026","rel":"","context":"Similar post","block_context":{"text":"Similar post","link":""},"img":{"alt_text":"","src":"https:\/\/i0.wp.com\/techart.fi\/wp-content\/uploads\/2021\/11\/maakinen-1.png?resize=350%2C200&ssl=1","width":350,"height":200,"srcset":"https:\/\/i0.wp.com\/techart.fi\/wp-content\/uploads\/2021\/11\/maakinen-1.png?resize=350%2C200&ssl=1 1x, https:\/\/i0.wp.com\/techart.fi\/wp-content\/uploads\/2021\/11\/maakinen-1.png?resize=525%2C300&ssl=1 1.5x, https:\/\/i0.wp.com\/techart.fi\/wp-content\/uploads\/2021\/11\/maakinen-1.png?resize=700%2C400&ssl=1 2x"},"classes":[]},{"id":18,"url":"https:\/\/techart.fi\/en\/ekosysteemi\/","url_meta":{"origin":428,"position":4},"title":"Ekosysteemity\u00f6","author":"admin","date":"11\/08\/2021","format":false,"excerpt":"TechArt- hankkeen ty\u00f6paketti TechArt City pyrkii rakentamaan kansallisen ja kansainv\u00e4lisen verkoston, jossa kaupungit ja alueet, teknologiayritykset, TKI -organisaatiot, luovat ja kulttuurialat sek\u00e4 taiteen ammattilaiset kohtaavat ja jakavat tietoa. Keskeisen\u00e4 teemana on ekosysteemiajattelu; Miten kaupungit voivat kehitt\u00e4\u00e4 alustan, joka synnytt\u00e4\u00e4 teknologiaa ja kulttuuria yhdist\u00e4v\u00e4\u00e4 toimeliaisuutta Hankkeessa ekosysteemin tavoitteita toteutetaan seuraavilla toimenpiteill\u00e4:\u2026","rel":"","context":"Similar post","block_context":{"text":"Similar post","link":""},"img":{"alt_text":"","src":"https:\/\/i0.wp.com\/techart.fi\/wp-content\/uploads\/2022\/03\/PHOTO-2021-11-18-18-27-14.jpeg?fit=1200%2C900&ssl=1&resize=350%2C200","width":350,"height":200,"srcset":"https:\/\/i0.wp.com\/techart.fi\/wp-content\/uploads\/2022\/03\/PHOTO-2021-11-18-18-27-14.jpeg?fit=1200%2C900&ssl=1&resize=350%2C200 1x, https:\/\/i0.wp.com\/techart.fi\/wp-content\/uploads\/2022\/03\/PHOTO-2021-11-18-18-27-14.jpeg?fit=1200%2C900&ssl=1&resize=525%2C300 1.5x, https:\/\/i0.wp.com\/techart.fi\/wp-content\/uploads\/2022\/03\/PHOTO-2021-11-18-18-27-14.jpeg?fit=1200%2C900&ssl=1&resize=700%2C400 2x, https:\/\/i0.wp.com\/techart.fi\/wp-content\/uploads\/2022\/03\/PHOTO-2021-11-18-18-27-14.jpeg?fit=1200%2C900&ssl=1&resize=1050%2C600 3x"},"classes":[]},{"id":712,"url":"https:\/\/techart.fi\/en\/joulukalenteriluukku\/18-december-2021\/","url_meta":{"origin":428,"position":5},"title":"December 18th","author":"Harri Filppa","date":"12\/18\/2021","format":false,"excerpt":"Sarjakuvantekij\u00e4 Mika Lahtonen TechArt esittelee oululaisen pelialan yrityksen Playsign Oy:n joka on toteuttanut XR-musiikkivideon yhteisty\u00f6ss\u00e4 Oulun Musiikkivideofestivaalien kanssa. XR- musiikkivideo oli osa TechArt- hankkeen nopeita kokeiluja. XR-musiikkivideon toteutukseen p\u00e4\u00e4set perehtym\u00e4\u00e4n tarkemmin pilotin loppuraportista. Playsign Oy on lis\u00e4ksi toteuttanut useita VR ja AR toteutuksia sek\u00e4 kaupunkien kuin kulttuuritoimijoiden tarpeisiin. N\u00e4ist\u00e4 muutama\u2026","rel":"","context":"Similar post","block_context":{"text":"Similar post","link":""},"img":{"alt_text":"","src":"https:\/\/i0.wp.com\/techart.fi\/wp-content\/uploads\/2021\/12\/s01.jpg?resize=350%2C200","width":350,"height":200,"srcset":"https:\/\/i0.wp.com\/techart.fi\/wp-content\/uploads\/2021\/12\/s01.jpg?resize=350%2C200 1x, https:\/\/i0.wp.com\/techart.fi\/wp-content\/uploads\/2021\/12\/s01.jpg?resize=525%2C300 1.5x, https:\/\/i0.wp.com\/techart.fi\/wp-content\/uploads\/2021\/12\/s01.jpg?resize=700%2C400 2x, https:\/\/i0.wp.com\/techart.fi\/wp-content\/uploads\/2021\/12\/s01.jpg?resize=1050%2C600 3x, https:\/\/i0.wp.com\/techart.fi\/wp-content\/uploads\/2021\/12\/s01.jpg?resize=1400%2C800 4x"},"classes":[]}],"jetpack_sharing_enabled":true,"_links":{"self":[{"href":"https:\/\/techart.fi\/en\/wp-json\/wp\/v2\/pages\/428","targetHints":{"allow":["GET"]}}],"collection":[{"href":"https:\/\/techart.fi\/en\/wp-json\/wp\/v2\/pages"}],"about":[{"href":"https:\/\/techart.fi\/en\/wp-json\/wp\/v2\/types\/page"}],"author":[{"embeddable":true,"href":"https:\/\/techart.fi\/en\/wp-json\/wp\/v2\/users\/1"}],"replies":[{"embeddable":true,"href":"https:\/\/techart.fi\/en\/wp-json\/wp\/v2\/comments?post=428"}],"version-history":[{"count":2,"href":"https:\/\/techart.fi\/en\/wp-json\/wp\/v2\/pages\/428\/revisions"}],"predecessor-version":[{"id":437,"href":"https:\/\/techart.fi\/en\/wp-json\/wp\/v2\/pages\/428\/revisions\/437"}],"wp:attachment":[{"href":"https:\/\/techart.fi\/en\/wp-json\/wp\/v2\/media?parent=428"}],"curies":[{"name":"wp","href":"https:\/\/api.w.org\/{rel}","templated":true}]}}