{"id":423,"date":"2021-11-26T04:54:27","date_gmt":"2021-11-26T02:54:27","guid":{"rendered":"https:\/\/techart.fi\/?page_id=423"},"modified":"2021-11-26T12:05:42","modified_gmt":"2021-11-26T10:05:42","slug":"esittelyvideoita","status":"publish","type":"page","link":"https:\/\/techart.fi\/en\/esittelyvideoita\/","title":{"rendered":"Presentation videos"},"content":{"rendered":"<p>T\u00e4h\u00e4n on koottu TechArt- hankkeen aikana toteutettuja esittelyvideoita. Videoiden kuvaukset kilpailutettiin, ja toteuttajaksi valittiin Kapina Oy. <\/p>\n\n\n\n<p>Videoita esitettiin Comic Strip World Championships (CSWS21) palkintojenjakogaalan livestremauksen yhteydess\u00e4. Lis\u00e4ksi esittelyvideoita toteutettiin kahdesta LUMO &#8211; valofestivaalin teoksesta ja tekij\u00f6ist\u00e4. <\/p>\n\n\n\n<figure class=\"wp-block-embed is-type-video is-provider-youtube wp-block-embed-youtube wp-embed-aspect-16-9 wp-has-aspect-ratio\"><div class=\"wp-block-embed__wrapper\">\n<iframe title=\"Drone footage of Oulu\" width=\"1140\" height=\"641\" src=\"https:\/\/www.youtube.com\/embed\/7zrx5o7YKDk?feature=oembed\" frameborder=\"0\" allow=\"accelerometer; autoplay; clipboard-write; encrypted-media; gyroscope; picture-in-picture\" allowfullscreen><\/iframe>\n<\/div><figcaption>Drone footage of Oulu<\/figcaption><\/figure>\n\n\n\n<figure class=\"wp-block-embed is-type-video is-provider-youtube wp-block-embed-youtube wp-embed-aspect-16-9 wp-has-aspect-ratio\"><div class=\"wp-block-embed__wrapper\">\n<iframe title=\"Drone footage of Oulu, the City Main Library\" width=\"1140\" height=\"641\" src=\"https:\/\/www.youtube.com\/embed\/dk5E-UL9dYA?feature=oembed\" frameborder=\"0\" allow=\"accelerometer; autoplay; clipboard-write; encrypted-media; gyroscope; picture-in-picture\" allowfullscreen><\/iframe>\n<\/div><figcaption>Drone footage of Oulu, the City Main Library<\/figcaption><\/figure>\n\n\n\n<figure class=\"wp-block-embed is-type-video is-provider-youtube wp-block-embed-youtube wp-embed-aspect-16-9 wp-has-aspect-ratio\"><div class=\"wp-block-embed__wrapper\">\n<iframe title=\"Drone footage of Oulu, overview of the City\" width=\"1140\" height=\"641\" src=\"https:\/\/www.youtube.com\/embed\/DVug4mG1T4s?feature=oembed\" frameborder=\"0\" allow=\"accelerometer; autoplay; clipboard-write; encrypted-media; gyroscope; picture-in-picture\" allowfullscreen><\/iframe>\n<\/div><figcaption>Drone footage of Oulu, overview of the City<\/figcaption><\/figure>\n\n\n\n<p><strong>Drone videomateriaalia LUMO valofestivaaleilta 2021, jossa esitell\u00e4\u00e4n teoksia ja tekij\u00f6it\u00e4. <\/strong><\/p>\n\n\n\n<figure class=\"wp-block-embed is-type-video is-provider-youtube wp-block-embed-youtube wp-embed-aspect-16-9 wp-has-aspect-ratio\"><div class=\"wp-block-embed__wrapper\">\n<iframe title=\"Play with Crystals, Oulu LUMO Light Festival, short introduction (FI)\" width=\"1140\" height=\"641\" src=\"https:\/\/www.youtube.com\/embed\/adUc14EpZvA?feature=oembed\" frameborder=\"0\" allow=\"accelerometer; autoplay; clipboard-write; encrypted-media; gyroscope; picture-in-picture\" allowfullscreen><\/iframe>\n<\/div><\/figure>\n\n\n\n<figure class=\"wp-block-embed is-type-video is-provider-youtube wp-block-embed-youtube wp-embed-aspect-16-9 wp-has-aspect-ratio\"><div class=\"wp-block-embed__wrapper\">\n<iframe title=\"Platonic, Oulu LUMO Light Festival 2021, short introduction video\" width=\"1140\" height=\"641\" src=\"https:\/\/www.youtube.com\/embed\/zMon_B3K6u0?feature=oembed\" frameborder=\"0\" allow=\"accelerometer; autoplay; clipboard-write; encrypted-media; gyroscope; picture-in-picture\" allowfullscreen><\/iframe>\n<\/div><\/figure>\n\n\n\n<figure class=\"wp-block-embed is-type-video is-provider-youtube wp-block-embed-youtube wp-embed-aspect-16-9 wp-has-aspect-ratio\"><div class=\"wp-block-embed__wrapper\">\n<iframe title=\"Drone footage of a light art installation called The Play of Crystals\" width=\"1140\" height=\"641\" src=\"https:\/\/www.youtube.com\/embed\/bZv3THJ8PcI?feature=oembed\" frameborder=\"0\" allow=\"accelerometer; autoplay; clipboard-write; encrypted-media; gyroscope; picture-in-picture\" allowfullscreen><\/iframe>\n<\/div><\/figure>\n\n\n\n<figure class=\"wp-block-embed is-type-video is-provider-youtube wp-block-embed-youtube wp-embed-aspect-16-9 wp-has-aspect-ratio\"><div class=\"wp-block-embed__wrapper\">\n<iframe title=\"Oulu Lumo Light Festival 2021 Platonic\" width=\"1140\" height=\"641\" src=\"https:\/\/www.youtube.com\/embed\/z32lmJiIaEQ?feature=oembed\" frameborder=\"0\" allow=\"accelerometer; autoplay; clipboard-write; encrypted-media; gyroscope; picture-in-picture\" allowfullscreen><\/iframe>\n<\/div><\/figure>\n\n\n\n<figure class=\"wp-block-embed is-type-video is-provider-youtube wp-block-embed-youtube wp-embed-aspect-16-9 wp-has-aspect-ratio\"><div class=\"wp-block-embed__wrapper\">\n<iframe title=\"4K footage of Platonic\" width=\"1140\" height=\"641\" src=\"https:\/\/www.youtube.com\/embed\/WfnUp2jYg_E?feature=oembed\" frameborder=\"0\" allow=\"accelerometer; autoplay; clipboard-write; encrypted-media; gyroscope; picture-in-picture\" allowfullscreen><\/iframe>\n<\/div><\/figure>\n\n\n\n<figure class=\"wp-block-embed is-type-video is-provider-youtube wp-block-embed-youtube wp-embed-aspect-16-9 wp-has-aspect-ratio\"><div class=\"wp-block-embed__wrapper\">\n<iframe title=\"Oulu LUMO Light Festival 2021, Presentation video of the Play of Crystals light art installation.\" width=\"1140\" height=\"641\" src=\"https:\/\/www.youtube.com\/embed\/l6lO2LfEVDQ?feature=oembed\" frameborder=\"0\" allow=\"accelerometer; autoplay; clipboard-write; encrypted-media; gyroscope; picture-in-picture\" allowfullscreen><\/iframe>\n<\/div><\/figure>\n\n\n\n<figure class=\"wp-block-embed is-type-video is-provider-youtube wp-block-embed-youtube wp-embed-aspect-16-9 wp-has-aspect-ratio\"><div class=\"wp-block-embed__wrapper\">\n<iframe title=\"LUMO Light Festival, Platonic, drone footage\" width=\"1140\" height=\"641\" src=\"https:\/\/www.youtube.com\/embed\/7McSgUohLj0?feature=oembed\" frameborder=\"0\" allow=\"accelerometer; autoplay; clipboard-write; encrypted-media; gyroscope; picture-in-picture\" allowfullscreen><\/iframe>\n<\/div><\/figure>","protected":false},"excerpt":{"rendered":"<p>T\u00e4h\u00e4n on koottu TechArt- hankkeen aikana toteutettuja esittelyvideoita. Videoiden kuvaukset kilpailutettiin, ja toteuttajaksi valittiin Kapina Oy. Videoita esitettiin Comic Strip World Championships (CSWS21) palkintojenjakogaalan livestremauksen yhteydess\u00e4. Lis\u00e4ksi esittelyvideoita toteutettiin kahdesta [&hellip;]<\/p>\n","protected":false},"author":1,"featured_media":0,"parent":0,"menu_order":0,"comment_status":"closed","ping_status":"closed","template":"","meta":{"qubely_global_settings":"","qubely_interactions":"","bwfblock_default_font":"","_monsterinsights_skip_tracking":false,"_monsterinsights_sitenote_active":false,"_monsterinsights_sitenote_note":"","_monsterinsights_sitenote_category":0,"order-bump-settings":[],"_wpfnl_thankyou_order_overview":"on","_wpfnl_thankyou_order_details":"on","_wpfnl_thankyou_billing_details":"on","_wpfnl_thankyou_shipping_details":"on","jetpack_post_was_ever_published":false,"footnotes":""},"class_list":["post-423","page","type-page","status-publish","czr-hentry"],"acf":[],"yoast_head":"<!-- This site is optimized with the Yoast SEO plugin v27.4 - https:\/\/yoast.com\/product\/yoast-seo-wordpress\/ -->\n<title>Esittelyvideoita -<\/title>\n<meta name=\"robots\" content=\"index, follow, max-snippet:-1, max-image-preview:large, max-video-preview:-1\" \/>\n<link rel=\"canonical\" href=\"https:\/\/techart.fi\/en\/esittelyvideoita\/\" \/>\n<meta property=\"og:locale\" content=\"en_GB\" \/>\n<meta property=\"og:type\" content=\"article\" \/>\n<meta property=\"og:title\" content=\"Esittelyvideoita -\" \/>\n<meta property=\"og:description\" content=\"T\u00e4h\u00e4n on koottu TechArt- hankkeen aikana toteutettuja esittelyvideoita. Videoiden kuvaukset kilpailutettiin, ja toteuttajaksi valittiin Kapina Oy. Videoita esitettiin Comic Strip World Championships (CSWS21) palkintojenjakogaalan livestremauksen yhteydess\u00e4. Lis\u00e4ksi esittelyvideoita toteutettiin kahdesta [&hellip;]\" \/>\n<meta property=\"og:url\" content=\"https:\/\/techart.fi\/en\/esittelyvideoita\/\" \/>\n<meta property=\"article:publisher\" content=\"https:\/\/www.facebook.com\/techartoulu\" \/>\n<meta property=\"article:modified_time\" content=\"2021-11-26T10:05:42+00:00\" \/>\n<meta property=\"og:image\" content=\"https:\/\/i0.wp.com\/techart.fi\/wp-content\/uploads\/2021\/11\/IMG-1661-scaled.jpg?fit=2560%2C1920&ssl=1\" \/>\n\t<meta property=\"og:image:width\" content=\"2560\" \/>\n\t<meta property=\"og:image:height\" content=\"1920\" \/>\n\t<meta property=\"og:image:type\" content=\"image\/jpeg\" \/>\n<meta name=\"twitter:card\" content=\"summary_large_image\" \/>\n<meta name=\"twitter:label1\" content=\"Estimated reading time\" \/>\n\t<meta name=\"twitter:data1\" content=\"1 minute\" \/>\n<script type=\"application\/ld+json\" class=\"yoast-schema-graph\">{\"@context\":\"https:\\\/\\\/schema.org\",\"@graph\":[{\"@type\":\"WebPage\",\"@id\":\"https:\\\/\\\/techart.fi\\\/esittelyvideoita\\\/\",\"url\":\"https:\\\/\\\/techart.fi\\\/esittelyvideoita\\\/\",\"name\":\"Esittelyvideoita -\",\"isPartOf\":{\"@id\":\"https:\\\/\\\/techart.fi\\\/#website\"},\"datePublished\":\"2021-11-26T02:54:27+00:00\",\"dateModified\":\"2021-11-26T10:05:42+00:00\",\"breadcrumb\":{\"@id\":\"https:\\\/\\\/techart.fi\\\/esittelyvideoita\\\/#breadcrumb\"},\"inLanguage\":\"en-GB\",\"potentialAction\":[{\"@type\":\"ReadAction\",\"target\":[\"https:\\\/\\\/techart.fi\\\/esittelyvideoita\\\/\"]}]},{\"@type\":\"BreadcrumbList\",\"@id\":\"https:\\\/\\\/techart.fi\\\/esittelyvideoita\\\/#breadcrumb\",\"itemListElement\":[{\"@type\":\"ListItem\",\"position\":1,\"name\":\"Home\",\"item\":\"https:\\\/\\\/techart.fi\\\/\"},{\"@type\":\"ListItem\",\"position\":2,\"name\":\"Esittelyvideoita\"}]},{\"@type\":\"WebSite\",\"@id\":\"https:\\\/\\\/techart.fi\\\/#website\",\"url\":\"https:\\\/\\\/techart.fi\\\/\",\"name\":\"TechArt\",\"description\":\"\",\"publisher\":{\"@id\":\"https:\\\/\\\/techart.fi\\\/#organization\"},\"potentialAction\":[{\"@type\":\"SearchAction\",\"target\":{\"@type\":\"EntryPoint\",\"urlTemplate\":\"https:\\\/\\\/techart.fi\\\/?s={search_term_string}\"},\"query-input\":{\"@type\":\"PropertyValueSpecification\",\"valueRequired\":true,\"valueName\":\"search_term_string\"}}],\"inLanguage\":\"en-GB\"},{\"@type\":\"Organization\",\"@id\":\"https:\\\/\\\/techart.fi\\\/#organization\",\"name\":\"TechArt\",\"url\":\"https:\\\/\\\/techart.fi\\\/\",\"logo\":{\"@type\":\"ImageObject\",\"inLanguage\":\"en-GB\",\"@id\":\"https:\\\/\\\/techart.fi\\\/#\\\/schema\\\/logo\\\/image\\\/\",\"url\":\"https:\\\/\\\/i0.wp.com\\\/techart.fi\\\/wp-content\\\/uploads\\\/2021\\\/11\\\/cropped-techart_webclip.png?fit=256%2C161&ssl=1\",\"contentUrl\":\"https:\\\/\\\/i0.wp.com\\\/techart.fi\\\/wp-content\\\/uploads\\\/2021\\\/11\\\/cropped-techart_webclip.png?fit=256%2C161&ssl=1\",\"width\":256,\"height\":161,\"caption\":\"TechArt\"},\"image\":{\"@id\":\"https:\\\/\\\/techart.fi\\\/#\\\/schema\\\/logo\\\/image\\\/\"},\"sameAs\":[\"https:\\\/\\\/www.facebook.com\\\/techartoulu\",\"https:\\\/\\\/www.instagram.com\\\/techartoulu\\\/\",\"https:\\\/\\\/www.youtube.com\\\/channel\\\/UCzcjRf7yPFh7Etzp_zCAwMQ\"]}]}<\/script>\n<!-- \/ Yoast SEO plugin. -->","yoast_head_json":{"title":"Esittelyvideoita -","robots":{"index":"index","follow":"follow","max-snippet":"max-snippet:-1","max-image-preview":"max-image-preview:large","max-video-preview":"max-video-preview:-1"},"canonical":"https:\/\/techart.fi\/en\/esittelyvideoita\/","og_locale":"en_GB","og_type":"article","og_title":"Esittelyvideoita -","og_description":"T\u00e4h\u00e4n on koottu TechArt- hankkeen aikana toteutettuja esittelyvideoita. Videoiden kuvaukset kilpailutettiin, ja toteuttajaksi valittiin Kapina Oy. Videoita esitettiin Comic Strip World Championships (CSWS21) palkintojenjakogaalan livestremauksen yhteydess\u00e4. Lis\u00e4ksi esittelyvideoita toteutettiin kahdesta [&hellip;]","og_url":"https:\/\/techart.fi\/en\/esittelyvideoita\/","article_publisher":"https:\/\/www.facebook.com\/techartoulu","article_modified_time":"2021-11-26T10:05:42+00:00","og_image":[{"width":2560,"height":1920,"url":"https:\/\/i0.wp.com\/techart.fi\/wp-content\/uploads\/2021\/11\/IMG-1661-scaled.jpg?fit=2560%2C1920&ssl=1","type":"image\/jpeg"}],"twitter_card":"summary_large_image","twitter_misc":{"Estimated reading time":"1 minute"},"schema":{"@context":"https:\/\/schema.org","@graph":[{"@type":"WebPage","@id":"https:\/\/techart.fi\/esittelyvideoita\/","url":"https:\/\/techart.fi\/esittelyvideoita\/","name":"Esittelyvideoita -","isPartOf":{"@id":"https:\/\/techart.fi\/#website"},"datePublished":"2021-11-26T02:54:27+00:00","dateModified":"2021-11-26T10:05:42+00:00","breadcrumb":{"@id":"https:\/\/techart.fi\/esittelyvideoita\/#breadcrumb"},"inLanguage":"en-GB","potentialAction":[{"@type":"ReadAction","target":["https:\/\/techart.fi\/esittelyvideoita\/"]}]},{"@type":"BreadcrumbList","@id":"https:\/\/techart.fi\/esittelyvideoita\/#breadcrumb","itemListElement":[{"@type":"ListItem","position":1,"name":"Home","item":"https:\/\/techart.fi\/"},{"@type":"ListItem","position":2,"name":"Esittelyvideoita"}]},{"@type":"WebSite","@id":"https:\/\/techart.fi\/#website","url":"https:\/\/techart.fi\/","name":"TechArt","description":"","publisher":{"@id":"https:\/\/techart.fi\/#organization"},"potentialAction":[{"@type":"SearchAction","target":{"@type":"EntryPoint","urlTemplate":"https:\/\/techart.fi\/?s={search_term_string}"},"query-input":{"@type":"PropertyValueSpecification","valueRequired":true,"valueName":"search_term_string"}}],"inLanguage":"en-GB"},{"@type":"Organization","@id":"https:\/\/techart.fi\/#organization","name":"TechArt","url":"https:\/\/techart.fi\/","logo":{"@type":"ImageObject","inLanguage":"en-GB","@id":"https:\/\/techart.fi\/#\/schema\/logo\/image\/","url":"https:\/\/i0.wp.com\/techart.fi\/wp-content\/uploads\/2021\/11\/cropped-techart_webclip.png?fit=256%2C161&ssl=1","contentUrl":"https:\/\/i0.wp.com\/techart.fi\/wp-content\/uploads\/2021\/11\/cropped-techart_webclip.png?fit=256%2C161&ssl=1","width":256,"height":161,"caption":"TechArt"},"image":{"@id":"https:\/\/techart.fi\/#\/schema\/logo\/image\/"},"sameAs":["https:\/\/www.facebook.com\/techartoulu","https:\/\/www.instagram.com\/techartoulu\/","https:\/\/www.youtube.com\/channel\/UCzcjRf7yPFh7Etzp_zCAwMQ"]}]}},"jetpack-related-posts":[{"id":688,"url":"https:\/\/techart.fi\/en\/joulukalenteriluukku\/23-december-2021\/","url_meta":{"origin":423,"position":0},"title":"December 23rd","author":"Harri Filppa","date":"12\/23\/2021","format":false,"excerpt":"Kuvittaja ja sarjakuvataiteilija Mari Ahokoivu TechArt hanke esittelee Nokia Oulun tehtaan sek\u00e4 langattoman 5G-tietoliikenneverkon seuraajan 6G:n tulevaisuuden n\u00e4kymi\u00e4. Nokia on hy\u00f6dynt\u00e4nyt langattomien tietoliikenneverkkojen mahdollisuuksia reaaliaikaisesti Oulun tehtaalla, jossa 5G sis\u00e4verkon avulla saadaan l\u00e4hes viiveet\u00f6n ja luotettava teollisuuden tarpeisiin soveltuva automaatio- ja robotiikan ja viestinn\u00e4n verkko, jolla voidaan parantaa tuotannon tehokkuutta\u2026","rel":"","context":"Similar post","block_context":{"text":"Similar post","link":""},"img":{"alt_text":"","src":"https:\/\/i0.wp.com\/techart.fi\/wp-content\/uploads\/2021\/12\/sjaelfugl01.jpg?resize=350%2C200","width":350,"height":200,"srcset":"https:\/\/i0.wp.com\/techart.fi\/wp-content\/uploads\/2021\/12\/sjaelfugl01.jpg?resize=350%2C200 1x, https:\/\/i0.wp.com\/techart.fi\/wp-content\/uploads\/2021\/12\/sjaelfugl01.jpg?resize=525%2C300 1.5x, https:\/\/i0.wp.com\/techart.fi\/wp-content\/uploads\/2021\/12\/sjaelfugl01.jpg?resize=700%2C400 2x"},"classes":[]},{"id":13,"url":"https:\/\/techart.fi\/en\/mika-on-techart\/","url_meta":{"origin":423,"position":1},"title":"Welcome to the TechArt project website!","author":"admin","date":"11\/08\/2021","format":false,"excerpt":"TechArt\u00a0-hankkeen tarkoituksena on selvitt\u00e4\u00e4, rakentaa ja\u00a0pilotoida\u00a0teknologiaa ja kulttuuria yhdist\u00e4v\u00e4\u00e4 ekosysteemi\u00e4. N\u00e4ilt\u00e4 sivuilta l\u00f6yd\u00e4t tietoa hankkeen aikana toteutetuista piloteista, tapahtumista sek\u00e4 ekosysteemity\u00f6st\u00e4. Hankeen aikana tuotetut digitaaliset kokeilut ja virtuaalimallit l\u00f6ytyv\u00e4t sivustolta. Pistepilvimallit ovat ladattavissa ilmaiseksi kaikille halukkaille. Info osion alta l\u00f6ytyy hankkeen aikana toteutettuja esittelyvideoita mm. LUMO valofestivaali 2021 aikana olleista\u2026","rel":"","context":"Similar post","block_context":{"text":"Similar post","link":""},"img":{"alt_text":"TechArt","src":"https:\/\/i0.wp.com\/techart.fi\/wp-content\/uploads\/2021\/11\/IMG-1661-scaled.jpg?resize=350%2C200&ssl=1","width":350,"height":200,"srcset":"https:\/\/i0.wp.com\/techart.fi\/wp-content\/uploads\/2021\/11\/IMG-1661-scaled.jpg?resize=350%2C200&ssl=1 1x, https:\/\/i0.wp.com\/techart.fi\/wp-content\/uploads\/2021\/11\/IMG-1661-scaled.jpg?resize=525%2C300&ssl=1 1.5x, https:\/\/i0.wp.com\/techart.fi\/wp-content\/uploads\/2021\/11\/IMG-1661-scaled.jpg?resize=700%2C400&ssl=1 2x, https:\/\/i0.wp.com\/techart.fi\/wp-content\/uploads\/2021\/11\/IMG-1661-scaled.jpg?resize=1050%2C600&ssl=1 3x, https:\/\/i0.wp.com\/techart.fi\/wp-content\/uploads\/2021\/11\/IMG-1661-scaled.jpg?resize=1400%2C800&ssl=1 4x"},"classes":[]},{"id":684,"url":"https:\/\/techart.fi\/en\/joulukalenteriluukku\/12-december-2021\/","url_meta":{"origin":423,"position":2},"title":"December 12th","author":"Harri Filppa","date":"12\/12\/2021","format":false,"excerpt":"Sarjakuva- ja kuvataiteilija Tiina Molander https:\/\/www.youtube.com\/embed\/G6oQP741z1U TechArt esittelee Oulun kaupungin k\u00e4ytt\u00f6\u00f6n kehitetyn eAsiointi - s\u00e4hk\u00f6isen j\u00e4rjestelm\u00e4n, joka tarjoaa mm. kaupungin avustushakemuksiin nykyaikaisen digitaalisen palvelualustan. Hakijan kannalta eAsiointi: tarjoaa tietoturvallisen tavan j\u00e4tt\u00e4\u00e4 hakemuson auki y\u00f6t\u00e4 p\u00e4iv\u00e4\u00e4ohjaa j\u00e4tt\u00e4m\u00e4\u00e4n kerralla oikein t\u00e4ytetyn hakemuksen ja liitteettallentaa hakemuksen, joka on katsottavissa j\u00e4lkeenp\u00e4in.mahdollisuus tallentaa hakemus luonnoksena,\u2026","rel":"","context":"Similar post","block_context":{"text":"Similar post","link":""},"img":{"alt_text":"","src":"https:\/\/i0.wp.com\/img.youtube.com\/vi\/lBtAj00kiNc\/0.jpg?resize=350%2C200","width":350,"height":200},"classes":[]},{"id":820,"url":"https:\/\/techart.fi\/en\/video-category\/","url_meta":{"origin":423,"position":3},"title":"Video Category","author":"admin","date":"12\/04\/2021","format":false,"excerpt":"","rel":"","context":"Similar post","block_context":{"text":"Similar post","link":""},"img":{"alt_text":"","src":"","width":0,"height":0},"classes":[]},{"id":821,"url":"https:\/\/techart.fi\/en\/video-tag\/","url_meta":{"origin":423,"position":4},"title":"Video Tag","author":"admin","date":"12\/04\/2021","format":false,"excerpt":"","rel":"","context":"Similar post","block_context":{"text":"Similar post","link":""},"img":{"alt_text":"","src":"","width":0,"height":0},"classes":[]},{"id":708,"url":"https:\/\/techart.fi\/en\/joulukalenteriluukku\/16-december-2021\/","url_meta":{"origin":423,"position":5},"title":"December 16th","author":"Harri Filppa","date":"12\/16\/2021","format":false,"excerpt":"Sarjakuvataiteilija ja runoilija Riika Ruottinen TechArt esittelee vuorostaan oululaisen taiteen ammattilaisen, jolla on pitk\u00e4 kokemus eri teknologioiden soveltamisesta ja hy\u00f6dynt\u00e4mist\u00e4 taiteessa. Antti Tenetz on taiteilija, joka tutkii video-, installaatio-, interaktiivisen ja biologisen taiteen avulla, miten ihmiset, ei-ihmiset ja koneet visioivat, unelmoivat, havaitsevat ja liittyv\u00e4t muutoksiin, joissa teknosf\u00e4\u00e4ri ja biosf\u00e4\u00e4ri yhdistyv\u00e4t.\u2026","rel":"","context":"Similar post","block_context":{"text":"Similar post","link":""},"img":{"alt_text":"","src":"https:\/\/i0.wp.com\/img.youtube.com\/vi\/yCdDAlMGhZw\/0.jpg?resize=350%2C200","width":350,"height":200},"classes":[]}],"jetpack_sharing_enabled":true,"_links":{"self":[{"href":"https:\/\/techart.fi\/en\/wp-json\/wp\/v2\/pages\/423","targetHints":{"allow":["GET"]}}],"collection":[{"href":"https:\/\/techart.fi\/en\/wp-json\/wp\/v2\/pages"}],"about":[{"href":"https:\/\/techart.fi\/en\/wp-json\/wp\/v2\/types\/page"}],"author":[{"embeddable":true,"href":"https:\/\/techart.fi\/en\/wp-json\/wp\/v2\/users\/1"}],"replies":[{"embeddable":true,"href":"https:\/\/techart.fi\/en\/wp-json\/wp\/v2\/comments?post=423"}],"version-history":[{"count":6,"href":"https:\/\/techart.fi\/en\/wp-json\/wp\/v2\/pages\/423\/revisions"}],"predecessor-version":[{"id":480,"href":"https:\/\/techart.fi\/en\/wp-json\/wp\/v2\/pages\/423\/revisions\/480"}],"wp:attachment":[{"href":"https:\/\/techart.fi\/en\/wp-json\/wp\/v2\/media?parent=423"}],"curies":[{"name":"wp","href":"https:\/\/api.w.org\/{rel}","templated":true}]}}