{"id":356,"date":"2021-11-23T19:15:29","date_gmt":"2021-11-23T17:15:29","guid":{"rendered":"https:\/\/techart.fi\/?page_id=356"},"modified":"2021-11-23T19:15:30","modified_gmt":"2021-11-23T17:15:30","slug":"oulun-kulttuuritapahtumayhdistys-ry-loppuraportti","status":"publish","type":"page","link":"https:\/\/techart.fi\/en\/oulun-kulttuuritapahtumayhdistys-ry-loppuraportti\/","title":{"rendered":"Oulu Culture Association final report (FI)"},"content":{"rendered":"<a href=\"https:\/\/techart.fi\/wp-content\/uploads\/2021\/11\/1895720raporttitechartnopeatkoke1102984346.pdf\" class=\"pdfemb-viewer\" style=\"\" data-width=\"max\" data-height=\"max\" data-toolbar=\"bottom\" data-toolbar-fixed=\"off\">1895720raporttitechartnopeatkoke1102984346<\/a>\n<p class=\"wp-block-pdfemb-pdf-embedder-viewer\"><\/p>","protected":false},"excerpt":{"rendered":"","protected":false},"author":1,"featured_media":0,"parent":0,"menu_order":0,"comment_status":"closed","ping_status":"closed","template":"","meta":{"qubely_global_settings":"","qubely_interactions":"","bwfblock_default_font":"","_monsterinsights_skip_tracking":false,"_monsterinsights_sitenote_active":false,"_monsterinsights_sitenote_note":"","_monsterinsights_sitenote_category":0,"order-bump-settings":[],"_wpfnl_thankyou_order_overview":"on","_wpfnl_thankyou_order_details":"on","_wpfnl_thankyou_billing_details":"on","_wpfnl_thankyou_shipping_details":"on","jetpack_post_was_ever_published":false,"footnotes":""},"class_list":["post-356","page","type-page","status-publish","czr-hentry"],"acf":[],"yoast_head":"<!-- This site is optimized with the Yoast SEO plugin v27.4 - https:\/\/yoast.com\/product\/yoast-seo-wordpress\/ -->\n<title>Oulun kulttuuritapahtumayhdistys ry loppuraportti -<\/title>\n<meta name=\"robots\" content=\"index, follow, max-snippet:-1, max-image-preview:large, max-video-preview:-1\" \/>\n<link rel=\"canonical\" href=\"https:\/\/techart.fi\/en\/oulun-kulttuuritapahtumayhdistys-ry-loppuraportti\/\" \/>\n<meta property=\"og:locale\" content=\"en_GB\" \/>\n<meta property=\"og:type\" content=\"article\" \/>\n<meta property=\"og:title\" content=\"Oulun kulttuuritapahtumayhdistys ry loppuraportti -\" \/>\n<meta property=\"og:url\" content=\"https:\/\/techart.fi\/en\/oulun-kulttuuritapahtumayhdistys-ry-loppuraportti\/\" \/>\n<meta property=\"article:publisher\" content=\"https:\/\/www.facebook.com\/techartoulu\" \/>\n<meta property=\"article:modified_time\" content=\"2021-11-23T17:15:30+00:00\" \/>\n<meta property=\"og:image\" content=\"https:\/\/i0.wp.com\/techart.fi\/wp-content\/uploads\/2021\/11\/IMG-1661-scaled.jpg?fit=2560%2C1920&ssl=1\" \/>\n\t<meta property=\"og:image:width\" content=\"2560\" \/>\n\t<meta property=\"og:image:height\" content=\"1920\" \/>\n\t<meta property=\"og:image:type\" content=\"image\/jpeg\" \/>\n<meta name=\"twitter:card\" content=\"summary_large_image\" \/>\n<script type=\"application\/ld+json\" class=\"yoast-schema-graph\">{\"@context\":\"https:\\\/\\\/schema.org\",\"@graph\":[{\"@type\":\"WebPage\",\"@id\":\"https:\\\/\\\/techart.fi\\\/oulun-kulttuuritapahtumayhdistys-ry-loppuraportti\\\/\",\"url\":\"https:\\\/\\\/techart.fi\\\/oulun-kulttuuritapahtumayhdistys-ry-loppuraportti\\\/\",\"name\":\"Oulun kulttuuritapahtumayhdistys ry loppuraportti -\",\"isPartOf\":{\"@id\":\"https:\\\/\\\/techart.fi\\\/#website\"},\"datePublished\":\"2021-11-23T17:15:29+00:00\",\"dateModified\":\"2021-11-23T17:15:30+00:00\",\"breadcrumb\":{\"@id\":\"https:\\\/\\\/techart.fi\\\/oulun-kulttuuritapahtumayhdistys-ry-loppuraportti\\\/#breadcrumb\"},\"inLanguage\":\"en-GB\",\"potentialAction\":[{\"@type\":\"ReadAction\",\"target\":[\"https:\\\/\\\/techart.fi\\\/oulun-kulttuuritapahtumayhdistys-ry-loppuraportti\\\/\"]}]},{\"@type\":\"BreadcrumbList\",\"@id\":\"https:\\\/\\\/techart.fi\\\/oulun-kulttuuritapahtumayhdistys-ry-loppuraportti\\\/#breadcrumb\",\"itemListElement\":[{\"@type\":\"ListItem\",\"position\":1,\"name\":\"Home\",\"item\":\"https:\\\/\\\/techart.fi\\\/\"},{\"@type\":\"ListItem\",\"position\":2,\"name\":\"Oulun kulttuuritapahtumayhdistys ry loppuraportti\"}]},{\"@type\":\"WebSite\",\"@id\":\"https:\\\/\\\/techart.fi\\\/#website\",\"url\":\"https:\\\/\\\/techart.fi\\\/\",\"name\":\"TechArt\",\"description\":\"\",\"publisher\":{\"@id\":\"https:\\\/\\\/techart.fi\\\/#organization\"},\"potentialAction\":[{\"@type\":\"SearchAction\",\"target\":{\"@type\":\"EntryPoint\",\"urlTemplate\":\"https:\\\/\\\/techart.fi\\\/?s={search_term_string}\"},\"query-input\":{\"@type\":\"PropertyValueSpecification\",\"valueRequired\":true,\"valueName\":\"search_term_string\"}}],\"inLanguage\":\"en-GB\"},{\"@type\":\"Organization\",\"@id\":\"https:\\\/\\\/techart.fi\\\/#organization\",\"name\":\"TechArt\",\"url\":\"https:\\\/\\\/techart.fi\\\/\",\"logo\":{\"@type\":\"ImageObject\",\"inLanguage\":\"en-GB\",\"@id\":\"https:\\\/\\\/techart.fi\\\/#\\\/schema\\\/logo\\\/image\\\/\",\"url\":\"https:\\\/\\\/i0.wp.com\\\/techart.fi\\\/wp-content\\\/uploads\\\/2021\\\/11\\\/cropped-techart_webclip.png?fit=256%2C161&ssl=1\",\"contentUrl\":\"https:\\\/\\\/i0.wp.com\\\/techart.fi\\\/wp-content\\\/uploads\\\/2021\\\/11\\\/cropped-techart_webclip.png?fit=256%2C161&ssl=1\",\"width\":256,\"height\":161,\"caption\":\"TechArt\"},\"image\":{\"@id\":\"https:\\\/\\\/techart.fi\\\/#\\\/schema\\\/logo\\\/image\\\/\"},\"sameAs\":[\"https:\\\/\\\/www.facebook.com\\\/techartoulu\",\"https:\\\/\\\/www.instagram.com\\\/techartoulu\\\/\",\"https:\\\/\\\/www.youtube.com\\\/channel\\\/UCzcjRf7yPFh7Etzp_zCAwMQ\"]}]}<\/script>\n<!-- \/ Yoast SEO plugin. -->","yoast_head_json":{"title":"Oulun kulttuuritapahtumayhdistys ry loppuraportti -","robots":{"index":"index","follow":"follow","max-snippet":"max-snippet:-1","max-image-preview":"max-image-preview:large","max-video-preview":"max-video-preview:-1"},"canonical":"https:\/\/techart.fi\/en\/oulun-kulttuuritapahtumayhdistys-ry-loppuraportti\/","og_locale":"en_GB","og_type":"article","og_title":"Oulun kulttuuritapahtumayhdistys ry loppuraportti -","og_url":"https:\/\/techart.fi\/en\/oulun-kulttuuritapahtumayhdistys-ry-loppuraportti\/","article_publisher":"https:\/\/www.facebook.com\/techartoulu","article_modified_time":"2021-11-23T17:15:30+00:00","og_image":[{"width":2560,"height":1920,"url":"https:\/\/i0.wp.com\/techart.fi\/wp-content\/uploads\/2021\/11\/IMG-1661-scaled.jpg?fit=2560%2C1920&ssl=1","type":"image\/jpeg"}],"twitter_card":"summary_large_image","schema":{"@context":"https:\/\/schema.org","@graph":[{"@type":"WebPage","@id":"https:\/\/techart.fi\/oulun-kulttuuritapahtumayhdistys-ry-loppuraportti\/","url":"https:\/\/techart.fi\/oulun-kulttuuritapahtumayhdistys-ry-loppuraportti\/","name":"Oulun kulttuuritapahtumayhdistys ry loppuraportti -","isPartOf":{"@id":"https:\/\/techart.fi\/#website"},"datePublished":"2021-11-23T17:15:29+00:00","dateModified":"2021-11-23T17:15:30+00:00","breadcrumb":{"@id":"https:\/\/techart.fi\/oulun-kulttuuritapahtumayhdistys-ry-loppuraportti\/#breadcrumb"},"inLanguage":"en-GB","potentialAction":[{"@type":"ReadAction","target":["https:\/\/techart.fi\/oulun-kulttuuritapahtumayhdistys-ry-loppuraportti\/"]}]},{"@type":"BreadcrumbList","@id":"https:\/\/techart.fi\/oulun-kulttuuritapahtumayhdistys-ry-loppuraportti\/#breadcrumb","itemListElement":[{"@type":"ListItem","position":1,"name":"Home","item":"https:\/\/techart.fi\/"},{"@type":"ListItem","position":2,"name":"Oulun kulttuuritapahtumayhdistys ry loppuraportti"}]},{"@type":"WebSite","@id":"https:\/\/techart.fi\/#website","url":"https:\/\/techart.fi\/","name":"TechArt","description":"","publisher":{"@id":"https:\/\/techart.fi\/#organization"},"potentialAction":[{"@type":"SearchAction","target":{"@type":"EntryPoint","urlTemplate":"https:\/\/techart.fi\/?s={search_term_string}"},"query-input":{"@type":"PropertyValueSpecification","valueRequired":true,"valueName":"search_term_string"}}],"inLanguage":"en-GB"},{"@type":"Organization","@id":"https:\/\/techart.fi\/#organization","name":"TechArt","url":"https:\/\/techart.fi\/","logo":{"@type":"ImageObject","inLanguage":"en-GB","@id":"https:\/\/techart.fi\/#\/schema\/logo\/image\/","url":"https:\/\/i0.wp.com\/techart.fi\/wp-content\/uploads\/2021\/11\/cropped-techart_webclip.png?fit=256%2C161&ssl=1","contentUrl":"https:\/\/i0.wp.com\/techart.fi\/wp-content\/uploads\/2021\/11\/cropped-techart_webclip.png?fit=256%2C161&ssl=1","width":256,"height":161,"caption":"TechArt"},"image":{"@id":"https:\/\/techart.fi\/#\/schema\/logo\/image\/"},"sameAs":["https:\/\/www.facebook.com\/techartoulu","https:\/\/www.instagram.com\/techartoulu\/","https:\/\/www.youtube.com\/channel\/UCzcjRf7yPFh7Etzp_zCAwMQ"]}]}},"jetpack-related-posts":[{"id":337,"url":"https:\/\/techart.fi\/en\/loppuraportit\/","url_meta":{"origin":356,"position":0},"title":"Final reports","author":"admin","date":"11\/23\/2021","format":false,"excerpt":"OMVF XR - musiikkivideon loppuraportti TaikaBox Ry - Connected Studio loppuraportti Airnest Productions Oy & Playsign Oy loppuraportti Oulun kulttuuritapahtumayhdistys ry loppuraportti TK Piano - Oulu Music Lounge loppuraportti Pohjoinen valokuvakeskus ry - Art in Park loppuraportti","rel":"","context":"Similar post","block_context":{"text":"Similar post","link":""},"img":{"alt_text":"","src":"","width":0,"height":0},"classes":[]},{"id":360,"url":"https:\/\/techart.fi\/en\/pohjoinen-valokuvakeskus-ry-art-in-park-loppuraportti\/","url_meta":{"origin":356,"position":1},"title":"Pohjoinen valokuvakeskus ry &#8211; Art in Park loppuraportti","author":"admin","date":"11\/23\/2021","format":false,"excerpt":"","rel":"","context":"Similar post","block_context":{"text":"Similar post","link":""},"img":{"alt_text":"","src":"","width":0,"height":0},"classes":[]},{"id":358,"url":"https:\/\/techart.fi\/en\/tk-piano-oulu-music-lounge-loppuraportti\/","url_meta":{"origin":356,"position":2},"title":"TK Piano &#8211; Oulu Music Lounge loppuraportti","author":"admin","date":"11\/23\/2021","format":false,"excerpt":"","rel":"","context":"Similar post","block_context":{"text":"Similar post","link":""},"img":{"alt_text":"","src":"","width":0,"height":0},"classes":[]},{"id":304,"url":"https:\/\/techart.fi\/en\/nopeat-innovaatio-kokeilut\/","url_meta":{"origin":356,"position":3},"title":"Rapid innovation pilots","author":"admin","date":"11\/23\/2021","format":false,"excerpt":"TechArt- hankkeessa on toteutettu avoimella haulla ns. nopeat innovaatio kokeilut. Ohessa l\u00f6ytyv\u00e4t n\u00e4iden 6 eri kokeilut sis\u00e4ll\u00f6t ja tulokset tiivistettyn\u00e4, Loppuraportit kustakin kokeilusta on koottu kohtaan Loppuraportit OMVF XR - musiikkivideo Oulun Musiikkivideofestivaalit ry. toteutti XR-musiikkivideon ohmudogin musiikkikappaleeseen KEIJUSTAMINA. Video on XR-musiikkivideo, jossa katsoja sukeltaa ihmisen syd\u00e4men sis\u00e4lle Art in\u2026","rel":"","context":"Similar post","block_context":{"text":"Similar post","link":""},"img":{"alt_text":"","src":"https:\/\/i0.wp.com\/techart.fi\/wp-content\/uploads\/2021\/11\/maakinen-1.png?resize=350%2C200&ssl=1","width":350,"height":200,"srcset":"https:\/\/i0.wp.com\/techart.fi\/wp-content\/uploads\/2021\/11\/maakinen-1.png?resize=350%2C200&ssl=1 1x, https:\/\/i0.wp.com\/techart.fi\/wp-content\/uploads\/2021\/11\/maakinen-1.png?resize=525%2C300&ssl=1 1.5x, https:\/\/i0.wp.com\/techart.fi\/wp-content\/uploads\/2021\/11\/maakinen-1.png?resize=700%2C400&ssl=1 2x"},"classes":[]},{"id":662,"url":"https:\/\/techart.fi\/en\/joulukalenteriluukku\/8-december-2021\/","url_meta":{"origin":356,"position":4},"title":"December 8th","author":"Harri Filppa","date":"12\/08\/2021","format":false,"excerpt":"Sarjakuvantekij\u00e4, kuvittaja ja graafinen suunnittelija Ilpo Koskela. TechArt esittelee ylpe\u00e4n\u00e4 Oulu Urban Culture ry:n, joka on tuore Oulun kaupungin kulttuuripalveluiden sopimuskumppani vuosille 2022-2024.\u00a0Oulu Urban Culture on oululaista\u00a0kaupunkikulttuuria edist\u00e4v\u00e4\u00a0kulttuuriyhdistys, joka tuottaa paikallisten nuorten kanssa\u00a0innovatiivista kaupunkikulttuuria omalle alueelleen. TechArt oli syyskaudella 2021 mukana Supernatural klubin yhteydess\u00e4 toteutetussa Matchmaking tilaisuudessa Oulun taidemuseolla, joka\u2026","rel":"","context":"Similar post","block_context":{"text":"Similar post","link":""},"img":{"alt_text":"","src":"https:\/\/i0.wp.com\/techart.fi\/wp-content\/uploads\/2021\/12\/FrozenPeople_muut_kanavat.jpeg?resize=350%2C200&ssl=1","width":350,"height":200,"srcset":"https:\/\/i0.wp.com\/techart.fi\/wp-content\/uploads\/2021\/12\/FrozenPeople_muut_kanavat.jpeg?resize=350%2C200&ssl=1 1x, https:\/\/i0.wp.com\/techart.fi\/wp-content\/uploads\/2021\/12\/FrozenPeople_muut_kanavat.jpeg?resize=525%2C300&ssl=1 1.5x, https:\/\/i0.wp.com\/techart.fi\/wp-content\/uploads\/2021\/12\/FrozenPeople_muut_kanavat.jpeg?resize=700%2C400&ssl=1 2x"},"classes":[]},{"id":346,"url":"https:\/\/techart.fi\/en\/taikabox-ryn-loppuraportti\/","url_meta":{"origin":356,"position":5},"title":"TaikaBox ry&#039;s final report","author":"admin","date":"11\/23\/2021","format":false,"excerpt":"","rel":"","context":"Similar post","block_context":{"text":"Similar post","link":""},"img":{"alt_text":"","src":"","width":0,"height":0},"classes":[]}],"jetpack_sharing_enabled":true,"_links":{"self":[{"href":"https:\/\/techart.fi\/en\/wp-json\/wp\/v2\/pages\/356","targetHints":{"allow":["GET"]}}],"collection":[{"href":"https:\/\/techart.fi\/en\/wp-json\/wp\/v2\/pages"}],"about":[{"href":"https:\/\/techart.fi\/en\/wp-json\/wp\/v2\/types\/page"}],"author":[{"embeddable":true,"href":"https:\/\/techart.fi\/en\/wp-json\/wp\/v2\/users\/1"}],"replies":[{"embeddable":true,"href":"https:\/\/techart.fi\/en\/wp-json\/wp\/v2\/comments?post=356"}],"version-history":[{"count":1,"href":"https:\/\/techart.fi\/en\/wp-json\/wp\/v2\/pages\/356\/revisions"}],"predecessor-version":[{"id":357,"href":"https:\/\/techart.fi\/en\/wp-json\/wp\/v2\/pages\/356\/revisions\/357"}],"wp:attachment":[{"href":"https:\/\/techart.fi\/en\/wp-json\/wp\/v2\/media?parent=356"}],"curies":[{"name":"wp","href":"https:\/\/api.w.org\/{rel}","templated":true}]}}