{"id":350,"date":"2021-11-23T19:07:21","date_gmt":"2021-11-23T17:07:21","guid":{"rendered":"https:\/\/techart.fi\/?page_id=350"},"modified":"2021-11-23T19:13:21","modified_gmt":"2021-11-23T17:13:21","slug":"airnest-productions-oy-playsign-oy-loppuraportti","status":"publish","type":"page","link":"https:\/\/techart.fi\/en\/airnest-productions-oy-playsign-oy-loppuraportti\/","title":{"rendered":"Airnest Productions Oy &#038; Playsign Oy loppuraportti"},"content":{"rendered":"<a href=\"https:\/\/techart.fi\/wp-content\/uploads\/2021\/11\/TechArt-raportointi-Airnest-Playsign13.pdf\" class=\"pdfemb-viewer\" style=\"\" data-width=\"max\" data-height=\"max\" data-toolbar=\"bottom\" data-toolbar-fixed=\"off\">TechArt-Reporting-Airnest-Playsign13<\/a>\n<p class=\"wp-block-pdfemb-pdf-embedder-viewer\"><\/p>","protected":false},"excerpt":{"rendered":"","protected":false},"author":1,"featured_media":0,"parent":0,"menu_order":0,"comment_status":"closed","ping_status":"closed","template":"","meta":{"qubely_global_settings":"","qubely_interactions":"","bwfblock_default_font":"","_monsterinsights_skip_tracking":false,"_monsterinsights_sitenote_active":false,"_monsterinsights_sitenote_note":"","_monsterinsights_sitenote_category":0,"order-bump-settings":[],"_wpfnl_thankyou_order_overview":"on","_wpfnl_thankyou_order_details":"on","_wpfnl_thankyou_billing_details":"on","_wpfnl_thankyou_shipping_details":"on","jetpack_post_was_ever_published":false,"footnotes":""},"class_list":["post-350","page","type-page","status-publish","czr-hentry"],"acf":[],"yoast_head":"<!-- This site is optimized with the Yoast SEO plugin v27.5 - https:\/\/yoast.com\/product\/yoast-seo-wordpress\/ -->\n<title>Airnest Productions Oy &amp; Playsign Oy loppuraportti -<\/title>\n<meta name=\"robots\" content=\"index, follow, max-snippet:-1, max-image-preview:large, max-video-preview:-1\" \/>\n<link rel=\"canonical\" href=\"https:\/\/techart.fi\/en\/airnest-productions-oy-playsign-oy-loppuraportti\/\" \/>\n<meta property=\"og:locale\" content=\"en_GB\" \/>\n<meta property=\"og:type\" content=\"article\" \/>\n<meta property=\"og:title\" content=\"Airnest Productions Oy &amp; Playsign Oy loppuraportti -\" \/>\n<meta property=\"og:url\" content=\"https:\/\/techart.fi\/en\/airnest-productions-oy-playsign-oy-loppuraportti\/\" \/>\n<meta property=\"article:publisher\" content=\"https:\/\/www.facebook.com\/techartoulu\" \/>\n<meta property=\"article:modified_time\" content=\"2021-11-23T17:13:21+00:00\" \/>\n<meta property=\"og:image\" content=\"https:\/\/i0.wp.com\/techart.fi\/wp-content\/uploads\/2021\/11\/IMG-1661-scaled.jpg?fit=2560%2C1920&ssl=1\" \/>\n\t<meta property=\"og:image:width\" content=\"2560\" \/>\n\t<meta property=\"og:image:height\" content=\"1920\" \/>\n\t<meta property=\"og:image:type\" content=\"image\/jpeg\" \/>\n<meta name=\"twitter:card\" content=\"summary_large_image\" \/>\n<script type=\"application\/ld+json\" class=\"yoast-schema-graph\">{\"@context\":\"https:\\\/\\\/schema.org\",\"@graph\":[{\"@type\":\"WebPage\",\"@id\":\"https:\\\/\\\/techart.fi\\\/airnest-productions-oy-playsign-oy-loppuraportti\\\/\",\"url\":\"https:\\\/\\\/techart.fi\\\/airnest-productions-oy-playsign-oy-loppuraportti\\\/\",\"name\":\"Airnest Productions Oy & Playsign Oy loppuraportti -\",\"isPartOf\":{\"@id\":\"https:\\\/\\\/techart.fi\\\/#website\"},\"datePublished\":\"2021-11-23T17:07:21+00:00\",\"dateModified\":\"2021-11-23T17:13:21+00:00\",\"breadcrumb\":{\"@id\":\"https:\\\/\\\/techart.fi\\\/airnest-productions-oy-playsign-oy-loppuraportti\\\/#breadcrumb\"},\"inLanguage\":\"en-GB\",\"potentialAction\":[{\"@type\":\"ReadAction\",\"target\":[\"https:\\\/\\\/techart.fi\\\/airnest-productions-oy-playsign-oy-loppuraportti\\\/\"]}]},{\"@type\":\"BreadcrumbList\",\"@id\":\"https:\\\/\\\/techart.fi\\\/airnest-productions-oy-playsign-oy-loppuraportti\\\/#breadcrumb\",\"itemListElement\":[{\"@type\":\"ListItem\",\"position\":1,\"name\":\"Home\",\"item\":\"https:\\\/\\\/techart.fi\\\/\"},{\"@type\":\"ListItem\",\"position\":2,\"name\":\"Airnest Productions Oy &#038; Playsign Oy loppuraportti\"}]},{\"@type\":\"WebSite\",\"@id\":\"https:\\\/\\\/techart.fi\\\/#website\",\"url\":\"https:\\\/\\\/techart.fi\\\/\",\"name\":\"TechArt\",\"description\":\"\",\"publisher\":{\"@id\":\"https:\\\/\\\/techart.fi\\\/#organization\"},\"potentialAction\":[{\"@type\":\"SearchAction\",\"target\":{\"@type\":\"EntryPoint\",\"urlTemplate\":\"https:\\\/\\\/techart.fi\\\/?s={search_term_string}\"},\"query-input\":{\"@type\":\"PropertyValueSpecification\",\"valueRequired\":true,\"valueName\":\"search_term_string\"}}],\"inLanguage\":\"en-GB\"},{\"@type\":\"Organization\",\"@id\":\"https:\\\/\\\/techart.fi\\\/#organization\",\"name\":\"TechArt\",\"url\":\"https:\\\/\\\/techart.fi\\\/\",\"logo\":{\"@type\":\"ImageObject\",\"inLanguage\":\"en-GB\",\"@id\":\"https:\\\/\\\/techart.fi\\\/#\\\/schema\\\/logo\\\/image\\\/\",\"url\":\"https:\\\/\\\/i0.wp.com\\\/techart.fi\\\/wp-content\\\/uploads\\\/2021\\\/11\\\/cropped-techart_webclip.png?fit=256%2C161&ssl=1\",\"contentUrl\":\"https:\\\/\\\/i0.wp.com\\\/techart.fi\\\/wp-content\\\/uploads\\\/2021\\\/11\\\/cropped-techart_webclip.png?fit=256%2C161&ssl=1\",\"width\":256,\"height\":161,\"caption\":\"TechArt\"},\"image\":{\"@id\":\"https:\\\/\\\/techart.fi\\\/#\\\/schema\\\/logo\\\/image\\\/\"},\"sameAs\":[\"https:\\\/\\\/www.facebook.com\\\/techartoulu\",\"https:\\\/\\\/www.instagram.com\\\/techartoulu\\\/\",\"https:\\\/\\\/www.youtube.com\\\/channel\\\/UCzcjRf7yPFh7Etzp_zCAwMQ\"]}]}<\/script>\n<!-- \/ Yoast SEO plugin. -->","yoast_head_json":{"title":"Airnest Productions Oy & Playsign Oy loppuraportti -","robots":{"index":"index","follow":"follow","max-snippet":"max-snippet:-1","max-image-preview":"max-image-preview:large","max-video-preview":"max-video-preview:-1"},"canonical":"https:\/\/techart.fi\/en\/airnest-productions-oy-playsign-oy-loppuraportti\/","og_locale":"en_GB","og_type":"article","og_title":"Airnest Productions Oy & Playsign Oy loppuraportti -","og_url":"https:\/\/techart.fi\/en\/airnest-productions-oy-playsign-oy-loppuraportti\/","article_publisher":"https:\/\/www.facebook.com\/techartoulu","article_modified_time":"2021-11-23T17:13:21+00:00","og_image":[{"width":2560,"height":1920,"url":"https:\/\/i0.wp.com\/techart.fi\/wp-content\/uploads\/2021\/11\/IMG-1661-scaled.jpg?fit=2560%2C1920&ssl=1","type":"image\/jpeg"}],"twitter_card":"summary_large_image","schema":{"@context":"https:\/\/schema.org","@graph":[{"@type":"WebPage","@id":"https:\/\/techart.fi\/airnest-productions-oy-playsign-oy-loppuraportti\/","url":"https:\/\/techart.fi\/airnest-productions-oy-playsign-oy-loppuraportti\/","name":"Airnest Productions Oy & Playsign Oy loppuraportti -","isPartOf":{"@id":"https:\/\/techart.fi\/#website"},"datePublished":"2021-11-23T17:07:21+00:00","dateModified":"2021-11-23T17:13:21+00:00","breadcrumb":{"@id":"https:\/\/techart.fi\/airnest-productions-oy-playsign-oy-loppuraportti\/#breadcrumb"},"inLanguage":"en-GB","potentialAction":[{"@type":"ReadAction","target":["https:\/\/techart.fi\/airnest-productions-oy-playsign-oy-loppuraportti\/"]}]},{"@type":"BreadcrumbList","@id":"https:\/\/techart.fi\/airnest-productions-oy-playsign-oy-loppuraportti\/#breadcrumb","itemListElement":[{"@type":"ListItem","position":1,"name":"Home","item":"https:\/\/techart.fi\/"},{"@type":"ListItem","position":2,"name":"Airnest Productions Oy &#038; Playsign Oy loppuraportti"}]},{"@type":"WebSite","@id":"https:\/\/techart.fi\/#website","url":"https:\/\/techart.fi\/","name":"TechArt","description":"","publisher":{"@id":"https:\/\/techart.fi\/#organization"},"potentialAction":[{"@type":"SearchAction","target":{"@type":"EntryPoint","urlTemplate":"https:\/\/techart.fi\/?s={search_term_string}"},"query-input":{"@type":"PropertyValueSpecification","valueRequired":true,"valueName":"search_term_string"}}],"inLanguage":"en-GB"},{"@type":"Organization","@id":"https:\/\/techart.fi\/#organization","name":"TechArt","url":"https:\/\/techart.fi\/","logo":{"@type":"ImageObject","inLanguage":"en-GB","@id":"https:\/\/techart.fi\/#\/schema\/logo\/image\/","url":"https:\/\/i0.wp.com\/techart.fi\/wp-content\/uploads\/2021\/11\/cropped-techart_webclip.png?fit=256%2C161&ssl=1","contentUrl":"https:\/\/i0.wp.com\/techart.fi\/wp-content\/uploads\/2021\/11\/cropped-techart_webclip.png?fit=256%2C161&ssl=1","width":256,"height":161,"caption":"TechArt"},"image":{"@id":"https:\/\/techart.fi\/#\/schema\/logo\/image\/"},"sameAs":["https:\/\/www.facebook.com\/techartoulu","https:\/\/www.instagram.com\/techartoulu\/","https:\/\/www.youtube.com\/channel\/UCzcjRf7yPFh7Etzp_zCAwMQ"]}]}},"jetpack-related-posts":[{"id":337,"url":"https:\/\/techart.fi\/en\/loppuraportit\/","url_meta":{"origin":350,"position":0},"title":"Final reports","author":"admin","date":"11\/23\/2021","format":false,"excerpt":"OMVF XR - musiikkivideon loppuraportti TaikaBox Ry - Connected Studio loppuraportti Airnest Productions Oy & Playsign Oy loppuraportti Oulun kulttuuritapahtumayhdistys ry loppuraportti TK Piano - Oulu Music Lounge loppuraportti Pohjoinen valokuvakeskus ry - Art in Park loppuraportti","rel":"","context":"Similar post","block_context":{"text":"Similar post","link":""},"img":{"alt_text":"","src":"","width":0,"height":0},"classes":[]},{"id":304,"url":"https:\/\/techart.fi\/en\/nopeat-innovaatio-kokeilut\/","url_meta":{"origin":350,"position":1},"title":"Rapid innovation pilots","author":"admin","date":"11\/23\/2021","format":false,"excerpt":"TechArt- hankkeessa on toteutettu avoimella haulla ns. nopeat innovaatio kokeilut. Ohessa l\u00f6ytyv\u00e4t n\u00e4iden 6 eri kokeilut sis\u00e4ll\u00f6t ja tulokset tiivistettyn\u00e4, Loppuraportit kustakin kokeilusta on koottu kohtaan Loppuraportit OMVF XR - musiikkivideo Oulun Musiikkivideofestivaalit ry. toteutti XR-musiikkivideon ohmudogin musiikkikappaleeseen KEIJUSTAMINA. Video on XR-musiikkivideo, jossa katsoja sukeltaa ihmisen syd\u00e4men sis\u00e4lle Art in\u2026","rel":"","context":"Similar post","block_context":{"text":"Similar post","link":""},"img":{"alt_text":"","src":"https:\/\/i0.wp.com\/techart.fi\/wp-content\/uploads\/2021\/11\/maakinen-1.png?resize=350%2C200&ssl=1","width":350,"height":200,"srcset":"https:\/\/i0.wp.com\/techart.fi\/wp-content\/uploads\/2021\/11\/maakinen-1.png?resize=350%2C200&ssl=1 1x, https:\/\/i0.wp.com\/techart.fi\/wp-content\/uploads\/2021\/11\/maakinen-1.png?resize=525%2C300&ssl=1 1.5x, https:\/\/i0.wp.com\/techart.fi\/wp-content\/uploads\/2021\/11\/maakinen-1.png?resize=700%2C400&ssl=1 2x"},"classes":[]},{"id":712,"url":"https:\/\/techart.fi\/en\/joulukalenteriluukku\/18-december-2021\/","url_meta":{"origin":350,"position":2},"title":"December 18th","author":"Harri Filppa","date":"12\/18\/2021","format":false,"excerpt":"Sarjakuvantekij\u00e4 Mika Lahtonen TechArt esittelee oululaisen pelialan yrityksen Playsign Oy:n joka on toteuttanut XR-musiikkivideon yhteisty\u00f6ss\u00e4 Oulun Musiikkivideofestivaalien kanssa. XR- musiikkivideo oli osa TechArt- hankkeen nopeita kokeiluja. XR-musiikkivideon toteutukseen p\u00e4\u00e4set perehtym\u00e4\u00e4n tarkemmin pilotin loppuraportista. Playsign Oy on lis\u00e4ksi toteuttanut useita VR ja AR toteutuksia sek\u00e4 kaupunkien kuin kulttuuritoimijoiden tarpeisiin. N\u00e4ist\u00e4 muutama\u2026","rel":"","context":"Similar post","block_context":{"text":"Similar post","link":""},"img":{"alt_text":"","src":"https:\/\/i0.wp.com\/techart.fi\/wp-content\/uploads\/2021\/12\/s01.jpg?resize=350%2C200","width":350,"height":200,"srcset":"https:\/\/i0.wp.com\/techart.fi\/wp-content\/uploads\/2021\/12\/s01.jpg?resize=350%2C200 1x, https:\/\/i0.wp.com\/techart.fi\/wp-content\/uploads\/2021\/12\/s01.jpg?resize=525%2C300 1.5x, https:\/\/i0.wp.com\/techart.fi\/wp-content\/uploads\/2021\/12\/s01.jpg?resize=700%2C400 2x, https:\/\/i0.wp.com\/techart.fi\/wp-content\/uploads\/2021\/12\/s01.jpg?resize=1050%2C600 3x, https:\/\/i0.wp.com\/techart.fi\/wp-content\/uploads\/2021\/12\/s01.jpg?resize=1400%2C800 4x"},"classes":[]},{"id":655,"url":"https:\/\/techart.fi\/en\/joulukalenteriluukku\/5-december-2021\/","url_meta":{"origin":350,"position":3},"title":"December 5th","author":"Harri Filppa","date":"12\/05\/2021","format":false,"excerpt":"Ilmaisun- ja sananvapauden sanansaattaja ja esitaistelija sek\u00e4 supersankaripainija Black Peider on iisalmelaisen sarjakuvataiteilija Petteri Tikkasen alter ego. TechArt-hanke esittelee Air Guitar Party at Home tuotteen. Hankkeen pilotoinnin j\u00e4lkeen Airnest Productions on kehitt\u00e4nyt uuden, virtuaalisen Air Guitar Party at Home-kulttuuripalvelutuotteen\u00a0https:\/\/www.semilive.fi\/fi\/lahetykset-ja-liput\/air-guitar-party-at-home\/\u00a0 Air Guitar Party at Home on uudenlainen el\u00e4mys ja hyv\u00e4nmielen aktiviteetti,\u2026","rel":"","context":"Similar post","block_context":{"text":"Similar post","link":""},"img":{"alt_text":"","src":"https:\/\/i0.wp.com\/img.youtube.com\/vi\/PoEIKoZDM5E\/0.jpg?resize=350%2C200","width":350,"height":200},"classes":[]},{"id":668,"url":"https:\/\/techart.fi\/en\/joulukalenteriluukku\/9-december-2021\/","url_meta":{"origin":350,"position":4},"title":"December 9th","author":"Harri Filppa","date":"12\/09\/2021","format":false,"excerpt":"Sarjakuva- ja kuvataiteilija Lauri Ahtinen TechArt -hanke esittelee Probot Oy:n. Probot on vuonna 2006 perustettu robotiikan ja automaation erityisosaaja Oulusta. Yritys ty\u00f6llist\u00e4\u00e4 nyt 16 ty\u00f6ntekij\u00e4\u00e4 ja pandemiasta huolimatta yritys tulee kasvattamaan m\u00e4\u00e4r\u00e4tietoisesti osaavaa henkil\u00f6kuntaa my\u00f6s tulevina vuosina. Yritys on toimintavuosiensa aikana toimittanut robotiikkaa l\u00e4hestulkoon kaikenlaiselle teollisuudelle. Probot Oy on vahvasti\u2026","rel":"","context":"Similar post","block_context":{"text":"Similar post","link":""},"img":{"alt_text":"","src":"https:\/\/i0.wp.com\/techart.fi\/wp-content\/uploads\/2021\/11\/lauriahtinen.jpg?resize=350%2C200&ssl=1","width":350,"height":200,"srcset":"https:\/\/i0.wp.com\/techart.fi\/wp-content\/uploads\/2021\/11\/lauriahtinen.jpg?resize=350%2C200&ssl=1 1x, https:\/\/i0.wp.com\/techart.fi\/wp-content\/uploads\/2021\/11\/lauriahtinen.jpg?resize=525%2C300&ssl=1 1.5x, https:\/\/i0.wp.com\/techart.fi\/wp-content\/uploads\/2021\/11\/lauriahtinen.jpg?resize=700%2C400&ssl=1 2x, https:\/\/i0.wp.com\/techart.fi\/wp-content\/uploads\/2021\/11\/lauriahtinen.jpg?resize=1050%2C600&ssl=1 3x"},"classes":[]},{"id":346,"url":"https:\/\/techart.fi\/en\/taikabox-ryn-loppuraportti\/","url_meta":{"origin":350,"position":5},"title":"TaikaBox ry&#039;s final report","author":"admin","date":"11\/23\/2021","format":false,"excerpt":"","rel":"","context":"Similar post","block_context":{"text":"Similar post","link":""},"img":{"alt_text":"","src":"","width":0,"height":0},"classes":[]}],"jetpack_sharing_enabled":true,"_links":{"self":[{"href":"https:\/\/techart.fi\/en\/wp-json\/wp\/v2\/pages\/350","targetHints":{"allow":["GET"]}}],"collection":[{"href":"https:\/\/techart.fi\/en\/wp-json\/wp\/v2\/pages"}],"about":[{"href":"https:\/\/techart.fi\/en\/wp-json\/wp\/v2\/types\/page"}],"author":[{"embeddable":true,"href":"https:\/\/techart.fi\/en\/wp-json\/wp\/v2\/users\/1"}],"replies":[{"embeddable":true,"href":"https:\/\/techart.fi\/en\/wp-json\/wp\/v2\/comments?post=350"}],"version-history":[{"count":1,"href":"https:\/\/techart.fi\/en\/wp-json\/wp\/v2\/pages\/350\/revisions"}],"predecessor-version":[{"id":351,"href":"https:\/\/techart.fi\/en\/wp-json\/wp\/v2\/pages\/350\/revisions\/351"}],"wp:attachment":[{"href":"https:\/\/techart.fi\/en\/wp-json\/wp\/v2\/media?parent=350"}],"curies":[{"name":"wp","href":"https:\/\/api.w.org\/{rel}","templated":true}]}}