{"id":278,"date":"2021-11-23T04:30:30","date_gmt":"2021-11-23T02:30:30","guid":{"rendered":"https:\/\/techart.fi\/?page_id=278"},"modified":"2021-11-26T04:09:31","modified_gmt":"2021-11-26T02:09:31","slug":"tietosuojaseloste","status":"publish","type":"page","link":"https:\/\/techart.fi\/en\/tietosuojaseloste\/","title":{"rendered":"Privacy Policy"},"content":{"rendered":"<h2 class=\"wp-block-heading\">Keit\u00e4 olemme<\/h2>\n\n\n\n<p>Our website address is https:\/\/techart.fi.<\/p>\n\n\n\n<p><em>TechArt hanke on EAKR \u2013 rahoitteinen hanke ajalla\u00a01.1.2021-31.12.2022, jonka rahoittajana on Pohjois-Pohjanmaan liitto<\/em><\/p>\n\n\n\n<h2 class=\"wp-block-heading\">Comments<\/h2>\n\n\n\n<p>Kun sivuston k\u00e4ytt\u00e4j\u00e4t j\u00e4tt\u00e4v\u00e4t kommentteja sivustolle, ker\u00e4\u00e4mme kommenttilomakkeessa olevat tiedot, sek\u00e4 k\u00e4ytt\u00e4j\u00e4n IP-osoitteen ja selaimen versiotiedot roskaviestien tunnistamisen helpottamiseksi.<\/p>\n\n\n\n<p><\/p>\n\n\n\n<h2 class=\"wp-block-heading\">Ev\u00e4steet<\/h2>\n\n\n\n<p>Jos j\u00e4t\u00e4t kommentin sivustollemme, voit halutessasi tallentaa nimesi, s\u00e4hk\u00f6postiosoitteesi ja organisaatiotiedon ev\u00e4steisiin. N\u00e4m\u00e4 ovat avuksesi, jotta sinun ei tarvitse t\u00e4ytt\u00e4\u00e4 tietojasi uudelleen, kun l\u00e4het\u00e4t tiedot uudelleen lomakkeen kautta. N\u00e4m\u00e4 ev\u00e4steet kest\u00e4v\u00e4t vuoden. Jos vierailet lataussivullamme, asetamme v\u00e4liaikaisen ev\u00e4steen sen m\u00e4\u00e4ritt\u00e4miseksi, hyv\u00e4ksyyk\u00f6 selaimesi ev\u00e4steet. T\u00e4m\u00e4 ev\u00e4ste ei sis\u00e4ll\u00e4 henkil\u00f6tietoja, ja se hyl\u00e4t\u00e4\u00e4n, kun suljet selaimesi.<\/p>\n\n\n\n<h2 class=\"wp-block-heading\">Muilta sivustoilta upotettu sis\u00e4lt\u00f6<\/h2>\n\n\n\n<p>T\u00e4m\u00e4n sivuston artikkelit voivat sis\u00e4lt\u00e4\u00e4 upotettua sis\u00e4lt\u00f6\u00e4 (esimerkiksi videoita, kuvia, artikkeleita jne.). Toisilta sivustoilta tuodun upotetun sis\u00e4ll\u00f6n avaaminen on verrattavissa siihen, ett\u00e4 vierailija itse k\u00e4visi kolmannen osapuolen sivustolla.<\/p>\n\n\n\n<p>N\u00e4m\u00e4 sivustot voivat ker\u00e4t\u00e4 tietoa sinusta, k\u00e4ytt\u00e4\u00e4 ev\u00e4steit\u00e4, upottaa kolmannen osapuolen seurantaev\u00e4steit\u00e4 ja monitoroida vuorovaikutustasi upotetun sis\u00e4ll\u00f6n kanssa.<\/p>\n\n\n\n<h2 class=\"wp-block-heading\">Who we share your data with<\/h2>\n\n\n\n<p>Anonymisoimme kaikki meille toimitetut tiedot. Emme jaa henkil\u00f6kohtaisia tietoja tai yhteystietoja.<\/p>\n\n\n\n<h2 class=\"wp-block-heading\">Kuinka kauan s\u00e4ilyt\u00e4mme tietoa<\/h2>\n\n\n\n<p>Jos l\u00e4het\u00e4t tietosi lomakkeen kautta, kommenttia ja sen metatietoja s\u00e4ilytet\u00e4\u00e4n enint\u00e4\u00e4n 5 vuoden ajan. Toimimme n\u00e4in, jotta voimme tunnistaa, hyv\u00e4ksy\u00e4 ja raportoida kaikki verkkosivuston olemassaolon aikana annetut tiedot. Sivusto poistetaan kokonaan 31.12.2026 j\u00e4lkeen. T\u00e4m\u00e4n j\u00e4lkeen kaikki tieto ja tietokannat poistetaan.<\/p>\n\n\n\n<h2 class=\"wp-block-heading\">Mit\u00e4 oikeuksia sinulla on omaan tietoosi<\/h2>\n\n\n\n<p>Jos olet l\u00e4hett\u00e4nyt tietosi lomakkeiden kautta, voit pyyt\u00e4\u00e4 ett\u00e4 toimitamme kaikki meille toimittamasi tiedot. Voit my\u00f6s pyyt\u00e4\u00e4 meit\u00e4 poistamaan kaikki hallussamme olevat sinua koskevat tiedot. T\u00e4m\u00e4 ei sis\u00e4ll\u00e4 tietoja, joita meid\u00e4n on s\u00e4ilytett\u00e4v\u00e4 hallinnollisiin, oikeudellisiin tai turvallisuustarkoituksiin.<\/p>\n\n\n\n<h2 class=\"wp-block-heading\">Minne l\u00e4het\u00e4mme tietosi<\/h2>\n\n\n\n<p>L\u00e4hetetyt lomaketiedot voidaan tarkistaa automaattisen roskapostin tunnistuspalvelun kautta.<\/p>","protected":false},"excerpt":{"rendered":"<p>Keit\u00e4 olemme Verkkosivustomme osoite on: https:\/\/techart.fi. TechArt hanke on EAKR \u2013 rahoitteinen hanke ajalla\u00a01.1.2021-31.12.2022, jonka rahoittajana on Pohjois-Pohjanmaan liitto Kommentit Kun sivuston k\u00e4ytt\u00e4j\u00e4t j\u00e4tt\u00e4v\u00e4t kommentteja sivustolle, ker\u00e4\u00e4mme kommenttilomakkeessa olevat tiedot, [&hellip;]<\/p>\n","protected":false},"author":1,"featured_media":0,"parent":0,"menu_order":0,"comment_status":"closed","ping_status":"closed","template":"","meta":{"qubely_global_settings":"","qubely_interactions":"","bwfblock_default_font":"","_monsterinsights_skip_tracking":false,"_monsterinsights_sitenote_active":false,"_monsterinsights_sitenote_note":"","_monsterinsights_sitenote_category":0,"order-bump-settings":[],"_wpfnl_thankyou_order_overview":"on","_wpfnl_thankyou_order_details":"on","_wpfnl_thankyou_billing_details":"on","_wpfnl_thankyou_shipping_details":"on","jetpack_post_was_ever_published":false,"footnotes":""},"class_list":["post-278","page","type-page","status-publish","czr-hentry"],"acf":[],"yoast_head":"<!-- This site is optimized with the Yoast SEO plugin v27.5 - https:\/\/yoast.com\/product\/yoast-seo-wordpress\/ -->\n<title>Tietosuojaseloste -<\/title>\n<meta name=\"robots\" content=\"index, follow, max-snippet:-1, max-image-preview:large, max-video-preview:-1\" \/>\n<link rel=\"canonical\" href=\"https:\/\/techart.fi\/en\/tietosuojaseloste\/\" \/>\n<meta property=\"og:locale\" content=\"en_GB\" \/>\n<meta property=\"og:type\" content=\"article\" \/>\n<meta property=\"og:title\" content=\"Tietosuojaseloste -\" \/>\n<meta property=\"og:description\" content=\"Keit\u00e4 olemme Verkkosivustomme osoite on: https:\/\/techart.fi. TechArt hanke on EAKR \u2013 rahoitteinen hanke ajalla\u00a01.1.2021-31.12.2022, jonka rahoittajana on Pohjois-Pohjanmaan liitto Kommentit Kun sivuston k\u00e4ytt\u00e4j\u00e4t j\u00e4tt\u00e4v\u00e4t kommentteja sivustolle, ker\u00e4\u00e4mme kommenttilomakkeessa olevat tiedot, [&hellip;]\" \/>\n<meta property=\"og:url\" content=\"https:\/\/techart.fi\/en\/tietosuojaseloste\/\" \/>\n<meta property=\"article:publisher\" content=\"https:\/\/www.facebook.com\/techartoulu\" \/>\n<meta property=\"article:modified_time\" content=\"2021-11-26T02:09:31+00:00\" \/>\n<meta property=\"og:image\" content=\"https:\/\/i0.wp.com\/techart.fi\/wp-content\/uploads\/2021\/11\/IMG-1661-scaled.jpg?fit=2560%2C1920&ssl=1\" \/>\n\t<meta property=\"og:image:width\" content=\"2560\" \/>\n\t<meta property=\"og:image:height\" content=\"1920\" \/>\n\t<meta property=\"og:image:type\" content=\"image\/jpeg\" \/>\n<meta name=\"twitter:card\" content=\"summary_large_image\" \/>\n<meta name=\"twitter:label1\" content=\"Estimated reading time\" \/>\n\t<meta name=\"twitter:data1\" content=\"2 minutes\" \/>\n<script type=\"application\/ld+json\" class=\"yoast-schema-graph\">{\"@context\":\"https:\\\/\\\/schema.org\",\"@graph\":[{\"@type\":\"WebPage\",\"@id\":\"https:\\\/\\\/techart.fi\\\/tietosuojaseloste\\\/\",\"url\":\"https:\\\/\\\/techart.fi\\\/tietosuojaseloste\\\/\",\"name\":\"Tietosuojaseloste -\",\"isPartOf\":{\"@id\":\"https:\\\/\\\/techart.fi\\\/#website\"},\"datePublished\":\"2021-11-23T02:30:30+00:00\",\"dateModified\":\"2021-11-26T02:09:31+00:00\",\"breadcrumb\":{\"@id\":\"https:\\\/\\\/techart.fi\\\/tietosuojaseloste\\\/#breadcrumb\"},\"inLanguage\":\"en-GB\",\"potentialAction\":[{\"@type\":\"ReadAction\",\"target\":[\"https:\\\/\\\/techart.fi\\\/tietosuojaseloste\\\/\"]}]},{\"@type\":\"BreadcrumbList\",\"@id\":\"https:\\\/\\\/techart.fi\\\/tietosuojaseloste\\\/#breadcrumb\",\"itemListElement\":[{\"@type\":\"ListItem\",\"position\":1,\"name\":\"Home\",\"item\":\"https:\\\/\\\/techart.fi\\\/\"},{\"@type\":\"ListItem\",\"position\":2,\"name\":\"Tietosuojaseloste\"}]},{\"@type\":\"WebSite\",\"@id\":\"https:\\\/\\\/techart.fi\\\/#website\",\"url\":\"https:\\\/\\\/techart.fi\\\/\",\"name\":\"TechArt\",\"description\":\"\",\"publisher\":{\"@id\":\"https:\\\/\\\/techart.fi\\\/#organization\"},\"potentialAction\":[{\"@type\":\"SearchAction\",\"target\":{\"@type\":\"EntryPoint\",\"urlTemplate\":\"https:\\\/\\\/techart.fi\\\/?s={search_term_string}\"},\"query-input\":{\"@type\":\"PropertyValueSpecification\",\"valueRequired\":true,\"valueName\":\"search_term_string\"}}],\"inLanguage\":\"en-GB\"},{\"@type\":\"Organization\",\"@id\":\"https:\\\/\\\/techart.fi\\\/#organization\",\"name\":\"TechArt\",\"url\":\"https:\\\/\\\/techart.fi\\\/\",\"logo\":{\"@type\":\"ImageObject\",\"inLanguage\":\"en-GB\",\"@id\":\"https:\\\/\\\/techart.fi\\\/#\\\/schema\\\/logo\\\/image\\\/\",\"url\":\"https:\\\/\\\/i0.wp.com\\\/techart.fi\\\/wp-content\\\/uploads\\\/2021\\\/11\\\/cropped-techart_webclip.png?fit=256%2C161&ssl=1\",\"contentUrl\":\"https:\\\/\\\/i0.wp.com\\\/techart.fi\\\/wp-content\\\/uploads\\\/2021\\\/11\\\/cropped-techart_webclip.png?fit=256%2C161&ssl=1\",\"width\":256,\"height\":161,\"caption\":\"TechArt\"},\"image\":{\"@id\":\"https:\\\/\\\/techart.fi\\\/#\\\/schema\\\/logo\\\/image\\\/\"},\"sameAs\":[\"https:\\\/\\\/www.facebook.com\\\/techartoulu\",\"https:\\\/\\\/www.instagram.com\\\/techartoulu\\\/\",\"https:\\\/\\\/www.youtube.com\\\/channel\\\/UCzcjRf7yPFh7Etzp_zCAwMQ\"]}]}<\/script>\n<!-- \/ Yoast SEO plugin. -->","yoast_head_json":{"title":"Tietosuojaseloste -","robots":{"index":"index","follow":"follow","max-snippet":"max-snippet:-1","max-image-preview":"max-image-preview:large","max-video-preview":"max-video-preview:-1"},"canonical":"https:\/\/techart.fi\/en\/tietosuojaseloste\/","og_locale":"en_GB","og_type":"article","og_title":"Tietosuojaseloste -","og_description":"Keit\u00e4 olemme Verkkosivustomme osoite on: https:\/\/techart.fi. TechArt hanke on EAKR \u2013 rahoitteinen hanke ajalla\u00a01.1.2021-31.12.2022, jonka rahoittajana on Pohjois-Pohjanmaan liitto Kommentit Kun sivuston k\u00e4ytt\u00e4j\u00e4t j\u00e4tt\u00e4v\u00e4t kommentteja sivustolle, ker\u00e4\u00e4mme kommenttilomakkeessa olevat tiedot, [&hellip;]","og_url":"https:\/\/techart.fi\/en\/tietosuojaseloste\/","article_publisher":"https:\/\/www.facebook.com\/techartoulu","article_modified_time":"2021-11-26T02:09:31+00:00","og_image":[{"width":2560,"height":1920,"url":"https:\/\/i0.wp.com\/techart.fi\/wp-content\/uploads\/2021\/11\/IMG-1661-scaled.jpg?fit=2560%2C1920&ssl=1","type":"image\/jpeg"}],"twitter_card":"summary_large_image","twitter_misc":{"Estimated reading time":"2 minutes"},"schema":{"@context":"https:\/\/schema.org","@graph":[{"@type":"WebPage","@id":"https:\/\/techart.fi\/tietosuojaseloste\/","url":"https:\/\/techart.fi\/tietosuojaseloste\/","name":"Tietosuojaseloste -","isPartOf":{"@id":"https:\/\/techart.fi\/#website"},"datePublished":"2021-11-23T02:30:30+00:00","dateModified":"2021-11-26T02:09:31+00:00","breadcrumb":{"@id":"https:\/\/techart.fi\/tietosuojaseloste\/#breadcrumb"},"inLanguage":"en-GB","potentialAction":[{"@type":"ReadAction","target":["https:\/\/techart.fi\/tietosuojaseloste\/"]}]},{"@type":"BreadcrumbList","@id":"https:\/\/techart.fi\/tietosuojaseloste\/#breadcrumb","itemListElement":[{"@type":"ListItem","position":1,"name":"Home","item":"https:\/\/techart.fi\/"},{"@type":"ListItem","position":2,"name":"Tietosuojaseloste"}]},{"@type":"WebSite","@id":"https:\/\/techart.fi\/#website","url":"https:\/\/techart.fi\/","name":"TechArt","description":"","publisher":{"@id":"https:\/\/techart.fi\/#organization"},"potentialAction":[{"@type":"SearchAction","target":{"@type":"EntryPoint","urlTemplate":"https:\/\/techart.fi\/?s={search_term_string}"},"query-input":{"@type":"PropertyValueSpecification","valueRequired":true,"valueName":"search_term_string"}}],"inLanguage":"en-GB"},{"@type":"Organization","@id":"https:\/\/techart.fi\/#organization","name":"TechArt","url":"https:\/\/techart.fi\/","logo":{"@type":"ImageObject","inLanguage":"en-GB","@id":"https:\/\/techart.fi\/#\/schema\/logo\/image\/","url":"https:\/\/i0.wp.com\/techart.fi\/wp-content\/uploads\/2021\/11\/cropped-techart_webclip.png?fit=256%2C161&ssl=1","contentUrl":"https:\/\/i0.wp.com\/techart.fi\/wp-content\/uploads\/2021\/11\/cropped-techart_webclip.png?fit=256%2C161&ssl=1","width":256,"height":161,"caption":"TechArt"},"image":{"@id":"https:\/\/techart.fi\/#\/schema\/logo\/image\/"},"sameAs":["https:\/\/www.facebook.com\/techartoulu","https:\/\/www.instagram.com\/techartoulu\/","https:\/\/www.youtube.com\/channel\/UCzcjRf7yPFh7Etzp_zCAwMQ"]}]}},"jetpack-related-posts":[{"id":13,"url":"https:\/\/techart.fi\/en\/mika-on-techart\/","url_meta":{"origin":278,"position":0},"title":"Welcome to the TechArt project website!","author":"admin","date":"11\/08\/2021","format":false,"excerpt":"TechArt\u00a0-hankkeen tarkoituksena on selvitt\u00e4\u00e4, rakentaa ja\u00a0pilotoida\u00a0teknologiaa ja kulttuuria yhdist\u00e4v\u00e4\u00e4 ekosysteemi\u00e4. N\u00e4ilt\u00e4 sivuilta l\u00f6yd\u00e4t tietoa hankkeen aikana toteutetuista piloteista, tapahtumista sek\u00e4 ekosysteemity\u00f6st\u00e4. Hankeen aikana tuotetut digitaaliset kokeilut ja virtuaalimallit l\u00f6ytyv\u00e4t sivustolta. Pistepilvimallit ovat ladattavissa ilmaiseksi kaikille halukkaille. Info osion alta l\u00f6ytyy hankkeen aikana toteutettuja esittelyvideoita mm. LUMO valofestivaali 2021 aikana olleista\u2026","rel":"","context":"Similar post","block_context":{"text":"Similar post","link":""},"img":{"alt_text":"TechArt","src":"https:\/\/i0.wp.com\/techart.fi\/wp-content\/uploads\/2021\/11\/IMG-1661-scaled.jpg?resize=350%2C200&ssl=1","width":350,"height":200,"srcset":"https:\/\/i0.wp.com\/techart.fi\/wp-content\/uploads\/2021\/11\/IMG-1661-scaled.jpg?resize=350%2C200&ssl=1 1x, https:\/\/i0.wp.com\/techart.fi\/wp-content\/uploads\/2021\/11\/IMG-1661-scaled.jpg?resize=525%2C300&ssl=1 1.5x, https:\/\/i0.wp.com\/techart.fi\/wp-content\/uploads\/2021\/11\/IMG-1661-scaled.jpg?resize=700%2C400&ssl=1 2x, https:\/\/i0.wp.com\/techart.fi\/wp-content\/uploads\/2021\/11\/IMG-1661-scaled.jpg?resize=1050%2C600&ssl=1 3x, https:\/\/i0.wp.com\/techart.fi\/wp-content\/uploads\/2021\/11\/IMG-1661-scaled.jpg?resize=1400%2C800&ssl=1 4x"},"classes":[]},{"id":716,"url":"https:\/\/techart.fi\/en\/joulukalenteriluukku\/20-december-2021\/","url_meta":{"origin":278,"position":1},"title":"December 20th","author":"Harri Filppa","date":"12\/20\/2021","format":false,"excerpt":"Sarjakuvataiteilija, lastenkirjailija ja kulttuurituottaja Jaana Suorsa TechArt - hanke esittelee ylpe\u00e4n\u00e4 oululaisl\u00e4ht\u00f6isen vuoden 2019 esiintyj\u00e4ksi palkitun taikurin Joni Pakasen. Joni Pakanen toimii TechArt- hankkeen ohjausryhm\u00e4n j\u00e4senen\u00e4 tuoden arvokasta n\u00e4k\u00f6kulmaa yritt\u00e4jyyden kautta pandemian haasteisiin ja virtuaaliteknologian mahdolliisuuksista esitt\u00e4v\u00e4n taiteen saralla. Joni Pakanen on pandemian aikana lanseerannut Virtuaalitaikuri - konseptin, ja h\u00e4net\u2026","rel":"","context":"Similar post","block_context":{"text":"Similar post","link":""},"img":{"alt_text":"","src":"https:\/\/i0.wp.com\/techart.fi\/wp-content\/uploads\/2021\/12\/VT-Studio-04_2021.JPG-scaled.jpg?resize=350%2C200","width":350,"height":200,"srcset":"https:\/\/i0.wp.com\/techart.fi\/wp-content\/uploads\/2021\/12\/VT-Studio-04_2021.JPG-scaled.jpg?resize=350%2C200 1x, https:\/\/i0.wp.com\/techart.fi\/wp-content\/uploads\/2021\/12\/VT-Studio-04_2021.JPG-scaled.jpg?resize=525%2C300 1.5x, https:\/\/i0.wp.com\/techart.fi\/wp-content\/uploads\/2021\/12\/VT-Studio-04_2021.JPG-scaled.jpg?resize=700%2C400 2x, https:\/\/i0.wp.com\/techart.fi\/wp-content\/uploads\/2021\/12\/VT-Studio-04_2021.JPG-scaled.jpg?resize=1050%2C600 3x, https:\/\/i0.wp.com\/techart.fi\/wp-content\/uploads\/2021\/12\/VT-Studio-04_2021.JPG-scaled.jpg?resize=1400%2C800 4x"},"classes":[]},{"id":710,"url":"https:\/\/techart.fi\/en\/joulukalenteriluukku\/17-december12-2021\/","url_meta":{"origin":278,"position":2},"title":"December 17th","author":"Harri Filppa","date":"12\/17\/2021","format":false,"excerpt":"Graafinen suunnittelija ja visuaalinen taiteilija Sami Nyyss\u00f6l\u00e4 TechArt esittelee DigiCult- hankkeen. DigiCult-hankkeessa kehitet\u00e4\u00e4n paikkatietoa hy\u00f6dynt\u00e4v\u00e4\u00e4 alustaa ja digitaalista palvelukokonaisuuta, joka tuo kulttuurikokemukset ja luontokohteet entist\u00e4 tutuimmiksi kuntalaisille ja kunnassa vieraileville. Oulussa DigiCult kytkeytyy tiiviisti Oulu2026 -kokonaisuuteen ja siin\u00e4 tehd\u00e4\u00e4n tiivist\u00e4 yhteisty\u00f6t\u00e4 my\u00f6s kaupungin muiden organisaatioiden, mm. yleisten kulttuuripalveluiden sek\u00e4 eri\u2026","rel":"","context":"Similar post","block_context":{"text":"Similar post","link":""},"img":{"alt_text":"","src":"https:\/\/i0.wp.com\/techart.fi\/wp-content\/uploads\/2021\/12\/2020_11-Lumo-valofestivaali-2020_006_VERKKOON-2.jpeg?resize=350%2C200&ssl=1","width":350,"height":200,"srcset":"https:\/\/i0.wp.com\/techart.fi\/wp-content\/uploads\/2021\/12\/2020_11-Lumo-valofestivaali-2020_006_VERKKOON-2.jpeg?resize=350%2C200&ssl=1 1x, https:\/\/i0.wp.com\/techart.fi\/wp-content\/uploads\/2021\/12\/2020_11-Lumo-valofestivaali-2020_006_VERKKOON-2.jpeg?resize=525%2C300&ssl=1 1.5x, https:\/\/i0.wp.com\/techart.fi\/wp-content\/uploads\/2021\/12\/2020_11-Lumo-valofestivaali-2020_006_VERKKOON-2.jpeg?resize=700%2C400&ssl=1 2x, https:\/\/i0.wp.com\/techart.fi\/wp-content\/uploads\/2021\/12\/2020_11-Lumo-valofestivaali-2020_006_VERKKOON-2.jpeg?resize=1050%2C600&ssl=1 3x"},"classes":[]},{"id":15,"url":"https:\/\/techart.fi\/en\/ajankohtaista-2\/","url_meta":{"origin":278,"position":3},"title":"News","author":"admin","date":"11\/08\/2021","format":false,"excerpt":"T\u00e4\u00e4lt\u00e4 l\u00f6yd\u00e4t TechArt- hankkeen ajankohtaiset tiedot, tulevat tapahtumat, ja aiemmin julkaistut tiedotteet.","rel":"","context":"Similar post","block_context":{"text":"Similar post","link":""},"img":{"alt_text":"","src":"","width":0,"height":0},"classes":[]},{"id":174,"url":"https:\/\/techart.fi\/en\/virtuaalimallit\/","url_meta":{"origin":278,"position":4},"title":"Virtual models","author":"admin","date":"11\/22\/2021","format":false,"excerpt":"TechArt- hankkeen aikana on toteutettu virtuaalimalli Tietomaan tornista. Torni juhlii 100-vuotista taivaltaan vuoden 2021 aikana. Tietomaan tornissa on asiakashissi, jolla p\u00e4\u00e4see vain n\u00e4k\u00f6alatasanteelle, mutta tornin sis\u00e4ll\u00e4 kiert\u00e4v\u00e4t portaat ja sis\u00e4lle toteutetut taide- ja tieden\u00e4yttelyt ovat olleet mm. liikuntarajoitteisille esteellisi\u00e4 tiloja. TechArt- hanke on halunnut tuoda esteelliset tilat esteett\u00f6miksi digitalisaatiota hy\u00f6dynt\u00e4en.\u2026","rel":"","context":"Similar post","block_context":{"text":"Similar post","link":""},"img":{"alt_text":"","src":"","width":0,"height":0},"classes":[]},{"id":655,"url":"https:\/\/techart.fi\/en\/joulukalenteriluukku\/5-december-2021\/","url_meta":{"origin":278,"position":5},"title":"December 5th","author":"Harri Filppa","date":"12\/05\/2021","format":false,"excerpt":"Ilmaisun- ja sananvapauden sanansaattaja ja esitaistelija sek\u00e4 supersankaripainija Black Peider on iisalmelaisen sarjakuvataiteilija Petteri Tikkasen alter ego. TechArt-hanke esittelee Air Guitar Party at Home tuotteen. Hankkeen pilotoinnin j\u00e4lkeen Airnest Productions on kehitt\u00e4nyt uuden, virtuaalisen Air Guitar Party at Home-kulttuuripalvelutuotteen\u00a0https:\/\/www.semilive.fi\/fi\/lahetykset-ja-liput\/air-guitar-party-at-home\/\u00a0 Air Guitar Party at Home on uudenlainen el\u00e4mys ja hyv\u00e4nmielen aktiviteetti,\u2026","rel":"","context":"Similar post","block_context":{"text":"Similar post","link":""},"img":{"alt_text":"","src":"https:\/\/i0.wp.com\/img.youtube.com\/vi\/PoEIKoZDM5E\/0.jpg?resize=350%2C200","width":350,"height":200},"classes":[]}],"jetpack_sharing_enabled":true,"_links":{"self":[{"href":"https:\/\/techart.fi\/en\/wp-json\/wp\/v2\/pages\/278","targetHints":{"allow":["GET"]}}],"collection":[{"href":"https:\/\/techart.fi\/en\/wp-json\/wp\/v2\/pages"}],"about":[{"href":"https:\/\/techart.fi\/en\/wp-json\/wp\/v2\/types\/page"}],"author":[{"embeddable":true,"href":"https:\/\/techart.fi\/en\/wp-json\/wp\/v2\/users\/1"}],"replies":[{"embeddable":true,"href":"https:\/\/techart.fi\/en\/wp-json\/wp\/v2\/comments?post=278"}],"version-history":[{"count":5,"href":"https:\/\/techart.fi\/en\/wp-json\/wp\/v2\/pages\/278\/revisions"}],"predecessor-version":[{"id":396,"href":"https:\/\/techart.fi\/en\/wp-json\/wp\/v2\/pages\/278\/revisions\/396"}],"wp:attachment":[{"href":"https:\/\/techart.fi\/en\/wp-json\/wp\/v2\/media?parent=278"}],"curies":[{"name":"wp","href":"https:\/\/api.w.org\/{rel}","templated":true}]}}