{"id":247,"date":"2021-11-23T02:35:53","date_gmt":"2021-11-23T00:35:53","guid":{"rendered":"https:\/\/techart.fi\/?page_id=247"},"modified":"2022-03-22T01:53:50","modified_gmt":"2022-03-21T23:53:50","slug":"info","status":"publish","type":"page","link":"https:\/\/techart.fi\/en\/info\/","title":{"rendered":"Info"},"content":{"rendered":"<p>TechArt&nbsp;-hankkeen tarkoituksena on selvitt\u00e4\u00e4, rakentaa ja&nbsp;pilotoida&nbsp;teknologiaa ja kulttuuria yhdist\u00e4v\u00e4\u00e4 ekosysteemi\u00e4.<\/p>\n\n\n\n<p>Teknologia ei yksin pysty ratkaisemaan tarpeita, joissa ihmiset tarvitsevat sosiaalista vuorovaikutusta ja vuorovaikutteisuutta.&nbsp;TechArt&nbsp;-hanke rakentaa ekosysteemi\u00e4, jossa teknologiayritykset, taide-, luovien ja kulttuurialojen toimijat, kunnat ja eri sidosryhm\u00e4t&nbsp;tki-kent\u00e4lt\u00e4 tuovat taide- ja kulttuuri- ja teknologia-alan toimijoita ja sis\u00e4lt\u00f6j\u00e4 yhteen alueellisesti, kansallisesti ja kansainv\u00e4lisesti.<\/p>\n\n\n\n<p>&nbsp;Oulu on ollut edell\u00e4k\u00e4vij\u00e4 korkean teknologian tutkimuksessa, tuotekehityksess\u00e4 ja alan&nbsp;startup&nbsp;-kent\u00e4ss\u00e4. Oulussa luotuja ja kehitettyj\u00e4 teknologioita n\u00e4hd\u00e4\u00e4n kuitenkin harvemmin esim. kaupunkikuvassa ja julkisissa tiloissa taiteessa ja kulttuurissa luodun sis\u00e4ll\u00f6n kanssa.&nbsp;TechArt&nbsp;-hanke vahvistaa alueen merkityst\u00e4 teknologiaa ja kulttuuria yhdist\u00e4v\u00e4ss\u00e4 tuotekehityksess\u00e4. Hankkeella edistet\u00e4\u00e4n kulttuuri-\/taidetuotteiden vienti\u00e4 ja saavutettavuutta yleis\u00f6ille ja uusille yleis\u00f6ille uusin teknologisin keinoin.<\/p>\n\n\n\n<p><strong><span style=\"text-decoration: underline;\" class=\"underline\">TechArt project's objectives<\/span><\/strong><\/p>\n\n\n\n<p>There are two main objectives for TechArt.&nbsp;<\/p>\n\n\n\n<p>Ensimm\u00e4iseksi hanke luo konseptin teknologiaa ja kulttuuria yhdist\u00e4v\u00e4st\u00e4 ekosysteemist\u00e4, jota alueen kaupungit ja kunnat voivat hy\u00f6dynt\u00e4\u00e4. Ekosysteemi synnytt\u00e4\u00e4 uudenlaista teknologiaa, kulttuuria ja taidetta yhdist\u00e4v\u00e4\u00e4 toimeliaisuutta.&nbsp;<\/p>\n\n\n\n<p>Toiseksi hanke etsii ratkaisuja tulevaisuuden tarpeisiin,&nbsp;pilotoimalla&nbsp;ja kokeilemalla uusia teknologiaa ja kulttuuria yhdist\u00e4vi\u00e4 innovaatioita. Yritysten yhteiskehitt\u00e4misen kautta syntyy tuloksia kahden eri toimintamallin my\u00f6t\u00e4:<\/p>\n\n\n\n<p>1. Nopeilla kokeiluilla sitoutetaan alueen yritykset yhdist\u00e4m\u00e4\u00e4n teknologiaa ja kulttuuria ja jakamaan ne digitaalisen alustan kautta osallistuneiden yritysten, kulttuuritoimijoiden ja alueen kuntien kanssa. Nopeiden kokeilujen tavoitteena ja hy\u00f6tyn\u00e4 on ketter\u00e4 testaaminen, mill\u00e4 toimintamalleilla on elinmahdollisuuksia liiketoiminnan kannalta.<\/p>\n\n\n\n<p>2. Yhdess\u00e4 isommassa pilotissa toteutetaan alusta loppuun asti kokonaisuus, joka ratkaisee alueen asukkaista, yrityksist\u00e4 tai kulttuuritoimijoista nousevan haasteen<\/p>","protected":false},"excerpt":{"rendered":"<p>TechArt&nbsp;-hankkeen tarkoituksena on selvitt\u00e4\u00e4, rakentaa ja&nbsp;pilotoida&nbsp;teknologiaa ja kulttuuria yhdist\u00e4v\u00e4\u00e4 ekosysteemi\u00e4. Teknologia ei yksin pysty ratkaisemaan tarpeita, joissa ihmiset tarvitsevat sosiaalista vuorovaikutusta ja vuorovaikutteisuutta.&nbsp;TechArt&nbsp;-hanke rakentaa ekosysteemi\u00e4, jossa teknologiayritykset, taide-, luovien ja [&hellip;]<\/p>\n","protected":false},"author":1,"featured_media":1165,"parent":0,"menu_order":0,"comment_status":"closed","ping_status":"closed","template":"","meta":{"qubely_global_settings":"","qubely_interactions":"","bwfblock_default_font":"","_monsterinsights_skip_tracking":false,"_monsterinsights_sitenote_active":false,"_monsterinsights_sitenote_note":"","_monsterinsights_sitenote_category":0,"order-bump-settings":[],"_wpfnl_thankyou_order_overview":"on","_wpfnl_thankyou_order_details":"on","_wpfnl_thankyou_billing_details":"on","_wpfnl_thankyou_shipping_details":"on","jetpack_post_was_ever_published":false,"footnotes":""},"class_list":["post-247","page","type-page","status-publish","has-post-thumbnail","czr-hentry"],"acf":[],"yoast_head":"<!-- This site is optimized with the Yoast SEO plugin v27.5 - https:\/\/yoast.com\/product\/yoast-seo-wordpress\/ -->\n<title>Info -<\/title>\n<meta name=\"description\" content=\"TechArt\u00a0-hankkeen tarkoituksena on selvitt\u00e4\u00e4, rakentaa ja\u00a0pilotoida\u00a0teknologiaa ja kulttuuria yhdist\u00e4v\u00e4\u00e4 ekosysteemi\u00e4.\" \/>\n<meta name=\"robots\" content=\"index, follow, max-snippet:-1, max-image-preview:large, max-video-preview:-1\" \/>\n<link rel=\"canonical\" href=\"https:\/\/techart.fi\/en\/info\/\" \/>\n<meta property=\"og:locale\" content=\"en_GB\" \/>\n<meta property=\"og:type\" content=\"article\" \/>\n<meta property=\"og:title\" content=\"Info -\" \/>\n<meta property=\"og:description\" content=\"TechArt\u00a0-hankkeen tarkoituksena on selvitt\u00e4\u00e4, rakentaa ja\u00a0pilotoida\u00a0teknologiaa ja kulttuuria yhdist\u00e4v\u00e4\u00e4 ekosysteemi\u00e4.\" \/>\n<meta property=\"og:url\" content=\"https:\/\/techart.fi\/en\/info\/\" \/>\n<meta property=\"article:publisher\" content=\"https:\/\/www.facebook.com\/techartoulu\" \/>\n<meta property=\"article:modified_time\" content=\"2022-03-21T23:53:50+00:00\" \/>\n<meta property=\"og:image\" content=\"https:\/\/techart.fi\/wp-content\/uploads\/2022\/03\/2021_11-Lumo-valofestivaali_089_VERKKOON.jpg\" \/>\n\t<meta property=\"og:image:width\" content=\"1280\" \/>\n\t<meta property=\"og:image:height\" content=\"853\" \/>\n\t<meta property=\"og:image:type\" content=\"image\/jpeg\" \/>\n<meta name=\"twitter:card\" content=\"summary_large_image\" \/>\n<meta name=\"twitter:label1\" content=\"Estimated reading time\" \/>\n\t<meta name=\"twitter:data1\" content=\"2 minutes\" \/>\n<script type=\"application\/ld+json\" class=\"yoast-schema-graph\">{\"@context\":\"https:\\\/\\\/schema.org\",\"@graph\":[{\"@type\":\"WebPage\",\"@id\":\"https:\\\/\\\/techart.fi\\\/info\\\/\",\"url\":\"https:\\\/\\\/techart.fi\\\/info\\\/\",\"name\":\"Info -\",\"isPartOf\":{\"@id\":\"https:\\\/\\\/techart.fi\\\/#website\"},\"primaryImageOfPage\":{\"@id\":\"https:\\\/\\\/techart.fi\\\/info\\\/#primaryimage\"},\"image\":{\"@id\":\"https:\\\/\\\/techart.fi\\\/info\\\/#primaryimage\"},\"thumbnailUrl\":\"https:\\\/\\\/i0.wp.com\\\/techart.fi\\\/wp-content\\\/uploads\\\/2022\\\/03\\\/2021_11-Lumo-valofestivaali_089_VERKKOON.jpg?fit=1280%2C853&ssl=1\",\"datePublished\":\"2021-11-23T00:35:53+00:00\",\"dateModified\":\"2022-03-21T23:53:50+00:00\",\"description\":\"TechArt\u00a0-hankkeen tarkoituksena on selvitt\u00e4\u00e4, rakentaa ja\u00a0pilotoida\u00a0teknologiaa ja kulttuuria yhdist\u00e4v\u00e4\u00e4 ekosysteemi\u00e4.\",\"breadcrumb\":{\"@id\":\"https:\\\/\\\/techart.fi\\\/info\\\/#breadcrumb\"},\"inLanguage\":\"en-GB\",\"potentialAction\":[{\"@type\":\"ReadAction\",\"target\":[\"https:\\\/\\\/techart.fi\\\/info\\\/\"]}]},{\"@type\":\"ImageObject\",\"inLanguage\":\"en-GB\",\"@id\":\"https:\\\/\\\/techart.fi\\\/info\\\/#primaryimage\",\"url\":\"https:\\\/\\\/i0.wp.com\\\/techart.fi\\\/wp-content\\\/uploads\\\/2022\\\/03\\\/2021_11-Lumo-valofestivaali_089_VERKKOON.jpg?fit=1280%2C853&ssl=1\",\"contentUrl\":\"https:\\\/\\\/i0.wp.com\\\/techart.fi\\\/wp-content\\\/uploads\\\/2022\\\/03\\\/2021_11-Lumo-valofestivaali_089_VERKKOON.jpg?fit=1280%2C853&ssl=1\",\"width\":1280,\"height\":853,\"caption\":\"Lumo-valofestivaali 2021. Lumo Light Festival Oulu valaisee kaupungin 19.-21. 2021.\"},{\"@type\":\"BreadcrumbList\",\"@id\":\"https:\\\/\\\/techart.fi\\\/info\\\/#breadcrumb\",\"itemListElement\":[{\"@type\":\"ListItem\",\"position\":1,\"name\":\"Home\",\"item\":\"https:\\\/\\\/techart.fi\\\/\"},{\"@type\":\"ListItem\",\"position\":2,\"name\":\"Info\"}]},{\"@type\":\"WebSite\",\"@id\":\"https:\\\/\\\/techart.fi\\\/#website\",\"url\":\"https:\\\/\\\/techart.fi\\\/\",\"name\":\"TechArt\",\"description\":\"\",\"publisher\":{\"@id\":\"https:\\\/\\\/techart.fi\\\/#organization\"},\"potentialAction\":[{\"@type\":\"SearchAction\",\"target\":{\"@type\":\"EntryPoint\",\"urlTemplate\":\"https:\\\/\\\/techart.fi\\\/?s={search_term_string}\"},\"query-input\":{\"@type\":\"PropertyValueSpecification\",\"valueRequired\":true,\"valueName\":\"search_term_string\"}}],\"inLanguage\":\"en-GB\"},{\"@type\":\"Organization\",\"@id\":\"https:\\\/\\\/techart.fi\\\/#organization\",\"name\":\"TechArt\",\"url\":\"https:\\\/\\\/techart.fi\\\/\",\"logo\":{\"@type\":\"ImageObject\",\"inLanguage\":\"en-GB\",\"@id\":\"https:\\\/\\\/techart.fi\\\/#\\\/schema\\\/logo\\\/image\\\/\",\"url\":\"https:\\\/\\\/i0.wp.com\\\/techart.fi\\\/wp-content\\\/uploads\\\/2021\\\/11\\\/cropped-techart_webclip.png?fit=256%2C161&ssl=1\",\"contentUrl\":\"https:\\\/\\\/i0.wp.com\\\/techart.fi\\\/wp-content\\\/uploads\\\/2021\\\/11\\\/cropped-techart_webclip.png?fit=256%2C161&ssl=1\",\"width\":256,\"height\":161,\"caption\":\"TechArt\"},\"image\":{\"@id\":\"https:\\\/\\\/techart.fi\\\/#\\\/schema\\\/logo\\\/image\\\/\"},\"sameAs\":[\"https:\\\/\\\/www.facebook.com\\\/techartoulu\",\"https:\\\/\\\/www.instagram.com\\\/techartoulu\\\/\",\"https:\\\/\\\/www.youtube.com\\\/channel\\\/UCzcjRf7yPFh7Etzp_zCAwMQ\"]}]}<\/script>\n<!-- \/ Yoast SEO plugin. -->","yoast_head_json":{"title":"Info -","description":"TechArt\u00a0-hankkeen tarkoituksena on selvitt\u00e4\u00e4, rakentaa ja\u00a0pilotoida\u00a0teknologiaa ja kulttuuria yhdist\u00e4v\u00e4\u00e4 ekosysteemi\u00e4.","robots":{"index":"index","follow":"follow","max-snippet":"max-snippet:-1","max-image-preview":"max-image-preview:large","max-video-preview":"max-video-preview:-1"},"canonical":"https:\/\/techart.fi\/en\/info\/","og_locale":"en_GB","og_type":"article","og_title":"Info -","og_description":"TechArt\u00a0-hankkeen tarkoituksena on selvitt\u00e4\u00e4, rakentaa ja\u00a0pilotoida\u00a0teknologiaa ja kulttuuria yhdist\u00e4v\u00e4\u00e4 ekosysteemi\u00e4.","og_url":"https:\/\/techart.fi\/en\/info\/","article_publisher":"https:\/\/www.facebook.com\/techartoulu","article_modified_time":"2022-03-21T23:53:50+00:00","og_image":[{"width":1280,"height":853,"url":"https:\/\/techart.fi\/wp-content\/uploads\/2022\/03\/2021_11-Lumo-valofestivaali_089_VERKKOON.jpg","type":"image\/jpeg"}],"twitter_card":"summary_large_image","twitter_misc":{"Estimated reading time":"2 minutes"},"schema":{"@context":"https:\/\/schema.org","@graph":[{"@type":"WebPage","@id":"https:\/\/techart.fi\/info\/","url":"https:\/\/techart.fi\/info\/","name":"Info -","isPartOf":{"@id":"https:\/\/techart.fi\/#website"},"primaryImageOfPage":{"@id":"https:\/\/techart.fi\/info\/#primaryimage"},"image":{"@id":"https:\/\/techart.fi\/info\/#primaryimage"},"thumbnailUrl":"https:\/\/i0.wp.com\/techart.fi\/wp-content\/uploads\/2022\/03\/2021_11-Lumo-valofestivaali_089_VERKKOON.jpg?fit=1280%2C853&ssl=1","datePublished":"2021-11-23T00:35:53+00:00","dateModified":"2022-03-21T23:53:50+00:00","description":"TechArt\u00a0-hankkeen tarkoituksena on selvitt\u00e4\u00e4, rakentaa ja\u00a0pilotoida\u00a0teknologiaa ja kulttuuria yhdist\u00e4v\u00e4\u00e4 ekosysteemi\u00e4.","breadcrumb":{"@id":"https:\/\/techart.fi\/info\/#breadcrumb"},"inLanguage":"en-GB","potentialAction":[{"@type":"ReadAction","target":["https:\/\/techart.fi\/info\/"]}]},{"@type":"ImageObject","inLanguage":"en-GB","@id":"https:\/\/techart.fi\/info\/#primaryimage","url":"https:\/\/i0.wp.com\/techart.fi\/wp-content\/uploads\/2022\/03\/2021_11-Lumo-valofestivaali_089_VERKKOON.jpg?fit=1280%2C853&ssl=1","contentUrl":"https:\/\/i0.wp.com\/techart.fi\/wp-content\/uploads\/2022\/03\/2021_11-Lumo-valofestivaali_089_VERKKOON.jpg?fit=1280%2C853&ssl=1","width":1280,"height":853,"caption":"Lumo-valofestivaali 2021. Lumo Light Festival Oulu valaisee kaupungin 19.-21. 2021."},{"@type":"BreadcrumbList","@id":"https:\/\/techart.fi\/info\/#breadcrumb","itemListElement":[{"@type":"ListItem","position":1,"name":"Home","item":"https:\/\/techart.fi\/"},{"@type":"ListItem","position":2,"name":"Info"}]},{"@type":"WebSite","@id":"https:\/\/techart.fi\/#website","url":"https:\/\/techart.fi\/","name":"TechArt","description":"","publisher":{"@id":"https:\/\/techart.fi\/#organization"},"potentialAction":[{"@type":"SearchAction","target":{"@type":"EntryPoint","urlTemplate":"https:\/\/techart.fi\/?s={search_term_string}"},"query-input":{"@type":"PropertyValueSpecification","valueRequired":true,"valueName":"search_term_string"}}],"inLanguage":"en-GB"},{"@type":"Organization","@id":"https:\/\/techart.fi\/#organization","name":"TechArt","url":"https:\/\/techart.fi\/","logo":{"@type":"ImageObject","inLanguage":"en-GB","@id":"https:\/\/techart.fi\/#\/schema\/logo\/image\/","url":"https:\/\/i0.wp.com\/techart.fi\/wp-content\/uploads\/2021\/11\/cropped-techart_webclip.png?fit=256%2C161&ssl=1","contentUrl":"https:\/\/i0.wp.com\/techart.fi\/wp-content\/uploads\/2021\/11\/cropped-techart_webclip.png?fit=256%2C161&ssl=1","width":256,"height":161,"caption":"TechArt"},"image":{"@id":"https:\/\/techart.fi\/#\/schema\/logo\/image\/"},"sameAs":["https:\/\/www.facebook.com\/techartoulu","https:\/\/www.instagram.com\/techartoulu\/","https:\/\/www.youtube.com\/channel\/UCzcjRf7yPFh7Etzp_zCAwMQ"]}]}},"jetpack-related-posts":[{"id":13,"url":"https:\/\/techart.fi\/en\/mika-on-techart\/","url_meta":{"origin":247,"position":0},"title":"Welcome to the TechArt project website!","author":"admin","date":"11\/08\/2021","format":false,"excerpt":"TechArt\u00a0-hankkeen tarkoituksena on selvitt\u00e4\u00e4, rakentaa ja\u00a0pilotoida\u00a0teknologiaa ja kulttuuria yhdist\u00e4v\u00e4\u00e4 ekosysteemi\u00e4. N\u00e4ilt\u00e4 sivuilta l\u00f6yd\u00e4t tietoa hankkeen aikana toteutetuista piloteista, tapahtumista sek\u00e4 ekosysteemity\u00f6st\u00e4. Hankeen aikana tuotetut digitaaliset kokeilut ja virtuaalimallit l\u00f6ytyv\u00e4t sivustolta. Pistepilvimallit ovat ladattavissa ilmaiseksi kaikille halukkaille. Info osion alta l\u00f6ytyy hankkeen aikana toteutettuja esittelyvideoita mm. LUMO valofestivaali 2021 aikana olleista\u2026","rel":"","context":"Similar post","block_context":{"text":"Similar post","link":""},"img":{"alt_text":"TechArt","src":"https:\/\/i0.wp.com\/techart.fi\/wp-content\/uploads\/2021\/11\/IMG-1661-scaled.jpg?resize=350%2C200&ssl=1","width":350,"height":200,"srcset":"https:\/\/i0.wp.com\/techart.fi\/wp-content\/uploads\/2021\/11\/IMG-1661-scaled.jpg?resize=350%2C200&ssl=1 1x, https:\/\/i0.wp.com\/techart.fi\/wp-content\/uploads\/2021\/11\/IMG-1661-scaled.jpg?resize=525%2C300&ssl=1 1.5x, https:\/\/i0.wp.com\/techart.fi\/wp-content\/uploads\/2021\/11\/IMG-1661-scaled.jpg?resize=700%2C400&ssl=1 2x, https:\/\/i0.wp.com\/techart.fi\/wp-content\/uploads\/2021\/11\/IMG-1661-scaled.jpg?resize=1050%2C600&ssl=1 3x, https:\/\/i0.wp.com\/techart.fi\/wp-content\/uploads\/2021\/11\/IMG-1661-scaled.jpg?resize=1400%2C800&ssl=1 4x"},"classes":[]},{"id":18,"url":"https:\/\/techart.fi\/en\/ekosysteemi\/","url_meta":{"origin":247,"position":1},"title":"Ekosysteemity\u00f6","author":"admin","date":"11\/08\/2021","format":false,"excerpt":"TechArt- hankkeen ty\u00f6paketti TechArt City pyrkii rakentamaan kansallisen ja kansainv\u00e4lisen verkoston, jossa kaupungit ja alueet, teknologiayritykset, TKI -organisaatiot, luovat ja kulttuurialat sek\u00e4 taiteen ammattilaiset kohtaavat ja jakavat tietoa. Keskeisen\u00e4 teemana on ekosysteemiajattelu; Miten kaupungit voivat kehitt\u00e4\u00e4 alustan, joka synnytt\u00e4\u00e4 teknologiaa ja kulttuuria yhdist\u00e4v\u00e4\u00e4 toimeliaisuutta Hankkeessa ekosysteemin tavoitteita toteutetaan seuraavilla toimenpiteill\u00e4:\u2026","rel":"","context":"Similar post","block_context":{"text":"Similar post","link":""},"img":{"alt_text":"","src":"https:\/\/i0.wp.com\/techart.fi\/wp-content\/uploads\/2022\/03\/PHOTO-2021-11-18-18-27-14.jpeg?fit=1200%2C900&ssl=1&resize=350%2C200","width":350,"height":200,"srcset":"https:\/\/i0.wp.com\/techart.fi\/wp-content\/uploads\/2022\/03\/PHOTO-2021-11-18-18-27-14.jpeg?fit=1200%2C900&ssl=1&resize=350%2C200 1x, https:\/\/i0.wp.com\/techart.fi\/wp-content\/uploads\/2022\/03\/PHOTO-2021-11-18-18-27-14.jpeg?fit=1200%2C900&ssl=1&resize=525%2C300 1.5x, https:\/\/i0.wp.com\/techart.fi\/wp-content\/uploads\/2022\/03\/PHOTO-2021-11-18-18-27-14.jpeg?fit=1200%2C900&ssl=1&resize=700%2C400 2x, https:\/\/i0.wp.com\/techart.fi\/wp-content\/uploads\/2022\/03\/PHOTO-2021-11-18-18-27-14.jpeg?fit=1200%2C900&ssl=1&resize=1050%2C600 3x"},"classes":[]},{"id":19,"url":"https:\/\/techart.fi\/en\/pilotointi\/","url_meta":{"origin":247,"position":2},"title":"Piloting","author":"admin","date":"11\/08\/2021","format":false,"excerpt":"Pilotointi on koottu TechArt\u00a0Arena\u00a0kokonaisuuden alle, joka on tuote- ja palvelukehityksen ytimess\u00e4. Siin\u00e4 keskityt\u00e4\u00e4n uusien innovaatioiden pilotointiin ja testaukseen asiakkailla. Huomio on teknologiaa ja kulttuuria yhdist\u00e4viss\u00e4 vuorovaikutteisissa kokeiluissa. Toteutettava innovaatio on my\u00f6s kiinte\u00e4 osa kaupunkikehityst\u00e4. Palvelumuotoilulla on keskeinen rooli teknologiainnovaatioiden k\u00e4ytt\u00e4j\u00e4l\u00e4ht\u00f6isess\u00e4 kehitt\u00e4misess\u00e4. TechArt\u00a0Arenaan\u00a0haetaan avoimella haulla kulttuuritoimijoita ja taiteilijoita, joiden teht\u00e4v\u00e4n\u00e4 on\u2026","rel":"","context":"Similar post","block_context":{"text":"Similar post","link":""},"img":{"alt_text":"TechArt ja Connected Studio","src":"https:\/\/i0.wp.com\/techart.fi\/wp-content\/uploads\/2021\/11\/taikabox-2.png?resize=350%2C200&ssl=1","width":350,"height":200},"classes":[]},{"id":714,"url":"https:\/\/techart.fi\/en\/joulukalenteriluukku\/19-december-2021\/","url_meta":{"origin":247,"position":3},"title":"December 19th","author":"Harri Filppa","date":"12\/19\/2021","format":false,"excerpt":"Sarjakuvataiteilija, kulttuurin sekaty\u00f6l\u00e4inen ja Radiopuhelimet-yhtyeen laulaja ja sanoittaja\u00a0Jyrki Anselmi M\u00e4ki. TechArt esittelee NFT:n, joka\u00a0on taiteen uusi ilmentym\u00e4 ja muoto, joka saamastaan globaalista huomiosta huolimatta tekee vasta tuloaan. NFT-markkina on taiteen ja kulttuurin uusi kehittyv\u00e4 kehto, joka tarjoaa taiteilijoille merkitt\u00e4vi\u00e4 mahdollisuuksia \u2013 niin kaupallisesti kuin taiteen kehityksen kannalta.NFTstore.Gallery (NsG)\u00a0on Oulussa syntynyt,\u2026","rel":"","context":"Similar post","block_context":{"text":"Similar post","link":""},"img":{"alt_text":"","src":"https:\/\/i0.wp.com\/techart.fi\/wp-content\/uploads\/2021\/11\/jyrkimaki.jpg?resize=350%2C200&ssl=1","width":350,"height":200,"srcset":"https:\/\/i0.wp.com\/techart.fi\/wp-content\/uploads\/2021\/11\/jyrkimaki.jpg?resize=350%2C200&ssl=1 1x, https:\/\/i0.wp.com\/techart.fi\/wp-content\/uploads\/2021\/11\/jyrkimaki.jpg?resize=525%2C300&ssl=1 1.5x, https:\/\/i0.wp.com\/techart.fi\/wp-content\/uploads\/2021\/11\/jyrkimaki.jpg?resize=700%2C400&ssl=1 2x, https:\/\/i0.wp.com\/techart.fi\/wp-content\/uploads\/2021\/11\/jyrkimaki.jpg?resize=1050%2C600&ssl=1 3x"},"classes":[]},{"id":697,"url":"https:\/\/techart.fi\/en\/joulukalenteriluukku\/14-december-2021\/","url_meta":{"origin":247,"position":4},"title":"14. Joulukuuta","author":"Harri Filppa","date":"12\/14\/2021","format":false,"excerpt":"Rovaniemen Sarjakuvaseura, eli ROSA on Lapin yliopiston opiskelijoiden perustama sarjakuvaseura. TechArt esittelee Factum Foundtionin, joka tuo uusimman teknologian kulttuurihistorian s\u00e4ilytt\u00e4miseksi Alvar Aallon Ouluun suunnittelemassa siilossa, joka on saanut projektissa nimeksi AALTOSIILO. AALTOSIILO pohtii uudelleen 2000-luvun olennaisuutta ja teollisen kulttuuriperinn\u00f6n roolia, paikan ja kulttuuri-identiteetin muovaamisessa. Maailmamme on tienristeyksess\u00e4. Sen lis\u00e4ksi, ett\u00e4\u2026","rel":"","context":"Similar post","block_context":{"text":"Similar post","link":""},"img":{"alt_text":"","src":"","width":0,"height":0},"classes":[]},{"id":17,"url":"https:\/\/techart.fi\/en\/joulukalenteri\/","url_meta":{"origin":247,"position":5},"title":"The Advent Calendar","author":"admin","date":"11\/08\/2021","format":false,"excerpt":"TechArt joulukalenteri nostaa p\u00e4ivitt\u00e4in esille sarjakuvataiteilijoita, eri alojen osaajia ja ammattilaisia. 1.12.2021 alkaen luukkujen takaa paljastuu my\u00f6s eri taiteen, teknologian, tutkimuksen ammattilaisia, yrityksi\u00e4 ja k\u00e4ynniss\u00e4 olevia hankkeita joissa oululainen osaaminen tuodaan esille. TechArt - joulukalenteri on toteutettu yhteisty\u00f6ss\u00e4 Oulun Sarjakuvakeskuksen kanssa.","rel":"","context":"Similar post","block_context":{"text":"Similar post","link":""},"img":{"alt_text":"","src":"","width":0,"height":0},"classes":[]}],"jetpack_sharing_enabled":true,"_links":{"self":[{"href":"https:\/\/techart.fi\/en\/wp-json\/wp\/v2\/pages\/247","targetHints":{"allow":["GET"]}}],"collection":[{"href":"https:\/\/techart.fi\/en\/wp-json\/wp\/v2\/pages"}],"about":[{"href":"https:\/\/techart.fi\/en\/wp-json\/wp\/v2\/types\/page"}],"author":[{"embeddable":true,"href":"https:\/\/techart.fi\/en\/wp-json\/wp\/v2\/users\/1"}],"replies":[{"embeddable":true,"href":"https:\/\/techart.fi\/en\/wp-json\/wp\/v2\/comments?post=247"}],"version-history":[{"count":1,"href":"https:\/\/techart.fi\/en\/wp-json\/wp\/v2\/pages\/247\/revisions"}],"predecessor-version":[{"id":248,"href":"https:\/\/techart.fi\/en\/wp-json\/wp\/v2\/pages\/247\/revisions\/248"}],"wp:featuredmedia":[{"embeddable":true,"href":"https:\/\/techart.fi\/en\/wp-json\/wp\/v2\/media\/1165"}],"wp:attachment":[{"href":"https:\/\/techart.fi\/en\/wp-json\/wp\/v2\/media?parent=247"}],"curies":[{"name":"wp","href":"https:\/\/api.w.org\/{rel}","templated":true}]}}