{"id":19,"date":"2021-11-08T13:47:12","date_gmt":"2021-11-08T13:47:12","guid":{"rendered":"https:\/\/techart.fi\/?page_id=19"},"modified":"2021-11-26T08:04:50","modified_gmt":"2021-11-26T06:04:50","slug":"pilotointi","status":"publish","type":"page","link":"https:\/\/techart.fi\/en\/pilotointi\/","title":{"rendered":"Piloting"},"content":{"rendered":"<figure class=\"wp-block-image size-full is-resized\"><img data-recalc-dims=\"1\" fetchpriority=\"high\" decoding=\"async\" src=\"https:\/\/i0.wp.com\/techart.fi\/wp-content\/uploads\/2021\/11\/taikabox-2.png?resize=785%2C533&#038;ssl=1\" alt=\"TechArt ja Connected Studio\" class=\"wp-image-410\" width=\"785\" height=\"533\" srcset=\"https:\/\/i0.wp.com\/techart.fi\/wp-content\/uploads\/2021\/11\/taikabox-2.png?w=482&amp;ssl=1 482w, https:\/\/i0.wp.com\/techart.fi\/wp-content\/uploads\/2021\/11\/taikabox-2.png?resize=300%2C204&amp;ssl=1 300w, https:\/\/i0.wp.com\/techart.fi\/wp-content\/uploads\/2021\/11\/taikabox-2.png?resize=18%2C12&amp;ssl=1 18w\" sizes=\"(max-width: 785px) 100vw, 785px\" \/><\/figure>\n\n\n\n<p>Pilotointi on koottu TechArt&nbsp;Arena&nbsp;kokonaisuuden alle, joka on tuote- ja palvelukehityksen ytimess\u00e4. Siin\u00e4 keskityt\u00e4\u00e4n uusien innovaatioiden pilotointiin ja testaukseen asiakkailla. Huomio on teknologiaa ja kulttuuria yhdist\u00e4viss\u00e4 vuorovaikutteisissa kokeiluissa.<\/p>\n\n\n\n<p>Toteutettava innovaatio on my\u00f6s kiinte\u00e4 osa kaupunkikehityst\u00e4. Palvelumuotoilulla on keskeinen rooli teknologiainnovaatioiden k\u00e4ytt\u00e4j\u00e4l\u00e4ht\u00f6isess\u00e4 kehitt\u00e4misess\u00e4.<\/p>\n\n\n\n<p>TechArt&nbsp;Arenaan&nbsp;haetaan avoimella haulla kulttuuritoimijoita ja taiteilijoita, joiden teht\u00e4v\u00e4n\u00e4 on rakentaa ohjelmalinja, jossa sek\u00e4 nopeiden kokeiluiden ett\u00e4 isomman pilotin teknologioiden ymp\u00e4rille syntyy kiinnostavaa sis\u00e4lt\u00f6\u00e4, joka tuo TechArt \u2013hankkeessa toteutettuja kokonaisuuksia paremmin n\u00e4kyville.<\/p>","protected":false},"excerpt":{"rendered":"<p>Pilotointi on koottu TechArt&nbsp;Arena&nbsp;kokonaisuuden alle, joka on tuote- ja palvelukehityksen ytimess\u00e4. Siin\u00e4 keskityt\u00e4\u00e4n uusien innovaatioiden pilotointiin ja testaukseen asiakkailla. Huomio on teknologiaa ja kulttuuria yhdist\u00e4viss\u00e4 vuorovaikutteisissa kokeiluissa. Toteutettava innovaatio on [&hellip;]<\/p>\n","protected":false},"author":1,"featured_media":0,"parent":0,"menu_order":0,"comment_status":"closed","ping_status":"closed","template":"","meta":{"qubely_global_settings":"","qubely_interactions":"","bwfblock_default_font":"","_monsterinsights_skip_tracking":false,"_monsterinsights_sitenote_active":false,"_monsterinsights_sitenote_note":"","_monsterinsights_sitenote_category":0,"order-bump-settings":[],"_wpfnl_thankyou_order_overview":"on","_wpfnl_thankyou_order_details":"on","_wpfnl_thankyou_billing_details":"on","_wpfnl_thankyou_shipping_details":"on","jetpack_post_was_ever_published":false,"footnotes":""},"class_list":["post-19","page","type-page","status-publish","czr-hentry"],"acf":[],"yoast_head":"<!-- This site is optimized with the Yoast SEO plugin v27.4 - https:\/\/yoast.com\/product\/yoast-seo-wordpress\/ -->\n<title>Pilotointi -<\/title>\n<meta name=\"description\" content=\"Pilotointi on koottu TechArt\u00a0Arena\u00a0kokonaisuuden alle, joka on tuote- ja palvelukehityksen ytimess\u00e4. Siin\u00e4 keskityt\u00e4\u00e4n uusien innovaatioiden pilotointiin ja testaukseen asiakkailla. Huomio on teknologiaa ja kulttuuria yhdist\u00e4viss\u00e4 vuorovaikutteisissa kokeiluissa. Toteutettava innovaatio on my\u00f6s kiinte\u00e4 osa kaupunkikehityst\u00e4. Palvelumuotoilulla on keskeinen rooli teknologiainnovaatioiden k\u00e4ytt\u00e4j\u00e4l\u00e4ht\u00f6isess\u00e4 kehitt\u00e4misess\u00e4.TechArt Arenaan haetaan avoimella haulla kulttuuritoimijoita ja taiteilijoita, joiden teht\u00e4v\u00e4n\u00e4 on rakentaa ohjelmalinja, jossa sek\u00e4 nopeiden kokeiluiden ett\u00e4 isomman pilotin teknologioiden ymp\u00e4rille syntyy kiinnostavaa sis\u00e4lt\u00f6\u00e4, joka tuo TechArt \u2013hankkeessa toteutettuja kokonaisuuksia paremmin n\u00e4kyville.\" \/>\n<meta name=\"robots\" content=\"index, follow, max-snippet:-1, max-image-preview:large, max-video-preview:-1\" \/>\n<link rel=\"canonical\" href=\"https:\/\/techart.fi\/en\/pilotointi\/\" \/>\n<meta property=\"og:locale\" content=\"en_GB\" \/>\n<meta property=\"og:type\" content=\"article\" \/>\n<meta property=\"og:title\" content=\"Pilotointi -\" \/>\n<meta property=\"og:description\" content=\"Pilotointi on koottu TechArt\u00a0Arena\u00a0kokonaisuuden alle, joka on tuote- ja palvelukehityksen ytimess\u00e4. Siin\u00e4 keskityt\u00e4\u00e4n uusien innovaatioiden pilotointiin ja testaukseen asiakkailla. Huomio on teknologiaa ja kulttuuria yhdist\u00e4viss\u00e4 vuorovaikutteisissa kokeiluissa. Toteutettava innovaatio on my\u00f6s kiinte\u00e4 osa kaupunkikehityst\u00e4. Palvelumuotoilulla on keskeinen rooli teknologiainnovaatioiden k\u00e4ytt\u00e4j\u00e4l\u00e4ht\u00f6isess\u00e4 kehitt\u00e4misess\u00e4.TechArt Arenaan haetaan avoimella haulla kulttuuritoimijoita ja taiteilijoita, joiden teht\u00e4v\u00e4n\u00e4 on rakentaa ohjelmalinja, jossa sek\u00e4 nopeiden kokeiluiden ett\u00e4 isomman pilotin teknologioiden ymp\u00e4rille syntyy kiinnostavaa sis\u00e4lt\u00f6\u00e4, joka tuo TechArt \u2013hankkeessa toteutettuja kokonaisuuksia paremmin n\u00e4kyville.\" \/>\n<meta property=\"og:url\" content=\"https:\/\/techart.fi\/en\/pilotointi\/\" \/>\n<meta property=\"article:publisher\" content=\"https:\/\/www.facebook.com\/techartoulu\" \/>\n<meta property=\"article:modified_time\" content=\"2021-11-26T06:04:50+00:00\" \/>\n<meta property=\"og:image\" content=\"https:\/\/techart.fi\/wp-content\/uploads\/2021\/11\/taikabox-2.png\" \/>\n<meta name=\"twitter:card\" content=\"summary_large_image\" \/>\n<meta name=\"twitter:label1\" content=\"Estimated reading time\" \/>\n\t<meta name=\"twitter:data1\" content=\"1 minute\" \/>\n<script type=\"application\/ld+json\" class=\"yoast-schema-graph\">{\"@context\":\"https:\\\/\\\/schema.org\",\"@graph\":[{\"@type\":\"WebPage\",\"@id\":\"https:\\\/\\\/techart.fi\\\/pilotointi\\\/\",\"url\":\"https:\\\/\\\/techart.fi\\\/pilotointi\\\/\",\"name\":\"Pilotointi -\",\"isPartOf\":{\"@id\":\"https:\\\/\\\/techart.fi\\\/#website\"},\"primaryImageOfPage\":{\"@id\":\"https:\\\/\\\/techart.fi\\\/pilotointi\\\/#primaryimage\"},\"image\":{\"@id\":\"https:\\\/\\\/techart.fi\\\/pilotointi\\\/#primaryimage\"},\"thumbnailUrl\":\"https:\\\/\\\/techart.fi\\\/wp-content\\\/uploads\\\/2021\\\/11\\\/taikabox-2.png\",\"datePublished\":\"2021-11-08T13:47:12+00:00\",\"dateModified\":\"2021-11-26T06:04:50+00:00\",\"description\":\"Pilotointi on koottu TechArt\u00a0Arena\u00a0kokonaisuuden alle, joka on tuote- ja palvelukehityksen ytimess\u00e4. Siin\u00e4 keskityt\u00e4\u00e4n uusien innovaatioiden pilotointiin ja testaukseen asiakkailla. Huomio on teknologiaa ja kulttuuria yhdist\u00e4viss\u00e4 vuorovaikutteisissa kokeiluissa. Toteutettava innovaatio on my\u00f6s kiinte\u00e4 osa kaupunkikehityst\u00e4. Palvelumuotoilulla on keskeinen rooli teknologiainnovaatioiden k\u00e4ytt\u00e4j\u00e4l\u00e4ht\u00f6isess\u00e4 kehitt\u00e4misess\u00e4.TechArt Arenaan haetaan avoimella haulla kulttuuritoimijoita ja taiteilijoita, joiden teht\u00e4v\u00e4n\u00e4 on rakentaa ohjelmalinja, jossa sek\u00e4 nopeiden kokeiluiden ett\u00e4 isomman pilotin teknologioiden ymp\u00e4rille syntyy kiinnostavaa sis\u00e4lt\u00f6\u00e4, joka tuo TechArt \u2013hankkeessa toteutettuja kokonaisuuksia paremmin n\u00e4kyville.\",\"breadcrumb\":{\"@id\":\"https:\\\/\\\/techart.fi\\\/pilotointi\\\/#breadcrumb\"},\"inLanguage\":\"en-GB\",\"potentialAction\":[{\"@type\":\"ReadAction\",\"target\":[\"https:\\\/\\\/techart.fi\\\/pilotointi\\\/\"]}]},{\"@type\":\"ImageObject\",\"inLanguage\":\"en-GB\",\"@id\":\"https:\\\/\\\/techart.fi\\\/pilotointi\\\/#primaryimage\",\"url\":\"https:\\\/\\\/techart.fi\\\/wp-content\\\/uploads\\\/2021\\\/11\\\/taikabox-2.png\",\"contentUrl\":\"https:\\\/\\\/techart.fi\\\/wp-content\\\/uploads\\\/2021\\\/11\\\/taikabox-2.png\"},{\"@type\":\"BreadcrumbList\",\"@id\":\"https:\\\/\\\/techart.fi\\\/pilotointi\\\/#breadcrumb\",\"itemListElement\":[{\"@type\":\"ListItem\",\"position\":1,\"name\":\"Home\",\"item\":\"https:\\\/\\\/techart.fi\\\/\"},{\"@type\":\"ListItem\",\"position\":2,\"name\":\"Pilotointi\"}]},{\"@type\":\"WebSite\",\"@id\":\"https:\\\/\\\/techart.fi\\\/#website\",\"url\":\"https:\\\/\\\/techart.fi\\\/\",\"name\":\"TechArt\",\"description\":\"\",\"publisher\":{\"@id\":\"https:\\\/\\\/techart.fi\\\/#organization\"},\"potentialAction\":[{\"@type\":\"SearchAction\",\"target\":{\"@type\":\"EntryPoint\",\"urlTemplate\":\"https:\\\/\\\/techart.fi\\\/?s={search_term_string}\"},\"query-input\":{\"@type\":\"PropertyValueSpecification\",\"valueRequired\":true,\"valueName\":\"search_term_string\"}}],\"inLanguage\":\"en-GB\"},{\"@type\":\"Organization\",\"@id\":\"https:\\\/\\\/techart.fi\\\/#organization\",\"name\":\"TechArt\",\"url\":\"https:\\\/\\\/techart.fi\\\/\",\"logo\":{\"@type\":\"ImageObject\",\"inLanguage\":\"en-GB\",\"@id\":\"https:\\\/\\\/techart.fi\\\/#\\\/schema\\\/logo\\\/image\\\/\",\"url\":\"https:\\\/\\\/i0.wp.com\\\/techart.fi\\\/wp-content\\\/uploads\\\/2021\\\/11\\\/cropped-techart_webclip.png?fit=256%2C161&ssl=1\",\"contentUrl\":\"https:\\\/\\\/i0.wp.com\\\/techart.fi\\\/wp-content\\\/uploads\\\/2021\\\/11\\\/cropped-techart_webclip.png?fit=256%2C161&ssl=1\",\"width\":256,\"height\":161,\"caption\":\"TechArt\"},\"image\":{\"@id\":\"https:\\\/\\\/techart.fi\\\/#\\\/schema\\\/logo\\\/image\\\/\"},\"sameAs\":[\"https:\\\/\\\/www.facebook.com\\\/techartoulu\",\"https:\\\/\\\/www.instagram.com\\\/techartoulu\\\/\",\"https:\\\/\\\/www.youtube.com\\\/channel\\\/UCzcjRf7yPFh7Etzp_zCAwMQ\"]}]}<\/script>\n<!-- \/ Yoast SEO plugin. -->","yoast_head_json":{"title":"Pilotointi -","description":"Pilotointi on koottu TechArt\u00a0Arena\u00a0kokonaisuuden alle, joka on tuote- ja palvelukehityksen ytimess\u00e4. Siin\u00e4 keskityt\u00e4\u00e4n uusien innovaatioiden pilotointiin ja testaukseen asiakkailla. Huomio on teknologiaa ja kulttuuria yhdist\u00e4viss\u00e4 vuorovaikutteisissa kokeiluissa. Toteutettava innovaatio on my\u00f6s kiinte\u00e4 osa kaupunkikehityst\u00e4. Palvelumuotoilulla on keskeinen rooli teknologiainnovaatioiden k\u00e4ytt\u00e4j\u00e4l\u00e4ht\u00f6isess\u00e4 kehitt\u00e4misess\u00e4.TechArt Arenaan haetaan avoimella haulla kulttuuritoimijoita ja taiteilijoita, joiden teht\u00e4v\u00e4n\u00e4 on rakentaa ohjelmalinja, jossa sek\u00e4 nopeiden kokeiluiden ett\u00e4 isomman pilotin teknologioiden ymp\u00e4rille syntyy kiinnostavaa sis\u00e4lt\u00f6\u00e4, joka tuo TechArt \u2013hankkeessa toteutettuja kokonaisuuksia paremmin n\u00e4kyville.","robots":{"index":"index","follow":"follow","max-snippet":"max-snippet:-1","max-image-preview":"max-image-preview:large","max-video-preview":"max-video-preview:-1"},"canonical":"https:\/\/techart.fi\/en\/pilotointi\/","og_locale":"en_GB","og_type":"article","og_title":"Pilotointi -","og_description":"Pilotointi on koottu TechArt\u00a0Arena\u00a0kokonaisuuden alle, joka on tuote- ja palvelukehityksen ytimess\u00e4. Siin\u00e4 keskityt\u00e4\u00e4n uusien innovaatioiden pilotointiin ja testaukseen asiakkailla. Huomio on teknologiaa ja kulttuuria yhdist\u00e4viss\u00e4 vuorovaikutteisissa kokeiluissa. Toteutettava innovaatio on my\u00f6s kiinte\u00e4 osa kaupunkikehityst\u00e4. Palvelumuotoilulla on keskeinen rooli teknologiainnovaatioiden k\u00e4ytt\u00e4j\u00e4l\u00e4ht\u00f6isess\u00e4 kehitt\u00e4misess\u00e4.TechArt Arenaan haetaan avoimella haulla kulttuuritoimijoita ja taiteilijoita, joiden teht\u00e4v\u00e4n\u00e4 on rakentaa ohjelmalinja, jossa sek\u00e4 nopeiden kokeiluiden ett\u00e4 isomman pilotin teknologioiden ymp\u00e4rille syntyy kiinnostavaa sis\u00e4lt\u00f6\u00e4, joka tuo TechArt \u2013hankkeessa toteutettuja kokonaisuuksia paremmin n\u00e4kyville.","og_url":"https:\/\/techart.fi\/en\/pilotointi\/","article_publisher":"https:\/\/www.facebook.com\/techartoulu","article_modified_time":"2021-11-26T06:04:50+00:00","og_image":[{"url":"https:\/\/techart.fi\/wp-content\/uploads\/2021\/11\/taikabox-2.png","type":"","width":"","height":""}],"twitter_card":"summary_large_image","twitter_misc":{"Estimated reading time":"1 minute"},"schema":{"@context":"https:\/\/schema.org","@graph":[{"@type":"WebPage","@id":"https:\/\/techart.fi\/pilotointi\/","url":"https:\/\/techart.fi\/pilotointi\/","name":"Pilotointi -","isPartOf":{"@id":"https:\/\/techart.fi\/#website"},"primaryImageOfPage":{"@id":"https:\/\/techart.fi\/pilotointi\/#primaryimage"},"image":{"@id":"https:\/\/techart.fi\/pilotointi\/#primaryimage"},"thumbnailUrl":"https:\/\/techart.fi\/wp-content\/uploads\/2021\/11\/taikabox-2.png","datePublished":"2021-11-08T13:47:12+00:00","dateModified":"2021-11-26T06:04:50+00:00","description":"Pilotointi on koottu TechArt\u00a0Arena\u00a0kokonaisuuden alle, joka on tuote- ja palvelukehityksen ytimess\u00e4. Siin\u00e4 keskityt\u00e4\u00e4n uusien innovaatioiden pilotointiin ja testaukseen asiakkailla. Huomio on teknologiaa ja kulttuuria yhdist\u00e4viss\u00e4 vuorovaikutteisissa kokeiluissa. Toteutettava innovaatio on my\u00f6s kiinte\u00e4 osa kaupunkikehityst\u00e4. Palvelumuotoilulla on keskeinen rooli teknologiainnovaatioiden k\u00e4ytt\u00e4j\u00e4l\u00e4ht\u00f6isess\u00e4 kehitt\u00e4misess\u00e4.TechArt Arenaan haetaan avoimella haulla kulttuuritoimijoita ja taiteilijoita, joiden teht\u00e4v\u00e4n\u00e4 on rakentaa ohjelmalinja, jossa sek\u00e4 nopeiden kokeiluiden ett\u00e4 isomman pilotin teknologioiden ymp\u00e4rille syntyy kiinnostavaa sis\u00e4lt\u00f6\u00e4, joka tuo TechArt \u2013hankkeessa toteutettuja kokonaisuuksia paremmin n\u00e4kyville.","breadcrumb":{"@id":"https:\/\/techart.fi\/pilotointi\/#breadcrumb"},"inLanguage":"en-GB","potentialAction":[{"@type":"ReadAction","target":["https:\/\/techart.fi\/pilotointi\/"]}]},{"@type":"ImageObject","inLanguage":"en-GB","@id":"https:\/\/techart.fi\/pilotointi\/#primaryimage","url":"https:\/\/techart.fi\/wp-content\/uploads\/2021\/11\/taikabox-2.png","contentUrl":"https:\/\/techart.fi\/wp-content\/uploads\/2021\/11\/taikabox-2.png"},{"@type":"BreadcrumbList","@id":"https:\/\/techart.fi\/pilotointi\/#breadcrumb","itemListElement":[{"@type":"ListItem","position":1,"name":"Home","item":"https:\/\/techart.fi\/"},{"@type":"ListItem","position":2,"name":"Pilotointi"}]},{"@type":"WebSite","@id":"https:\/\/techart.fi\/#website","url":"https:\/\/techart.fi\/","name":"TechArt","description":"","publisher":{"@id":"https:\/\/techart.fi\/#organization"},"potentialAction":[{"@type":"SearchAction","target":{"@type":"EntryPoint","urlTemplate":"https:\/\/techart.fi\/?s={search_term_string}"},"query-input":{"@type":"PropertyValueSpecification","valueRequired":true,"valueName":"search_term_string"}}],"inLanguage":"en-GB"},{"@type":"Organization","@id":"https:\/\/techart.fi\/#organization","name":"TechArt","url":"https:\/\/techart.fi\/","logo":{"@type":"ImageObject","inLanguage":"en-GB","@id":"https:\/\/techart.fi\/#\/schema\/logo\/image\/","url":"https:\/\/i0.wp.com\/techart.fi\/wp-content\/uploads\/2021\/11\/cropped-techart_webclip.png?fit=256%2C161&ssl=1","contentUrl":"https:\/\/i0.wp.com\/techart.fi\/wp-content\/uploads\/2021\/11\/cropped-techart_webclip.png?fit=256%2C161&ssl=1","width":256,"height":161,"caption":"TechArt"},"image":{"@id":"https:\/\/techart.fi\/#\/schema\/logo\/image\/"},"sameAs":["https:\/\/www.facebook.com\/techartoulu","https:\/\/www.instagram.com\/techartoulu\/","https:\/\/www.youtube.com\/channel\/UCzcjRf7yPFh7Etzp_zCAwMQ"]}]}},"jetpack-related-posts":[{"id":304,"url":"https:\/\/techart.fi\/en\/nopeat-innovaatio-kokeilut\/","url_meta":{"origin":19,"position":0},"title":"Rapid innovation pilots","author":"admin","date":"11\/23\/2021","format":false,"excerpt":"TechArt- hankkeessa on toteutettu avoimella haulla ns. nopeat innovaatio kokeilut. Ohessa l\u00f6ytyv\u00e4t n\u00e4iden 6 eri kokeilut sis\u00e4ll\u00f6t ja tulokset tiivistettyn\u00e4, Loppuraportit kustakin kokeilusta on koottu kohtaan Loppuraportit OMVF XR - musiikkivideo Oulun Musiikkivideofestivaalit ry. toteutti XR-musiikkivideon ohmudogin musiikkikappaleeseen KEIJUSTAMINA. Video on XR-musiikkivideo, jossa katsoja sukeltaa ihmisen syd\u00e4men sis\u00e4lle Art in\u2026","rel":"","context":"Similar post","block_context":{"text":"Similar post","link":""},"img":{"alt_text":"","src":"https:\/\/i0.wp.com\/techart.fi\/wp-content\/uploads\/2021\/11\/maakinen-1.png?resize=350%2C200&ssl=1","width":350,"height":200,"srcset":"https:\/\/i0.wp.com\/techart.fi\/wp-content\/uploads\/2021\/11\/maakinen-1.png?resize=350%2C200&ssl=1 1x, https:\/\/i0.wp.com\/techart.fi\/wp-content\/uploads\/2021\/11\/maakinen-1.png?resize=525%2C300&ssl=1 1.5x, https:\/\/i0.wp.com\/techart.fi\/wp-content\/uploads\/2021\/11\/maakinen-1.png?resize=700%2C400&ssl=1 2x"},"classes":[]},{"id":247,"url":"https:\/\/techart.fi\/en\/info\/","url_meta":{"origin":19,"position":1},"title":"Info","author":"admin","date":"11\/23\/2021","format":false,"excerpt":"TechArt\u00a0-hankkeen tarkoituksena on selvitt\u00e4\u00e4, rakentaa ja\u00a0pilotoida\u00a0teknologiaa ja kulttuuria yhdist\u00e4v\u00e4\u00e4 ekosysteemi\u00e4. Teknologia ei yksin pysty ratkaisemaan tarpeita, joissa ihmiset tarvitsevat sosiaalista vuorovaikutusta ja vuorovaikutteisuutta.\u00a0TechArt\u00a0-hanke rakentaa ekosysteemi\u00e4, jossa teknologiayritykset, taide-, luovien ja kulttuurialojen toimijat, kunnat ja eri sidosryhm\u00e4t\u00a0tki-kent\u00e4lt\u00e4 tuovat taide- ja kulttuuri- ja teknologia-alan toimijoita ja sis\u00e4lt\u00f6j\u00e4 yhteen alueellisesti, kansallisesti ja kansainv\u00e4lisesti.\u2026","rel":"","context":"Similar post","block_context":{"text":"Similar post","link":""},"img":{"alt_text":"","src":"https:\/\/i0.wp.com\/techart.fi\/wp-content\/uploads\/2022\/03\/2021_11-Lumo-valofestivaali_089_VERKKOON.jpg?fit=1200%2C800&ssl=1&resize=350%2C200","width":350,"height":200,"srcset":"https:\/\/i0.wp.com\/techart.fi\/wp-content\/uploads\/2022\/03\/2021_11-Lumo-valofestivaali_089_VERKKOON.jpg?fit=1200%2C800&ssl=1&resize=350%2C200 1x, https:\/\/i0.wp.com\/techart.fi\/wp-content\/uploads\/2022\/03\/2021_11-Lumo-valofestivaali_089_VERKKOON.jpg?fit=1200%2C800&ssl=1&resize=525%2C300 1.5x, https:\/\/i0.wp.com\/techart.fi\/wp-content\/uploads\/2022\/03\/2021_11-Lumo-valofestivaali_089_VERKKOON.jpg?fit=1200%2C800&ssl=1&resize=700%2C400 2x, https:\/\/i0.wp.com\/techart.fi\/wp-content\/uploads\/2022\/03\/2021_11-Lumo-valofestivaali_089_VERKKOON.jpg?fit=1200%2C800&ssl=1&resize=1050%2C600 3x"},"classes":[]},{"id":13,"url":"https:\/\/techart.fi\/en\/mika-on-techart\/","url_meta":{"origin":19,"position":2},"title":"Welcome to the TechArt project website!","author":"admin","date":"11\/08\/2021","format":false,"excerpt":"TechArt\u00a0-hankkeen tarkoituksena on selvitt\u00e4\u00e4, rakentaa ja\u00a0pilotoida\u00a0teknologiaa ja kulttuuria yhdist\u00e4v\u00e4\u00e4 ekosysteemi\u00e4. N\u00e4ilt\u00e4 sivuilta l\u00f6yd\u00e4t tietoa hankkeen aikana toteutetuista piloteista, tapahtumista sek\u00e4 ekosysteemity\u00f6st\u00e4. Hankeen aikana tuotetut digitaaliset kokeilut ja virtuaalimallit l\u00f6ytyv\u00e4t sivustolta. Pistepilvimallit ovat ladattavissa ilmaiseksi kaikille halukkaille. Info osion alta l\u00f6ytyy hankkeen aikana toteutettuja esittelyvideoita mm. LUMO valofestivaali 2021 aikana olleista\u2026","rel":"","context":"Similar post","block_context":{"text":"Similar post","link":""},"img":{"alt_text":"TechArt","src":"https:\/\/i0.wp.com\/techart.fi\/wp-content\/uploads\/2021\/11\/IMG-1661-scaled.jpg?resize=350%2C200&ssl=1","width":350,"height":200,"srcset":"https:\/\/i0.wp.com\/techart.fi\/wp-content\/uploads\/2021\/11\/IMG-1661-scaled.jpg?resize=350%2C200&ssl=1 1x, https:\/\/i0.wp.com\/techart.fi\/wp-content\/uploads\/2021\/11\/IMG-1661-scaled.jpg?resize=525%2C300&ssl=1 1.5x, https:\/\/i0.wp.com\/techart.fi\/wp-content\/uploads\/2021\/11\/IMG-1661-scaled.jpg?resize=700%2C400&ssl=1 2x, https:\/\/i0.wp.com\/techart.fi\/wp-content\/uploads\/2021\/11\/IMG-1661-scaled.jpg?resize=1050%2C600&ssl=1 3x, https:\/\/i0.wp.com\/techart.fi\/wp-content\/uploads\/2021\/11\/IMG-1661-scaled.jpg?resize=1400%2C800&ssl=1 4x"},"classes":[]},{"id":712,"url":"https:\/\/techart.fi\/en\/joulukalenteriluukku\/18-december-2021\/","url_meta":{"origin":19,"position":3},"title":"December 18th","author":"Harri Filppa","date":"12\/18\/2021","format":false,"excerpt":"Sarjakuvantekij\u00e4 Mika Lahtonen TechArt esittelee oululaisen pelialan yrityksen Playsign Oy:n joka on toteuttanut XR-musiikkivideon yhteisty\u00f6ss\u00e4 Oulun Musiikkivideofestivaalien kanssa. XR- musiikkivideo oli osa TechArt- hankkeen nopeita kokeiluja. XR-musiikkivideon toteutukseen p\u00e4\u00e4set perehtym\u00e4\u00e4n tarkemmin pilotin loppuraportista. Playsign Oy on lis\u00e4ksi toteuttanut useita VR ja AR toteutuksia sek\u00e4 kaupunkien kuin kulttuuritoimijoiden tarpeisiin. N\u00e4ist\u00e4 muutama\u2026","rel":"","context":"Similar post","block_context":{"text":"Similar post","link":""},"img":{"alt_text":"","src":"https:\/\/i0.wp.com\/techart.fi\/wp-content\/uploads\/2021\/12\/s01.jpg?resize=350%2C200","width":350,"height":200,"srcset":"https:\/\/i0.wp.com\/techart.fi\/wp-content\/uploads\/2021\/12\/s01.jpg?resize=350%2C200 1x, https:\/\/i0.wp.com\/techart.fi\/wp-content\/uploads\/2021\/12\/s01.jpg?resize=525%2C300 1.5x, https:\/\/i0.wp.com\/techart.fi\/wp-content\/uploads\/2021\/12\/s01.jpg?resize=700%2C400 2x, https:\/\/i0.wp.com\/techart.fi\/wp-content\/uploads\/2021\/12\/s01.jpg?resize=1050%2C600 3x, https:\/\/i0.wp.com\/techart.fi\/wp-content\/uploads\/2021\/12\/s01.jpg?resize=1400%2C800 4x"},"classes":[]},{"id":686,"url":"https:\/\/techart.fi\/en\/joulukalenteriluukku\/24-december-2021\/","url_meta":{"origin":19,"position":4},"title":"December 24th","author":"Harri Filppa","date":"12\/24\/2021","format":false,"excerpt":"Kuvittaja, kuva- ja sarjakuvataiteilija Don Arvidsson. Strippisarjakuvan hallitseva maailman mestari. TechArt -hanke esittelee ylpe\u00e4n\u00e4 joulukalenterin 24. luukussa oululaisen Near Real Oy:n, joka on ollut mukana TechArt- hankkeen aikana toteutetussa Connected Studio pilotissa. Alun perin Near Realin terveyspalveluille kehitt\u00e4m\u00e4 palvelualusta kehittyi hankkeen ansiosta monipuolisemmaksi my\u00f6s eri sis\u00e4lt\u00f6toimijoiden k\u00e4ytt\u00f6\u00f6n soveltuvaksi innovaatioksi. Alusta\u2026","rel":"","context":"Similar post","block_context":{"text":"Similar post","link":""},"img":{"alt_text":"","src":"https:\/\/i0.wp.com\/techart.fi\/wp-content\/uploads\/2021\/11\/DonArvidsson.jpg?resize=350%2C200&ssl=1","width":350,"height":200,"srcset":"https:\/\/i0.wp.com\/techart.fi\/wp-content\/uploads\/2021\/11\/DonArvidsson.jpg?resize=350%2C200&ssl=1 1x, https:\/\/i0.wp.com\/techart.fi\/wp-content\/uploads\/2021\/11\/DonArvidsson.jpg?resize=525%2C300&ssl=1 1.5x, https:\/\/i0.wp.com\/techart.fi\/wp-content\/uploads\/2021\/11\/DonArvidsson.jpg?resize=700%2C400&ssl=1 2x"},"classes":[]},{"id":706,"url":"https:\/\/techart.fi\/en\/joulukalenteriluukku\/15-december-2021\/","url_meta":{"origin":19,"position":5},"title":"December 15th","author":"Harri Filppa","date":"12\/15\/2021","format":false,"excerpt":"Kuvittaja, sarjakuvataiteilija ja sarjakuvan opettaja Veli-Matti Ural TechArt hanke esittelee ylpe\u00e4n\u00e4 oululaista huippututkimusta. Miehitt\u00e4m\u00e4tt\u00f6m\u00e4n ilmailun liiketoiminta on l\u00e4hd\u00f6ss\u00e4 toden teolla lentoon \u2013 oululainen huippuosaaminen on keski\u00f6ss\u00e4 alan k\u00e4rki-innovaatioissa.\u00a0 Drolo projektissa (www.drolo.fi) usein my\u00f6s droneiksi kutsutut s\u00e4hk\u00f6k\u00e4ytt\u00f6iset ja paikallisesti p\u00e4\u00e4st\u00f6tt\u00f6m\u00e4t lent\u00e4v\u00e4t laitteet ovat tulossa sek\u00e4 yritysten ett\u00e4 tutkijoiden suurennuslasin alle. Drolo-projektissa\u2026","rel":"","context":"Similar post","block_context":{"text":"Similar post","link":""},"img":{"alt_text":"","src":"https:\/\/i0.wp.com\/techart.fi\/wp-content\/uploads\/2021\/12\/drolo_banner.jpg?resize=350%2C200","width":350,"height":200,"srcset":"https:\/\/i0.wp.com\/techart.fi\/wp-content\/uploads\/2021\/12\/drolo_banner.jpg?resize=350%2C200 1x, https:\/\/i0.wp.com\/techart.fi\/wp-content\/uploads\/2021\/12\/drolo_banner.jpg?resize=525%2C300 1.5x, https:\/\/i0.wp.com\/techart.fi\/wp-content\/uploads\/2021\/12\/drolo_banner.jpg?resize=700%2C400 2x, https:\/\/i0.wp.com\/techart.fi\/wp-content\/uploads\/2021\/12\/drolo_banner.jpg?resize=1050%2C600 3x, https:\/\/i0.wp.com\/techart.fi\/wp-content\/uploads\/2021\/12\/drolo_banner.jpg?resize=1400%2C800 4x"},"classes":[]}],"jetpack_sharing_enabled":true,"_links":{"self":[{"href":"https:\/\/techart.fi\/en\/wp-json\/wp\/v2\/pages\/19","targetHints":{"allow":["GET"]}}],"collection":[{"href":"https:\/\/techart.fi\/en\/wp-json\/wp\/v2\/pages"}],"about":[{"href":"https:\/\/techart.fi\/en\/wp-json\/wp\/v2\/types\/page"}],"author":[{"embeddable":true,"href":"https:\/\/techart.fi\/en\/wp-json\/wp\/v2\/users\/1"}],"replies":[{"embeddable":true,"href":"https:\/\/techart.fi\/en\/wp-json\/wp\/v2\/comments?post=19"}],"version-history":[{"count":5,"href":"https:\/\/techart.fi\/en\/wp-json\/wp\/v2\/pages\/19\/revisions"}],"predecessor-version":[{"id":469,"href":"https:\/\/techart.fi\/en\/wp-json\/wp\/v2\/pages\/19\/revisions\/469"}],"wp:attachment":[{"href":"https:\/\/techart.fi\/en\/wp-json\/wp\/v2\/media?parent=19"}],"curies":[{"name":"wp","href":"https:\/\/api.w.org\/{rel}","templated":true}]}}