{"id":18,"date":"2021-11-08T13:47:12","date_gmt":"2021-11-08T13:47:12","guid":{"rendered":"https:\/\/techart.fi\/?page_id=18"},"modified":"2022-03-25T15:50:25","modified_gmt":"2022-03-25T13:50:25","slug":"ekosysteemi","status":"publish","type":"page","link":"https:\/\/techart.fi\/en\/ekosysteemi\/","title":{"rendered":"Ekosysteemity\u00f6"},"content":{"rendered":"<figure class=\"wp-block-image size-large\"><img data-recalc-dims=\"1\" fetchpriority=\"high\" decoding=\"async\" width=\"1024\" height=\"768\" src=\"https:\/\/i0.wp.com\/techart.fi\/wp-content\/uploads\/2021\/11\/PHOTO-2021-11-18-18-27-14.jpg?resize=1024%2C768&#038;ssl=1\" alt=\"\" class=\"wp-image-442\" srcset=\"https:\/\/i0.wp.com\/techart.fi\/wp-content\/uploads\/2021\/11\/PHOTO-2021-11-18-18-27-14.jpg?resize=1024%2C768&amp;ssl=1 1024w, https:\/\/i0.wp.com\/techart.fi\/wp-content\/uploads\/2021\/11\/PHOTO-2021-11-18-18-27-14.jpg?resize=300%2C225&amp;ssl=1 300w, https:\/\/i0.wp.com\/techart.fi\/wp-content\/uploads\/2021\/11\/PHOTO-2021-11-18-18-27-14.jpg?resize=768%2C576&amp;ssl=1 768w, https:\/\/i0.wp.com\/techart.fi\/wp-content\/uploads\/2021\/11\/PHOTO-2021-11-18-18-27-14.jpg?resize=1536%2C1152&amp;ssl=1 1536w, https:\/\/i0.wp.com\/techart.fi\/wp-content\/uploads\/2021\/11\/PHOTO-2021-11-18-18-27-14.jpg?resize=16%2C12&amp;ssl=1 16w, https:\/\/i0.wp.com\/techart.fi\/wp-content\/uploads\/2021\/11\/PHOTO-2021-11-18-18-27-14.jpg?w=2016&amp;ssl=1 2016w\" sizes=\"(max-width: 1024px) 100vw, 1024px\" \/><\/figure>\n\n\n\n<p>TechArt- hankkeen ty\u00f6paketti TechArt City pyrkii rakentamaan kansallisen ja kansainv\u00e4lisen verkoston, jossa kaupungit ja alueet, teknologiayritykset, TKI -organisaatiot, luovat ja kulttuurialat sek\u00e4 taiteen ammattilaiset kohtaavat ja jakavat tietoa. Keskeisen\u00e4 teemana on ekosysteemiajattelu; Miten kaupungit voivat kehitt\u00e4\u00e4 alustan, joka synnytt\u00e4\u00e4 teknologiaa ja kulttuuria yhdist\u00e4v\u00e4\u00e4 toimeliaisuutta<\/p>\n\n\n\n<p>Hankkeessa ekosysteemin tavoitteita toteutetaan seuraavilla toimenpiteill\u00e4:<\/p>\n\n\n\n<ul class=\"wp-block-list\"><li>k\u00e4ynnistet\u00e4\u00e4n kansainv\u00e4linen osaajien verkosto<\/li><li>kartoitetaan Euroopasta ja maailmalta parhaat teknologiaa ja taidetta yhdist\u00e4v\u00e4t vuorovaikutteiset sis\u00e4ll\u00f6t ja tilakonseptit<\/li><li>selvitet\u00e4\u00e4n millaista osaamip\u00e4\u00e4omaa tarvitaan ekosysteemin luomiseksi<\/li><li>selvitet\u00e4\u00e4n millaisella organisaatiorakenteella ekosysteemi\u00e4 voidaan kehitt\u00e4\u00e4<\/li><li>selvitet\u00e4\u00e4n tilojen varustelun osalta valmiudet ja kaupunkikuvalliset vaatimukset (mink\u00e4laista teknologiaa voidaan sijoittaa julkisille paikoille ml. turvallisuusn\u00e4k\u00f6kulma, valo- ja \u00e4\u00e4nisaaste)<\/li><li>webinars, seminars, expert visits<\/li><\/ul>\n\n\n\n<p><strong>Mit\u00e4 t\u00e4m\u00e4 ekosysteemity\u00f6 voi tarjota juuri sinulle?<\/strong><\/p>\n\n\n\n<p>Kutsumme sinut osallistumaan tapahtumiimme, tiedotamme sinulle uusista mahdollisuuksista taiteilijoille sek\u00e4 yrityksille ja organisaatioille, joita teknologian ja taiteen yhdist\u00e4v\u00e4t projektit, sis\u00e4ll\u00f6t ja yhteisty\u00f6 kiinnostavat. <\/p>\n\n\n\n<p><strong>Welcome to TechArt events<\/strong>.<\/p>\n\n\n\n<p>Seuraava TechArt seminaari pidet\u00e4\u00e4n 22.4.2022, paikkana Lapland Hotel Oulu. Seminaarin teema : Hybridise your Festival &amp; Residence?&nbsp;Seminaari on englanninkielinen. <\/p>\n\n\n\n<p>Rekister\u00f6idy mukaan tapahtumaan: <a href=\"https:\/\/www.eventbrite.com\/e\/techart-webinar-hybridize-your-festival-tickets-168799924117\">https:\/\/www.eventbrite.com\/e\/techart-webinar-hybridize-your-festival-tickets-168799924117<\/a><br>&nbsp;<\/p>\n\n\n\n<p>TechArt project will participate in the following events during 2022. <br><br>\u00a02.-4.6.2022\u00a0<a href=\"https:\/\/eur03.safelinks.protection.outlook.com\/?url=https%3A%2F%2Fwww.ecsite.eu%2F&amp;data=04%7C01%7Cveronica.santini%40spinverse.com%7C95091c2efd144c05c59d08da0bf8e0e1%7Cf2d6ee97a15249b49e7b9d4dfefb2a1e%7C1%7C0%7C637835462332516177%7CUnknown%7CTWFpbGZsb3d8eyJWIjoiMC4wLjAwMDAiLCJQIjoiV2luMzIiLCJBTiI6Ik1haWwiLCJXVCI6Mn0%3D%7C3000&amp;sdata=tpv4kEMYJzbo20LJMeIcsAKMta8YDeB8zF0Ya3JQ0Es%3D&amp;reserved=0\">Ecsite\u00a0<\/a>Conference, Heilbronn<br>7.-11.9.2022\u00a0<a href=\"https:\/\/eur03.safelinks.protection.outlook.com\/?url=https%3A%2F%2Fars.electronica.art%2Ffestival%2Fen%2F&amp;data=04%7C01%7Cveronica.santini%40spinverse.com%7C95091c2efd144c05c59d08da0bf8e0e1%7Cf2d6ee97a15249b49e7b9d4dfefb2a1e%7C1%7C0%7C637835462332516177%7CUnknown%7CTWFpbGZsb3d8eyJWIjoiMC4wLjAwMDAiLCJQIjoiV2luMzIiLCJBTiI6Ik1haWwiLCJXVCI6Mn0%3D%7C3000&amp;sdata=7OK9UXSHnwvCi8eRITzGUYArhhpgLItBPza%2FzuuqSy0%3D&amp;reserved=0\">Ars Electronica<\/a>\u00a0Festival, Linz<br>18.-20.11.2022.\u00a0<a href=\"https:\/\/eur03.safelinks.protection.outlook.com\/?url=https%3A%2F%2Fwww.ouka.fi%2Foulu%2Flumo%2Fcall2022&amp;data=04%7C01%7Cveronica.santini%40spinverse.com%7C95091c2efd144c05c59d08da0bf8e0e1%7Cf2d6ee97a15249b49e7b9d4dfefb2a1e%7C1%7C0%7C637835462332516177%7CUnknown%7CTWFpbGZsb3d8eyJWIjoiMC4wLjAwMDAiLCJQIjoiV2luMzIiLCJBTiI6Ik1haWwiLCJXVCI6Mn0%3D%7C3000&amp;sdata=2drAFKF41VuTx32JF17YsppFapPuLkGds90oAFJA5Ek%3D&amp;reserved=0\">LUMO <\/a>Light Festival, Oulu<\/p>\n\n\n\n<p>TechArt Matchmaking tapahtumat j\u00e4rjestet\u00e4\u00e4n syksyll\u00e4 my\u00f6s Tallinnassa and Helsingiss\u00e4. Liittym\u00e4ll\u00e4 TechArt- uutiskirjeen tilaajaksi saat tietoa tulevista tapahtumista. <\/p>\n\n\n\n<p><strong>TechArt Ecosystem Survey<\/strong><\/p>\n\n\n\n<p>P\u00e4\u00e4set vastaamaan TechArt- kyselyyn ohesta:<\/p>\n\n\n\n<p><a href=\"https:\/\/survey.alchemer.com\/s3\/6771043\/Oulu-Tech-Art-Stakeholder-Survey\">https:\/\/survey.alchemer.com\/s3\/6771043\/Oulu-Tech-Art-Stakeholder-Survey<\/a><\/p>\n\n\n\n<p><strong>Miten k\u00e4yt\u00e4mme ker\u00e4tty\u00e4 tietoa<\/strong><br>Vastaukset k\u00e4sitell\u00e4\u00e4n ja niist\u00e4 tehd\u00e4\u00e4n yhteenveto vain koostetussa muodossa.&nbsp;GDPR-asetusten mukaisesti s\u00e4ilyt\u00e4mme vastauksesi vain edell\u00e4 mainittuun tarkoitukseen ja vain projektin loppuun asti. Sinulla on halutessasi oikeus tarkastella, muokata tai poistaa omia tietojasi milloin tahansa. Mik\u00e4li t\u00e4h\u00e4n liittyen on lis\u00e4kysymyksi\u00e4, ota meihin yhteytt\u00e4.<\/p>\n\n\n\n<p>Tervetuloa osaksi TechArt ekosysteemity\u00f6t\u00e4 ja mukaan kulttuuri-ilmastonmuutokseen.<\/p>","protected":false},"excerpt":{"rendered":"<p>TechArt- hankkeen ty\u00f6paketti TechArt City pyrkii rakentamaan kansallisen ja kansainv\u00e4lisen verkoston, jossa kaupungit ja alueet, teknologiayritykset, TKI -organisaatiot, luovat ja kulttuurialat sek\u00e4 taiteen ammattilaiset kohtaavat ja jakavat tietoa. Keskeisen\u00e4 teemana [&hellip;]<\/p>\n","protected":false},"author":1,"featured_media":1137,"parent":0,"menu_order":0,"comment_status":"closed","ping_status":"closed","template":"","meta":{"qubely_global_settings":"","qubely_interactions":"","bwfblock_default_font":"","_monsterinsights_skip_tracking":false,"_monsterinsights_sitenote_active":false,"_monsterinsights_sitenote_note":"","_monsterinsights_sitenote_category":0,"order-bump-settings":[],"_wpfnl_thankyou_order_overview":"on","_wpfnl_thankyou_order_details":"on","_wpfnl_thankyou_billing_details":"on","_wpfnl_thankyou_shipping_details":"on","jetpack_post_was_ever_published":false,"footnotes":""},"class_list":["post-18","page","type-page","status-publish","has-post-thumbnail","czr-hentry"],"acf":[],"yoast_head":"<!-- This site is optimized with the Yoast SEO plugin v27.4 - https:\/\/yoast.com\/product\/yoast-seo-wordpress\/ -->\n<title>Ekosysteemity\u00f6 -<\/title>\n<meta name=\"description\" content=\"TechArt- ekoysteemin tarkoitusechArt City on kansainv\u00e4linen verkosto, jossa kaupungit ja alueet, teknologiayritykset, TKI -organisaatiot, luovat ja kulttuurialat sek\u00e4 taiteen ammattilaiset kohtaavat ja jakavat tietoa.\" \/>\n<meta name=\"robots\" content=\"index, follow, max-snippet:-1, max-image-preview:large, max-video-preview:-1\" \/>\n<link rel=\"canonical\" href=\"https:\/\/techart.fi\/en\/ekosysteemi\/\" \/>\n<meta property=\"og:locale\" content=\"en_GB\" \/>\n<meta property=\"og:type\" content=\"article\" \/>\n<meta property=\"og:title\" content=\"Ekosysteemity\u00f6 -\" \/>\n<meta property=\"og:description\" content=\"TechArt- ekoysteemin tarkoitusechArt City on kansainv\u00e4linen verkosto, jossa kaupungit ja alueet, teknologiayritykset, TKI -organisaatiot, luovat ja kulttuurialat sek\u00e4 taiteen ammattilaiset kohtaavat ja jakavat tietoa.\" \/>\n<meta property=\"og:url\" content=\"https:\/\/techart.fi\/en\/ekosysteemi\/\" \/>\n<meta property=\"article:publisher\" content=\"https:\/\/www.facebook.com\/techartoulu\" \/>\n<meta property=\"article:modified_time\" content=\"2022-03-25T13:50:25+00:00\" \/>\n<meta property=\"og:image\" content=\"https:\/\/techart.fi\/wp-content\/uploads\/2022\/03\/PHOTO-2021-11-18-18-27-14.jpeg\" \/>\n\t<meta property=\"og:image:width\" content=\"1536\" \/>\n\t<meta property=\"og:image:height\" content=\"1152\" \/>\n\t<meta property=\"og:image:type\" content=\"image\/jpeg\" \/>\n<meta name=\"twitter:card\" content=\"summary_large_image\" \/>\n<meta name=\"twitter:label1\" content=\"Estimated reading time\" \/>\n\t<meta name=\"twitter:data1\" content=\"2 minutes\" \/>\n<script type=\"application\/ld+json\" class=\"yoast-schema-graph\">{\"@context\":\"https:\\\/\\\/schema.org\",\"@graph\":[{\"@type\":\"WebPage\",\"@id\":\"https:\\\/\\\/techart.fi\\\/ekosysteemi\\\/\",\"url\":\"https:\\\/\\\/techart.fi\\\/ekosysteemi\\\/\",\"name\":\"Ekosysteemity\u00f6 -\",\"isPartOf\":{\"@id\":\"https:\\\/\\\/techart.fi\\\/#website\"},\"primaryImageOfPage\":{\"@id\":\"https:\\\/\\\/techart.fi\\\/ekosysteemi\\\/#primaryimage\"},\"image\":{\"@id\":\"https:\\\/\\\/techart.fi\\\/ekosysteemi\\\/#primaryimage\"},\"thumbnailUrl\":\"https:\\\/\\\/i0.wp.com\\\/techart.fi\\\/wp-content\\\/uploads\\\/2022\\\/03\\\/PHOTO-2021-11-18-18-27-14.jpeg?fit=1536%2C1152&ssl=1\",\"datePublished\":\"2021-11-08T13:47:12+00:00\",\"dateModified\":\"2022-03-25T13:50:25+00:00\",\"description\":\"TechArt- ekoysteemin tarkoitusechArt City on kansainv\u00e4linen verkosto, jossa kaupungit ja alueet, teknologiayritykset, TKI -organisaatiot, luovat ja kulttuurialat sek\u00e4 taiteen ammattilaiset kohtaavat ja jakavat tietoa.\",\"breadcrumb\":{\"@id\":\"https:\\\/\\\/techart.fi\\\/ekosysteemi\\\/#breadcrumb\"},\"inLanguage\":\"en-GB\",\"potentialAction\":[{\"@type\":\"ReadAction\",\"target\":[\"https:\\\/\\\/techart.fi\\\/ekosysteemi\\\/\"]}]},{\"@type\":\"ImageObject\",\"inLanguage\":\"en-GB\",\"@id\":\"https:\\\/\\\/techart.fi\\\/ekosysteemi\\\/#primaryimage\",\"url\":\"https:\\\/\\\/i0.wp.com\\\/techart.fi\\\/wp-content\\\/uploads\\\/2022\\\/03\\\/PHOTO-2021-11-18-18-27-14.jpeg?fit=1536%2C1152&ssl=1\",\"contentUrl\":\"https:\\\/\\\/i0.wp.com\\\/techart.fi\\\/wp-content\\\/uploads\\\/2022\\\/03\\\/PHOTO-2021-11-18-18-27-14.jpeg?fit=1536%2C1152&ssl=1\",\"width\":1536,\"height\":1152},{\"@type\":\"BreadcrumbList\",\"@id\":\"https:\\\/\\\/techart.fi\\\/ekosysteemi\\\/#breadcrumb\",\"itemListElement\":[{\"@type\":\"ListItem\",\"position\":1,\"name\":\"Home\",\"item\":\"https:\\\/\\\/techart.fi\\\/\"},{\"@type\":\"ListItem\",\"position\":2,\"name\":\"Ekosysteemity\u00f6\"}]},{\"@type\":\"WebSite\",\"@id\":\"https:\\\/\\\/techart.fi\\\/#website\",\"url\":\"https:\\\/\\\/techart.fi\\\/\",\"name\":\"TechArt\",\"description\":\"\",\"publisher\":{\"@id\":\"https:\\\/\\\/techart.fi\\\/#organization\"},\"potentialAction\":[{\"@type\":\"SearchAction\",\"target\":{\"@type\":\"EntryPoint\",\"urlTemplate\":\"https:\\\/\\\/techart.fi\\\/?s={search_term_string}\"},\"query-input\":{\"@type\":\"PropertyValueSpecification\",\"valueRequired\":true,\"valueName\":\"search_term_string\"}}],\"inLanguage\":\"en-GB\"},{\"@type\":\"Organization\",\"@id\":\"https:\\\/\\\/techart.fi\\\/#organization\",\"name\":\"TechArt\",\"url\":\"https:\\\/\\\/techart.fi\\\/\",\"logo\":{\"@type\":\"ImageObject\",\"inLanguage\":\"en-GB\",\"@id\":\"https:\\\/\\\/techart.fi\\\/#\\\/schema\\\/logo\\\/image\\\/\",\"url\":\"https:\\\/\\\/i0.wp.com\\\/techart.fi\\\/wp-content\\\/uploads\\\/2021\\\/11\\\/cropped-techart_webclip.png?fit=256%2C161&ssl=1\",\"contentUrl\":\"https:\\\/\\\/i0.wp.com\\\/techart.fi\\\/wp-content\\\/uploads\\\/2021\\\/11\\\/cropped-techart_webclip.png?fit=256%2C161&ssl=1\",\"width\":256,\"height\":161,\"caption\":\"TechArt\"},\"image\":{\"@id\":\"https:\\\/\\\/techart.fi\\\/#\\\/schema\\\/logo\\\/image\\\/\"},\"sameAs\":[\"https:\\\/\\\/www.facebook.com\\\/techartoulu\",\"https:\\\/\\\/www.instagram.com\\\/techartoulu\\\/\",\"https:\\\/\\\/www.youtube.com\\\/channel\\\/UCzcjRf7yPFh7Etzp_zCAwMQ\"]}]}<\/script>\n<!-- \/ Yoast SEO plugin. -->","yoast_head_json":{"title":"Ekosysteemity\u00f6 -","description":"TechArt- ekoysteemin tarkoitusechArt City on kansainv\u00e4linen verkosto, jossa kaupungit ja alueet, teknologiayritykset, TKI -organisaatiot, luovat ja kulttuurialat sek\u00e4 taiteen ammattilaiset kohtaavat ja jakavat tietoa.","robots":{"index":"index","follow":"follow","max-snippet":"max-snippet:-1","max-image-preview":"max-image-preview:large","max-video-preview":"max-video-preview:-1"},"canonical":"https:\/\/techart.fi\/en\/ekosysteemi\/","og_locale":"en_GB","og_type":"article","og_title":"Ekosysteemity\u00f6 -","og_description":"TechArt- ekoysteemin tarkoitusechArt City on kansainv\u00e4linen verkosto, jossa kaupungit ja alueet, teknologiayritykset, TKI -organisaatiot, luovat ja kulttuurialat sek\u00e4 taiteen ammattilaiset kohtaavat ja jakavat tietoa.","og_url":"https:\/\/techart.fi\/en\/ekosysteemi\/","article_publisher":"https:\/\/www.facebook.com\/techartoulu","article_modified_time":"2022-03-25T13:50:25+00:00","og_image":[{"width":1536,"height":1152,"url":"https:\/\/techart.fi\/wp-content\/uploads\/2022\/03\/PHOTO-2021-11-18-18-27-14.jpeg","type":"image\/jpeg"}],"twitter_card":"summary_large_image","twitter_misc":{"Estimated reading time":"2 minutes"},"schema":{"@context":"https:\/\/schema.org","@graph":[{"@type":"WebPage","@id":"https:\/\/techart.fi\/ekosysteemi\/","url":"https:\/\/techart.fi\/ekosysteemi\/","name":"Ekosysteemity\u00f6 -","isPartOf":{"@id":"https:\/\/techart.fi\/#website"},"primaryImageOfPage":{"@id":"https:\/\/techart.fi\/ekosysteemi\/#primaryimage"},"image":{"@id":"https:\/\/techart.fi\/ekosysteemi\/#primaryimage"},"thumbnailUrl":"https:\/\/i0.wp.com\/techart.fi\/wp-content\/uploads\/2022\/03\/PHOTO-2021-11-18-18-27-14.jpeg?fit=1536%2C1152&ssl=1","datePublished":"2021-11-08T13:47:12+00:00","dateModified":"2022-03-25T13:50:25+00:00","description":"TechArt- ekoysteemin tarkoitusechArt City on kansainv\u00e4linen verkosto, jossa kaupungit ja alueet, teknologiayritykset, TKI -organisaatiot, luovat ja kulttuurialat sek\u00e4 taiteen ammattilaiset kohtaavat ja jakavat tietoa.","breadcrumb":{"@id":"https:\/\/techart.fi\/ekosysteemi\/#breadcrumb"},"inLanguage":"en-GB","potentialAction":[{"@type":"ReadAction","target":["https:\/\/techart.fi\/ekosysteemi\/"]}]},{"@type":"ImageObject","inLanguage":"en-GB","@id":"https:\/\/techart.fi\/ekosysteemi\/#primaryimage","url":"https:\/\/i0.wp.com\/techart.fi\/wp-content\/uploads\/2022\/03\/PHOTO-2021-11-18-18-27-14.jpeg?fit=1536%2C1152&ssl=1","contentUrl":"https:\/\/i0.wp.com\/techart.fi\/wp-content\/uploads\/2022\/03\/PHOTO-2021-11-18-18-27-14.jpeg?fit=1536%2C1152&ssl=1","width":1536,"height":1152},{"@type":"BreadcrumbList","@id":"https:\/\/techart.fi\/ekosysteemi\/#breadcrumb","itemListElement":[{"@type":"ListItem","position":1,"name":"Home","item":"https:\/\/techart.fi\/"},{"@type":"ListItem","position":2,"name":"Ekosysteemity\u00f6"}]},{"@type":"WebSite","@id":"https:\/\/techart.fi\/#website","url":"https:\/\/techart.fi\/","name":"TechArt","description":"","publisher":{"@id":"https:\/\/techart.fi\/#organization"},"potentialAction":[{"@type":"SearchAction","target":{"@type":"EntryPoint","urlTemplate":"https:\/\/techart.fi\/?s={search_term_string}"},"query-input":{"@type":"PropertyValueSpecification","valueRequired":true,"valueName":"search_term_string"}}],"inLanguage":"en-GB"},{"@type":"Organization","@id":"https:\/\/techart.fi\/#organization","name":"TechArt","url":"https:\/\/techart.fi\/","logo":{"@type":"ImageObject","inLanguage":"en-GB","@id":"https:\/\/techart.fi\/#\/schema\/logo\/image\/","url":"https:\/\/i0.wp.com\/techart.fi\/wp-content\/uploads\/2021\/11\/cropped-techart_webclip.png?fit=256%2C161&ssl=1","contentUrl":"https:\/\/i0.wp.com\/techart.fi\/wp-content\/uploads\/2021\/11\/cropped-techart_webclip.png?fit=256%2C161&ssl=1","width":256,"height":161,"caption":"TechArt"},"image":{"@id":"https:\/\/techart.fi\/#\/schema\/logo\/image\/"},"sameAs":["https:\/\/www.facebook.com\/techartoulu","https:\/\/www.instagram.com\/techartoulu\/","https:\/\/www.youtube.com\/channel\/UCzcjRf7yPFh7Etzp_zCAwMQ"]}]}},"jetpack-related-posts":[{"id":247,"url":"https:\/\/techart.fi\/en\/info\/","url_meta":{"origin":18,"position":0},"title":"Info","author":"admin","date":"11\/23\/2021","format":false,"excerpt":"TechArt\u00a0-hankkeen tarkoituksena on selvitt\u00e4\u00e4, rakentaa ja\u00a0pilotoida\u00a0teknologiaa ja kulttuuria yhdist\u00e4v\u00e4\u00e4 ekosysteemi\u00e4. Teknologia ei yksin pysty ratkaisemaan tarpeita, joissa ihmiset tarvitsevat sosiaalista vuorovaikutusta ja vuorovaikutteisuutta.\u00a0TechArt\u00a0-hanke rakentaa ekosysteemi\u00e4, jossa teknologiayritykset, taide-, luovien ja kulttuurialojen toimijat, kunnat ja eri sidosryhm\u00e4t\u00a0tki-kent\u00e4lt\u00e4 tuovat taide- ja kulttuuri- ja teknologia-alan toimijoita ja sis\u00e4lt\u00f6j\u00e4 yhteen alueellisesti, kansallisesti ja kansainv\u00e4lisesti.\u2026","rel":"","context":"Similar post","block_context":{"text":"Similar post","link":""},"img":{"alt_text":"","src":"https:\/\/i0.wp.com\/techart.fi\/wp-content\/uploads\/2022\/03\/2021_11-Lumo-valofestivaali_089_VERKKOON.jpg?fit=1200%2C800&ssl=1&resize=350%2C200","width":350,"height":200,"srcset":"https:\/\/i0.wp.com\/techart.fi\/wp-content\/uploads\/2022\/03\/2021_11-Lumo-valofestivaali_089_VERKKOON.jpg?fit=1200%2C800&ssl=1&resize=350%2C200 1x, https:\/\/i0.wp.com\/techart.fi\/wp-content\/uploads\/2022\/03\/2021_11-Lumo-valofestivaali_089_VERKKOON.jpg?fit=1200%2C800&ssl=1&resize=525%2C300 1.5x, https:\/\/i0.wp.com\/techart.fi\/wp-content\/uploads\/2022\/03\/2021_11-Lumo-valofestivaali_089_VERKKOON.jpg?fit=1200%2C800&ssl=1&resize=700%2C400 2x, https:\/\/i0.wp.com\/techart.fi\/wp-content\/uploads\/2022\/03\/2021_11-Lumo-valofestivaali_089_VERKKOON.jpg?fit=1200%2C800&ssl=1&resize=1050%2C600 3x"},"classes":[]},{"id":13,"url":"https:\/\/techart.fi\/en\/mika-on-techart\/","url_meta":{"origin":18,"position":1},"title":"Welcome to the TechArt project website!","author":"admin","date":"11\/08\/2021","format":false,"excerpt":"TechArt\u00a0-hankkeen tarkoituksena on selvitt\u00e4\u00e4, rakentaa ja\u00a0pilotoida\u00a0teknologiaa ja kulttuuria yhdist\u00e4v\u00e4\u00e4 ekosysteemi\u00e4. N\u00e4ilt\u00e4 sivuilta l\u00f6yd\u00e4t tietoa hankkeen aikana toteutetuista piloteista, tapahtumista sek\u00e4 ekosysteemity\u00f6st\u00e4. Hankeen aikana tuotetut digitaaliset kokeilut ja virtuaalimallit l\u00f6ytyv\u00e4t sivustolta. Pistepilvimallit ovat ladattavissa ilmaiseksi kaikille halukkaille. Info osion alta l\u00f6ytyy hankkeen aikana toteutettuja esittelyvideoita mm. LUMO valofestivaali 2021 aikana olleista\u2026","rel":"","context":"Similar post","block_context":{"text":"Similar post","link":""},"img":{"alt_text":"TechArt","src":"https:\/\/i0.wp.com\/techart.fi\/wp-content\/uploads\/2021\/11\/IMG-1661-scaled.jpg?resize=350%2C200&ssl=1","width":350,"height":200,"srcset":"https:\/\/i0.wp.com\/techart.fi\/wp-content\/uploads\/2021\/11\/IMG-1661-scaled.jpg?resize=350%2C200&ssl=1 1x, https:\/\/i0.wp.com\/techart.fi\/wp-content\/uploads\/2021\/11\/IMG-1661-scaled.jpg?resize=525%2C300&ssl=1 1.5x, https:\/\/i0.wp.com\/techart.fi\/wp-content\/uploads\/2021\/11\/IMG-1661-scaled.jpg?resize=700%2C400&ssl=1 2x, https:\/\/i0.wp.com\/techart.fi\/wp-content\/uploads\/2021\/11\/IMG-1661-scaled.jpg?resize=1050%2C600&ssl=1 3x, https:\/\/i0.wp.com\/techart.fi\/wp-content\/uploads\/2021\/11\/IMG-1661-scaled.jpg?resize=1400%2C800&ssl=1 4x"},"classes":[]},{"id":19,"url":"https:\/\/techart.fi\/en\/pilotointi\/","url_meta":{"origin":18,"position":2},"title":"Piloting","author":"admin","date":"11\/08\/2021","format":false,"excerpt":"Pilotointi on koottu TechArt\u00a0Arena\u00a0kokonaisuuden alle, joka on tuote- ja palvelukehityksen ytimess\u00e4. Siin\u00e4 keskityt\u00e4\u00e4n uusien innovaatioiden pilotointiin ja testaukseen asiakkailla. Huomio on teknologiaa ja kulttuuria yhdist\u00e4viss\u00e4 vuorovaikutteisissa kokeiluissa. Toteutettava innovaatio on my\u00f6s kiinte\u00e4 osa kaupunkikehityst\u00e4. Palvelumuotoilulla on keskeinen rooli teknologiainnovaatioiden k\u00e4ytt\u00e4j\u00e4l\u00e4ht\u00f6isess\u00e4 kehitt\u00e4misess\u00e4. TechArt\u00a0Arenaan\u00a0haetaan avoimella haulla kulttuuritoimijoita ja taiteilijoita, joiden teht\u00e4v\u00e4n\u00e4 on\u2026","rel":"","context":"Similar post","block_context":{"text":"Similar post","link":""},"img":{"alt_text":"TechArt ja Connected Studio","src":"https:\/\/i0.wp.com\/techart.fi\/wp-content\/uploads\/2021\/11\/taikabox-2.png?resize=350%2C200&ssl=1","width":350,"height":200},"classes":[]},{"id":710,"url":"https:\/\/techart.fi\/en\/joulukalenteriluukku\/17-december12-2021\/","url_meta":{"origin":18,"position":3},"title":"December 17th","author":"Harri Filppa","date":"12\/17\/2021","format":false,"excerpt":"Graafinen suunnittelija ja visuaalinen taiteilija Sami Nyyss\u00f6l\u00e4 TechArt esittelee DigiCult- hankkeen. DigiCult-hankkeessa kehitet\u00e4\u00e4n paikkatietoa hy\u00f6dynt\u00e4v\u00e4\u00e4 alustaa ja digitaalista palvelukokonaisuuta, joka tuo kulttuurikokemukset ja luontokohteet entist\u00e4 tutuimmiksi kuntalaisille ja kunnassa vieraileville. Oulussa DigiCult kytkeytyy tiiviisti Oulu2026 -kokonaisuuteen ja siin\u00e4 tehd\u00e4\u00e4n tiivist\u00e4 yhteisty\u00f6t\u00e4 my\u00f6s kaupungin muiden organisaatioiden, mm. yleisten kulttuuripalveluiden sek\u00e4 eri\u2026","rel":"","context":"Similar post","block_context":{"text":"Similar post","link":""},"img":{"alt_text":"","src":"https:\/\/i0.wp.com\/techart.fi\/wp-content\/uploads\/2021\/12\/2020_11-Lumo-valofestivaali-2020_006_VERKKOON-2.jpeg?resize=350%2C200&ssl=1","width":350,"height":200,"srcset":"https:\/\/i0.wp.com\/techart.fi\/wp-content\/uploads\/2021\/12\/2020_11-Lumo-valofestivaali-2020_006_VERKKOON-2.jpeg?resize=350%2C200&ssl=1 1x, https:\/\/i0.wp.com\/techart.fi\/wp-content\/uploads\/2021\/12\/2020_11-Lumo-valofestivaali-2020_006_VERKKOON-2.jpeg?resize=525%2C300&ssl=1 1.5x, https:\/\/i0.wp.com\/techart.fi\/wp-content\/uploads\/2021\/12\/2020_11-Lumo-valofestivaali-2020_006_VERKKOON-2.jpeg?resize=700%2C400&ssl=1 2x, https:\/\/i0.wp.com\/techart.fi\/wp-content\/uploads\/2021\/12\/2020_11-Lumo-valofestivaali-2020_006_VERKKOON-2.jpeg?resize=1050%2C600&ssl=1 3x"},"classes":[]},{"id":17,"url":"https:\/\/techart.fi\/en\/joulukalenteri\/","url_meta":{"origin":18,"position":4},"title":"The Advent Calendar","author":"admin","date":"11\/08\/2021","format":false,"excerpt":"TechArt joulukalenteri nostaa p\u00e4ivitt\u00e4in esille sarjakuvataiteilijoita, eri alojen osaajia ja ammattilaisia. 1.12.2021 alkaen luukkujen takaa paljastuu my\u00f6s eri taiteen, teknologian, tutkimuksen ammattilaisia, yrityksi\u00e4 ja k\u00e4ynniss\u00e4 olevia hankkeita joissa oululainen osaaminen tuodaan esille. TechArt - joulukalenteri on toteutettu yhteisty\u00f6ss\u00e4 Oulun Sarjakuvakeskuksen kanssa.","rel":"","context":"Similar post","block_context":{"text":"Similar post","link":""},"img":{"alt_text":"","src":"","width":0,"height":0},"classes":[]},{"id":174,"url":"https:\/\/techart.fi\/en\/virtuaalimallit\/","url_meta":{"origin":18,"position":5},"title":"Virtual models","author":"admin","date":"11\/22\/2021","format":false,"excerpt":"TechArt- hankkeen aikana on toteutettu virtuaalimalli Tietomaan tornista. Torni juhlii 100-vuotista taivaltaan vuoden 2021 aikana. Tietomaan tornissa on asiakashissi, jolla p\u00e4\u00e4see vain n\u00e4k\u00f6alatasanteelle, mutta tornin sis\u00e4ll\u00e4 kiert\u00e4v\u00e4t portaat ja sis\u00e4lle toteutetut taide- ja tieden\u00e4yttelyt ovat olleet mm. liikuntarajoitteisille esteellisi\u00e4 tiloja. TechArt- hanke on halunnut tuoda esteelliset tilat esteett\u00f6miksi digitalisaatiota hy\u00f6dynt\u00e4en.\u2026","rel":"","context":"Similar post","block_context":{"text":"Similar post","link":""},"img":{"alt_text":"","src":"","width":0,"height":0},"classes":[]}],"jetpack_sharing_enabled":true,"_links":{"self":[{"href":"https:\/\/techart.fi\/en\/wp-json\/wp\/v2\/pages\/18","targetHints":{"allow":["GET"]}}],"collection":[{"href":"https:\/\/techart.fi\/en\/wp-json\/wp\/v2\/pages"}],"about":[{"href":"https:\/\/techart.fi\/en\/wp-json\/wp\/v2\/types\/page"}],"author":[{"embeddable":true,"href":"https:\/\/techart.fi\/en\/wp-json\/wp\/v2\/users\/1"}],"replies":[{"embeddable":true,"href":"https:\/\/techart.fi\/en\/wp-json\/wp\/v2\/comments?post=18"}],"version-history":[{"count":14,"href":"https:\/\/techart.fi\/en\/wp-json\/wp\/v2\/pages\/18\/revisions"}],"predecessor-version":[{"id":1226,"href":"https:\/\/techart.fi\/en\/wp-json\/wp\/v2\/pages\/18\/revisions\/1226"}],"wp:featuredmedia":[{"embeddable":true,"href":"https:\/\/techart.fi\/en\/wp-json\/wp\/v2\/media\/1137"}],"wp:attachment":[{"href":"https:\/\/techart.fi\/en\/wp-json\/wp\/v2\/media?parent=18"}],"curies":[{"name":"wp","href":"https:\/\/api.w.org\/{rel}","templated":true}]}}