{"id":174,"date":"2021-11-22T20:56:10","date_gmt":"2021-11-22T18:56:10","guid":{"rendered":"https:\/\/techart.fi\/?page_id=174"},"modified":"2021-11-22T22:16:11","modified_gmt":"2021-11-22T20:16:11","slug":"virtuaalimallit","status":"publish","type":"page","link":"https:\/\/techart.fi\/en\/virtuaalimallit\/","title":{"rendered":"Virtual models"},"content":{"rendered":"<p>TechArt- hankkeen aikana on toteutettu virtuaalimalli Tietomaan tornista. Torni juhlii 100-vuotista taivaltaan vuoden 2021 aikana. Tietomaan tornissa on asiakashissi, jolla p\u00e4\u00e4see vain n\u00e4k\u00f6alatasanteelle, mutta tornin sis\u00e4ll\u00e4 kiert\u00e4v\u00e4t portaat ja sis\u00e4lle toteutetut taide- ja tieden\u00e4yttelyt ovat olleet mm. liikuntarajoitteisille esteellisi\u00e4 tiloja. TechArt- hanke on halunnut tuoda esteelliset tilat esteett\u00f6miksi digitalisaatiota hy\u00f6dynt\u00e4en. T\u00e4ss\u00e4 on ollut kaksi l\u00e4ht\u00f6kohtaa. Toteuttaa tarkka pistepilvimalli, johon voidaan jatkossa toteuttaa niin Oulun kaupungin toimesta omia n\u00e4yttelyit\u00e4 ja tapahtumia, sek\u00e4 sis\u00e4lt\u00f6j\u00e4, kuin tarjota n\u00e4m\u00e4 digitaaliset pistepilvimallit avoimesti ladattavaksi kenelle tahansa, joka n\u00e4it\u00e4 haluaa tutkia, kehitt\u00e4\u00e4, tai jopa toteuttaa kaupallisia tuotteita. Toinen l\u00e4hestymistapa on ollut tehd\u00e4 LUMO &#8211; valofestivaalin yhteydess\u00e4 julkaistulle Kaivo teokselle. Teoksen ovat toteuttaneet Oulun yliopiston valaistussuunnittelun koulutuksen opiskelijat ja opettajat. Koska teos on mahdoton kokea likuntarajoitteisille, on TechArt- hankkeessa toteutettu t\u00e4st\u00e4 virtuaalinen n\u00e4yttely Matterport- toteutuksena. Toteutus kilpailutettiin, ja toteutettiin A-Insin\u00f6\u00f6rit Oy:n toimesta. <\/p>\n\n\n\n<p>Matterport- virtuaalin\u00e4yttelyyn p\u00e4\u00e4set tutustumaan alla olevasta linkist\u00e4. <\/p>\n\n\n\n\n<!-- iframe plugin v.6.0 wordpress.org\/plugins\/iframe\/ -->\n<iframe width=\"853\" height=\"680\" src=\"https:\/\/my.matterport.com\/show\/?m=AXnjVHrqXw1\" frameborder=\"0\" 0=\"allowfullscreen\" allow=\"vr\" scrolling=\"yes\" class=\"iframe-class\"><\/iframe>","protected":false},"excerpt":{"rendered":"<p>TechArt- hankkeen aikana on toteutettu virtuaalimalli Tietomaan tornista. Torni juhlii 100-vuotista taivaltaan vuoden 2021 aikana. Tietomaan tornissa on asiakashissi, jolla p\u00e4\u00e4see vain n\u00e4k\u00f6alatasanteelle, mutta tornin sis\u00e4ll\u00e4 kiert\u00e4v\u00e4t portaat ja sis\u00e4lle [&hellip;]<\/p>\n","protected":false},"author":1,"featured_media":0,"parent":0,"menu_order":0,"comment_status":"closed","ping_status":"closed","template":"","meta":{"qubely_global_settings":"","qubely_interactions":"","bwfblock_default_font":"","_monsterinsights_skip_tracking":false,"_monsterinsights_sitenote_active":false,"_monsterinsights_sitenote_note":"","_monsterinsights_sitenote_category":0,"order-bump-settings":[],"_wpfnl_thankyou_order_overview":"on","_wpfnl_thankyou_order_details":"on","_wpfnl_thankyou_billing_details":"on","_wpfnl_thankyou_shipping_details":"on","jetpack_post_was_ever_published":false,"footnotes":""},"class_list":["post-174","page","type-page","status-publish","czr-hentry"],"acf":[],"yoast_head":"<!-- This site is optimized with the Yoast SEO plugin v27.4 - https:\/\/yoast.com\/product\/yoast-seo-wordpress\/ -->\n<title>Virtuaalimallit -<\/title>\n<meta name=\"description\" content=\"TechArt- ekoysteemin tarkoitusechArt City on kansainv\u00e4linen verkosto, jossa kaupungit ja alueet, teknologiayritykset, TKI -organisaatiot, luovat ja kulttuurialat sek\u00e4 taiteen ammattilaiset kohtaavat ja jakavat tietoa.\" \/>\n<meta name=\"robots\" content=\"index, follow, max-snippet:-1, max-image-preview:large, max-video-preview:-1\" \/>\n<link rel=\"canonical\" href=\"https:\/\/techart.fi\/en\/virtuaalimallit\/\" \/>\n<meta property=\"og:locale\" content=\"en_GB\" \/>\n<meta property=\"og:type\" content=\"article\" \/>\n<meta property=\"og:title\" content=\"Virtuaalimallit -\" \/>\n<meta property=\"og:description\" content=\"TechArt- ekoysteemin tarkoitusechArt City on kansainv\u00e4linen verkosto, jossa kaupungit ja alueet, teknologiayritykset, TKI -organisaatiot, luovat ja kulttuurialat sek\u00e4 taiteen ammattilaiset kohtaavat ja jakavat tietoa.\" \/>\n<meta property=\"og:url\" content=\"https:\/\/techart.fi\/en\/virtuaalimallit\/\" \/>\n<meta property=\"article:publisher\" content=\"https:\/\/www.facebook.com\/techartoulu\" \/>\n<meta property=\"article:modified_time\" content=\"2021-11-22T20:16:11+00:00\" \/>\n<meta property=\"og:image\" content=\"https:\/\/i0.wp.com\/techart.fi\/wp-content\/uploads\/2021\/11\/IMG-1661-scaled.jpg?fit=2560%2C1920&ssl=1\" \/>\n\t<meta property=\"og:image:width\" content=\"2560\" \/>\n\t<meta property=\"og:image:height\" content=\"1920\" \/>\n\t<meta property=\"og:image:type\" content=\"image\/jpeg\" \/>\n<meta name=\"twitter:card\" content=\"summary_large_image\" \/>\n<meta name=\"twitter:label1\" content=\"Estimated reading time\" \/>\n\t<meta name=\"twitter:data1\" content=\"1 minute\" \/>\n<script type=\"application\/ld+json\" class=\"yoast-schema-graph\">{\"@context\":\"https:\\\/\\\/schema.org\",\"@graph\":[{\"@type\":\"WebPage\",\"@id\":\"https:\\\/\\\/techart.fi\\\/virtuaalimallit\\\/\",\"url\":\"https:\\\/\\\/techart.fi\\\/virtuaalimallit\\\/\",\"name\":\"Virtuaalimallit -\",\"isPartOf\":{\"@id\":\"https:\\\/\\\/techart.fi\\\/#website\"},\"datePublished\":\"2021-11-22T18:56:10+00:00\",\"dateModified\":\"2021-11-22T20:16:11+00:00\",\"description\":\"TechArt- ekoysteemin tarkoitusechArt City on kansainv\u00e4linen verkosto, jossa kaupungit ja alueet, teknologiayritykset, TKI -organisaatiot, luovat ja kulttuurialat sek\u00e4 taiteen ammattilaiset kohtaavat ja jakavat tietoa.\",\"breadcrumb\":{\"@id\":\"https:\\\/\\\/techart.fi\\\/virtuaalimallit\\\/#breadcrumb\"},\"inLanguage\":\"en-GB\",\"potentialAction\":[{\"@type\":\"ReadAction\",\"target\":[\"https:\\\/\\\/techart.fi\\\/virtuaalimallit\\\/\"]}]},{\"@type\":\"BreadcrumbList\",\"@id\":\"https:\\\/\\\/techart.fi\\\/virtuaalimallit\\\/#breadcrumb\",\"itemListElement\":[{\"@type\":\"ListItem\",\"position\":1,\"name\":\"Home\",\"item\":\"https:\\\/\\\/techart.fi\\\/\"},{\"@type\":\"ListItem\",\"position\":2,\"name\":\"Virtuaalimallit\"}]},{\"@type\":\"WebSite\",\"@id\":\"https:\\\/\\\/techart.fi\\\/#website\",\"url\":\"https:\\\/\\\/techart.fi\\\/\",\"name\":\"TechArt\",\"description\":\"\",\"publisher\":{\"@id\":\"https:\\\/\\\/techart.fi\\\/#organization\"},\"potentialAction\":[{\"@type\":\"SearchAction\",\"target\":{\"@type\":\"EntryPoint\",\"urlTemplate\":\"https:\\\/\\\/techart.fi\\\/?s={search_term_string}\"},\"query-input\":{\"@type\":\"PropertyValueSpecification\",\"valueRequired\":true,\"valueName\":\"search_term_string\"}}],\"inLanguage\":\"en-GB\"},{\"@type\":\"Organization\",\"@id\":\"https:\\\/\\\/techart.fi\\\/#organization\",\"name\":\"TechArt\",\"url\":\"https:\\\/\\\/techart.fi\\\/\",\"logo\":{\"@type\":\"ImageObject\",\"inLanguage\":\"en-GB\",\"@id\":\"https:\\\/\\\/techart.fi\\\/#\\\/schema\\\/logo\\\/image\\\/\",\"url\":\"https:\\\/\\\/i0.wp.com\\\/techart.fi\\\/wp-content\\\/uploads\\\/2021\\\/11\\\/cropped-techart_webclip.png?fit=256%2C161&ssl=1\",\"contentUrl\":\"https:\\\/\\\/i0.wp.com\\\/techart.fi\\\/wp-content\\\/uploads\\\/2021\\\/11\\\/cropped-techart_webclip.png?fit=256%2C161&ssl=1\",\"width\":256,\"height\":161,\"caption\":\"TechArt\"},\"image\":{\"@id\":\"https:\\\/\\\/techart.fi\\\/#\\\/schema\\\/logo\\\/image\\\/\"},\"sameAs\":[\"https:\\\/\\\/www.facebook.com\\\/techartoulu\",\"https:\\\/\\\/www.instagram.com\\\/techartoulu\\\/\",\"https:\\\/\\\/www.youtube.com\\\/channel\\\/UCzcjRf7yPFh7Etzp_zCAwMQ\"]}]}<\/script>\n<!-- \/ Yoast SEO plugin. -->","yoast_head_json":{"title":"Virtuaalimallit -","description":"TechArt- ekoysteemin tarkoitusechArt City on kansainv\u00e4linen verkosto, jossa kaupungit ja alueet, teknologiayritykset, TKI -organisaatiot, luovat ja kulttuurialat sek\u00e4 taiteen ammattilaiset kohtaavat ja jakavat tietoa.","robots":{"index":"index","follow":"follow","max-snippet":"max-snippet:-1","max-image-preview":"max-image-preview:large","max-video-preview":"max-video-preview:-1"},"canonical":"https:\/\/techart.fi\/en\/virtuaalimallit\/","og_locale":"en_GB","og_type":"article","og_title":"Virtuaalimallit -","og_description":"TechArt- ekoysteemin tarkoitusechArt City on kansainv\u00e4linen verkosto, jossa kaupungit ja alueet, teknologiayritykset, TKI -organisaatiot, luovat ja kulttuurialat sek\u00e4 taiteen ammattilaiset kohtaavat ja jakavat tietoa.","og_url":"https:\/\/techart.fi\/en\/virtuaalimallit\/","article_publisher":"https:\/\/www.facebook.com\/techartoulu","article_modified_time":"2021-11-22T20:16:11+00:00","og_image":[{"width":2560,"height":1920,"url":"https:\/\/i0.wp.com\/techart.fi\/wp-content\/uploads\/2021\/11\/IMG-1661-scaled.jpg?fit=2560%2C1920&ssl=1","type":"image\/jpeg"}],"twitter_card":"summary_large_image","twitter_misc":{"Estimated reading time":"1 minute"},"schema":{"@context":"https:\/\/schema.org","@graph":[{"@type":"WebPage","@id":"https:\/\/techart.fi\/virtuaalimallit\/","url":"https:\/\/techart.fi\/virtuaalimallit\/","name":"Virtuaalimallit -","isPartOf":{"@id":"https:\/\/techart.fi\/#website"},"datePublished":"2021-11-22T18:56:10+00:00","dateModified":"2021-11-22T20:16:11+00:00","description":"TechArt- ekoysteemin tarkoitusechArt City on kansainv\u00e4linen verkosto, jossa kaupungit ja alueet, teknologiayritykset, TKI -organisaatiot, luovat ja kulttuurialat sek\u00e4 taiteen ammattilaiset kohtaavat ja jakavat tietoa.","breadcrumb":{"@id":"https:\/\/techart.fi\/virtuaalimallit\/#breadcrumb"},"inLanguage":"en-GB","potentialAction":[{"@type":"ReadAction","target":["https:\/\/techart.fi\/virtuaalimallit\/"]}]},{"@type":"BreadcrumbList","@id":"https:\/\/techart.fi\/virtuaalimallit\/#breadcrumb","itemListElement":[{"@type":"ListItem","position":1,"name":"Home","item":"https:\/\/techart.fi\/"},{"@type":"ListItem","position":2,"name":"Virtuaalimallit"}]},{"@type":"WebSite","@id":"https:\/\/techart.fi\/#website","url":"https:\/\/techart.fi\/","name":"TechArt","description":"","publisher":{"@id":"https:\/\/techart.fi\/#organization"},"potentialAction":[{"@type":"SearchAction","target":{"@type":"EntryPoint","urlTemplate":"https:\/\/techart.fi\/?s={search_term_string}"},"query-input":{"@type":"PropertyValueSpecification","valueRequired":true,"valueName":"search_term_string"}}],"inLanguage":"en-GB"},{"@type":"Organization","@id":"https:\/\/techart.fi\/#organization","name":"TechArt","url":"https:\/\/techart.fi\/","logo":{"@type":"ImageObject","inLanguage":"en-GB","@id":"https:\/\/techart.fi\/#\/schema\/logo\/image\/","url":"https:\/\/i0.wp.com\/techart.fi\/wp-content\/uploads\/2021\/11\/cropped-techart_webclip.png?fit=256%2C161&ssl=1","contentUrl":"https:\/\/i0.wp.com\/techart.fi\/wp-content\/uploads\/2021\/11\/cropped-techart_webclip.png?fit=256%2C161&ssl=1","width":256,"height":161,"caption":"TechArt"},"image":{"@id":"https:\/\/techart.fi\/#\/schema\/logo\/image\/"},"sameAs":["https:\/\/www.facebook.com\/techartoulu","https:\/\/www.instagram.com\/techartoulu\/","https:\/\/www.youtube.com\/channel\/UCzcjRf7yPFh7Etzp_zCAwMQ"]}]}},"jetpack-related-posts":[{"id":625,"url":"https:\/\/techart.fi\/en\/joulukalenteriluukku\/1-december-2021\/","url_meta":{"origin":174,"position":0},"title":"December 1st","author":"Harri Filppa","date":"12\/01\/2021","format":false,"excerpt":"Sarjakuvataiteilija: Pentti Otsamo Tiedekeskus Tietomaa ja Tietomaan tornin virtuaalin\u00e4yttely TechArt- hanke esittelee ylpe\u00e4n\u00e4 joulukalenterin ensimm\u00e4isess\u00e4 luukussa Oulun kaupungin oman TechArt- lippulaivan Tiedekeskus Tietomaan, joka on tarjonnut huikeita el\u00e4myksi\u00e4 kaikenik\u00e4isille jo vuodesta 1988. Vuosikausia se on ollut yksi tunnetuimmista Suomen n\u00e4ht\u00e4vyyksist\u00e4 Oulussa. Monet ik\u00e4luokat ovat vierailleet siell\u00e4 joko kouluryhmien tai perheidens\u00e4\u2026","rel":"","context":"Similar post","block_context":{"text":"Similar post","link":""},"img":{"alt_text":"","src":"https:\/\/i0.wp.com\/techart.fi\/wp-content\/uploads\/2021\/11\/nj-197-scaled.jpg?resize=350%2C200&ssl=1","width":350,"height":200,"srcset":"https:\/\/i0.wp.com\/techart.fi\/wp-content\/uploads\/2021\/11\/nj-197-scaled.jpg?resize=350%2C200&ssl=1 1x, https:\/\/i0.wp.com\/techart.fi\/wp-content\/uploads\/2021\/11\/nj-197-scaled.jpg?resize=525%2C300&ssl=1 1.5x, https:\/\/i0.wp.com\/techart.fi\/wp-content\/uploads\/2021\/11\/nj-197-scaled.jpg?resize=700%2C400&ssl=1 2x, https:\/\/i0.wp.com\/techart.fi\/wp-content\/uploads\/2021\/11\/nj-197-scaled.jpg?resize=1050%2C600&ssl=1 3x, https:\/\/i0.wp.com\/techart.fi\/wp-content\/uploads\/2021\/11\/nj-197-scaled.jpg?resize=1400%2C800&ssl=1 4x"},"classes":[]},{"id":13,"url":"https:\/\/techart.fi\/en\/mika-on-techart\/","url_meta":{"origin":174,"position":1},"title":"Welcome to the TechArt project website!","author":"admin","date":"11\/08\/2021","format":false,"excerpt":"TechArt\u00a0-hankkeen tarkoituksena on selvitt\u00e4\u00e4, rakentaa ja\u00a0pilotoida\u00a0teknologiaa ja kulttuuria yhdist\u00e4v\u00e4\u00e4 ekosysteemi\u00e4. N\u00e4ilt\u00e4 sivuilta l\u00f6yd\u00e4t tietoa hankkeen aikana toteutetuista piloteista, tapahtumista sek\u00e4 ekosysteemity\u00f6st\u00e4. Hankeen aikana tuotetut digitaaliset kokeilut ja virtuaalimallit l\u00f6ytyv\u00e4t sivustolta. Pistepilvimallit ovat ladattavissa ilmaiseksi kaikille halukkaille. Info osion alta l\u00f6ytyy hankkeen aikana toteutettuja esittelyvideoita mm. LUMO valofestivaali 2021 aikana olleista\u2026","rel":"","context":"Similar post","block_context":{"text":"Similar post","link":""},"img":{"alt_text":"TechArt","src":"https:\/\/i0.wp.com\/techart.fi\/wp-content\/uploads\/2021\/11\/IMG-1661-scaled.jpg?resize=350%2C200&ssl=1","width":350,"height":200,"srcset":"https:\/\/i0.wp.com\/techart.fi\/wp-content\/uploads\/2021\/11\/IMG-1661-scaled.jpg?resize=350%2C200&ssl=1 1x, https:\/\/i0.wp.com\/techart.fi\/wp-content\/uploads\/2021\/11\/IMG-1661-scaled.jpg?resize=525%2C300&ssl=1 1.5x, https:\/\/i0.wp.com\/techart.fi\/wp-content\/uploads\/2021\/11\/IMG-1661-scaled.jpg?resize=700%2C400&ssl=1 2x, https:\/\/i0.wp.com\/techart.fi\/wp-content\/uploads\/2021\/11\/IMG-1661-scaled.jpg?resize=1050%2C600&ssl=1 3x, https:\/\/i0.wp.com\/techart.fi\/wp-content\/uploads\/2021\/11\/IMG-1661-scaled.jpg?resize=1400%2C800&ssl=1 4x"},"classes":[]},{"id":171,"url":"https:\/\/techart.fi\/en\/downloads\/","url_meta":{"origin":174,"position":2},"title":"Point cloud models","author":"admin","date":"11\/10\/2021","format":false,"excerpt":"TechArt -hanke haluaa tilastoida mihin k\u00e4ytt\u00f6tarkoituksiin pistepilvimallit on ladattu. Pistepilvimallien k\u00e4yt\u00f6st\u00e4 ei perit\u00e4 maksua, ja n\u00e4it\u00e4 malleja voi vapaasti muokata ja my\u00f6s kaupallinen k\u00e4ytt\u00f6 on sallittu. TechArt- hanke tarjoaa t\u00e4m\u00e4n kaikille avoimena datana. Ker\u00e4ttyj\u00e4 yhteystietoja ei k\u00e4ytet\u00e4 mihink\u00e4\u00e4n muuhun tarkoitukseen. MIk\u00e4li haluatte liitty\u00e4 TechArt- postituslistalle on lomakkeen lopussa t\u00e4h\u00e4n mahdollisuus\u2026","rel":"","context":"Similar post","block_context":{"text":"Similar post","link":""},"img":{"alt_text":"","src":"","width":0,"height":0},"classes":[]},{"id":662,"url":"https:\/\/techart.fi\/en\/joulukalenteriluukku\/8-december-2021\/","url_meta":{"origin":174,"position":3},"title":"December 8th","author":"Harri Filppa","date":"12\/08\/2021","format":false,"excerpt":"Sarjakuvantekij\u00e4, kuvittaja ja graafinen suunnittelija Ilpo Koskela. TechArt esittelee ylpe\u00e4n\u00e4 Oulu Urban Culture ry:n, joka on tuore Oulun kaupungin kulttuuripalveluiden sopimuskumppani vuosille 2022-2024.\u00a0Oulu Urban Culture on oululaista\u00a0kaupunkikulttuuria edist\u00e4v\u00e4\u00a0kulttuuriyhdistys, joka tuottaa paikallisten nuorten kanssa\u00a0innovatiivista kaupunkikulttuuria omalle alueelleen. TechArt oli syyskaudella 2021 mukana Supernatural klubin yhteydess\u00e4 toteutetussa Matchmaking tilaisuudessa Oulun taidemuseolla, joka\u2026","rel":"","context":"Similar post","block_context":{"text":"Similar post","link":""},"img":{"alt_text":"","src":"https:\/\/i0.wp.com\/techart.fi\/wp-content\/uploads\/2021\/12\/FrozenPeople_muut_kanavat.jpeg?resize=350%2C200&ssl=1","width":350,"height":200,"srcset":"https:\/\/i0.wp.com\/techart.fi\/wp-content\/uploads\/2021\/12\/FrozenPeople_muut_kanavat.jpeg?resize=350%2C200&ssl=1 1x, https:\/\/i0.wp.com\/techart.fi\/wp-content\/uploads\/2021\/12\/FrozenPeople_muut_kanavat.jpeg?resize=525%2C300&ssl=1 1.5x, https:\/\/i0.wp.com\/techart.fi\/wp-content\/uploads\/2021\/12\/FrozenPeople_muut_kanavat.jpeg?resize=700%2C400&ssl=1 2x"},"classes":[]},{"id":304,"url":"https:\/\/techart.fi\/en\/nopeat-innovaatio-kokeilut\/","url_meta":{"origin":174,"position":4},"title":"Rapid innovation pilots","author":"admin","date":"11\/23\/2021","format":false,"excerpt":"TechArt- hankkeessa on toteutettu avoimella haulla ns. nopeat innovaatio kokeilut. Ohessa l\u00f6ytyv\u00e4t n\u00e4iden 6 eri kokeilut sis\u00e4ll\u00f6t ja tulokset tiivistettyn\u00e4, Loppuraportit kustakin kokeilusta on koottu kohtaan Loppuraportit OMVF XR - musiikkivideo Oulun Musiikkivideofestivaalit ry. toteutti XR-musiikkivideon ohmudogin musiikkikappaleeseen KEIJUSTAMINA. Video on XR-musiikkivideo, jossa katsoja sukeltaa ihmisen syd\u00e4men sis\u00e4lle Art in\u2026","rel":"","context":"Similar post","block_context":{"text":"Similar post","link":""},"img":{"alt_text":"","src":"https:\/\/i0.wp.com\/techart.fi\/wp-content\/uploads\/2021\/11\/maakinen-1.png?resize=350%2C200&ssl=1","width":350,"height":200,"srcset":"https:\/\/i0.wp.com\/techart.fi\/wp-content\/uploads\/2021\/11\/maakinen-1.png?resize=350%2C200&ssl=1 1x, https:\/\/i0.wp.com\/techart.fi\/wp-content\/uploads\/2021\/11\/maakinen-1.png?resize=525%2C300&ssl=1 1.5x, https:\/\/i0.wp.com\/techart.fi\/wp-content\/uploads\/2021\/11\/maakinen-1.png?resize=700%2C400&ssl=1 2x"},"classes":[]},{"id":639,"url":"https:\/\/techart.fi\/en\/joulukalenteriluukku\/3-december-2021\/","url_meta":{"origin":174,"position":5},"title":"December 3rd","author":"Harri Filppa","date":"12\/03\/2021","format":false,"excerpt":"Sarjakuvantekij\u00e4 ja taiteilijael\u00e4kel\u00e4inen Jope Pitk\u00e4nen. TechArt esittelee TaikaBox ry:n kalenteriluukussa nro. 3.\u00a0 Taikabox toteutti TechArt hankkeen Connected Studio pilotin vuoden 2021 aikana yhdess\u00e4 oululaisen Near Real Oy:n kanssa. Taikabox yhdist\u00e4\u00e4 teoksissaan tanssia ja teknologiaa. Taikabox ry:n luoma Connected Studio sek\u00e4 Near Real Oy:n online l\u00e4\u00e4k\u00e4ripalveluja varten kehitt\u00e4m\u00e4 digitaalinen alusta tarjosivat\u2026","rel":"","context":"Similar post","block_context":{"text":"Similar post","link":""},"img":{"alt_text":"","src":"https:\/\/i0.wp.com\/img.youtube.com\/vi\/kuIizmIglrY\/0.jpg?resize=350%2C200","width":350,"height":200},"classes":[]}],"jetpack_sharing_enabled":true,"_links":{"self":[{"href":"https:\/\/techart.fi\/en\/wp-json\/wp\/v2\/pages\/174","targetHints":{"allow":["GET"]}}],"collection":[{"href":"https:\/\/techart.fi\/en\/wp-json\/wp\/v2\/pages"}],"about":[{"href":"https:\/\/techart.fi\/en\/wp-json\/wp\/v2\/types\/page"}],"author":[{"embeddable":true,"href":"https:\/\/techart.fi\/en\/wp-json\/wp\/v2\/users\/1"}],"replies":[{"embeddable":true,"href":"https:\/\/techart.fi\/en\/wp-json\/wp\/v2\/comments?post=174"}],"version-history":[{"count":29,"href":"https:\/\/techart.fi\/en\/wp-json\/wp\/v2\/pages\/174\/revisions"}],"predecessor-version":[{"id":226,"href":"https:\/\/techart.fi\/en\/wp-json\/wp\/v2\/pages\/174\/revisions\/226"}],"wp:attachment":[{"href":"https:\/\/techart.fi\/en\/wp-json\/wp\/v2\/media?parent=174"}],"curies":[{"name":"wp","href":"https:\/\/api.w.org\/{rel}","templated":true}]}}