{"id":1605,"date":"2024-03-18T16:44:38","date_gmt":"2024-03-18T14:44:38","guid":{"rendered":"https:\/\/techart.fi\/ostoskori\/"},"modified":"2024-03-18T16:44:38","modified_gmt":"2024-03-18T14:44:38","slug":"ostoskori","status":"publish","type":"page","link":"https:\/\/techart.fi\/en\/ostoskori\/","title":{"rendered":"Ostoskori"},"content":{"rendered":"<div data-block-name=\"woocommerce\/cart\" class=\"wp-block-woocommerce-cart alignwide is-loading\">\n<div data-block-name=\"woocommerce\/filled-cart-block\" class=\"wp-block-woocommerce-filled-cart-block\">\n<div data-block-name=\"woocommerce\/cart-items-block\" class=\"wp-block-woocommerce-cart-items-block\">\n<div data-block-name=\"woocommerce\/cart-line-items-block\" class=\"wp-block-woocommerce-cart-line-items-block\"><\/div>\n\n\n\n<div data-block-name=\"woocommerce\/cart-cross-sells-block\" class=\"wp-block-woocommerce-cart-cross-sells-block\">\n<h2 class=\"wp-block-heading has-large-font-size\">Saatat olla kiinnostunut my\u00f6s&#8230;<\/h2>\n\n\n\n<div data-block-name=\"woocommerce\/cart-cross-sells-products-block\" class=\"wp-block-woocommerce-cart-cross-sells-products-block\"><\/div>\n<\/div>\n<\/div>\n\n\n\n<div data-block-name=\"woocommerce\/cart-totals-block\" class=\"wp-block-woocommerce-cart-totals-block\">\n<div data-block-name=\"woocommerce\/cart-order-summary-block\" class=\"wp-block-woocommerce-cart-order-summary-block\">\n<div data-block-name=\"woocommerce\/cart-order-summary-heading-block\" class=\"wp-block-woocommerce-cart-order-summary-heading-block\"><\/div><div data-block-name=\"woocommerce\/cart-order-summary-coupon-form-block\" class=\"wp-block-woocommerce-cart-order-summary-coupon-form-block\"><\/div><div data-block-name=\"woocommerce\/cart-order-summary-totals-block\" class=\"wp-block-woocommerce-cart-order-summary-totals-block\">\n<div data-block-name=\"woocommerce\/cart-order-summary-subtotal-block\" class=\"wp-block-woocommerce-cart-order-summary-subtotal-block\"><\/div>\n<div data-block-name=\"woocommerce\/cart-order-summary-discount-block\" class=\"wp-block-woocommerce-cart-order-summary-discount-block\"><\/div>\n<div data-block-name=\"woocommerce\/cart-order-summary-fee-block\" class=\"wp-block-woocommerce-cart-order-summary-fee-block\"><\/div>\n<div data-block-name=\"woocommerce\/cart-order-summary-shipping-block\" class=\"wp-block-woocommerce-cart-order-summary-shipping-block\"><\/div>\n<div data-block-name=\"woocommerce\/cart-order-summary-taxes-block\" class=\"wp-block-woocommerce-cart-order-summary-taxes-block\"><\/div><\/div>\n<\/div>\n\n\n\n<div data-block-name=\"woocommerce\/cart-express-payment-block\" class=\"wp-block-woocommerce-cart-express-payment-block\"><\/div>\n\n\n\n<div data-block-name=\"woocommerce\/proceed-to-checkout-block\" class=\"wp-block-woocommerce-proceed-to-checkout-block\"><\/div>\n\n\n\n<div data-block-name=\"woocommerce\/cart-accepted-payment-methods-block\" class=\"wp-block-woocommerce-cart-accepted-payment-methods-block\"><\/div>\n<\/div>\n<\/div>\n\n\n\n<div data-block-name=\"woocommerce\/empty-cart-block\" class=\"wp-block-woocommerce-empty-cart-block\">\n<h2 class=\"wp-block-heading has-text-align-center with-empty-cart-icon wc-block-cart__empty-cart__title\">Ostoskorisi on tyhj\u00e4!<\/h2>\n\n\n\n<hr class=\"wp-block-separator has-alpha-channel-opacity is-style-dots\"\/>\n\n\n\n<h2 class=\"wp-block-heading has-text-align-center\">Uutta kaupassa<\/h2>\n\n\n<div data-block-name=\"woocommerce\/product-new\" data-columns=\"4\" data-rows=\"1\" class=\"wc-block-grid wp-block-product-new wp-block-woocommerce-product-new wc-block-product-new has-4-columns\"><ul class=\"wc-block-grid__products\"><li class=\"wc-block-grid__product\">\n\t\t\t\t<a href=\"https:\/\/techart.fi\/en\/product\/10-discount\/\" class=\"wc-block-grid__product-link\">\n\t\t\t\t\t\n\t\t\t\t\t<div class=\"wc-block-grid__product-image\"><img fetchpriority=\"high\" decoding=\"async\" width=\"300\" height=\"300\" src=\"https:\/\/i0.wp.com\/techart.fi\/wp-content\/uploads\/woocommerce-placeholder.png?resize=300%2C300&amp;ssl=1\" class=\"woocommerce-placeholder wp-post-image\" alt=\"\" srcset=\"https:\/\/i0.wp.com\/techart.fi\/wp-content\/uploads\/woocommerce-placeholder.png?w=1200&amp;ssl=1 1200w, https:\/\/i0.wp.com\/techart.fi\/wp-content\/uploads\/woocommerce-placeholder.png?resize=300%2C300&amp;ssl=1 300w, https:\/\/i0.wp.com\/techart.fi\/wp-content\/uploads\/woocommerce-placeholder.png?resize=1024%2C1024&amp;ssl=1 1024w, https:\/\/i0.wp.com\/techart.fi\/wp-content\/uploads\/woocommerce-placeholder.png?resize=150%2C150&amp;ssl=1 150w, https:\/\/i0.wp.com\/techart.fi\/wp-content\/uploads\/woocommerce-placeholder.png?resize=768%2C768&amp;ssl=1 768w, https:\/\/i0.wp.com\/techart.fi\/wp-content\/uploads\/woocommerce-placeholder.png?resize=12%2C12&amp;ssl=1 12w, https:\/\/i0.wp.com\/techart.fi\/wp-content\/uploads\/woocommerce-placeholder.png?resize=92%2C92&amp;ssl=1 92w, https:\/\/i0.wp.com\/techart.fi\/wp-content\/uploads\/woocommerce-placeholder.png?resize=440%2C440&amp;ssl=1 440w, https:\/\/i0.wp.com\/techart.fi\/wp-content\/uploads\/woocommerce-placeholder.png?resize=570%2C570&amp;ssl=1 570w, https:\/\/i0.wp.com\/techart.fi\/wp-content\/uploads\/woocommerce-placeholder.png?resize=510%2C510&amp;ssl=1 510w\" sizes=\"(max-width: 300px) 100vw, 300px\" \/><\/div>\n\t\t\t\t\t<div class=\"wc-block-grid__product-title\">10% Discount<\/div>\n\t\t\t\t<\/a>\n\t\t\t\t<div class=\"wc-block-grid__product-price price\"><\/div>\n\t\t\t\t\n\t\t\t\t<div class=\"wp-block-button wc-block-grid__product-add-to-cart\"><a href=\"https:\/\/techart.fi\/en\/product\/10-discount\/\" aria-label=\"Read more about \u201c10% Discount\u201d\" data-quantity=\"1\" data-product_id=\"1631\" data-product_sku=\"\" data-price=\"0\" rel=\"nofollow\" class=\"wp-block-button__link  add_to_cart_button\" data-no-translation=\"\" data-trp-gettext=\"\" data-no-translation-aria-label=\"\">Read more<\/a><\/div>\n\t\t\t<\/li><\/ul><\/div><\/div>\n<\/div>","protected":false},"excerpt":{"rendered":"","protected":false},"author":1,"featured_media":0,"parent":0,"menu_order":0,"comment_status":"closed","ping_status":"closed","template":"","meta":{"qubely_global_settings":"","qubely_interactions":"","bwfblock_default_font":"","_monsterinsights_skip_tracking":false,"_monsterinsights_sitenote_active":false,"_monsterinsights_sitenote_note":"","_monsterinsights_sitenote_category":0,"order-bump-settings":[],"_wpfnl_thankyou_order_overview":"on","_wpfnl_thankyou_order_details":"on","_wpfnl_thankyou_billing_details":"on","_wpfnl_thankyou_shipping_details":"on","jetpack_post_was_ever_published":false,"footnotes":""},"class_list":["post-1605","page","type-page","status-publish","czr-hentry"],"acf":[],"yoast_head":"<!-- This site is optimized with the Yoast SEO plugin v27.5 - https:\/\/yoast.com\/product\/yoast-seo-wordpress\/ -->\n<title>Ostoskori -<\/title>\n<meta name=\"robots\" content=\"index, follow, max-snippet:-1, max-image-preview:large, max-video-preview:-1\" \/>\n<link rel=\"canonical\" href=\"https:\/\/techart.fi\/en\/ostoskori\/\" \/>\n<meta property=\"og:locale\" content=\"en_GB\" \/>\n<meta property=\"og:type\" content=\"article\" \/>\n<meta property=\"og:title\" content=\"Ostoskori -\" \/>\n<meta property=\"og:url\" content=\"https:\/\/techart.fi\/en\/ostoskori\/\" \/>\n<meta property=\"article:publisher\" content=\"https:\/\/www.facebook.com\/techartoulu\" \/>\n<meta property=\"og:image\" content=\"https:\/\/i0.wp.com\/techart.fi\/wp-content\/uploads\/2021\/11\/IMG-1661-scaled.jpg?fit=2560%2C1920&ssl=1\" \/>\n\t<meta property=\"og:image:width\" content=\"2560\" \/>\n\t<meta property=\"og:image:height\" content=\"1920\" \/>\n\t<meta property=\"og:image:type\" content=\"image\/jpeg\" \/>\n<meta name=\"twitter:card\" content=\"summary_large_image\" \/>\n<script type=\"application\/ld+json\" class=\"yoast-schema-graph\">{\"@context\":\"https:\\\/\\\/schema.org\",\"@graph\":[{\"@type\":\"WebPage\",\"@id\":\"https:\\\/\\\/techart.fi\\\/ostoskori\\\/\",\"url\":\"https:\\\/\\\/techart.fi\\\/ostoskori\\\/\",\"name\":\"Ostoskori -\",\"isPartOf\":{\"@id\":\"https:\\\/\\\/techart.fi\\\/#website\"},\"datePublished\":\"2024-03-18T14:44:38+00:00\",\"breadcrumb\":{\"@id\":\"https:\\\/\\\/techart.fi\\\/ostoskori\\\/#breadcrumb\"},\"inLanguage\":\"en-GB\",\"potentialAction\":[{\"@type\":\"ReadAction\",\"target\":[\"https:\\\/\\\/techart.fi\\\/ostoskori\\\/\"]}]},{\"@type\":\"BreadcrumbList\",\"@id\":\"https:\\\/\\\/techart.fi\\\/ostoskori\\\/#breadcrumb\",\"itemListElement\":[{\"@type\":\"ListItem\",\"position\":1,\"name\":\"Home\",\"item\":\"https:\\\/\\\/techart.fi\\\/\"},{\"@type\":\"ListItem\",\"position\":2,\"name\":\"Ostoskori\"}]},{\"@type\":\"WebSite\",\"@id\":\"https:\\\/\\\/techart.fi\\\/#website\",\"url\":\"https:\\\/\\\/techart.fi\\\/\",\"name\":\"TechArt\",\"description\":\"\",\"publisher\":{\"@id\":\"https:\\\/\\\/techart.fi\\\/#organization\"},\"potentialAction\":[{\"@type\":\"SearchAction\",\"target\":{\"@type\":\"EntryPoint\",\"urlTemplate\":\"https:\\\/\\\/techart.fi\\\/?s={search_term_string}\"},\"query-input\":{\"@type\":\"PropertyValueSpecification\",\"valueRequired\":true,\"valueName\":\"search_term_string\"}}],\"inLanguage\":\"en-GB\"},{\"@type\":\"Organization\",\"@id\":\"https:\\\/\\\/techart.fi\\\/#organization\",\"name\":\"TechArt\",\"url\":\"https:\\\/\\\/techart.fi\\\/\",\"logo\":{\"@type\":\"ImageObject\",\"inLanguage\":\"en-GB\",\"@id\":\"https:\\\/\\\/techart.fi\\\/#\\\/schema\\\/logo\\\/image\\\/\",\"url\":\"https:\\\/\\\/i0.wp.com\\\/techart.fi\\\/wp-content\\\/uploads\\\/2021\\\/11\\\/cropped-techart_webclip.png?fit=256%2C161&ssl=1\",\"contentUrl\":\"https:\\\/\\\/i0.wp.com\\\/techart.fi\\\/wp-content\\\/uploads\\\/2021\\\/11\\\/cropped-techart_webclip.png?fit=256%2C161&ssl=1\",\"width\":256,\"height\":161,\"caption\":\"TechArt\"},\"image\":{\"@id\":\"https:\\\/\\\/techart.fi\\\/#\\\/schema\\\/logo\\\/image\\\/\"},\"sameAs\":[\"https:\\\/\\\/www.facebook.com\\\/techartoulu\",\"https:\\\/\\\/www.instagram.com\\\/techartoulu\\\/\",\"https:\\\/\\\/www.youtube.com\\\/channel\\\/UCzcjRf7yPFh7Etzp_zCAwMQ\"]}]}<\/script>\n<!-- \/ Yoast SEO plugin. -->","yoast_head_json":{"title":"Ostoskori -","robots":{"index":"index","follow":"follow","max-snippet":"max-snippet:-1","max-image-preview":"max-image-preview:large","max-video-preview":"max-video-preview:-1"},"canonical":"https:\/\/techart.fi\/en\/ostoskori\/","og_locale":"en_GB","og_type":"article","og_title":"Ostoskori -","og_url":"https:\/\/techart.fi\/en\/ostoskori\/","article_publisher":"https:\/\/www.facebook.com\/techartoulu","og_image":[{"width":2560,"height":1920,"url":"https:\/\/i0.wp.com\/techart.fi\/wp-content\/uploads\/2021\/11\/IMG-1661-scaled.jpg?fit=2560%2C1920&ssl=1","type":"image\/jpeg"}],"twitter_card":"summary_large_image","schema":{"@context":"https:\/\/schema.org","@graph":[{"@type":"WebPage","@id":"https:\/\/techart.fi\/ostoskori\/","url":"https:\/\/techart.fi\/ostoskori\/","name":"Ostoskori -","isPartOf":{"@id":"https:\/\/techart.fi\/#website"},"datePublished":"2024-03-18T14:44:38+00:00","breadcrumb":{"@id":"https:\/\/techart.fi\/ostoskori\/#breadcrumb"},"inLanguage":"en-GB","potentialAction":[{"@type":"ReadAction","target":["https:\/\/techart.fi\/ostoskori\/"]}]},{"@type":"BreadcrumbList","@id":"https:\/\/techart.fi\/ostoskori\/#breadcrumb","itemListElement":[{"@type":"ListItem","position":1,"name":"Home","item":"https:\/\/techart.fi\/"},{"@type":"ListItem","position":2,"name":"Ostoskori"}]},{"@type":"WebSite","@id":"https:\/\/techart.fi\/#website","url":"https:\/\/techart.fi\/","name":"TechArt","description":"","publisher":{"@id":"https:\/\/techart.fi\/#organization"},"potentialAction":[{"@type":"SearchAction","target":{"@type":"EntryPoint","urlTemplate":"https:\/\/techart.fi\/?s={search_term_string}"},"query-input":{"@type":"PropertyValueSpecification","valueRequired":true,"valueName":"search_term_string"}}],"inLanguage":"en-GB"},{"@type":"Organization","@id":"https:\/\/techart.fi\/#organization","name":"TechArt","url":"https:\/\/techart.fi\/","logo":{"@type":"ImageObject","inLanguage":"en-GB","@id":"https:\/\/techart.fi\/#\/schema\/logo\/image\/","url":"https:\/\/i0.wp.com\/techart.fi\/wp-content\/uploads\/2021\/11\/cropped-techart_webclip.png?fit=256%2C161&ssl=1","contentUrl":"https:\/\/i0.wp.com\/techart.fi\/wp-content\/uploads\/2021\/11\/cropped-techart_webclip.png?fit=256%2C161&ssl=1","width":256,"height":161,"caption":"TechArt"},"image":{"@id":"https:\/\/techart.fi\/#\/schema\/logo\/image\/"},"sameAs":["https:\/\/www.facebook.com\/techartoulu","https:\/\/www.instagram.com\/techartoulu\/","https:\/\/www.youtube.com\/channel\/UCzcjRf7yPFh7Etzp_zCAwMQ"]}]}},"jetpack-related-posts":[{"id":671,"url":"https:\/\/techart.fi\/en\/joulukalenteriluukku\/10-december-2021\/","url_meta":{"origin":1605,"position":0},"title":"December 10th","author":"Harri Filppa","date":"12\/10\/2021","format":false,"excerpt":"Sarjakuva- ja kuvataitelija ja kuvittaja Juliana Hyrri TechArt -hanke esittelee BusinessOulun uusia palvelutuotteita, joista ei ainakaan luovuutta puutu. BusinessAsemalla on p\u00e4\u00e4tetty v\u00e4istell\u00e4 haitallisia viruksia loppuvuoden ajan ja muuttaa osa tapahtumista toteutettavaksi virtuaalisesti siihen saakka, kunnes p\u00e4\u00e4st\u00e4\u00e4n j\u00e4lleen olemaan asteen verran livempi\u00e4. Kaikkihan tied\u00e4mme, ett\u00e4 virtuaalitodellisuus mahdollistaa mahdottomaltakin kuulostavat asiat -vaikkapa\u2026","rel":"","context":"Similar post","block_context":{"text":"Similar post","link":""},"img":{"alt_text":"","src":"https:\/\/i0.wp.com\/techart.fi\/wp-content\/uploads\/2021\/12\/hyrri-voittaja.jpeg?resize=350%2C200&ssl=1","width":350,"height":200,"srcset":"https:\/\/i0.wp.com\/techart.fi\/wp-content\/uploads\/2021\/12\/hyrri-voittaja.jpeg?resize=350%2C200&ssl=1 1x, https:\/\/i0.wp.com\/techart.fi\/wp-content\/uploads\/2021\/12\/hyrri-voittaja.jpeg?resize=525%2C300&ssl=1 1.5x, https:\/\/i0.wp.com\/techart.fi\/wp-content\/uploads\/2021\/12\/hyrri-voittaja.jpeg?resize=700%2C400&ssl=1 2x, https:\/\/i0.wp.com\/techart.fi\/wp-content\/uploads\/2021\/12\/hyrri-voittaja.jpeg?resize=1050%2C600&ssl=1 3x, https:\/\/i0.wp.com\/techart.fi\/wp-content\/uploads\/2021\/12\/hyrri-voittaja.jpeg?resize=1400%2C800&ssl=1 4x"},"classes":[]},{"id":706,"url":"https:\/\/techart.fi\/en\/joulukalenteriluukku\/15-december-2021\/","url_meta":{"origin":1605,"position":1},"title":"December 15th","author":"Harri Filppa","date":"12\/15\/2021","format":false,"excerpt":"Kuvittaja, sarjakuvataiteilija ja sarjakuvan opettaja Veli-Matti Ural TechArt hanke esittelee ylpe\u00e4n\u00e4 oululaista huippututkimusta. Miehitt\u00e4m\u00e4tt\u00f6m\u00e4n ilmailun liiketoiminta on l\u00e4hd\u00f6ss\u00e4 toden teolla lentoon \u2013 oululainen huippuosaaminen on keski\u00f6ss\u00e4 alan k\u00e4rki-innovaatioissa.\u00a0 Drolo projektissa (www.drolo.fi) usein my\u00f6s droneiksi kutsutut s\u00e4hk\u00f6k\u00e4ytt\u00f6iset ja paikallisesti p\u00e4\u00e4st\u00f6tt\u00f6m\u00e4t lent\u00e4v\u00e4t laitteet ovat tulossa sek\u00e4 yritysten ett\u00e4 tutkijoiden suurennuslasin alle. Drolo-projektissa\u2026","rel":"","context":"Similar post","block_context":{"text":"Similar post","link":""},"img":{"alt_text":"","src":"https:\/\/i0.wp.com\/techart.fi\/wp-content\/uploads\/2021\/12\/drolo_banner.jpg?resize=350%2C200","width":350,"height":200,"srcset":"https:\/\/i0.wp.com\/techart.fi\/wp-content\/uploads\/2021\/12\/drolo_banner.jpg?resize=350%2C200 1x, https:\/\/i0.wp.com\/techart.fi\/wp-content\/uploads\/2021\/12\/drolo_banner.jpg?resize=525%2C300 1.5x, https:\/\/i0.wp.com\/techart.fi\/wp-content\/uploads\/2021\/12\/drolo_banner.jpg?resize=700%2C400 2x, https:\/\/i0.wp.com\/techart.fi\/wp-content\/uploads\/2021\/12\/drolo_banner.jpg?resize=1050%2C600 3x, https:\/\/i0.wp.com\/techart.fi\/wp-content\/uploads\/2021\/12\/drolo_banner.jpg?resize=1400%2C800 4x"},"classes":[]},{"id":668,"url":"https:\/\/techart.fi\/en\/joulukalenteriluukku\/9-december-2021\/","url_meta":{"origin":1605,"position":2},"title":"December 9th","author":"Harri Filppa","date":"12\/09\/2021","format":false,"excerpt":"Sarjakuva- ja kuvataiteilija Lauri Ahtinen TechArt -hanke esittelee Probot Oy:n. Probot on vuonna 2006 perustettu robotiikan ja automaation erityisosaaja Oulusta. Yritys ty\u00f6llist\u00e4\u00e4 nyt 16 ty\u00f6ntekij\u00e4\u00e4 ja pandemiasta huolimatta yritys tulee kasvattamaan m\u00e4\u00e4r\u00e4tietoisesti osaavaa henkil\u00f6kuntaa my\u00f6s tulevina vuosina. Yritys on toimintavuosiensa aikana toimittanut robotiikkaa l\u00e4hestulkoon kaikenlaiselle teollisuudelle. Probot Oy on vahvasti\u2026","rel":"","context":"Similar post","block_context":{"text":"Similar post","link":""},"img":{"alt_text":"","src":"https:\/\/i0.wp.com\/techart.fi\/wp-content\/uploads\/2021\/11\/lauriahtinen.jpg?resize=350%2C200&ssl=1","width":350,"height":200,"srcset":"https:\/\/i0.wp.com\/techart.fi\/wp-content\/uploads\/2021\/11\/lauriahtinen.jpg?resize=350%2C200&ssl=1 1x, https:\/\/i0.wp.com\/techart.fi\/wp-content\/uploads\/2021\/11\/lauriahtinen.jpg?resize=525%2C300&ssl=1 1.5x, https:\/\/i0.wp.com\/techart.fi\/wp-content\/uploads\/2021\/11\/lauriahtinen.jpg?resize=700%2C400&ssl=1 2x, https:\/\/i0.wp.com\/techart.fi\/wp-content\/uploads\/2021\/11\/lauriahtinen.jpg?resize=1050%2C600&ssl=1 3x"},"classes":[]},{"id":17,"url":"https:\/\/techart.fi\/en\/joulukalenteri\/","url_meta":{"origin":1605,"position":3},"title":"The Advent Calendar","author":"admin","date":"11\/08\/2021","format":false,"excerpt":"TechArt joulukalenteri nostaa p\u00e4ivitt\u00e4in esille sarjakuvataiteilijoita, eri alojen osaajia ja ammattilaisia. 1.12.2021 alkaen luukkujen takaa paljastuu my\u00f6s eri taiteen, teknologian, tutkimuksen ammattilaisia, yrityksi\u00e4 ja k\u00e4ynniss\u00e4 olevia hankkeita joissa oululainen osaaminen tuodaan esille. TechArt - joulukalenteri on toteutettu yhteisty\u00f6ss\u00e4 Oulun Sarjakuvakeskuksen kanssa.","rel":"","context":"Similar post","block_context":{"text":"Similar post","link":""},"img":{"alt_text":"","src":"","width":0,"height":0},"classes":[]},{"id":708,"url":"https:\/\/techart.fi\/en\/joulukalenteriluukku\/16-december-2021\/","url_meta":{"origin":1605,"position":4},"title":"December 16th","author":"Harri Filppa","date":"12\/16\/2021","format":false,"excerpt":"Sarjakuvataiteilija ja runoilija Riika Ruottinen TechArt esittelee vuorostaan oululaisen taiteen ammattilaisen, jolla on pitk\u00e4 kokemus eri teknologioiden soveltamisesta ja hy\u00f6dynt\u00e4mist\u00e4 taiteessa. Antti Tenetz on taiteilija, joka tutkii video-, installaatio-, interaktiivisen ja biologisen taiteen avulla, miten ihmiset, ei-ihmiset ja koneet visioivat, unelmoivat, havaitsevat ja liittyv\u00e4t muutoksiin, joissa teknosf\u00e4\u00e4ri ja biosf\u00e4\u00e4ri yhdistyv\u00e4t.\u2026","rel":"","context":"Similar post","block_context":{"text":"Similar post","link":""},"img":{"alt_text":"","src":"https:\/\/i0.wp.com\/img.youtube.com\/vi\/yCdDAlMGhZw\/0.jpg?resize=350%2C200","width":350,"height":200},"classes":[]},{"id":1346,"url":"https:\/\/techart.fi\/en\/techart-in-the-heart-of-lumo\/","url_meta":{"origin":1605,"position":5},"title":"TechArt - in the Heart of LUMO 2022","author":"admin","date":"05\/30\/2022","format":false,"excerpt":"Kansainv\u00e4linen teos- ja ohjelmahaku TechArt hanke kutsuu taiteilijoita, suunnittelijoita ja eri teknologia-alan ammattilaisia sek\u00e4 opiskelijoita ja oppilaitoksia tarjoamaan ehdotuksensa vuoden 2022 tapahtumaan. Tapahtumakokonaisuus j\u00e4rjestet\u00e4\u00e4n osana Lumo-valofestivaalia, joka juhlistaa 10-vuotisjuhlavuottaan. Oikeutetusti TechArt- ohjelma- ja teoshaun vuoden teemana on Juhla. Etsimme TechArt- In the Heart of LUMO -tapahtumaan vaikuttavia installaatioita ja innovatiivisia\u2026","rel":"","context":"Similar post","block_context":{"text":"Similar post","link":""},"img":{"alt_text":"TechArt_heart_LUMO","src":"https:\/\/i0.wp.com\/techart.fi\/wp-content\/uploads\/2022\/05\/TechArt_heart_LUMO.png?fit=570%2C615&ssl=1&resize=350%2C200","width":350,"height":200,"srcset":"https:\/\/i0.wp.com\/techart.fi\/wp-content\/uploads\/2022\/05\/TechArt_heart_LUMO.png?fit=570%2C615&ssl=1&resize=350%2C200 1x, https:\/\/i0.wp.com\/techart.fi\/wp-content\/uploads\/2022\/05\/TechArt_heart_LUMO.png?fit=570%2C615&ssl=1&resize=525%2C300 1.5x"},"classes":[]}],"jetpack_sharing_enabled":true,"_links":{"self":[{"href":"https:\/\/techart.fi\/en\/wp-json\/wp\/v2\/pages\/1605","targetHints":{"allow":["GET"]}}],"collection":[{"href":"https:\/\/techart.fi\/en\/wp-json\/wp\/v2\/pages"}],"about":[{"href":"https:\/\/techart.fi\/en\/wp-json\/wp\/v2\/types\/page"}],"author":[{"embeddable":true,"href":"https:\/\/techart.fi\/en\/wp-json\/wp\/v2\/users\/1"}],"replies":[{"embeddable":true,"href":"https:\/\/techart.fi\/en\/wp-json\/wp\/v2\/comments?post=1605"}],"version-history":[{"count":0,"href":"https:\/\/techart.fi\/en\/wp-json\/wp\/v2\/pages\/1605\/revisions"}],"wp:attachment":[{"href":"https:\/\/techart.fi\/en\/wp-json\/wp\/v2\/media?parent=1605"}],"curies":[{"name":"wp","href":"https:\/\/api.w.org\/{rel}","templated":true}]}}