{"id":15,"date":"2021-11-08T13:47:12","date_gmt":"2021-11-08T13:47:12","guid":{"rendered":"https:\/\/techart.fi\/?page_id=15"},"modified":"2022-02-02T16:15:40","modified_gmt":"2022-02-02T14:15:40","slug":"ajankohtaista-2","status":"publish","type":"page","link":"https:\/\/techart.fi\/en\/ajankohtaista-2\/","title":{"rendered":"News"},"content":{"rendered":"<p>T\u00e4\u00e4lt\u00e4 l\u00f6yd\u00e4t TechArt- hankkeen ajankohtaiset tiedot, tulevat tapahtumat, ja aiemmin julkaistut tiedotteet. <\/p>","protected":false},"excerpt":{"rendered":"<p>T\u00e4\u00e4lt\u00e4 l\u00f6yd\u00e4t TechArt- hankkeen ajankohtaiset tiedot, tulevat tapahtumat, ja aiemmin julkaistut tiedotteet.<\/p>","protected":false},"author":1,"featured_media":0,"parent":0,"menu_order":0,"comment_status":"closed","ping_status":"closed","template":"","meta":{"qubely_global_settings":"","qubely_interactions":"","bwfblock_default_font":"","_monsterinsights_skip_tracking":false,"_monsterinsights_sitenote_active":false,"_monsterinsights_sitenote_note":"","_monsterinsights_sitenote_category":0,"order-bump-settings":[],"_wpfnl_thankyou_order_overview":"on","_wpfnl_thankyou_order_details":"on","_wpfnl_thankyou_billing_details":"on","_wpfnl_thankyou_shipping_details":"on","jetpack_post_was_ever_published":false,"footnotes":""},"class_list":["post-15","page","type-page","status-publish","czr-hentry"],"acf":[],"yoast_head":"<!-- This site is optimized with the Yoast SEO plugin v27.4 - https:\/\/yoast.com\/product\/yoast-seo-wordpress\/ -->\n<title>Ajankohtaista -<\/title>\n<meta name=\"description\" content=\"T\u00e4\u00e4lt\u00e4 l\u00f6yd\u00e4t TechArt- hankkeen ajankohtaiset tiedot, tulevat tapahtumat, ja aiemmin julkaistut tiedotteet.\" \/>\n<meta name=\"robots\" content=\"index, follow, max-snippet:-1, max-image-preview:large, max-video-preview:-1\" \/>\n<link rel=\"canonical\" href=\"https:\/\/techart.fi\/en\/ajankohtaista-2\/\" \/>\n<meta property=\"og:locale\" content=\"en_GB\" \/>\n<meta property=\"og:type\" content=\"article\" \/>\n<meta property=\"og:title\" content=\"Ajankohtaista -\" \/>\n<meta property=\"og:description\" content=\"T\u00e4\u00e4lt\u00e4 l\u00f6yd\u00e4t TechArt- hankkeen ajankohtaiset tiedot, tulevat tapahtumat, ja aiemmin julkaistut tiedotteet.\" \/>\n<meta property=\"og:url\" content=\"https:\/\/techart.fi\/en\/ajankohtaista-2\/\" \/>\n<meta property=\"article:publisher\" content=\"https:\/\/www.facebook.com\/techartoulu\" \/>\n<meta property=\"article:modified_time\" content=\"2022-02-02T14:15:40+00:00\" \/>\n<meta property=\"og:image\" content=\"https:\/\/i0.wp.com\/techart.fi\/wp-content\/uploads\/2021\/11\/IMG-1661-scaled.jpg?fit=2560%2C1920&ssl=1\" \/>\n\t<meta property=\"og:image:width\" content=\"2560\" \/>\n\t<meta property=\"og:image:height\" content=\"1920\" \/>\n\t<meta property=\"og:image:type\" content=\"image\/jpeg\" \/>\n<meta name=\"twitter:card\" content=\"summary_large_image\" \/>\n<meta name=\"twitter:label1\" content=\"Estimated reading time\" \/>\n\t<meta name=\"twitter:data1\" content=\"1 minute\" \/>\n<script type=\"application\/ld+json\" class=\"yoast-schema-graph\">{\"@context\":\"https:\\\/\\\/schema.org\",\"@graph\":[{\"@type\":[\"WebPage\",\"CollectionPage\"],\"@id\":\"https:\\\/\\\/techart.fi\\\/ajankohtaista-2\\\/\",\"url\":\"https:\\\/\\\/techart.fi\\\/ajankohtaista-2\\\/\",\"name\":\"Ajankohtaista -\",\"isPartOf\":{\"@id\":\"https:\\\/\\\/techart.fi\\\/#website\"},\"datePublished\":\"2021-11-08T13:47:12+00:00\",\"dateModified\":\"2022-02-02T14:15:40+00:00\",\"description\":\"T\u00e4\u00e4lt\u00e4 l\u00f6yd\u00e4t TechArt- hankkeen ajankohtaiset tiedot, tulevat tapahtumat, ja aiemmin julkaistut tiedotteet.\",\"breadcrumb\":{\"@id\":\"https:\\\/\\\/techart.fi\\\/ajankohtaista-2\\\/#breadcrumb\"},\"inLanguage\":\"en-GB\"},{\"@type\":\"BreadcrumbList\",\"@id\":\"https:\\\/\\\/techart.fi\\\/ajankohtaista-2\\\/#breadcrumb\",\"itemListElement\":[{\"@type\":\"ListItem\",\"position\":1,\"name\":\"Home\",\"item\":\"https:\\\/\\\/techart.fi\\\/\"},{\"@type\":\"ListItem\",\"position\":2,\"name\":\"Ajankohtaista\"}]},{\"@type\":\"WebSite\",\"@id\":\"https:\\\/\\\/techart.fi\\\/#website\",\"url\":\"https:\\\/\\\/techart.fi\\\/\",\"name\":\"TechArt\",\"description\":\"\",\"publisher\":{\"@id\":\"https:\\\/\\\/techart.fi\\\/#organization\"},\"potentialAction\":[{\"@type\":\"SearchAction\",\"target\":{\"@type\":\"EntryPoint\",\"urlTemplate\":\"https:\\\/\\\/techart.fi\\\/?s={search_term_string}\"},\"query-input\":{\"@type\":\"PropertyValueSpecification\",\"valueRequired\":true,\"valueName\":\"search_term_string\"}}],\"inLanguage\":\"en-GB\"},{\"@type\":\"Organization\",\"@id\":\"https:\\\/\\\/techart.fi\\\/#organization\",\"name\":\"TechArt\",\"url\":\"https:\\\/\\\/techart.fi\\\/\",\"logo\":{\"@type\":\"ImageObject\",\"inLanguage\":\"en-GB\",\"@id\":\"https:\\\/\\\/techart.fi\\\/#\\\/schema\\\/logo\\\/image\\\/\",\"url\":\"https:\\\/\\\/i0.wp.com\\\/techart.fi\\\/wp-content\\\/uploads\\\/2021\\\/11\\\/cropped-techart_webclip.png?fit=256%2C161&ssl=1\",\"contentUrl\":\"https:\\\/\\\/i0.wp.com\\\/techart.fi\\\/wp-content\\\/uploads\\\/2021\\\/11\\\/cropped-techart_webclip.png?fit=256%2C161&ssl=1\",\"width\":256,\"height\":161,\"caption\":\"TechArt\"},\"image\":{\"@id\":\"https:\\\/\\\/techart.fi\\\/#\\\/schema\\\/logo\\\/image\\\/\"},\"sameAs\":[\"https:\\\/\\\/www.facebook.com\\\/techartoulu\",\"https:\\\/\\\/www.instagram.com\\\/techartoulu\\\/\",\"https:\\\/\\\/www.youtube.com\\\/channel\\\/UCzcjRf7yPFh7Etzp_zCAwMQ\"]}]}<\/script>\n<!-- \/ Yoast SEO plugin. -->","yoast_head_json":{"title":"Ajankohtaista -","description":"T\u00e4\u00e4lt\u00e4 l\u00f6yd\u00e4t TechArt- hankkeen ajankohtaiset tiedot, tulevat tapahtumat, ja aiemmin julkaistut tiedotteet.","robots":{"index":"index","follow":"follow","max-snippet":"max-snippet:-1","max-image-preview":"max-image-preview:large","max-video-preview":"max-video-preview:-1"},"canonical":"https:\/\/techart.fi\/en\/ajankohtaista-2\/","og_locale":"en_GB","og_type":"article","og_title":"Ajankohtaista -","og_description":"T\u00e4\u00e4lt\u00e4 l\u00f6yd\u00e4t TechArt- hankkeen ajankohtaiset tiedot, tulevat tapahtumat, ja aiemmin julkaistut tiedotteet.","og_url":"https:\/\/techart.fi\/en\/ajankohtaista-2\/","article_publisher":"https:\/\/www.facebook.com\/techartoulu","article_modified_time":"2022-02-02T14:15:40+00:00","og_image":[{"width":2560,"height":1920,"url":"https:\/\/i0.wp.com\/techart.fi\/wp-content\/uploads\/2021\/11\/IMG-1661-scaled.jpg?fit=2560%2C1920&ssl=1","type":"image\/jpeg"}],"twitter_card":"summary_large_image","twitter_misc":{"Estimated reading time":"1 minute"},"schema":{"@context":"https:\/\/schema.org","@graph":[{"@type":["WebPage","CollectionPage"],"@id":"https:\/\/techart.fi\/ajankohtaista-2\/","url":"https:\/\/techart.fi\/ajankohtaista-2\/","name":"Ajankohtaista -","isPartOf":{"@id":"https:\/\/techart.fi\/#website"},"datePublished":"2021-11-08T13:47:12+00:00","dateModified":"2022-02-02T14:15:40+00:00","description":"T\u00e4\u00e4lt\u00e4 l\u00f6yd\u00e4t TechArt- hankkeen ajankohtaiset tiedot, tulevat tapahtumat, ja aiemmin julkaistut tiedotteet.","breadcrumb":{"@id":"https:\/\/techart.fi\/ajankohtaista-2\/#breadcrumb"},"inLanguage":"en-GB"},{"@type":"BreadcrumbList","@id":"https:\/\/techart.fi\/ajankohtaista-2\/#breadcrumb","itemListElement":[{"@type":"ListItem","position":1,"name":"Home","item":"https:\/\/techart.fi\/"},{"@type":"ListItem","position":2,"name":"Ajankohtaista"}]},{"@type":"WebSite","@id":"https:\/\/techart.fi\/#website","url":"https:\/\/techart.fi\/","name":"TechArt","description":"","publisher":{"@id":"https:\/\/techart.fi\/#organization"},"potentialAction":[{"@type":"SearchAction","target":{"@type":"EntryPoint","urlTemplate":"https:\/\/techart.fi\/?s={search_term_string}"},"query-input":{"@type":"PropertyValueSpecification","valueRequired":true,"valueName":"search_term_string"}}],"inLanguage":"en-GB"},{"@type":"Organization","@id":"https:\/\/techart.fi\/#organization","name":"TechArt","url":"https:\/\/techart.fi\/","logo":{"@type":"ImageObject","inLanguage":"en-GB","@id":"https:\/\/techart.fi\/#\/schema\/logo\/image\/","url":"https:\/\/i0.wp.com\/techart.fi\/wp-content\/uploads\/2021\/11\/cropped-techart_webclip.png?fit=256%2C161&ssl=1","contentUrl":"https:\/\/i0.wp.com\/techart.fi\/wp-content\/uploads\/2021\/11\/cropped-techart_webclip.png?fit=256%2C161&ssl=1","width":256,"height":161,"caption":"TechArt"},"image":{"@id":"https:\/\/techart.fi\/#\/schema\/logo\/image\/"},"sameAs":["https:\/\/www.facebook.com\/techartoulu","https:\/\/www.instagram.com\/techartoulu\/","https:\/\/www.youtube.com\/channel\/UCzcjRf7yPFh7Etzp_zCAwMQ"]}]}},"jetpack-related-posts":[{"id":662,"url":"https:\/\/techart.fi\/en\/joulukalenteriluukku\/8-december-2021\/","url_meta":{"origin":15,"position":0},"title":"December 8th","author":"Harri Filppa","date":"12\/08\/2021","format":false,"excerpt":"Sarjakuvantekij\u00e4, kuvittaja ja graafinen suunnittelija Ilpo Koskela. TechArt esittelee ylpe\u00e4n\u00e4 Oulu Urban Culture ry:n, joka on tuore Oulun kaupungin kulttuuripalveluiden sopimuskumppani vuosille 2022-2024.\u00a0Oulu Urban Culture on oululaista\u00a0kaupunkikulttuuria edist\u00e4v\u00e4\u00a0kulttuuriyhdistys, joka tuottaa paikallisten nuorten kanssa\u00a0innovatiivista kaupunkikulttuuria omalle alueelleen. TechArt oli syyskaudella 2021 mukana Supernatural klubin yhteydess\u00e4 toteutetussa Matchmaking tilaisuudessa Oulun taidemuseolla, joka\u2026","rel":"","context":"Similar post","block_context":{"text":"Similar post","link":""},"img":{"alt_text":"","src":"https:\/\/i0.wp.com\/techart.fi\/wp-content\/uploads\/2021\/12\/FrozenPeople_muut_kanavat.jpeg?resize=350%2C200&ssl=1","width":350,"height":200,"srcset":"https:\/\/i0.wp.com\/techart.fi\/wp-content\/uploads\/2021\/12\/FrozenPeople_muut_kanavat.jpeg?resize=350%2C200&ssl=1 1x, https:\/\/i0.wp.com\/techart.fi\/wp-content\/uploads\/2021\/12\/FrozenPeople_muut_kanavat.jpeg?resize=525%2C300&ssl=1 1.5x, https:\/\/i0.wp.com\/techart.fi\/wp-content\/uploads\/2021\/12\/FrozenPeople_muut_kanavat.jpeg?resize=700%2C400&ssl=1 2x"},"classes":[]},{"id":500,"url":"https:\/\/techart.fi\/en\/techart-mediaseuranta\/","url_meta":{"origin":15,"position":1},"title":"TechArt mediaseuranta","author":"admin","date":"11\/28\/2021","format":false,"excerpt":"Keijustamina XR musiikkivideo https:\/\/www.omvf.net\/en\/ohmudog-keijustamina\/","rel":"","context":"Similar post","block_context":{"text":"Similar post","link":""},"img":{"alt_text":"","src":"","width":0,"height":0},"classes":[]},{"id":18,"url":"https:\/\/techart.fi\/en\/ekosysteemi\/","url_meta":{"origin":15,"position":2},"title":"Ekosysteemity\u00f6","author":"admin","date":"11\/08\/2021","format":false,"excerpt":"TechArt- hankkeen ty\u00f6paketti TechArt City pyrkii rakentamaan kansallisen ja kansainv\u00e4lisen verkoston, jossa kaupungit ja alueet, teknologiayritykset, TKI -organisaatiot, luovat ja kulttuurialat sek\u00e4 taiteen ammattilaiset kohtaavat ja jakavat tietoa. Keskeisen\u00e4 teemana on ekosysteemiajattelu; Miten kaupungit voivat kehitt\u00e4\u00e4 alustan, joka synnytt\u00e4\u00e4 teknologiaa ja kulttuuria yhdist\u00e4v\u00e4\u00e4 toimeliaisuutta Hankkeessa ekosysteemin tavoitteita toteutetaan seuraavilla toimenpiteill\u00e4:\u2026","rel":"","context":"Similar post","block_context":{"text":"Similar post","link":""},"img":{"alt_text":"","src":"https:\/\/i0.wp.com\/techart.fi\/wp-content\/uploads\/2022\/03\/PHOTO-2021-11-18-18-27-14.jpeg?fit=1200%2C900&ssl=1&resize=350%2C200","width":350,"height":200,"srcset":"https:\/\/i0.wp.com\/techart.fi\/wp-content\/uploads\/2022\/03\/PHOTO-2021-11-18-18-27-14.jpeg?fit=1200%2C900&ssl=1&resize=350%2C200 1x, https:\/\/i0.wp.com\/techart.fi\/wp-content\/uploads\/2022\/03\/PHOTO-2021-11-18-18-27-14.jpeg?fit=1200%2C900&ssl=1&resize=525%2C300 1.5x, https:\/\/i0.wp.com\/techart.fi\/wp-content\/uploads\/2022\/03\/PHOTO-2021-11-18-18-27-14.jpeg?fit=1200%2C900&ssl=1&resize=700%2C400 2x, https:\/\/i0.wp.com\/techart.fi\/wp-content\/uploads\/2022\/03\/PHOTO-2021-11-18-18-27-14.jpeg?fit=1200%2C900&ssl=1&resize=1050%2C600 3x"},"classes":[]},{"id":13,"url":"https:\/\/techart.fi\/en\/mika-on-techart\/","url_meta":{"origin":15,"position":3},"title":"Welcome to the TechArt project website!","author":"admin","date":"11\/08\/2021","format":false,"excerpt":"TechArt\u00a0-hankkeen tarkoituksena on selvitt\u00e4\u00e4, rakentaa ja\u00a0pilotoida\u00a0teknologiaa ja kulttuuria yhdist\u00e4v\u00e4\u00e4 ekosysteemi\u00e4. N\u00e4ilt\u00e4 sivuilta l\u00f6yd\u00e4t tietoa hankkeen aikana toteutetuista piloteista, tapahtumista sek\u00e4 ekosysteemity\u00f6st\u00e4. Hankeen aikana tuotetut digitaaliset kokeilut ja virtuaalimallit l\u00f6ytyv\u00e4t sivustolta. Pistepilvimallit ovat ladattavissa ilmaiseksi kaikille halukkaille. Info osion alta l\u00f6ytyy hankkeen aikana toteutettuja esittelyvideoita mm. LUMO valofestivaali 2021 aikana olleista\u2026","rel":"","context":"Similar post","block_context":{"text":"Similar post","link":""},"img":{"alt_text":"TechArt","src":"https:\/\/i0.wp.com\/techart.fi\/wp-content\/uploads\/2021\/11\/IMG-1661-scaled.jpg?resize=350%2C200&ssl=1","width":350,"height":200,"srcset":"https:\/\/i0.wp.com\/techart.fi\/wp-content\/uploads\/2021\/11\/IMG-1661-scaled.jpg?resize=350%2C200&ssl=1 1x, https:\/\/i0.wp.com\/techart.fi\/wp-content\/uploads\/2021\/11\/IMG-1661-scaled.jpg?resize=525%2C300&ssl=1 1.5x, https:\/\/i0.wp.com\/techart.fi\/wp-content\/uploads\/2021\/11\/IMG-1661-scaled.jpg?resize=700%2C400&ssl=1 2x, https:\/\/i0.wp.com\/techart.fi\/wp-content\/uploads\/2021\/11\/IMG-1661-scaled.jpg?resize=1050%2C600&ssl=1 3x, https:\/\/i0.wp.com\/techart.fi\/wp-content\/uploads\/2021\/11\/IMG-1661-scaled.jpg?resize=1400%2C800&ssl=1 4x"},"classes":[]},{"id":174,"url":"https:\/\/techart.fi\/en\/virtuaalimallit\/","url_meta":{"origin":15,"position":4},"title":"Virtual models","author":"admin","date":"11\/22\/2021","format":false,"excerpt":"TechArt- hankkeen aikana on toteutettu virtuaalimalli Tietomaan tornista. Torni juhlii 100-vuotista taivaltaan vuoden 2021 aikana. Tietomaan tornissa on asiakashissi, jolla p\u00e4\u00e4see vain n\u00e4k\u00f6alatasanteelle, mutta tornin sis\u00e4ll\u00e4 kiert\u00e4v\u00e4t portaat ja sis\u00e4lle toteutetut taide- ja tieden\u00e4yttelyt ovat olleet mm. liikuntarajoitteisille esteellisi\u00e4 tiloja. TechArt- hanke on halunnut tuoda esteelliset tilat esteett\u00f6miksi digitalisaatiota hy\u00f6dynt\u00e4en.\u2026","rel":"","context":"Similar post","block_context":{"text":"Similar post","link":""},"img":{"alt_text":"","src":"","width":0,"height":0},"classes":[]},{"id":682,"url":"https:\/\/techart.fi\/en\/joulukalenteriluukku\/6-december-2021\/","url_meta":{"origin":15,"position":5},"title":"December 6th","author":"Harri Filppa","date":"12\/06\/2021","format":false,"excerpt":"Sarjakuva- ja kuvataiteilija, graafinen suunnittelija ja lavastemestari Jussi Hukkanen TechArt- hanke toivottaa hyv\u00e4\u00e4 itsen\u00e4isyysp\u00e4iv\u00e4\u00e4! Oululaisten yhteist\u00e4 itsen\u00e4isyysp\u00e4iv\u00e4n kansalaisjuhlaa vietet\u00e4\u00e4n 6.12.2021. Perinteinen kansalaisjuhla j\u00e4rjestet\u00e4\u00e4n Oulun Musiikkikeskuksessa. Oulun kaupunki l\u00e4hett\u00e4\u00e4 juhlan ensimm\u00e4ist\u00e4 kertaa my\u00f6s suorana verkkoon. Suora l\u00e4hetys alkaa klo 13. Juhlan musiikillisesta ohjelmasta vastaa kapellimestari Jaakko Kuusisto ja Oulu Sinfonia, sek\u00e4\u2026","rel":"","context":"Similar post","block_context":{"text":"Similar post","link":""},"img":{"alt_text":"","src":"https:\/\/i0.wp.com\/techart.fi\/wp-content\/uploads\/2021\/12\/21_Nalle_independent.jpg?resize=350%2C200&ssl=1","width":350,"height":200,"srcset":"https:\/\/i0.wp.com\/techart.fi\/wp-content\/uploads\/2021\/12\/21_Nalle_independent.jpg?resize=350%2C200&ssl=1 1x, https:\/\/i0.wp.com\/techart.fi\/wp-content\/uploads\/2021\/12\/21_Nalle_independent.jpg?resize=525%2C300&ssl=1 1.5x, https:\/\/i0.wp.com\/techart.fi\/wp-content\/uploads\/2021\/12\/21_Nalle_independent.jpg?resize=700%2C400&ssl=1 2x"},"classes":[]}],"jetpack_sharing_enabled":true,"_links":{"self":[{"href":"https:\/\/techart.fi\/en\/wp-json\/wp\/v2\/pages\/15","targetHints":{"allow":["GET"]}}],"collection":[{"href":"https:\/\/techart.fi\/en\/wp-json\/wp\/v2\/pages"}],"about":[{"href":"https:\/\/techart.fi\/en\/wp-json\/wp\/v2\/types\/page"}],"author":[{"embeddable":true,"href":"https:\/\/techart.fi\/en\/wp-json\/wp\/v2\/users\/1"}],"replies":[{"embeddable":true,"href":"https:\/\/techart.fi\/en\/wp-json\/wp\/v2\/comments?post=15"}],"version-history":[{"count":5,"href":"https:\/\/techart.fi\/en\/wp-json\/wp\/v2\/pages\/15\/revisions"}],"predecessor-version":[{"id":1207,"href":"https:\/\/techart.fi\/en\/wp-json\/wp\/v2\/pages\/15\/revisions\/1207"}],"wp:attachment":[{"href":"https:\/\/techart.fi\/en\/wp-json\/wp\/v2\/media?parent=15"}],"curies":[{"name":"wp","href":"https:\/\/api.w.org\/{rel}","templated":true}]}}