{"id":14,"date":"2021-11-08T13:47:12","date_gmt":"2021-11-08T13:47:12","guid":{"rendered":"https:\/\/techart.fi\/?page_id=14"},"modified":"2021-11-23T02:25:07","modified_gmt":"2021-11-23T00:25:07","slug":"ota-yhteytta","status":"publish","type":"page","link":"https:\/\/techart.fi\/en\/ota-yhteytta\/","title":{"rendered":"Take contact"},"content":{"rendered":"\n<p>Jos kiinnostuit TechArt-hankkeesta, haluat lis\u00e4tietoa hankkeesta tai haluat selvitt\u00e4\u00e4 mahdollisia yhteisty\u00f6mahdollisuuksia, ole hyv\u00e4 ja t\u00e4yt\u00e4 t\u00e4m\u00e4 lomake niin otamme yhteytt\u00e4 mahdollisimman pian.<\/p>\n\n\n\n<div class=\"wpforms-container wpforms-container-full\" id=\"wpforms-237\"><form id=\"wpforms-form-237\" class=\"wpforms-validate wpforms-form wpforms-ajax-form\" data-formid=\"237\" method=\"post\" enctype=\"multipart\/form-data\" action=\"\/en\/wp-json\/wp\/v2\/pages\/14\" data-token=\"70aa84cf474db0bb8d79831a9eb42b69\" data-token-time=\"1778158731\"><noscript class=\"wpforms-error-noscript\">Please enable JavaScript in your browser to complete this form.<\/noscript><div class=\"wpforms-field-container\"><div id=\"wpforms-237-field_2-container\" class=\"wpforms-field wpforms-field-name\" data-field-id=\"2\"><label class=\"wpforms-field-label\" for=\"wpforms-237-field_2\">Nimi <span class=\"wpforms-required-label\">*<\/span><\/label><input type=\"text\" id=\"wpforms-237-field_2\" class=\"wpforms-field-medium wpforms-field-required\" name=\"wpforms[fields][2]\" required><\/div><div id=\"wpforms-237-field_7-container\" class=\"wpforms-field wpforms-field-text\" data-field-id=\"7\"><label class=\"wpforms-field-label\" for=\"wpforms-237-field_7\">Organisaatio tai yhteis\u00f6<\/label><input type=\"text\" id=\"wpforms-237-field_7\" class=\"wpforms-field-medium\" name=\"wpforms[fields][7]\" ><div class=\"wpforms-field-description\">T\u00e4h\u00e4n voit lis\u00e4t\u00e4 organisaation, yhteis\u00f6n, tai yrityksen jota edustat. <\/div><\/div><div id=\"wpforms-237-field_3-container\" class=\"wpforms-field wpforms-field-email\" data-field-id=\"3\"><label class=\"wpforms-field-label\" for=\"wpforms-237-field_3\">S\u00e4hk\u00f6postiosoite <span class=\"wpforms-required-label\">*<\/span><\/label><input type=\"email\" id=\"wpforms-237-field_3\" class=\"wpforms-field-medium wpforms-field-required\" name=\"wpforms[fields][3]\" spellcheck=\"false\" required><\/div><div id=\"wpforms-237-field_5-container\" class=\"wpforms-field wpforms-field-text\" data-field-id=\"5\"><label class=\"wpforms-field-label\" for=\"wpforms-237-field_5\">Aihe<\/label><input type=\"text\" id=\"wpforms-237-field_5\" class=\"wpforms-field-medium\" name=\"wpforms[fields][5]\" ><\/div><div id=\"wpforms-237-field_4-container\" class=\"wpforms-field wpforms-field-textarea\" data-field-id=\"4\"><label class=\"wpforms-field-label\" for=\"wpforms-237-field_4\">Viesti<\/label><textarea id=\"wpforms-237-field_4\" class=\"wpforms-field-medium\" name=\"wpforms[fields][4]\" ><\/textarea><\/div><div id=\"wpforms-237-field_6-container\" class=\"wpforms-field wpforms-field-checkbox\" data-field-id=\"6\"><label class=\"wpforms-field-label\">Haluan liitty\u00e4 TechArt- postituslistalle.<\/label><ul id=\"wpforms-237-field_6\"><li class=\"choice-1 depth-1\"><input type=\"checkbox\" id=\"wpforms-237-field_6_1\" name=\"wpforms[fields][6][]\" value=\"Valitse t\u00e4m\u00e4 jos haluat liitty\u00e4 mukaan postituslistalle.\"  ><label class=\"wpforms-field-label-inline\" for=\"wpforms-237-field_6_1\">Valitse t\u00e4m\u00e4 jos haluat liitty\u00e4 mukaan postituslistalle.<\/label><\/li><\/ul><div class=\"wpforms-field-description\">Liittym\u00e4ll\u00e4 TechArt- postituslistalle l\u00e4het\u00e4mme tietoa TechArt- tapahtumista, seminaareista ja ajankohtaisista uutisista. <\/div><\/div><\/div><!-- .wpforms-field-container --><div class=\"wpforms-recaptcha-container wpforms-is-hcaptcha\" ><div class=\"h-captcha\" data-sitekey=\"5393dee1-2b4e-4059-acbc-341f9b9b7d07\"><\/div><input type=\"text\" name=\"g-recaptcha-hidden\" class=\"wpforms-recaptcha-hidden\" style=\"position:absolute!important;clip:rect(0,0,0,0)!important;height:1px!important;width:1px!important;border:0!important;overflow:hidden!important;padding:0!important;margin:0!important;\" data-rule-hcaptcha=\"1\"><\/div><div class=\"wpforms-submit-container\" ><input type=\"hidden\" name=\"wpforms[id]\" value=\"237\"><input type=\"hidden\" name=\"page_title\" value=\"\"><input type=\"hidden\" name=\"page_url\" value=\"https:\/\/techart.fi\/en\/wp-json\/wp\/v2\/pages\/14\"><input type=\"hidden\" name=\"url_referer\" value=\"\"><button type=\"submit\" name=\"wpforms[submit]\" id=\"wpforms-submit-237\" class=\"wpforms-submit\" data-alt-text=\"L\u00e4hetet\u00e4\u00e4n...\" data-submit-text=\"L\u00e4het\u00e4\" aria-live=\"assertive\" value=\"wpforms-submit\">L\u00e4het\u00e4<\/button><img decoding=\"async\" src=\"https:\/\/techart.fi\/wp-content\/plugins\/wpforms-lite\/assets\/images\/submit-spin.svg\" class=\"wpforms-submit-spinner\" style=\"display: none;\" width=\"26\" height=\"26\" alt=\"Loading\"><\/div><\/form><\/div>  <!-- .wpforms-container -->\n","protected":false},"excerpt":{"rendered":"<p>Jos kiinnostuit TechArt-hankkeesta, haluat lis\u00e4tietoa hankkeesta tai haluat selvitt\u00e4\u00e4 mahdollisia yhteisty\u00f6mahdollisuuksia, ole hyv\u00e4 ja t\u00e4yt\u00e4 t\u00e4m\u00e4 lomake niin otamme yhteytt\u00e4 mahdollisimman pian.<\/p>","protected":false},"author":1,"featured_media":0,"parent":0,"menu_order":0,"comment_status":"closed","ping_status":"closed","template":"","meta":{"qubely_global_settings":"","qubely_interactions":"","bwfblock_default_font":"","_monsterinsights_skip_tracking":false,"_monsterinsights_sitenote_active":false,"_monsterinsights_sitenote_note":"","_monsterinsights_sitenote_category":0,"order-bump-settings":[],"_wpfnl_thankyou_order_overview":"on","_wpfnl_thankyou_order_details":"on","_wpfnl_thankyou_billing_details":"on","_wpfnl_thankyou_shipping_details":"on","jetpack_post_was_ever_published":false,"footnotes":""},"class_list":["post-14","page","type-page","status-publish","czr-hentry"],"acf":[],"yoast_head":"<!-- This site is optimized with the Yoast SEO plugin v27.5 - https:\/\/yoast.com\/product\/yoast-seo-wordpress\/ -->\n<title>Ota yhteytt\u00e4 -<\/title>\n<meta name=\"description\" content=\"Jos kiinnostuit TechArt-hankkeesta, haluat lis\u00e4tietoa hankkeesta tai haluat selvitt\u00e4\u00e4 mahdollisia yhteisty\u00f6mahdollisuuksia ota yhteytt\u00e4 t\u00e4m\u00e4n lomakkeen kautta.\" \/>\n<meta name=\"robots\" content=\"index, follow, max-snippet:-1, max-image-preview:large, max-video-preview:-1\" \/>\n<link rel=\"canonical\" href=\"https:\/\/techart.fi\/en\/ota-yhteytta\/\" \/>\n<meta property=\"og:locale\" content=\"en_GB\" \/>\n<meta property=\"og:type\" content=\"article\" \/>\n<meta property=\"og:title\" content=\"Ota yhteytt\u00e4 -\" \/>\n<meta property=\"og:description\" content=\"Jos kiinnostuit TechArt-hankkeesta, haluat lis\u00e4tietoa hankkeesta tai haluat selvitt\u00e4\u00e4 mahdollisia yhteisty\u00f6mahdollisuuksia ota yhteytt\u00e4 t\u00e4m\u00e4n lomakkeen kautta.\" \/>\n<meta property=\"og:url\" content=\"https:\/\/techart.fi\/en\/ota-yhteytta\/\" \/>\n<meta property=\"article:publisher\" content=\"https:\/\/www.facebook.com\/techartoulu\" \/>\n<meta property=\"article:modified_time\" content=\"2021-11-23T00:25:07+00:00\" \/>\n<meta property=\"og:image\" content=\"https:\/\/i0.wp.com\/techart.fi\/wp-content\/uploads\/2021\/11\/IMG-1661-scaled.jpg?fit=2560%2C1920&ssl=1\" \/>\n\t<meta property=\"og:image:width\" content=\"2560\" \/>\n\t<meta property=\"og:image:height\" content=\"1920\" \/>\n\t<meta property=\"og:image:type\" content=\"image\/jpeg\" \/>\n<meta name=\"twitter:card\" content=\"summary_large_image\" \/>\n<meta name=\"twitter:label1\" content=\"Estimated reading time\" \/>\n\t<meta name=\"twitter:data1\" content=\"1 minute\" \/>\n<script type=\"application\/ld+json\" class=\"yoast-schema-graph\">{\"@context\":\"https:\\\/\\\/schema.org\",\"@graph\":[{\"@type\":\"WebPage\",\"@id\":\"https:\\\/\\\/techart.fi\\\/ota-yhteytta\\\/\",\"url\":\"https:\\\/\\\/techart.fi\\\/ota-yhteytta\\\/\",\"name\":\"Ota yhteytt\u00e4 -\",\"isPartOf\":{\"@id\":\"https:\\\/\\\/techart.fi\\\/#website\"},\"datePublished\":\"2021-11-08T13:47:12+00:00\",\"dateModified\":\"2021-11-23T00:25:07+00:00\",\"description\":\"Jos kiinnostuit TechArt-hankkeesta, haluat lis\u00e4tietoa hankkeesta tai haluat selvitt\u00e4\u00e4 mahdollisia yhteisty\u00f6mahdollisuuksia ota yhteytt\u00e4 t\u00e4m\u00e4n lomakkeen kautta.\",\"breadcrumb\":{\"@id\":\"https:\\\/\\\/techart.fi\\\/ota-yhteytta\\\/#breadcrumb\"},\"inLanguage\":\"en-GB\",\"potentialAction\":[{\"@type\":\"ReadAction\",\"target\":[\"https:\\\/\\\/techart.fi\\\/ota-yhteytta\\\/\"]}]},{\"@type\":\"BreadcrumbList\",\"@id\":\"https:\\\/\\\/techart.fi\\\/ota-yhteytta\\\/#breadcrumb\",\"itemListElement\":[{\"@type\":\"ListItem\",\"position\":1,\"name\":\"Home\",\"item\":\"https:\\\/\\\/techart.fi\\\/\"},{\"@type\":\"ListItem\",\"position\":2,\"name\":\"Ota yhteytt\u00e4\"}]},{\"@type\":\"WebSite\",\"@id\":\"https:\\\/\\\/techart.fi\\\/#website\",\"url\":\"https:\\\/\\\/techart.fi\\\/\",\"name\":\"TechArt\",\"description\":\"\",\"publisher\":{\"@id\":\"https:\\\/\\\/techart.fi\\\/#organization\"},\"potentialAction\":[{\"@type\":\"SearchAction\",\"target\":{\"@type\":\"EntryPoint\",\"urlTemplate\":\"https:\\\/\\\/techart.fi\\\/?s={search_term_string}\"},\"query-input\":{\"@type\":\"PropertyValueSpecification\",\"valueRequired\":true,\"valueName\":\"search_term_string\"}}],\"inLanguage\":\"en-GB\"},{\"@type\":\"Organization\",\"@id\":\"https:\\\/\\\/techart.fi\\\/#organization\",\"name\":\"TechArt\",\"url\":\"https:\\\/\\\/techart.fi\\\/\",\"logo\":{\"@type\":\"ImageObject\",\"inLanguage\":\"en-GB\",\"@id\":\"https:\\\/\\\/techart.fi\\\/#\\\/schema\\\/logo\\\/image\\\/\",\"url\":\"https:\\\/\\\/i0.wp.com\\\/techart.fi\\\/wp-content\\\/uploads\\\/2021\\\/11\\\/cropped-techart_webclip.png?fit=256%2C161&ssl=1\",\"contentUrl\":\"https:\\\/\\\/i0.wp.com\\\/techart.fi\\\/wp-content\\\/uploads\\\/2021\\\/11\\\/cropped-techart_webclip.png?fit=256%2C161&ssl=1\",\"width\":256,\"height\":161,\"caption\":\"TechArt\"},\"image\":{\"@id\":\"https:\\\/\\\/techart.fi\\\/#\\\/schema\\\/logo\\\/image\\\/\"},\"sameAs\":[\"https:\\\/\\\/www.facebook.com\\\/techartoulu\",\"https:\\\/\\\/www.instagram.com\\\/techartoulu\\\/\",\"https:\\\/\\\/www.youtube.com\\\/channel\\\/UCzcjRf7yPFh7Etzp_zCAwMQ\"]}]}<\/script>\n<!-- \/ Yoast SEO plugin. -->","yoast_head_json":{"title":"Ota yhteytt\u00e4 -","description":"Jos kiinnostuit TechArt-hankkeesta, haluat lis\u00e4tietoa hankkeesta tai haluat selvitt\u00e4\u00e4 mahdollisia yhteisty\u00f6mahdollisuuksia ota yhteytt\u00e4 t\u00e4m\u00e4n lomakkeen kautta.","robots":{"index":"index","follow":"follow","max-snippet":"max-snippet:-1","max-image-preview":"max-image-preview:large","max-video-preview":"max-video-preview:-1"},"canonical":"https:\/\/techart.fi\/en\/ota-yhteytta\/","og_locale":"en_GB","og_type":"article","og_title":"Ota yhteytt\u00e4 -","og_description":"Jos kiinnostuit TechArt-hankkeesta, haluat lis\u00e4tietoa hankkeesta tai haluat selvitt\u00e4\u00e4 mahdollisia yhteisty\u00f6mahdollisuuksia ota yhteytt\u00e4 t\u00e4m\u00e4n lomakkeen kautta.","og_url":"https:\/\/techart.fi\/en\/ota-yhteytta\/","article_publisher":"https:\/\/www.facebook.com\/techartoulu","article_modified_time":"2021-11-23T00:25:07+00:00","og_image":[{"width":2560,"height":1920,"url":"https:\/\/i0.wp.com\/techart.fi\/wp-content\/uploads\/2021\/11\/IMG-1661-scaled.jpg?fit=2560%2C1920&ssl=1","type":"image\/jpeg"}],"twitter_card":"summary_large_image","twitter_misc":{"Estimated reading time":"1 minute"},"schema":{"@context":"https:\/\/schema.org","@graph":[{"@type":"WebPage","@id":"https:\/\/techart.fi\/ota-yhteytta\/","url":"https:\/\/techart.fi\/ota-yhteytta\/","name":"Ota yhteytt\u00e4 -","isPartOf":{"@id":"https:\/\/techart.fi\/#website"},"datePublished":"2021-11-08T13:47:12+00:00","dateModified":"2021-11-23T00:25:07+00:00","description":"Jos kiinnostuit TechArt-hankkeesta, haluat lis\u00e4tietoa hankkeesta tai haluat selvitt\u00e4\u00e4 mahdollisia yhteisty\u00f6mahdollisuuksia ota yhteytt\u00e4 t\u00e4m\u00e4n lomakkeen kautta.","breadcrumb":{"@id":"https:\/\/techart.fi\/ota-yhteytta\/#breadcrumb"},"inLanguage":"en-GB","potentialAction":[{"@type":"ReadAction","target":["https:\/\/techart.fi\/ota-yhteytta\/"]}]},{"@type":"BreadcrumbList","@id":"https:\/\/techart.fi\/ota-yhteytta\/#breadcrumb","itemListElement":[{"@type":"ListItem","position":1,"name":"Home","item":"https:\/\/techart.fi\/"},{"@type":"ListItem","position":2,"name":"Ota yhteytt\u00e4"}]},{"@type":"WebSite","@id":"https:\/\/techart.fi\/#website","url":"https:\/\/techart.fi\/","name":"TechArt","description":"","publisher":{"@id":"https:\/\/techart.fi\/#organization"},"potentialAction":[{"@type":"SearchAction","target":{"@type":"EntryPoint","urlTemplate":"https:\/\/techart.fi\/?s={search_term_string}"},"query-input":{"@type":"PropertyValueSpecification","valueRequired":true,"valueName":"search_term_string"}}],"inLanguage":"en-GB"},{"@type":"Organization","@id":"https:\/\/techart.fi\/#organization","name":"TechArt","url":"https:\/\/techart.fi\/","logo":{"@type":"ImageObject","inLanguage":"en-GB","@id":"https:\/\/techart.fi\/#\/schema\/logo\/image\/","url":"https:\/\/i0.wp.com\/techart.fi\/wp-content\/uploads\/2021\/11\/cropped-techart_webclip.png?fit=256%2C161&ssl=1","contentUrl":"https:\/\/i0.wp.com\/techart.fi\/wp-content\/uploads\/2021\/11\/cropped-techart_webclip.png?fit=256%2C161&ssl=1","width":256,"height":161,"caption":"TechArt"},"image":{"@id":"https:\/\/techart.fi\/#\/schema\/logo\/image\/"},"sameAs":["https:\/\/www.facebook.com\/techartoulu","https:\/\/www.instagram.com\/techartoulu\/","https:\/\/www.youtube.com\/channel\/UCzcjRf7yPFh7Etzp_zCAwMQ"]}]}},"jetpack-related-posts":[{"id":13,"url":"https:\/\/techart.fi\/en\/mika-on-techart\/","url_meta":{"origin":14,"position":0},"title":"Welcome to the TechArt project website!","author":"admin","date":"11\/08\/2021","format":false,"excerpt":"TechArt\u00a0-hankkeen tarkoituksena on selvitt\u00e4\u00e4, rakentaa ja\u00a0pilotoida\u00a0teknologiaa ja kulttuuria yhdist\u00e4v\u00e4\u00e4 ekosysteemi\u00e4. N\u00e4ilt\u00e4 sivuilta l\u00f6yd\u00e4t tietoa hankkeen aikana toteutetuista piloteista, tapahtumista sek\u00e4 ekosysteemity\u00f6st\u00e4. Hankeen aikana tuotetut digitaaliset kokeilut ja virtuaalimallit l\u00f6ytyv\u00e4t sivustolta. Pistepilvimallit ovat ladattavissa ilmaiseksi kaikille halukkaille. Info osion alta l\u00f6ytyy hankkeen aikana toteutettuja esittelyvideoita mm. LUMO valofestivaali 2021 aikana olleista\u2026","rel":"","context":"Similar post","block_context":{"text":"Similar post","link":""},"img":{"alt_text":"TechArt","src":"https:\/\/i0.wp.com\/techart.fi\/wp-content\/uploads\/2021\/11\/IMG-1661-scaled.jpg?resize=350%2C200&ssl=1","width":350,"height":200,"srcset":"https:\/\/i0.wp.com\/techart.fi\/wp-content\/uploads\/2021\/11\/IMG-1661-scaled.jpg?resize=350%2C200&ssl=1 1x, https:\/\/i0.wp.com\/techart.fi\/wp-content\/uploads\/2021\/11\/IMG-1661-scaled.jpg?resize=525%2C300&ssl=1 1.5x, https:\/\/i0.wp.com\/techart.fi\/wp-content\/uploads\/2021\/11\/IMG-1661-scaled.jpg?resize=700%2C400&ssl=1 2x, https:\/\/i0.wp.com\/techart.fi\/wp-content\/uploads\/2021\/11\/IMG-1661-scaled.jpg?resize=1050%2C600&ssl=1 3x, https:\/\/i0.wp.com\/techart.fi\/wp-content\/uploads\/2021\/11\/IMG-1661-scaled.jpg?resize=1400%2C800&ssl=1 4x"},"classes":[]},{"id":1306,"url":"https:\/\/techart.fi\/en\/pilotointi\/satuseina\/","url_meta":{"origin":14,"position":1},"title":"Satusein\u00e4","author":"admin","date":"05\/02\/2022","format":false,"excerpt":"TechArt- hanke haki erityisesti jo valmista tuotetta, jossa yhdistyisi interaktiivisesti kosketuksella toimiva musiikkia, pelillisyytt\u00e4 ja vuorovaikutusta sis\u00e4lt\u00e4v\u00e4 kokonaisuus. Toteutettavaksi tuotekehityspilotiksi tuli valituksi Satusein\u00e4. T\u00e4h\u00e4n Satusein\u00e4\u00e4n on aiemmin voinut Suomessa tutustua. mm. Helsingiss\u00e4 Oodissa ja Mikkeliss\u00e4. Jean Sibeliuksen ja Leevi Madetojan musiikkiin sovitettu mukaansatempaava \u00e4lysein\u00e4\u00a0tarjoaa sukelluksen\u00a0Maaria taivaanlaulaja\u00a0-musiikkisatuun sek\u00e4 samaan satumaailmaan sijoittuviin\u2026","rel":"","context":"Similar post","block_context":{"text":"Similar post","link":""},"img":{"alt_text":"","src":"https:\/\/i0.wp.com\/techart.fi\/wp-content\/uploads\/2022\/05\/IMG-8734-2-scaled.jpg?resize=350%2C200&ssl=1","width":350,"height":200,"srcset":"https:\/\/i0.wp.com\/techart.fi\/wp-content\/uploads\/2022\/05\/IMG-8734-2-scaled.jpg?resize=350%2C200&ssl=1 1x, https:\/\/i0.wp.com\/techart.fi\/wp-content\/uploads\/2022\/05\/IMG-8734-2-scaled.jpg?resize=525%2C300&ssl=1 1.5x, https:\/\/i0.wp.com\/techart.fi\/wp-content\/uploads\/2022\/05\/IMG-8734-2-scaled.jpg?resize=700%2C400&ssl=1 2x, https:\/\/i0.wp.com\/techart.fi\/wp-content\/uploads\/2022\/05\/IMG-8734-2-scaled.jpg?resize=1050%2C600&ssl=1 3x, https:\/\/i0.wp.com\/techart.fi\/wp-content\/uploads\/2022\/05\/IMG-8734-2-scaled.jpg?resize=1400%2C800&ssl=1 4x"},"classes":[]},{"id":171,"url":"https:\/\/techart.fi\/en\/downloads\/","url_meta":{"origin":14,"position":2},"title":"Point cloud models","author":"admin","date":"11\/10\/2021","format":false,"excerpt":"TechArt -hanke haluaa tilastoida mihin k\u00e4ytt\u00f6tarkoituksiin pistepilvimallit on ladattu. Pistepilvimallien k\u00e4yt\u00f6st\u00e4 ei perit\u00e4 maksua, ja n\u00e4it\u00e4 malleja voi vapaasti muokata ja my\u00f6s kaupallinen k\u00e4ytt\u00f6 on sallittu. TechArt- hanke tarjoaa t\u00e4m\u00e4n kaikille avoimena datana. Ker\u00e4ttyj\u00e4 yhteystietoja ei k\u00e4ytet\u00e4 mihink\u00e4\u00e4n muuhun tarkoitukseen. MIk\u00e4li haluatte liitty\u00e4 TechArt- postituslistalle on lomakkeen lopussa t\u00e4h\u00e4n mahdollisuus\u2026","rel":"","context":"Similar post","block_context":{"text":"Similar post","link":""},"img":{"alt_text":"","src":"","width":0,"height":0},"classes":[]},{"id":174,"url":"https:\/\/techart.fi\/en\/virtuaalimallit\/","url_meta":{"origin":14,"position":3},"title":"Virtual models","author":"admin","date":"11\/22\/2021","format":false,"excerpt":"TechArt- hankkeen aikana on toteutettu virtuaalimalli Tietomaan tornista. Torni juhlii 100-vuotista taivaltaan vuoden 2021 aikana. Tietomaan tornissa on asiakashissi, jolla p\u00e4\u00e4see vain n\u00e4k\u00f6alatasanteelle, mutta tornin sis\u00e4ll\u00e4 kiert\u00e4v\u00e4t portaat ja sis\u00e4lle toteutetut taide- ja tieden\u00e4yttelyt ovat olleet mm. liikuntarajoitteisille esteellisi\u00e4 tiloja. TechArt- hanke on halunnut tuoda esteelliset tilat esteett\u00f6miksi digitalisaatiota hy\u00f6dynt\u00e4en.\u2026","rel":"","context":"Similar post","block_context":{"text":"Similar post","link":""},"img":{"alt_text":"","src":"","width":0,"height":0},"classes":[]},{"id":18,"url":"https:\/\/techart.fi\/en\/ekosysteemi\/","url_meta":{"origin":14,"position":4},"title":"Ekosysteemity\u00f6","author":"admin","date":"11\/08\/2021","format":false,"excerpt":"TechArt- hankkeen ty\u00f6paketti TechArt City pyrkii rakentamaan kansallisen ja kansainv\u00e4lisen verkoston, jossa kaupungit ja alueet, teknologiayritykset, TKI -organisaatiot, luovat ja kulttuurialat sek\u00e4 taiteen ammattilaiset kohtaavat ja jakavat tietoa. Keskeisen\u00e4 teemana on ekosysteemiajattelu; Miten kaupungit voivat kehitt\u00e4\u00e4 alustan, joka synnytt\u00e4\u00e4 teknologiaa ja kulttuuria yhdist\u00e4v\u00e4\u00e4 toimeliaisuutta Hankkeessa ekosysteemin tavoitteita toteutetaan seuraavilla toimenpiteill\u00e4:\u2026","rel":"","context":"Similar post","block_context":{"text":"Similar post","link":""},"img":{"alt_text":"","src":"https:\/\/i0.wp.com\/techart.fi\/wp-content\/uploads\/2022\/03\/PHOTO-2021-11-18-18-27-14.jpeg?fit=1200%2C900&ssl=1&resize=350%2C200","width":350,"height":200,"srcset":"https:\/\/i0.wp.com\/techart.fi\/wp-content\/uploads\/2022\/03\/PHOTO-2021-11-18-18-27-14.jpeg?fit=1200%2C900&ssl=1&resize=350%2C200 1x, https:\/\/i0.wp.com\/techart.fi\/wp-content\/uploads\/2022\/03\/PHOTO-2021-11-18-18-27-14.jpeg?fit=1200%2C900&ssl=1&resize=525%2C300 1.5x, https:\/\/i0.wp.com\/techart.fi\/wp-content\/uploads\/2022\/03\/PHOTO-2021-11-18-18-27-14.jpeg?fit=1200%2C900&ssl=1&resize=700%2C400 2x, https:\/\/i0.wp.com\/techart.fi\/wp-content\/uploads\/2022\/03\/PHOTO-2021-11-18-18-27-14.jpeg?fit=1200%2C900&ssl=1&resize=1050%2C600 3x"},"classes":[]},{"id":247,"url":"https:\/\/techart.fi\/en\/info\/","url_meta":{"origin":14,"position":5},"title":"Info","author":"admin","date":"11\/23\/2021","format":false,"excerpt":"TechArt\u00a0-hankkeen tarkoituksena on selvitt\u00e4\u00e4, rakentaa ja\u00a0pilotoida\u00a0teknologiaa ja kulttuuria yhdist\u00e4v\u00e4\u00e4 ekosysteemi\u00e4. Teknologia ei yksin pysty ratkaisemaan tarpeita, joissa ihmiset tarvitsevat sosiaalista vuorovaikutusta ja vuorovaikutteisuutta.\u00a0TechArt\u00a0-hanke rakentaa ekosysteemi\u00e4, jossa teknologiayritykset, taide-, luovien ja kulttuurialojen toimijat, kunnat ja eri sidosryhm\u00e4t\u00a0tki-kent\u00e4lt\u00e4 tuovat taide- ja kulttuuri- ja teknologia-alan toimijoita ja sis\u00e4lt\u00f6j\u00e4 yhteen alueellisesti, kansallisesti ja kansainv\u00e4lisesti.\u2026","rel":"","context":"Similar post","block_context":{"text":"Similar post","link":""},"img":{"alt_text":"","src":"https:\/\/i0.wp.com\/techart.fi\/wp-content\/uploads\/2022\/03\/2021_11-Lumo-valofestivaali_089_VERKKOON.jpg?fit=1200%2C800&ssl=1&resize=350%2C200","width":350,"height":200,"srcset":"https:\/\/i0.wp.com\/techart.fi\/wp-content\/uploads\/2022\/03\/2021_11-Lumo-valofestivaali_089_VERKKOON.jpg?fit=1200%2C800&ssl=1&resize=350%2C200 1x, https:\/\/i0.wp.com\/techart.fi\/wp-content\/uploads\/2022\/03\/2021_11-Lumo-valofestivaali_089_VERKKOON.jpg?fit=1200%2C800&ssl=1&resize=525%2C300 1.5x, https:\/\/i0.wp.com\/techart.fi\/wp-content\/uploads\/2022\/03\/2021_11-Lumo-valofestivaali_089_VERKKOON.jpg?fit=1200%2C800&ssl=1&resize=700%2C400 2x, https:\/\/i0.wp.com\/techart.fi\/wp-content\/uploads\/2022\/03\/2021_11-Lumo-valofestivaali_089_VERKKOON.jpg?fit=1200%2C800&ssl=1&resize=1050%2C600 3x"},"classes":[]}],"jetpack_sharing_enabled":true,"_links":{"self":[{"href":"https:\/\/techart.fi\/en\/wp-json\/wp\/v2\/pages\/14","targetHints":{"allow":["GET"]}}],"collection":[{"href":"https:\/\/techart.fi\/en\/wp-json\/wp\/v2\/pages"}],"about":[{"href":"https:\/\/techart.fi\/en\/wp-json\/wp\/v2\/types\/page"}],"author":[{"embeddable":true,"href":"https:\/\/techart.fi\/en\/wp-json\/wp\/v2\/users\/1"}],"replies":[{"embeddable":true,"href":"https:\/\/techart.fi\/en\/wp-json\/wp\/v2\/comments?post=14"}],"version-history":[{"count":6,"href":"https:\/\/techart.fi\/en\/wp-json\/wp\/v2\/pages\/14\/revisions"}],"predecessor-version":[{"id":242,"href":"https:\/\/techart.fi\/en\/wp-json\/wp\/v2\/pages\/14\/revisions\/242"}],"wp:attachment":[{"href":"https:\/\/techart.fi\/en\/wp-json\/wp\/v2\/media?parent=14"}],"curies":[{"name":"wp","href":"https:\/\/api.w.org\/{rel}","templated":true}]}}