{"id":1346,"date":"2022-05-30T23:02:53","date_gmt":"2022-05-30T20:02:53","guid":{"rendered":"https:\/\/techart.fi\/?page_id=1346"},"modified":"2022-05-31T09:37:09","modified_gmt":"2022-05-31T06:37:09","slug":"techart-in-the-heart-of-lumo","status":"publish","type":"page","link":"https:\/\/techart.fi\/en\/techart-in-the-heart-of-lumo\/","title":{"rendered":"TechArt - in the Heart of LUMO 2022"},"content":{"rendered":"<h2 class=\"wp-block-heading\"><span style=\"color: #0693e3;\" class=\"stk-highlight\">Kansainv\u00e4linen teos- ja ohjelmahaku <\/span><\/h2>\n\n\n\n<p>TechArt hanke kutsuu taiteilijoita, suunnittelijoita ja eri teknologia-alan ammattilaisia sek\u00e4 opiskelijoita ja oppilaitoksia tarjoamaan ehdotuksensa vuoden 2022 tapahtumaan. Tapahtumakokonaisuus j\u00e4rjestet\u00e4\u00e4n osana Lumo-valofestivaalia, joka juhlistaa 10-vuotisjuhlavuottaan. Oikeutetusti TechArt- ohjelma- ja teoshaun vuoden teemana on Juhla. <\/p>\n\n\n\n<p>Etsimme TechArt- In the Heart of LUMO -tapahtumaan vaikuttavia installaatioita ja innovatiivisia l\u00e4hestymistapoja teknologian ja taiteen avulla. T\u00e4h\u00e4n voi sis\u00e4lty\u00e4 esimerkiksi teko\u00e4lyn (AI) k\u00e4ytt\u00f6, AR:n, VR:n yhdist\u00e4minen XR-illuusioiden kautta tai yhdistelem\u00e4ll\u00e4 robotiikkaa ja automaatiota, joka saa yleis\u00f6n pauloihinsa. Huomioittehan kuitenkin, ett\u00e4 emme etsi valotaideteoksia, sill\u00e4 valotaideteokset ovat jo huomioitu laajasti Lumo-valofestivaalilla. Eri teknologioihin voidaan tuoda monipuolisesti eri sis\u00e4lt\u00f6j\u00e4 eri taidemuodoista. Taidesis\u00e4lt\u00f6 voi olla musiikkia, tanssia, teatteria tai muuta esitt\u00e4v\u00e4\u00e4 taidetta, kuten taikuutta. Kulttuuriperint\u00f6 tai mediataide ja jopa nykytaide ovat my\u00f6s mahdollisia sis\u00e4lt\u00f6j\u00e4. Siksi taivas on rajana, niin kauan kunhan teema Juhla on n\u00e4ytt\u00e4v\u00e4sti esill\u00e4. Haemme ensisijaisesti ulkotiloihin suunniteltuja teoksia ja ohjelmanumeroita, mutta vuodenajalle tyypillisesti haastavien olosuhteiden ja kylm\u00e4n ymp\u00e4rist\u00f6n vuoksi hyv\u00e4ksymme my\u00f6s sis\u00e4asennuksia koskevat ehdotukset.<\/p>\n\n\n\n<p>Pyyd\u00e4mme j\u00e4tt\u00e4m\u00e4\u00e4n teos- ja ohjelmaehdotukset 15.8.2022 menness\u00e4 alla olevan lomakkeen kautta.<\/p>\n\n\n\n<h2 class=\"wp-block-heading\">TechArt in the Heart of LUMO Dates<\/h2>\n\n\n\n<p>TechArt in the Heart of LUMO j\u00e4rjestet\u00e4\u00e4n Lumo-valofestivaalin yhteydess\u00e4 pe 18.- su 20.11.2022 v\u00e4lisen\u00e4 aikana. Teosten ja ohjelmanumeroiden p\u00e4\u00e4asiallinen j\u00e4rjest\u00e4minen pyydet\u00e4\u00e4n ajoittamaan p\u00e4ivitt\u00e4in klo 16-22 v\u00e4liselle ajalle. Osa teoksista voidaan j\u00e4tt\u00e4\u00e4 esille pidemm\u00e4ksi aikaa, mik\u00e4li ne eiv\u00e4t edellyt\u00e4 yll\u00e4pitoa ja ne kest\u00e4v\u00e4t s\u00e4\u00e4nvaihteluita.<\/p>\n\n\n\n<h2 class=\"wp-block-heading\">Event zone<\/h2>\n\n\n\n<p>Haemme&nbsp;ehdotuksia ensisijaisesti kartalla esitellylle &#8220;Syd\u00e4men muotoiselle&#8221; alueelle. Lis\u00e4ksi sijaintia voi ehdottaa Pikisaareen tai festivaalialueen l\u00e4heisyyteen.&nbsp;Ehdotuksen voi j\u00e4tt\u00e4\u00e4 my\u00f6s ilman paikkaa. <\/p>\n\n\n\n<p class=\"translation-block\"><a href=\"\/en\/MAP LINK (opens in new window)\/\" target=\"_blank\" rel=\"noreferrer noopener\">MAP LINK<\/a> (Opens in a new window)<\/p>\n\n\n\n<h2 class=\"wp-block-heading\">S\u00e4\u00e4olo\u00adsuhteet<\/h2>\n\n\n\n<p>Pyyd\u00e4mme huomioimaan, ett\u00e4 Oulun s\u00e4\u00e4 marraskuun lopulla on eritt\u00e4in vaihteleva. L\u00e4mp\u00f6asteiden vaihteluv\u00e4li festivaaliaikana voi olla -20 &#8211; +10 astetta celsiusta. Lumen m\u00e4\u00e4r\u00e4 voi olla 0 \u2013 20 cm ja on todenn\u00e4k\u00f6ist\u00e4, ett\u00e4 olosuhteet ovat eritt\u00e4in kosteat tai liukkaat. Tuuli voi ylty\u00e4 myrskylukemiin. Pime\u00e4 vuodenaika antaa kuitenkin erinomaiset puitteet teoksille ja ohjelmanumeroille, jotka ovat valaistu. Aurinko nousee klo 9 ja laskee klo 15.<\/p>\n\n\n\n<h2 class=\"wp-block-heading\">Selection<\/h2>\n\n\n\n<p>Teosten valinnassa kiinnitet\u00e4\u00e4n huomiota seuraaviin asioihin:<\/p>\n\n\n\n<ul class=\"wp-block-list\"><li>el\u00e4myksellisyys, mielenkiintoisuus, kokemuksellisuus, interaktiivisuus ja uutuusarvo<\/li><li>teknologiset innovaatiot, jotka teos- tai ohjelmakokonaisuus sis\u00e4lt\u00e4\u00e4<\/li><li>kokonaiskustannukset sis\u00e4lt\u00e4en paikallistuotanto<\/li><li>Compatibility within the framework of the theme Celebration. <\/li><li>arvostamme \u00e4\u00e4nimaailman tai muiden yleis\u00f6\u00e4 huokuttelevien elementtien sis\u00e4llytt\u00e4mist\u00e4 teokseen<\/li><li>Arvostamme itsen\u00e4ist\u00e4 tuotanto- ja toteutustapaa<\/li><\/ul>\n\n\n\n<p>We will select artworks within the following budget limits:<\/p>\n\n\n\n<ol class=\"wp-block-list\"><li>15 000 \u20ac (1-2 teos tai ohjelmakokonaisuutta) tai<\/li><li>10 000 \u20ac (2-3  teos tai ohjelmakokonaisuutta) tai<\/li><li>5 000 \u20ac (4-6  teos tai ohjelmakokonaisuutta) tai<\/li><li>maksimissaan. 4 000 \u20ac (5-7  teos tai ohjelmakokonaisuutta), tai joku yll\u00e4 mainittujen kombinaatio. <\/li><\/ol>\n\n\n\n<p><em>Please note:<\/em><\/p>\n\n\n\n<p><em>Budjettiin on sis\u00e4llytt\u00e4v\u00e4 kaikki teoksen toteuttamiseen liittyv\u00e4t kustannukset, my\u00f6s matka-, majoitus- sek\u00e4 rahtikustannukset<\/em><\/p>\n\n\n\n<p><em>Viranomaisluvat ja s\u00e4hk\u00f6 eiv\u00e4t kuulu hakijan kustannuksiin<\/em><\/p>\n\n\n\n<h2 class=\"wp-block-heading\">Ehdotusten j\u00e4tt\u00e4minen<\/h2>\n\n\n\n<p>Pyyd\u00e4mme tekij\u00f6it\u00e4 j\u00e4tt\u00e4m\u00e4\u00e4n ehdotuksensa 15.8.2022 menness\u00e4. Ehdotusten tulee olla suomen- tai englanninkielisi\u00e4. Ehdotusten tulee sis\u00e4lt\u00e4\u00e4:<\/p>\n\n\n\n<ul class=\"wp-block-list\"><li>esitys teoksen visuaalisesta ilmeest\u00e4<\/li><li>teos- ja tai ohjelmakuvaus, mukaan lukien k\u00e4ytetyt tekniikat ja taidemuodot (enint\u00e4\u00e4n yksi A4-sivu)<\/li><li>selvitys teoksen tai ohjelmanumeron tuotannollisesta ja teknisest\u00e4 toteutuksesta<\/li><li>teoksen budjetti eriteltyn\u00e4 sis\u00e4lt\u00e4en kaikki kustannukset&nbsp;<ul><li>Huom! Budjettiin on sis\u00e4llytt\u00e4v\u00e4 kaikki teoksen toteuttamiseen liittyv\u00e4t kustannukset, my\u00f6s matka-, majoitus- sek\u00e4 rahtikustannukset<\/li><\/ul><\/li><li>Information about the issuer of the invoice (name of organisation plus company ID or similar)<\/li><li>teos- ja ohjelmaehdotukset j\u00e4tet\u00e4\u00e4n oheisella lomakkeella yhten\u00e4 pdf-tiedostona sis\u00e4lt\u00e4en kuvat ja mahdolliset linkit videoihin<\/li><li>tiedosto tulee nimet\u00e4: TechArt_TeoksenNimi_Tekij\u00e4nNimi_Kokonaissumma<\/li><\/ul>\n\n\n\n<p>Jos sinulla on kysytt\u00e4v\u00e4\u00e4, el\u00e4 ep\u00e4r\u00f6i ottaa yhteytt\u00e4: olli.rantala@ouka.fi.<\/p>\n\n\n\n<p>Olemme yhteydess\u00e4 jatkoneuvotteluihin valittuihin elokuun loppuun menness\u00e4. Valitettavasti emme voi vastata kaikkiin ehdotuksiin.<\/p>\n\n\n\n<p>We look forward to receiving your ideas!<\/p>\n\n\n\n<iframe src=\"https:\/\/zef.fi\/s\/xoaeyzbs\/\" title=\" TechArt- In the Heart of LUMO proposals\" width=\"100%\" height=\"640px\" style=\"min-width: 320px; max-width: 960px;\"><\/iframe>\n\n\n\n<p><a href=\"https:\/\/zef.fi\/s\/w77t9ugl\/\" target=\"_blank\" rel=\"noreferrer noopener\">Avaa lomake omaan ikkunaan t\u00e4st\u00e4 linkist\u00e4.<\/a><\/p>","protected":false},"excerpt":{"rendered":"<p>Kansainv\u00e4linen teos- ja ohjelmahaku TechArt hanke kutsuu taiteilijoita, suunnittelijoita ja eri teknologia-alan ammattilaisia sek\u00e4 opiskelijoita ja oppilaitoksia tarjoamaan ehdotuksensa vuoden 2022 tapahtumaan. Tapahtumakokonaisuus j\u00e4rjestet\u00e4\u00e4n osana Lumo-valofestivaalia, joka juhlistaa 10-vuotisjuhlavuottaan. Oikeutetusti [&hellip;]<\/p>\n","protected":false},"author":1,"featured_media":1349,"parent":0,"menu_order":0,"comment_status":"closed","ping_status":"closed","template":"","meta":{"qubely_global_settings":"","qubely_interactions":"","bwfblock_default_font":"","_monsterinsights_skip_tracking":false,"_monsterinsights_sitenote_active":false,"_monsterinsights_sitenote_note":"","_monsterinsights_sitenote_category":0,"order-bump-settings":[],"_wpfnl_thankyou_order_overview":"on","_wpfnl_thankyou_order_details":"on","_wpfnl_thankyou_billing_details":"on","_wpfnl_thankyou_shipping_details":"on","jetpack_post_was_ever_published":false,"footnotes":""},"class_list":["post-1346","page","type-page","status-publish","has-post-thumbnail","czr-hentry"],"acf":[],"yoast_head":"<!-- This site is optimized with the Yoast SEO plugin v27.5 - https:\/\/yoast.com\/product\/yoast-seo-wordpress\/ -->\n<title>TechArt -in the Heart of LUMO 2022 -<\/title>\n<meta name=\"robots\" content=\"index, follow, max-snippet:-1, max-image-preview:large, max-video-preview:-1\" \/>\n<link rel=\"canonical\" href=\"https:\/\/techart.fi\/en\/techart-in-the-heart-of-lumo\/\" \/>\n<meta property=\"og:locale\" content=\"en_GB\" \/>\n<meta property=\"og:type\" content=\"article\" \/>\n<meta property=\"og:title\" content=\"TechArt -in the Heart of LUMO 2022 -\" \/>\n<meta property=\"og:description\" content=\"Kansainv\u00e4linen teos- ja ohjelmahaku TechArt hanke kutsuu taiteilijoita, suunnittelijoita ja eri teknologia-alan ammattilaisia sek\u00e4 opiskelijoita ja oppilaitoksia tarjoamaan ehdotuksensa vuoden 2022 tapahtumaan. Tapahtumakokonaisuus j\u00e4rjestet\u00e4\u00e4n osana Lumo-valofestivaalia, joka juhlistaa 10-vuotisjuhlavuottaan. Oikeutetusti [&hellip;]\" \/>\n<meta property=\"og:url\" content=\"https:\/\/techart.fi\/en\/techart-in-the-heart-of-lumo\/\" \/>\n<meta property=\"article:publisher\" content=\"https:\/\/www.facebook.com\/techartoulu\" \/>\n<meta property=\"article:modified_time\" content=\"2022-05-31T06:37:09+00:00\" \/>\n<meta property=\"og:image\" content=\"https:\/\/techart.fi\/wp-content\/uploads\/2022\/05\/TechArt_heart_LUMO.png\" \/>\n\t<meta property=\"og:image:width\" content=\"570\" \/>\n\t<meta property=\"og:image:height\" content=\"615\" \/>\n\t<meta property=\"og:image:type\" content=\"image\/png\" \/>\n<meta name=\"twitter:card\" content=\"summary_large_image\" \/>\n<meta name=\"twitter:label1\" content=\"Estimated reading time\" \/>\n\t<meta name=\"twitter:data1\" content=\"4 minutes\" \/>\n<script type=\"application\/ld+json\" class=\"yoast-schema-graph\">{\"@context\":\"https:\\\/\\\/schema.org\",\"@graph\":[{\"@type\":\"WebPage\",\"@id\":\"https:\\\/\\\/techart.fi\\\/techart-in-the-heart-of-lumo\\\/\",\"url\":\"https:\\\/\\\/techart.fi\\\/techart-in-the-heart-of-lumo\\\/\",\"name\":\"TechArt -in the Heart of LUMO 2022 -\",\"isPartOf\":{\"@id\":\"https:\\\/\\\/techart.fi\\\/#website\"},\"primaryImageOfPage\":{\"@id\":\"https:\\\/\\\/techart.fi\\\/techart-in-the-heart-of-lumo\\\/#primaryimage\"},\"image\":{\"@id\":\"https:\\\/\\\/techart.fi\\\/techart-in-the-heart-of-lumo\\\/#primaryimage\"},\"thumbnailUrl\":\"https:\\\/\\\/i0.wp.com\\\/techart.fi\\\/wp-content\\\/uploads\\\/2022\\\/05\\\/TechArt_heart_LUMO.png?fit=570%2C615&ssl=1\",\"datePublished\":\"2022-05-30T20:02:53+00:00\",\"dateModified\":\"2022-05-31T06:37:09+00:00\",\"breadcrumb\":{\"@id\":\"https:\\\/\\\/techart.fi\\\/techart-in-the-heart-of-lumo\\\/#breadcrumb\"},\"inLanguage\":\"en-GB\",\"potentialAction\":[{\"@type\":\"ReadAction\",\"target\":[\"https:\\\/\\\/techart.fi\\\/techart-in-the-heart-of-lumo\\\/\"]}]},{\"@type\":\"ImageObject\",\"inLanguage\":\"en-GB\",\"@id\":\"https:\\\/\\\/techart.fi\\\/techart-in-the-heart-of-lumo\\\/#primaryimage\",\"url\":\"https:\\\/\\\/i0.wp.com\\\/techart.fi\\\/wp-content\\\/uploads\\\/2022\\\/05\\\/TechArt_heart_LUMO.png?fit=570%2C615&ssl=1\",\"contentUrl\":\"https:\\\/\\\/i0.wp.com\\\/techart.fi\\\/wp-content\\\/uploads\\\/2022\\\/05\\\/TechArt_heart_LUMO.png?fit=570%2C615&ssl=1\",\"width\":570,\"height\":615,\"caption\":\"TechArt_heart_LUMO\"},{\"@type\":\"BreadcrumbList\",\"@id\":\"https:\\\/\\\/techart.fi\\\/techart-in-the-heart-of-lumo\\\/#breadcrumb\",\"itemListElement\":[{\"@type\":\"ListItem\",\"position\":1,\"name\":\"Home\",\"item\":\"https:\\\/\\\/techart.fi\\\/\"},{\"@type\":\"ListItem\",\"position\":2,\"name\":\"TechArt -in the Heart of LUMO 2022\"}]},{\"@type\":\"WebSite\",\"@id\":\"https:\\\/\\\/techart.fi\\\/#website\",\"url\":\"https:\\\/\\\/techart.fi\\\/\",\"name\":\"TechArt\",\"description\":\"\",\"publisher\":{\"@id\":\"https:\\\/\\\/techart.fi\\\/#organization\"},\"potentialAction\":[{\"@type\":\"SearchAction\",\"target\":{\"@type\":\"EntryPoint\",\"urlTemplate\":\"https:\\\/\\\/techart.fi\\\/?s={search_term_string}\"},\"query-input\":{\"@type\":\"PropertyValueSpecification\",\"valueRequired\":true,\"valueName\":\"search_term_string\"}}],\"inLanguage\":\"en-GB\"},{\"@type\":\"Organization\",\"@id\":\"https:\\\/\\\/techart.fi\\\/#organization\",\"name\":\"TechArt\",\"url\":\"https:\\\/\\\/techart.fi\\\/\",\"logo\":{\"@type\":\"ImageObject\",\"inLanguage\":\"en-GB\",\"@id\":\"https:\\\/\\\/techart.fi\\\/#\\\/schema\\\/logo\\\/image\\\/\",\"url\":\"https:\\\/\\\/i0.wp.com\\\/techart.fi\\\/wp-content\\\/uploads\\\/2021\\\/11\\\/cropped-techart_webclip.png?fit=256%2C161&ssl=1\",\"contentUrl\":\"https:\\\/\\\/i0.wp.com\\\/techart.fi\\\/wp-content\\\/uploads\\\/2021\\\/11\\\/cropped-techart_webclip.png?fit=256%2C161&ssl=1\",\"width\":256,\"height\":161,\"caption\":\"TechArt\"},\"image\":{\"@id\":\"https:\\\/\\\/techart.fi\\\/#\\\/schema\\\/logo\\\/image\\\/\"},\"sameAs\":[\"https:\\\/\\\/www.facebook.com\\\/techartoulu\",\"https:\\\/\\\/www.instagram.com\\\/techartoulu\\\/\",\"https:\\\/\\\/www.youtube.com\\\/channel\\\/UCzcjRf7yPFh7Etzp_zCAwMQ\"]}]}<\/script>\n<!-- \/ Yoast SEO plugin. -->","yoast_head_json":{"title":"TechArt -in the Heart of LUMO 2022 -","robots":{"index":"index","follow":"follow","max-snippet":"max-snippet:-1","max-image-preview":"max-image-preview:large","max-video-preview":"max-video-preview:-1"},"canonical":"https:\/\/techart.fi\/en\/techart-in-the-heart-of-lumo\/","og_locale":"en_GB","og_type":"article","og_title":"TechArt -in the Heart of LUMO 2022 -","og_description":"Kansainv\u00e4linen teos- ja ohjelmahaku TechArt hanke kutsuu taiteilijoita, suunnittelijoita ja eri teknologia-alan ammattilaisia sek\u00e4 opiskelijoita ja oppilaitoksia tarjoamaan ehdotuksensa vuoden 2022 tapahtumaan. Tapahtumakokonaisuus j\u00e4rjestet\u00e4\u00e4n osana Lumo-valofestivaalia, joka juhlistaa 10-vuotisjuhlavuottaan. Oikeutetusti [&hellip;]","og_url":"https:\/\/techart.fi\/en\/techart-in-the-heart-of-lumo\/","article_publisher":"https:\/\/www.facebook.com\/techartoulu","article_modified_time":"2022-05-31T06:37:09+00:00","og_image":[{"width":570,"height":615,"url":"https:\/\/techart.fi\/wp-content\/uploads\/2022\/05\/TechArt_heart_LUMO.png","type":"image\/png"}],"twitter_card":"summary_large_image","twitter_misc":{"Estimated reading time":"4 minutes"},"schema":{"@context":"https:\/\/schema.org","@graph":[{"@type":"WebPage","@id":"https:\/\/techart.fi\/techart-in-the-heart-of-lumo\/","url":"https:\/\/techart.fi\/techart-in-the-heart-of-lumo\/","name":"TechArt -in the Heart of LUMO 2022 -","isPartOf":{"@id":"https:\/\/techart.fi\/#website"},"primaryImageOfPage":{"@id":"https:\/\/techart.fi\/techart-in-the-heart-of-lumo\/#primaryimage"},"image":{"@id":"https:\/\/techart.fi\/techart-in-the-heart-of-lumo\/#primaryimage"},"thumbnailUrl":"https:\/\/i0.wp.com\/techart.fi\/wp-content\/uploads\/2022\/05\/TechArt_heart_LUMO.png?fit=570%2C615&ssl=1","datePublished":"2022-05-30T20:02:53+00:00","dateModified":"2022-05-31T06:37:09+00:00","breadcrumb":{"@id":"https:\/\/techart.fi\/techart-in-the-heart-of-lumo\/#breadcrumb"},"inLanguage":"en-GB","potentialAction":[{"@type":"ReadAction","target":["https:\/\/techart.fi\/techart-in-the-heart-of-lumo\/"]}]},{"@type":"ImageObject","inLanguage":"en-GB","@id":"https:\/\/techart.fi\/techart-in-the-heart-of-lumo\/#primaryimage","url":"https:\/\/i0.wp.com\/techart.fi\/wp-content\/uploads\/2022\/05\/TechArt_heart_LUMO.png?fit=570%2C615&ssl=1","contentUrl":"https:\/\/i0.wp.com\/techart.fi\/wp-content\/uploads\/2022\/05\/TechArt_heart_LUMO.png?fit=570%2C615&ssl=1","width":570,"height":615,"caption":"TechArt_heart_LUMO"},{"@type":"BreadcrumbList","@id":"https:\/\/techart.fi\/techart-in-the-heart-of-lumo\/#breadcrumb","itemListElement":[{"@type":"ListItem","position":1,"name":"Home","item":"https:\/\/techart.fi\/"},{"@type":"ListItem","position":2,"name":"TechArt -in the Heart of LUMO 2022"}]},{"@type":"WebSite","@id":"https:\/\/techart.fi\/#website","url":"https:\/\/techart.fi\/","name":"TechArt","description":"","publisher":{"@id":"https:\/\/techart.fi\/#organization"},"potentialAction":[{"@type":"SearchAction","target":{"@type":"EntryPoint","urlTemplate":"https:\/\/techart.fi\/?s={search_term_string}"},"query-input":{"@type":"PropertyValueSpecification","valueRequired":true,"valueName":"search_term_string"}}],"inLanguage":"en-GB"},{"@type":"Organization","@id":"https:\/\/techart.fi\/#organization","name":"TechArt","url":"https:\/\/techart.fi\/","logo":{"@type":"ImageObject","inLanguage":"en-GB","@id":"https:\/\/techart.fi\/#\/schema\/logo\/image\/","url":"https:\/\/i0.wp.com\/techart.fi\/wp-content\/uploads\/2021\/11\/cropped-techart_webclip.png?fit=256%2C161&ssl=1","contentUrl":"https:\/\/i0.wp.com\/techart.fi\/wp-content\/uploads\/2021\/11\/cropped-techart_webclip.png?fit=256%2C161&ssl=1","width":256,"height":161,"caption":"TechArt"},"image":{"@id":"https:\/\/techart.fi\/#\/schema\/logo\/image\/"},"sameAs":["https:\/\/www.facebook.com\/techartoulu","https:\/\/www.instagram.com\/techartoulu\/","https:\/\/www.youtube.com\/channel\/UCzcjRf7yPFh7Etzp_zCAwMQ"]}]}},"jetpack-related-posts":[{"id":423,"url":"https:\/\/techart.fi\/en\/esittelyvideoita\/","url_meta":{"origin":1346,"position":0},"title":"Presentation videos","author":"admin","date":"11\/26\/2021","format":false,"excerpt":"T\u00e4h\u00e4n on koottu TechArt- hankkeen aikana toteutettuja esittelyvideoita. Videoiden kuvaukset kilpailutettiin, ja toteuttajaksi valittiin Kapina Oy. Videoita esitettiin Comic Strip World Championships (CSWS21) palkintojenjakogaalan livestremauksen yhteydess\u00e4. Lis\u00e4ksi esittelyvideoita toteutettiin kahdesta LUMO - valofestivaalin teoksesta ja tekij\u00f6ist\u00e4. https:\/\/youtu.be\/7zrx5o7YKDk Drone footage of Oulu https:\/\/youtu.be\/dk5E-UL9dYA Drone footage of Oulu, the City Main Library\u2026","rel":"","context":"Similar post","block_context":{"text":"Similar post","link":""},"img":{"alt_text":"","src":"https:\/\/i0.wp.com\/img.youtube.com\/vi\/7zrx5o7YKDk\/0.jpg?resize=350%2C200","width":350,"height":200},"classes":[]},{"id":13,"url":"https:\/\/techart.fi\/en\/mika-on-techart\/","url_meta":{"origin":1346,"position":1},"title":"Welcome to the TechArt project website!","author":"admin","date":"11\/08\/2021","format":false,"excerpt":"TechArt\u00a0-hankkeen tarkoituksena on selvitt\u00e4\u00e4, rakentaa ja\u00a0pilotoida\u00a0teknologiaa ja kulttuuria yhdist\u00e4v\u00e4\u00e4 ekosysteemi\u00e4. N\u00e4ilt\u00e4 sivuilta l\u00f6yd\u00e4t tietoa hankkeen aikana toteutetuista piloteista, tapahtumista sek\u00e4 ekosysteemity\u00f6st\u00e4. Hankeen aikana tuotetut digitaaliset kokeilut ja virtuaalimallit l\u00f6ytyv\u00e4t sivustolta. Pistepilvimallit ovat ladattavissa ilmaiseksi kaikille halukkaille. Info osion alta l\u00f6ytyy hankkeen aikana toteutettuja esittelyvideoita mm. LUMO valofestivaali 2021 aikana olleista\u2026","rel":"","context":"Similar post","block_context":{"text":"Similar post","link":""},"img":{"alt_text":"TechArt","src":"https:\/\/i0.wp.com\/techart.fi\/wp-content\/uploads\/2021\/11\/IMG-1661-scaled.jpg?resize=350%2C200&ssl=1","width":350,"height":200,"srcset":"https:\/\/i0.wp.com\/techart.fi\/wp-content\/uploads\/2021\/11\/IMG-1661-scaled.jpg?resize=350%2C200&ssl=1 1x, https:\/\/i0.wp.com\/techart.fi\/wp-content\/uploads\/2021\/11\/IMG-1661-scaled.jpg?resize=525%2C300&ssl=1 1.5x, https:\/\/i0.wp.com\/techart.fi\/wp-content\/uploads\/2021\/11\/IMG-1661-scaled.jpg?resize=700%2C400&ssl=1 2x, https:\/\/i0.wp.com\/techart.fi\/wp-content\/uploads\/2021\/11\/IMG-1661-scaled.jpg?resize=1050%2C600&ssl=1 3x, https:\/\/i0.wp.com\/techart.fi\/wp-content\/uploads\/2021\/11\/IMG-1661-scaled.jpg?resize=1400%2C800&ssl=1 4x"},"classes":[]},{"id":174,"url":"https:\/\/techart.fi\/en\/virtuaalimallit\/","url_meta":{"origin":1346,"position":2},"title":"Virtual models","author":"admin","date":"11\/22\/2021","format":false,"excerpt":"TechArt- hankkeen aikana on toteutettu virtuaalimalli Tietomaan tornista. Torni juhlii 100-vuotista taivaltaan vuoden 2021 aikana. Tietomaan tornissa on asiakashissi, jolla p\u00e4\u00e4see vain n\u00e4k\u00f6alatasanteelle, mutta tornin sis\u00e4ll\u00e4 kiert\u00e4v\u00e4t portaat ja sis\u00e4lle toteutetut taide- ja tieden\u00e4yttelyt ovat olleet mm. liikuntarajoitteisille esteellisi\u00e4 tiloja. TechArt- hanke on halunnut tuoda esteelliset tilat esteett\u00f6miksi digitalisaatiota hy\u00f6dynt\u00e4en.\u2026","rel":"","context":"Similar post","block_context":{"text":"Similar post","link":""},"img":{"alt_text":"","src":"","width":0,"height":0},"classes":[]},{"id":18,"url":"https:\/\/techart.fi\/en\/ekosysteemi\/","url_meta":{"origin":1346,"position":3},"title":"Ekosysteemity\u00f6","author":"admin","date":"11\/08\/2021","format":false,"excerpt":"TechArt- hankkeen ty\u00f6paketti TechArt City pyrkii rakentamaan kansallisen ja kansainv\u00e4lisen verkoston, jossa kaupungit ja alueet, teknologiayritykset, TKI -organisaatiot, luovat ja kulttuurialat sek\u00e4 taiteen ammattilaiset kohtaavat ja jakavat tietoa. Keskeisen\u00e4 teemana on ekosysteemiajattelu; Miten kaupungit voivat kehitt\u00e4\u00e4 alustan, joka synnytt\u00e4\u00e4 teknologiaa ja kulttuuria yhdist\u00e4v\u00e4\u00e4 toimeliaisuutta Hankkeessa ekosysteemin tavoitteita toteutetaan seuraavilla toimenpiteill\u00e4:\u2026","rel":"","context":"Similar post","block_context":{"text":"Similar post","link":""},"img":{"alt_text":"","src":"https:\/\/i0.wp.com\/techart.fi\/wp-content\/uploads\/2022\/03\/PHOTO-2021-11-18-18-27-14.jpeg?fit=1200%2C900&ssl=1&resize=350%2C200","width":350,"height":200,"srcset":"https:\/\/i0.wp.com\/techart.fi\/wp-content\/uploads\/2022\/03\/PHOTO-2021-11-18-18-27-14.jpeg?fit=1200%2C900&ssl=1&resize=350%2C200 1x, https:\/\/i0.wp.com\/techart.fi\/wp-content\/uploads\/2022\/03\/PHOTO-2021-11-18-18-27-14.jpeg?fit=1200%2C900&ssl=1&resize=525%2C300 1.5x, https:\/\/i0.wp.com\/techart.fi\/wp-content\/uploads\/2022\/03\/PHOTO-2021-11-18-18-27-14.jpeg?fit=1200%2C900&ssl=1&resize=700%2C400 2x, https:\/\/i0.wp.com\/techart.fi\/wp-content\/uploads\/2022\/03\/PHOTO-2021-11-18-18-27-14.jpeg?fit=1200%2C900&ssl=1&resize=1050%2C600 3x"},"classes":[]},{"id":1401,"url":"https:\/\/techart.fi\/en\/program\/","url_meta":{"origin":1346,"position":4},"title":"TechArt Forum &#8211; MetaCity Oulu &#038; Experiences","author":"admin","date":"11\/01\/2022","format":false,"excerpt":"Save the Date Nov 18th\u00a02022, Oulu, Science Center Tietomaa, Auditorium, 09:00 am. \u2013 16:00pm.\u00a0 Welcome to the TechArt Forum \u2013 MetaCity Oulu & Experiences! During the day we will dive together to the immersive worlds which the Metaverse will enable us to view the digital world in 3D.\u00a0\u00a0 City of\u2026","rel":"","context":"Similar post","block_context":{"text":"Similar post","link":""},"img":{"alt_text":"","src":"","width":0,"height":0},"classes":[]},{"id":1519,"url":"https:\/\/techart.fi\/en\/backup-agenda\/","url_meta":{"origin":1346,"position":5},"title":"backup agenda","author":"admin","date":"11\/17\/2022","format":false,"excerpt":"Draft Agenda Time: Friday Nov 18th from 9:00 a.m. - 16:00 p.m.Place: Science Centre Tietomaa, Auditorium.08:15 registration opens and morning coffee is served 09:00 \u2013 09:05\u00a0Welcoming words, Olli Rantala Project Manager of TechArt09:05 \u2013 09:35\u00a0Keynote: Metaverse, Arts, City & Experiences - Risto Linturi -Telecom and Futurology Consultant09:35 \u2013 09:45\u00a0Short bio\u2026","rel":"","context":"Similar post","block_context":{"text":"Similar post","link":""},"img":{"alt_text":"","src":"","width":0,"height":0},"classes":[]}],"jetpack_sharing_enabled":true,"_links":{"self":[{"href":"https:\/\/techart.fi\/en\/wp-json\/wp\/v2\/pages\/1346","targetHints":{"allow":["GET"]}}],"collection":[{"href":"https:\/\/techart.fi\/en\/wp-json\/wp\/v2\/pages"}],"about":[{"href":"https:\/\/techart.fi\/en\/wp-json\/wp\/v2\/types\/page"}],"author":[{"embeddable":true,"href":"https:\/\/techart.fi\/en\/wp-json\/wp\/v2\/users\/1"}],"replies":[{"embeddable":true,"href":"https:\/\/techart.fi\/en\/wp-json\/wp\/v2\/comments?post=1346"}],"version-history":[{"count":11,"href":"https:\/\/techart.fi\/en\/wp-json\/wp\/v2\/pages\/1346\/revisions"}],"predecessor-version":[{"id":1371,"href":"https:\/\/techart.fi\/en\/wp-json\/wp\/v2\/pages\/1346\/revisions\/1371"}],"wp:featuredmedia":[{"embeddable":true,"href":"https:\/\/techart.fi\/en\/wp-json\/wp\/v2\/media\/1349"}],"wp:attachment":[{"href":"https:\/\/techart.fi\/en\/wp-json\/wp\/v2\/media?parent=1346"}],"curies":[{"name":"wp","href":"https:\/\/api.w.org\/{rel}","templated":true}]}}