{"id":1306,"date":"2022-05-02T20:29:16","date_gmt":"2022-05-02T17:29:16","guid":{"rendered":"https:\/\/techart.fi\/?page_id=1306"},"modified":"2022-06-16T15:16:02","modified_gmt":"2022-06-16T12:16:02","slug":"satuseina","status":"publish","type":"page","link":"https:\/\/techart.fi\/en\/pilotointi\/satuseina\/","title":{"rendered":"Satusein\u00e4"},"content":{"rendered":"<div class=\"wp-block-jetpack-slideshow aligncenter\" data-effect=\"slide\"><div class=\"wp-block-jetpack-slideshow_container swiper-container\"><ul class=\"wp-block-jetpack-slideshow_swiper-wrapper swiper-wrapper\"><li class=\"wp-block-jetpack-slideshow_slide swiper-slide\"><figure><img data-recalc-dims=\"1\" fetchpriority=\"high\" decoding=\"async\" width=\"1140\" height=\"758\" alt=\"\" class=\"wp-block-jetpack-slideshow_image wp-image-1311\" data-id=\"1311\" src=\"https:\/\/i0.wp.com\/techart.fi\/wp-content\/uploads\/2022\/05\/satuseina_web.png?resize=1140%2C758&#038;ssl=1\" srcset=\"https:\/\/i0.wp.com\/techart.fi\/wp-content\/uploads\/2022\/05\/satuseina_web.png?w=3498&amp;ssl=1 3498w, https:\/\/i0.wp.com\/techart.fi\/wp-content\/uploads\/2022\/05\/satuseina_web.png?resize=300%2C200&amp;ssl=1 300w, https:\/\/i0.wp.com\/techart.fi\/wp-content\/uploads\/2022\/05\/satuseina_web.png?resize=1024%2C681&amp;ssl=1 1024w, https:\/\/i0.wp.com\/techart.fi\/wp-content\/uploads\/2022\/05\/satuseina_web.png?resize=768%2C511&amp;ssl=1 768w, https:\/\/i0.wp.com\/techart.fi\/wp-content\/uploads\/2022\/05\/satuseina_web.png?resize=1536%2C1022&amp;ssl=1 1536w, https:\/\/i0.wp.com\/techart.fi\/wp-content\/uploads\/2022\/05\/satuseina_web.png?resize=2048%2C1362&amp;ssl=1 2048w, https:\/\/i0.wp.com\/techart.fi\/wp-content\/uploads\/2022\/05\/satuseina_web.png?resize=18%2C12&amp;ssl=1 18w, https:\/\/i0.wp.com\/techart.fi\/wp-content\/uploads\/2022\/05\/satuseina_web.png?resize=440%2C293&amp;ssl=1 440w, https:\/\/i0.wp.com\/techart.fi\/wp-content\/uploads\/2022\/05\/satuseina_web.png?resize=570%2C379&amp;ssl=1 570w, https:\/\/i0.wp.com\/techart.fi\/wp-content\/uploads\/2022\/05\/satuseina_web.png?w=2280&amp;ssl=1 2280w, https:\/\/i0.wp.com\/techart.fi\/wp-content\/uploads\/2022\/05\/satuseina_web.png?w=3420&amp;ssl=1 3420w\" sizes=\"(max-width: 1140px) 100vw, 1140px\" \/><\/figure><\/li><li class=\"wp-block-jetpack-slideshow_slide swiper-slide\"><figure><img data-recalc-dims=\"1\" decoding=\"async\" width=\"1140\" height=\"641\" alt=\"\" class=\"wp-block-jetpack-slideshow_image wp-image-1331\" data-id=\"1331\" src=\"https:\/\/i0.wp.com\/techart.fi\/wp-content\/uploads\/2022\/05\/credits.jpg?resize=1140%2C641&#038;ssl=1\" srcset=\"https:\/\/i0.wp.com\/techart.fi\/wp-content\/uploads\/2022\/05\/credits.jpg?w=1920&amp;ssl=1 1920w, https:\/\/i0.wp.com\/techart.fi\/wp-content\/uploads\/2022\/05\/credits.jpg?resize=300%2C169&amp;ssl=1 300w, https:\/\/i0.wp.com\/techart.fi\/wp-content\/uploads\/2022\/05\/credits.jpg?resize=1024%2C576&amp;ssl=1 1024w, https:\/\/i0.wp.com\/techart.fi\/wp-content\/uploads\/2022\/05\/credits.jpg?resize=768%2C432&amp;ssl=1 768w, https:\/\/i0.wp.com\/techart.fi\/wp-content\/uploads\/2022\/05\/credits.jpg?resize=1536%2C864&amp;ssl=1 1536w, https:\/\/i0.wp.com\/techart.fi\/wp-content\/uploads\/2022\/05\/credits.jpg?resize=18%2C10&amp;ssl=1 18w, https:\/\/i0.wp.com\/techart.fi\/wp-content\/uploads\/2022\/05\/credits.jpg?resize=440%2C248&amp;ssl=1 440w, https:\/\/i0.wp.com\/techart.fi\/wp-content\/uploads\/2022\/05\/credits.jpg?resize=570%2C321&amp;ssl=1 570w, https:\/\/i0.wp.com\/techart.fi\/wp-content\/uploads\/2022\/05\/credits.jpg?resize=1110%2C624&amp;ssl=1 1110w, https:\/\/i0.wp.com\/techart.fi\/wp-content\/uploads\/2022\/05\/credits.jpg?resize=528%2C297&amp;ssl=1 528w\" sizes=\"(max-width: 1140px) 100vw, 1140px\" \/><\/figure><\/li><li class=\"wp-block-jetpack-slideshow_slide swiper-slide\"><figure><img data-recalc-dims=\"1\" decoding=\"async\" width=\"1140\" height=\"879\" alt=\"\" class=\"wp-block-jetpack-slideshow_image wp-image-1340\" data-id=\"1340\" src=\"https:\/\/i0.wp.com\/techart.fi\/wp-content\/uploads\/2022\/05\/IMG-8734-2-scaled.jpg?resize=1140%2C879&#038;ssl=1\" srcset=\"https:\/\/i0.wp.com\/techart.fi\/wp-content\/uploads\/2022\/05\/IMG-8734-2-scaled.jpg?w=2560&amp;ssl=1 2560w, https:\/\/i0.wp.com\/techart.fi\/wp-content\/uploads\/2022\/05\/IMG-8734-2-scaled.jpg?resize=300%2C231&amp;ssl=1 300w, https:\/\/i0.wp.com\/techart.fi\/wp-content\/uploads\/2022\/05\/IMG-8734-2-scaled.jpg?resize=1024%2C790&amp;ssl=1 1024w, https:\/\/i0.wp.com\/techart.fi\/wp-content\/uploads\/2022\/05\/IMG-8734-2-scaled.jpg?resize=768%2C592&amp;ssl=1 768w, https:\/\/i0.wp.com\/techart.fi\/wp-content\/uploads\/2022\/05\/IMG-8734-2-scaled.jpg?resize=1536%2C1185&amp;ssl=1 1536w, https:\/\/i0.wp.com\/techart.fi\/wp-content\/uploads\/2022\/05\/IMG-8734-2-scaled.jpg?resize=2048%2C1580&amp;ssl=1 2048w, https:\/\/i0.wp.com\/techart.fi\/wp-content\/uploads\/2022\/05\/IMG-8734-2-scaled.jpg?resize=16%2C12&amp;ssl=1 16w, https:\/\/i0.wp.com\/techart.fi\/wp-content\/uploads\/2022\/05\/IMG-8734-2-scaled.jpg?resize=440%2C339&amp;ssl=1 440w, https:\/\/i0.wp.com\/techart.fi\/wp-content\/uploads\/2022\/05\/IMG-8734-2-scaled.jpg?resize=570%2C440&amp;ssl=1 570w, https:\/\/i0.wp.com\/techart.fi\/wp-content\/uploads\/2022\/05\/IMG-8734-2-scaled.jpg?w=2280&amp;ssl=1 2280w\" sizes=\"(max-width: 1140px) 100vw, 1140px\" \/><\/figure><\/li><li class=\"wp-block-jetpack-slideshow_slide swiper-slide\"><figure><img data-recalc-dims=\"1\" loading=\"lazy\" decoding=\"async\" width=\"1140\" height=\"607\" alt=\"\" class=\"wp-block-jetpack-slideshow_image wp-image-1338\" data-id=\"1338\" src=\"https:\/\/i0.wp.com\/techart.fi\/wp-content\/uploads\/2022\/05\/IMG_8766-1.jpg?resize=1140%2C607&#038;ssl=1\" srcset=\"https:\/\/i0.wp.com\/techart.fi\/wp-content\/uploads\/2022\/05\/IMG_8766-1.jpg?w=2324&amp;ssl=1 2324w, https:\/\/i0.wp.com\/techart.fi\/wp-content\/uploads\/2022\/05\/IMG_8766-1.jpg?resize=300%2C160&amp;ssl=1 300w, https:\/\/i0.wp.com\/techart.fi\/wp-content\/uploads\/2022\/05\/IMG_8766-1.jpg?resize=1024%2C545&amp;ssl=1 1024w, https:\/\/i0.wp.com\/techart.fi\/wp-content\/uploads\/2022\/05\/IMG_8766-1.jpg?resize=768%2C409&amp;ssl=1 768w, https:\/\/i0.wp.com\/techart.fi\/wp-content\/uploads\/2022\/05\/IMG_8766-1.jpg?resize=1536%2C818&amp;ssl=1 1536w, https:\/\/i0.wp.com\/techart.fi\/wp-content\/uploads\/2022\/05\/IMG_8766-1.jpg?resize=2048%2C1090&amp;ssl=1 2048w, https:\/\/i0.wp.com\/techart.fi\/wp-content\/uploads\/2022\/05\/IMG_8766-1.jpg?resize=18%2C10&amp;ssl=1 18w, https:\/\/i0.wp.com\/techart.fi\/wp-content\/uploads\/2022\/05\/IMG_8766-1.jpg?resize=440%2C234&amp;ssl=1 440w, https:\/\/i0.wp.com\/techart.fi\/wp-content\/uploads\/2022\/05\/IMG_8766-1.jpg?resize=570%2C303&amp;ssl=1 570w\" sizes=\"(max-width: 1140px) 100vw, 1140px\" \/><\/figure><\/li><\/ul><a class=\"wp-block-jetpack-slideshow_button-prev swiper-button-prev swiper-button-white\" role=\"button\"><\/a><a class=\"wp-block-jetpack-slideshow_button-next swiper-button-next swiper-button-white\" role=\"button\"><\/a><a aria-label=\"Pause Slideshow\" class=\"wp-block-jetpack-slideshow_button-pause\" role=\"button\"><\/a><div class=\"wp-block-jetpack-slideshow_pagination swiper-pagination swiper-pagination-white\"><\/div><\/div><\/div>\n\n\n\n<p>TechArt- hanke haki erityisesti jo valmista tuotetta, jossa yhdistyisi interaktiivisesti kosketuksella toimiva musiikkia, pelillisyytt\u00e4 ja vuorovaikutusta sis\u00e4lt\u00e4v\u00e4 kokonaisuus. Toteutettavaksi tuotekehityspilotiksi tuli valituksi Satusein\u00e4. T\u00e4h\u00e4n Satusein\u00e4\u00e4n on aiemmin voinut Suomessa tutustua. mm. Helsingiss\u00e4 Oodissa  ja Mikkeliss\u00e4. Jean Sibeliuksen ja Leevi Madetojan musiikkiin sovitettu mukaansatempaava \u00e4lysein\u00e4&nbsp;tarjoaa sukelluksen&nbsp;<em>Maaria taivaanlaulaja<\/em>&nbsp;-musiikkisatuun sek\u00e4 samaan satumaailmaan sijoittuviin peleihin. <\/p>\n\n\n\n<p>TechArt- hanke haluaa kehitt\u00e4\u00e4 valmista tuotetta eteenp\u00e4in yhdess\u00e4 kaupunkilaisten kanssa. Ideana on joukkoistamalla tuottaa uutta koettavaa sis\u00e4lt\u00f6\u00e4 ja rikastaa tuotetta ja tuoda se paremmin saavutettavaksi eri kohderyhmille.&nbsp;<\/p>\n\n\n\n<p>TechArt- hanke haki \u00e4\u00e4nin\u00e4yttelij\u00f6it\u00e4 ja Oulun murteen osaajia, joista valittiin parhaat Oulun murteen taitajat, ja heid\u00e4n \u00e4\u00e4nens\u00e4 tuotiin my\u00f6s valmiiseen tuotteeseen. Satusein\u00e4st\u00e4 l\u00f6ytyiv\u00e4t valmiina kieliversiot suomi, englanti ja ruotsi. N\u00e4iden lis\u00e4ksi TechArt- hanke tuotti Oulun murteen. <\/p>\n\n\n\n<p>Nykyisen maailmanpoliittisen tilanteen my\u00f6t\u00e4 TechArt- hanke haluaa my\u00f6s auttaa Suomeen saapuneita ukrainalaisia pakolaisia. Kun TechArt- hanke oli valintavaiheen j\u00e4lkeen yhteydess\u00e4 Satusein\u00e4n toteuttaman yrityksen toimitusjohtajaan Teemu Laasaseen, her\u00e4tti idea ukranainkielisest\u00e4 toteutuksesta suuren kiinnostuksen. MusicFairyTales Oy:n on tuottanut yhteisty\u00f6kumppaneidensa avustuksella ukrainankielisen version, joka julkaistaan TechArt- hankkeen mahdollistamana 22.6.2022. <\/p>\n\n\n\n<p>Satusein\u00e4 on koettavissa Oulussa 14.8.2022 asti.<\/p>\n\n\n\n<p>Oulun murteen toteutukseen valitut \u00e4\u00e4nin\u00e4yttelij\u00e4t rooleineen on esitelty ohessa. <\/p>\n\n\n\n<ul class=\"wp-block-list\"><li>Kertoja: Ilpo Karjalainen<\/li><li>Maaria: Satu Kalermo<\/li><li>Peikko: Satu Kalermo<\/li><li>Poro: Kaisu Pelkonen<\/li><li>Haltijoitten vanhin: Kaisu Pelkonen<\/li><li>Haltija 1: Raija Robinson<\/li><li>Haltija 2: Satu Kalermo<\/li><li>Haltija 3: Kaisu Pelkonen<\/li><li>Em\u00e4nt\u00e4: Irene Lankila<\/li><li>Poika: Jan-Iiro Jarva<\/li><li>Tytt\u00f6: Paula Puumalainen<\/li><li>Is\u00e4: Timo Fordell<\/li><li>Is\u00e4nt\u00e4: Ilpo Karjalainen<\/li><li>\u00c4iti: Elisa Rasmusson<\/li><\/ul>\n\n\n\n<p>P\u00e4\u00e4set kuuntelemaan koko sadun ohesta Oulun murteella.<\/p>\n\n\n\n<a class=\"wp-block-jetpack-podcast-player jetpack-podcast-player__direct-link\" href=\"https:\/\/anchor.fm\/s\/9fce8fe8\/podcast\/rss\">https:\/\/anchor.fm\/s\/9fce8fe8\/podcast\/rss<\/a>","protected":false},"excerpt":{"rendered":"<p>TechArt- hanke haki erityisesti jo valmista tuotetta, jossa yhdistyisi interaktiivisesti kosketuksella toimiva musiikkia, pelillisyytt\u00e4 ja vuorovaikutusta sis\u00e4lt\u00e4v\u00e4 kokonaisuus. Toteutettavaksi tuotekehityspilotiksi tuli valituksi Satusein\u00e4. T\u00e4h\u00e4n Satusein\u00e4\u00e4n on aiemmin voinut Suomessa tutustua. [&hellip;]<\/p>\n","protected":false},"author":1,"featured_media":0,"parent":19,"menu_order":0,"comment_status":"closed","ping_status":"closed","template":"","meta":{"qubely_global_settings":"","qubely_interactions":"","bwfblock_default_font":"","_monsterinsights_skip_tracking":false,"_monsterinsights_sitenote_active":false,"_monsterinsights_sitenote_note":"","_monsterinsights_sitenote_category":0,"order-bump-settings":[],"_wpfnl_thankyou_order_overview":"on","_wpfnl_thankyou_order_details":"on","_wpfnl_thankyou_billing_details":"on","_wpfnl_thankyou_shipping_details":"on","jetpack_post_was_ever_published":false,"footnotes":""},"class_list":["post-1306","page","type-page","status-publish","czr-hentry"],"acf":[],"yoast_head":"<!-- This site is optimized with the Yoast SEO plugin v27.4 - https:\/\/yoast.com\/product\/yoast-seo-wordpress\/ -->\n<title>Satusein\u00e4 -<\/title>\n<meta name=\"robots\" content=\"index, follow, max-snippet:-1, max-image-preview:large, max-video-preview:-1\" \/>\n<link rel=\"canonical\" href=\"https:\/\/techart.fi\/en\/pilotointi\/satuseina\/\" \/>\n<meta property=\"og:locale\" content=\"en_GB\" \/>\n<meta property=\"og:type\" content=\"article\" \/>\n<meta property=\"og:title\" content=\"Satusein\u00e4 -\" \/>\n<meta property=\"og:description\" content=\"TechArt- hanke haki erityisesti jo valmista tuotetta, jossa yhdistyisi interaktiivisesti kosketuksella toimiva musiikkia, pelillisyytt\u00e4 ja vuorovaikutusta sis\u00e4lt\u00e4v\u00e4 kokonaisuus. Toteutettavaksi tuotekehityspilotiksi tuli valituksi Satusein\u00e4. T\u00e4h\u00e4n Satusein\u00e4\u00e4n on aiemmin voinut Suomessa tutustua. [&hellip;]\" \/>\n<meta property=\"og:url\" content=\"https:\/\/techart.fi\/en\/pilotointi\/satuseina\/\" \/>\n<meta property=\"article:publisher\" content=\"https:\/\/www.facebook.com\/techartoulu\" \/>\n<meta property=\"article:modified_time\" content=\"2022-06-16T12:16:02+00:00\" \/>\n<meta property=\"og:image\" content=\"https:\/\/techart.fi\/wp-content\/uploads\/2022\/05\/satuseina_web.png\" \/>\n<meta name=\"twitter:card\" content=\"summary_large_image\" \/>\n<meta name=\"twitter:label1\" content=\"Estimated reading time\" \/>\n\t<meta name=\"twitter:data1\" content=\"3 minutes\" \/>\n<script type=\"application\/ld+json\" class=\"yoast-schema-graph\">{\"@context\":\"https:\\\/\\\/schema.org\",\"@graph\":[{\"@type\":\"WebPage\",\"@id\":\"https:\\\/\\\/techart.fi\\\/pilotointi\\\/satuseina\\\/\",\"url\":\"https:\\\/\\\/techart.fi\\\/pilotointi\\\/satuseina\\\/\",\"name\":\"Satusein\u00e4 -\",\"isPartOf\":{\"@id\":\"https:\\\/\\\/techart.fi\\\/#website\"},\"primaryImageOfPage\":{\"@id\":\"https:\\\/\\\/techart.fi\\\/pilotointi\\\/satuseina\\\/#primaryimage\"},\"image\":{\"@id\":\"https:\\\/\\\/techart.fi\\\/pilotointi\\\/satuseina\\\/#primaryimage\"},\"thumbnailUrl\":\"https:\\\/\\\/techart.fi\\\/wp-content\\\/uploads\\\/2022\\\/05\\\/satuseina_web.png\",\"datePublished\":\"2022-05-02T17:29:16+00:00\",\"dateModified\":\"2022-06-16T12:16:02+00:00\",\"breadcrumb\":{\"@id\":\"https:\\\/\\\/techart.fi\\\/pilotointi\\\/satuseina\\\/#breadcrumb\"},\"inLanguage\":\"en-GB\",\"potentialAction\":[{\"@type\":\"ReadAction\",\"target\":[\"https:\\\/\\\/techart.fi\\\/pilotointi\\\/satuseina\\\/\"]}]},{\"@type\":\"ImageObject\",\"inLanguage\":\"en-GB\",\"@id\":\"https:\\\/\\\/techart.fi\\\/pilotointi\\\/satuseina\\\/#primaryimage\",\"url\":\"https:\\\/\\\/techart.fi\\\/wp-content\\\/uploads\\\/2022\\\/05\\\/satuseina_web.png\",\"contentUrl\":\"https:\\\/\\\/techart.fi\\\/wp-content\\\/uploads\\\/2022\\\/05\\\/satuseina_web.png\"},{\"@type\":\"BreadcrumbList\",\"@id\":\"https:\\\/\\\/techart.fi\\\/pilotointi\\\/satuseina\\\/#breadcrumb\",\"itemListElement\":[{\"@type\":\"ListItem\",\"position\":1,\"name\":\"Home\",\"item\":\"https:\\\/\\\/techart.fi\\\/\"},{\"@type\":\"ListItem\",\"position\":2,\"name\":\"Pilotointi\",\"item\":\"https:\\\/\\\/techart.fi\\\/pilotointi\\\/\"},{\"@type\":\"ListItem\",\"position\":3,\"name\":\"Satusein\u00e4\"}]},{\"@type\":\"WebSite\",\"@id\":\"https:\\\/\\\/techart.fi\\\/#website\",\"url\":\"https:\\\/\\\/techart.fi\\\/\",\"name\":\"TechArt\",\"description\":\"\",\"publisher\":{\"@id\":\"https:\\\/\\\/techart.fi\\\/#organization\"},\"potentialAction\":[{\"@type\":\"SearchAction\",\"target\":{\"@type\":\"EntryPoint\",\"urlTemplate\":\"https:\\\/\\\/techart.fi\\\/?s={search_term_string}\"},\"query-input\":{\"@type\":\"PropertyValueSpecification\",\"valueRequired\":true,\"valueName\":\"search_term_string\"}}],\"inLanguage\":\"en-GB\"},{\"@type\":\"Organization\",\"@id\":\"https:\\\/\\\/techart.fi\\\/#organization\",\"name\":\"TechArt\",\"url\":\"https:\\\/\\\/techart.fi\\\/\",\"logo\":{\"@type\":\"ImageObject\",\"inLanguage\":\"en-GB\",\"@id\":\"https:\\\/\\\/techart.fi\\\/#\\\/schema\\\/logo\\\/image\\\/\",\"url\":\"https:\\\/\\\/i0.wp.com\\\/techart.fi\\\/wp-content\\\/uploads\\\/2021\\\/11\\\/cropped-techart_webclip.png?fit=256%2C161&ssl=1\",\"contentUrl\":\"https:\\\/\\\/i0.wp.com\\\/techart.fi\\\/wp-content\\\/uploads\\\/2021\\\/11\\\/cropped-techart_webclip.png?fit=256%2C161&ssl=1\",\"width\":256,\"height\":161,\"caption\":\"TechArt\"},\"image\":{\"@id\":\"https:\\\/\\\/techart.fi\\\/#\\\/schema\\\/logo\\\/image\\\/\"},\"sameAs\":[\"https:\\\/\\\/www.facebook.com\\\/techartoulu\",\"https:\\\/\\\/www.instagram.com\\\/techartoulu\\\/\",\"https:\\\/\\\/www.youtube.com\\\/channel\\\/UCzcjRf7yPFh7Etzp_zCAwMQ\"]}]}<\/script>\n<!-- \/ Yoast SEO plugin. -->","yoast_head_json":{"title":"Satusein\u00e4 -","robots":{"index":"index","follow":"follow","max-snippet":"max-snippet:-1","max-image-preview":"max-image-preview:large","max-video-preview":"max-video-preview:-1"},"canonical":"https:\/\/techart.fi\/en\/pilotointi\/satuseina\/","og_locale":"en_GB","og_type":"article","og_title":"Satusein\u00e4 -","og_description":"TechArt- hanke haki erityisesti jo valmista tuotetta, jossa yhdistyisi interaktiivisesti kosketuksella toimiva musiikkia, pelillisyytt\u00e4 ja vuorovaikutusta sis\u00e4lt\u00e4v\u00e4 kokonaisuus. Toteutettavaksi tuotekehityspilotiksi tuli valituksi Satusein\u00e4. T\u00e4h\u00e4n Satusein\u00e4\u00e4n on aiemmin voinut Suomessa tutustua. [&hellip;]","og_url":"https:\/\/techart.fi\/en\/pilotointi\/satuseina\/","article_publisher":"https:\/\/www.facebook.com\/techartoulu","article_modified_time":"2022-06-16T12:16:02+00:00","og_image":[{"url":"https:\/\/techart.fi\/wp-content\/uploads\/2022\/05\/satuseina_web.png","type":"","width":"","height":""}],"twitter_card":"summary_large_image","twitter_misc":{"Estimated reading time":"3 minutes"},"schema":{"@context":"https:\/\/schema.org","@graph":[{"@type":"WebPage","@id":"https:\/\/techart.fi\/pilotointi\/satuseina\/","url":"https:\/\/techart.fi\/pilotointi\/satuseina\/","name":"Satusein\u00e4 -","isPartOf":{"@id":"https:\/\/techart.fi\/#website"},"primaryImageOfPage":{"@id":"https:\/\/techart.fi\/pilotointi\/satuseina\/#primaryimage"},"image":{"@id":"https:\/\/techart.fi\/pilotointi\/satuseina\/#primaryimage"},"thumbnailUrl":"https:\/\/techart.fi\/wp-content\/uploads\/2022\/05\/satuseina_web.png","datePublished":"2022-05-02T17:29:16+00:00","dateModified":"2022-06-16T12:16:02+00:00","breadcrumb":{"@id":"https:\/\/techart.fi\/pilotointi\/satuseina\/#breadcrumb"},"inLanguage":"en-GB","potentialAction":[{"@type":"ReadAction","target":["https:\/\/techart.fi\/pilotointi\/satuseina\/"]}]},{"@type":"ImageObject","inLanguage":"en-GB","@id":"https:\/\/techart.fi\/pilotointi\/satuseina\/#primaryimage","url":"https:\/\/techart.fi\/wp-content\/uploads\/2022\/05\/satuseina_web.png","contentUrl":"https:\/\/techart.fi\/wp-content\/uploads\/2022\/05\/satuseina_web.png"},{"@type":"BreadcrumbList","@id":"https:\/\/techart.fi\/pilotointi\/satuseina\/#breadcrumb","itemListElement":[{"@type":"ListItem","position":1,"name":"Home","item":"https:\/\/techart.fi\/"},{"@type":"ListItem","position":2,"name":"Pilotointi","item":"https:\/\/techart.fi\/pilotointi\/"},{"@type":"ListItem","position":3,"name":"Satusein\u00e4"}]},{"@type":"WebSite","@id":"https:\/\/techart.fi\/#website","url":"https:\/\/techart.fi\/","name":"TechArt","description":"","publisher":{"@id":"https:\/\/techart.fi\/#organization"},"potentialAction":[{"@type":"SearchAction","target":{"@type":"EntryPoint","urlTemplate":"https:\/\/techart.fi\/?s={search_term_string}"},"query-input":{"@type":"PropertyValueSpecification","valueRequired":true,"valueName":"search_term_string"}}],"inLanguage":"en-GB"},{"@type":"Organization","@id":"https:\/\/techart.fi\/#organization","name":"TechArt","url":"https:\/\/techart.fi\/","logo":{"@type":"ImageObject","inLanguage":"en-GB","@id":"https:\/\/techart.fi\/#\/schema\/logo\/image\/","url":"https:\/\/i0.wp.com\/techart.fi\/wp-content\/uploads\/2021\/11\/cropped-techart_webclip.png?fit=256%2C161&ssl=1","contentUrl":"https:\/\/i0.wp.com\/techart.fi\/wp-content\/uploads\/2021\/11\/cropped-techart_webclip.png?fit=256%2C161&ssl=1","width":256,"height":161,"caption":"TechArt"},"image":{"@id":"https:\/\/techart.fi\/#\/schema\/logo\/image\/"},"sameAs":["https:\/\/www.facebook.com\/techartoulu","https:\/\/www.instagram.com\/techartoulu\/","https:\/\/www.youtube.com\/channel\/UCzcjRf7yPFh7Etzp_zCAwMQ"]}]}},"jetpack-related-posts":[],"jetpack_sharing_enabled":true,"_links":{"self":[{"href":"https:\/\/techart.fi\/en\/wp-json\/wp\/v2\/pages\/1306","targetHints":{"allow":["GET"]}}],"collection":[{"href":"https:\/\/techart.fi\/en\/wp-json\/wp\/v2\/pages"}],"about":[{"href":"https:\/\/techart.fi\/en\/wp-json\/wp\/v2\/types\/page"}],"author":[{"embeddable":true,"href":"https:\/\/techart.fi\/en\/wp-json\/wp\/v2\/users\/1"}],"replies":[{"embeddable":true,"href":"https:\/\/techart.fi\/en\/wp-json\/wp\/v2\/comments?post=1306"}],"version-history":[{"count":12,"href":"https:\/\/techart.fi\/en\/wp-json\/wp\/v2\/pages\/1306\/revisions"}],"predecessor-version":[{"id":1374,"href":"https:\/\/techart.fi\/en\/wp-json\/wp\/v2\/pages\/1306\/revisions\/1374"}],"up":[{"embeddable":true,"href":"https:\/\/techart.fi\/en\/wp-json\/wp\/v2\/pages\/19"}],"wp:attachment":[{"href":"https:\/\/techart.fi\/en\/wp-json\/wp\/v2\/media?parent=1306"}],"curies":[{"name":"wp","href":"https:\/\/api.w.org\/{rel}","templated":true}]}}