{"id":1212,"date":"2022-03-25T10:03:16","date_gmt":"2022-03-25T08:03:16","guid":{"rendered":"https:\/\/techart.fi\/?page_id=1212"},"modified":"2022-03-25T15:20:53","modified_gmt":"2022-03-25T13:20:53","slug":"kysely-ekosysteemitoimijoille","status":"publish","type":"page","link":"https:\/\/techart.fi\/en\/kysely-ekosysteemitoimijoille\/","title":{"rendered":"Survey for TechArt ecosystem stakeholders"},"content":{"rendered":"<p>Ecosystem Survey<\/p>\n\n\n\n<p>We would like your help to map out the TechArt ecosystem in Europe and beyond. We would like to ask you a big favor: would you be willing to participate in a survey and give us your opinion on the status and needs of the European TechArt ecosystem?<\/p>\n\n\n\n<p>Haluamme kysy\u00e4 sinulta suurta palvelusta: olisitko valmis osallistumaan kyselyyn ja antamaan meille mielipiteesi Eurooppalaisen TechArt-ekosysteemin tilasta ja tarpeista?<\/p>\n\n\n\n<p>Kyselylomake t\u00e4ytt\u00e4\u00e4 9 minuuttia (ajoitimme sen!) ja on avoinna 24.04.2022 asti, ja arvostamme sit\u00e4, ett\u00e4 k\u00e4yt\u00e4t t\u00e4m\u00e4n ajan auttaaksesi meit\u00e4. Vastaustesi ansiosta ymm\u00e4rr\u00e4mme paremmin, mit\u00e4 Oulun kaupunki voi tarjota eri sidosryhmille ja eurooppalaiselle TechArt-ekosysteemille.<\/p>\n\n\n\n<p><a href=\"https:\/\/survey.alchemer.com\/s3\/6771043\/Oulu-Tech-Art-Stakeholder-Survey\">Vastaa kyselyyn t\u00e4st\u00e4:<\/a><\/p>","protected":false},"excerpt":{"rendered":"<p>TechArt-kysely Haluamme apuasi TechArt-ekosysteemin kartoittamisessa Euroopassa ja sen ulkopuolella. Haluamme kysy\u00e4 sinulta suurta palvelusta: olisitko valmis osallistumaan kyselyyn ja antamaan meille mielipiteesi Eurooppalaisen TechArt-ekosysteemin tilasta ja tarpeista? Kyselylomake t\u00e4ytt\u00e4\u00e4 9 [&hellip;]<\/p>\n","protected":false},"author":1,"featured_media":1148,"parent":0,"menu_order":0,"comment_status":"closed","ping_status":"closed","template":"","meta":{"qubely_global_settings":"","qubely_interactions":"","bwfblock_default_font":"","_monsterinsights_skip_tracking":false,"_monsterinsights_sitenote_active":false,"_monsterinsights_sitenote_note":"","_monsterinsights_sitenote_category":0,"order-bump-settings":[],"_wpfnl_thankyou_order_overview":"on","_wpfnl_thankyou_order_details":"on","_wpfnl_thankyou_billing_details":"on","_wpfnl_thankyou_shipping_details":"on","jetpack_post_was_ever_published":false,"footnotes":""},"class_list":["post-1212","page","type-page","status-publish","has-post-thumbnail","czr-hentry"],"acf":[],"yoast_head":"<!-- This site is optimized with the Yoast SEO plugin v27.4 - https:\/\/yoast.com\/product\/yoast-seo-wordpress\/ -->\n<title>Kysely ekosysteemitoimijoille -<\/title>\n<meta name=\"robots\" content=\"index, follow, max-snippet:-1, max-image-preview:large, max-video-preview:-1\" \/>\n<link rel=\"canonical\" href=\"https:\/\/techart.fi\/en\/kysely-ekosysteemitoimijoille\/\" \/>\n<meta property=\"og:locale\" content=\"en_GB\" \/>\n<meta property=\"og:type\" content=\"article\" \/>\n<meta property=\"og:title\" content=\"Kysely ekosysteemitoimijoille -\" \/>\n<meta property=\"og:description\" content=\"TechArt-kysely Haluamme apuasi TechArt-ekosysteemin kartoittamisessa Euroopassa ja sen ulkopuolella. Haluamme kysy\u00e4 sinulta suurta palvelusta: olisitko valmis osallistumaan kyselyyn ja antamaan meille mielipiteesi Eurooppalaisen TechArt-ekosysteemin tilasta ja tarpeista? Kyselylomake t\u00e4ytt\u00e4\u00e4 9 [&hellip;]\" \/>\n<meta property=\"og:url\" content=\"https:\/\/techart.fi\/en\/kysely-ekosysteemitoimijoille\/\" \/>\n<meta property=\"article:publisher\" content=\"https:\/\/www.facebook.com\/techartoulu\" \/>\n<meta property=\"article:modified_time\" content=\"2022-03-25T13:20:53+00:00\" \/>\n<meta property=\"og:image\" content=\"https:\/\/techart.fi\/wp-content\/uploads\/2022\/03\/2022_03-Frozen-People-Nallikari_099_NETTIKOKO.jpg\" \/>\n\t<meta property=\"og:image:width\" content=\"1280\" \/>\n\t<meta property=\"og:image:height\" content=\"853\" \/>\n\t<meta property=\"og:image:type\" content=\"image\/jpeg\" \/>\n<meta name=\"twitter:card\" content=\"summary_large_image\" \/>\n<meta name=\"twitter:label1\" content=\"Estimated reading time\" \/>\n\t<meta name=\"twitter:data1\" content=\"1 minute\" \/>\n<script type=\"application\/ld+json\" class=\"yoast-schema-graph\">{\"@context\":\"https:\\\/\\\/schema.org\",\"@graph\":[{\"@type\":\"WebPage\",\"@id\":\"https:\\\/\\\/techart.fi\\\/kysely-ekosysteemitoimijoille\\\/\",\"url\":\"https:\\\/\\\/techart.fi\\\/kysely-ekosysteemitoimijoille\\\/\",\"name\":\"Kysely ekosysteemitoimijoille -\",\"isPartOf\":{\"@id\":\"https:\\\/\\\/techart.fi\\\/#website\"},\"primaryImageOfPage\":{\"@id\":\"https:\\\/\\\/techart.fi\\\/kysely-ekosysteemitoimijoille\\\/#primaryimage\"},\"image\":{\"@id\":\"https:\\\/\\\/techart.fi\\\/kysely-ekosysteemitoimijoille\\\/#primaryimage\"},\"thumbnailUrl\":\"https:\\\/\\\/i0.wp.com\\\/techart.fi\\\/wp-content\\\/uploads\\\/2022\\\/03\\\/2022_03-Frozen-People-Nallikari_099_NETTIKOKO.jpg?fit=1280%2C853&ssl=1\",\"datePublished\":\"2022-03-25T08:03:16+00:00\",\"dateModified\":\"2022-03-25T13:20:53+00:00\",\"breadcrumb\":{\"@id\":\"https:\\\/\\\/techart.fi\\\/kysely-ekosysteemitoimijoille\\\/#breadcrumb\"},\"inLanguage\":\"en-GB\",\"potentialAction\":[{\"@type\":\"ReadAction\",\"target\":[\"https:\\\/\\\/techart.fi\\\/kysely-ekosysteemitoimijoille\\\/\"]}]},{\"@type\":\"ImageObject\",\"inLanguage\":\"en-GB\",\"@id\":\"https:\\\/\\\/techart.fi\\\/kysely-ekosysteemitoimijoille\\\/#primaryimage\",\"url\":\"https:\\\/\\\/i0.wp.com\\\/techart.fi\\\/wp-content\\\/uploads\\\/2022\\\/03\\\/2022_03-Frozen-People-Nallikari_099_NETTIKOKO.jpg?fit=1280%2C853&ssl=1\",\"contentUrl\":\"https:\\\/\\\/i0.wp.com\\\/techart.fi\\\/wp-content\\\/uploads\\\/2022\\\/03\\\/2022_03-Frozen-People-Nallikari_099_NETTIKOKO.jpg?fit=1280%2C853&ssl=1\",\"width\":1280,\"height\":853,\"caption\":\"Ensimm\u00e4inen Frozen People -tapahtuma Nallikarissa meren j\u00e4\u00e4ll\u00e4 12.3.2022. Frozen People on elektronisen musiikin sek\u00e4 arktisen taiteen ja tyylin festivaali, jonka j\u00e4rjest\u00e4\u00e4 Oulu Urban Culture. Osa Euroopan kest\u00e4vin kulttuurip\u00e4\u00e4kaupunki -hanketta. Pys\u00e4ytetty hetki -installaatio: APAJA Kollektiivi.\"},{\"@type\":\"BreadcrumbList\",\"@id\":\"https:\\\/\\\/techart.fi\\\/kysely-ekosysteemitoimijoille\\\/#breadcrumb\",\"itemListElement\":[{\"@type\":\"ListItem\",\"position\":1,\"name\":\"Home\",\"item\":\"https:\\\/\\\/techart.fi\\\/\"},{\"@type\":\"ListItem\",\"position\":2,\"name\":\"Kysely ekosysteemitoimijoille\"}]},{\"@type\":\"WebSite\",\"@id\":\"https:\\\/\\\/techart.fi\\\/#website\",\"url\":\"https:\\\/\\\/techart.fi\\\/\",\"name\":\"TechArt\",\"description\":\"\",\"publisher\":{\"@id\":\"https:\\\/\\\/techart.fi\\\/#organization\"},\"potentialAction\":[{\"@type\":\"SearchAction\",\"target\":{\"@type\":\"EntryPoint\",\"urlTemplate\":\"https:\\\/\\\/techart.fi\\\/?s={search_term_string}\"},\"query-input\":{\"@type\":\"PropertyValueSpecification\",\"valueRequired\":true,\"valueName\":\"search_term_string\"}}],\"inLanguage\":\"en-GB\"},{\"@type\":\"Organization\",\"@id\":\"https:\\\/\\\/techart.fi\\\/#organization\",\"name\":\"TechArt\",\"url\":\"https:\\\/\\\/techart.fi\\\/\",\"logo\":{\"@type\":\"ImageObject\",\"inLanguage\":\"en-GB\",\"@id\":\"https:\\\/\\\/techart.fi\\\/#\\\/schema\\\/logo\\\/image\\\/\",\"url\":\"https:\\\/\\\/i0.wp.com\\\/techart.fi\\\/wp-content\\\/uploads\\\/2021\\\/11\\\/cropped-techart_webclip.png?fit=256%2C161&ssl=1\",\"contentUrl\":\"https:\\\/\\\/i0.wp.com\\\/techart.fi\\\/wp-content\\\/uploads\\\/2021\\\/11\\\/cropped-techart_webclip.png?fit=256%2C161&ssl=1\",\"width\":256,\"height\":161,\"caption\":\"TechArt\"},\"image\":{\"@id\":\"https:\\\/\\\/techart.fi\\\/#\\\/schema\\\/logo\\\/image\\\/\"},\"sameAs\":[\"https:\\\/\\\/www.facebook.com\\\/techartoulu\",\"https:\\\/\\\/www.instagram.com\\\/techartoulu\\\/\",\"https:\\\/\\\/www.youtube.com\\\/channel\\\/UCzcjRf7yPFh7Etzp_zCAwMQ\"]}]}<\/script>\n<!-- \/ Yoast SEO plugin. -->","yoast_head_json":{"title":"Kysely ekosysteemitoimijoille -","robots":{"index":"index","follow":"follow","max-snippet":"max-snippet:-1","max-image-preview":"max-image-preview:large","max-video-preview":"max-video-preview:-1"},"canonical":"https:\/\/techart.fi\/en\/kysely-ekosysteemitoimijoille\/","og_locale":"en_GB","og_type":"article","og_title":"Kysely ekosysteemitoimijoille -","og_description":"TechArt-kysely Haluamme apuasi TechArt-ekosysteemin kartoittamisessa Euroopassa ja sen ulkopuolella. Haluamme kysy\u00e4 sinulta suurta palvelusta: olisitko valmis osallistumaan kyselyyn ja antamaan meille mielipiteesi Eurooppalaisen TechArt-ekosysteemin tilasta ja tarpeista? Kyselylomake t\u00e4ytt\u00e4\u00e4 9 [&hellip;]","og_url":"https:\/\/techart.fi\/en\/kysely-ekosysteemitoimijoille\/","article_publisher":"https:\/\/www.facebook.com\/techartoulu","article_modified_time":"2022-03-25T13:20:53+00:00","og_image":[{"width":1280,"height":853,"url":"https:\/\/techart.fi\/wp-content\/uploads\/2022\/03\/2022_03-Frozen-People-Nallikari_099_NETTIKOKO.jpg","type":"image\/jpeg"}],"twitter_card":"summary_large_image","twitter_misc":{"Estimated reading time":"1 minute"},"schema":{"@context":"https:\/\/schema.org","@graph":[{"@type":"WebPage","@id":"https:\/\/techart.fi\/kysely-ekosysteemitoimijoille\/","url":"https:\/\/techart.fi\/kysely-ekosysteemitoimijoille\/","name":"Kysely ekosysteemitoimijoille -","isPartOf":{"@id":"https:\/\/techart.fi\/#website"},"primaryImageOfPage":{"@id":"https:\/\/techart.fi\/kysely-ekosysteemitoimijoille\/#primaryimage"},"image":{"@id":"https:\/\/techart.fi\/kysely-ekosysteemitoimijoille\/#primaryimage"},"thumbnailUrl":"https:\/\/i0.wp.com\/techart.fi\/wp-content\/uploads\/2022\/03\/2022_03-Frozen-People-Nallikari_099_NETTIKOKO.jpg?fit=1280%2C853&ssl=1","datePublished":"2022-03-25T08:03:16+00:00","dateModified":"2022-03-25T13:20:53+00:00","breadcrumb":{"@id":"https:\/\/techart.fi\/kysely-ekosysteemitoimijoille\/#breadcrumb"},"inLanguage":"en-GB","potentialAction":[{"@type":"ReadAction","target":["https:\/\/techart.fi\/kysely-ekosysteemitoimijoille\/"]}]},{"@type":"ImageObject","inLanguage":"en-GB","@id":"https:\/\/techart.fi\/kysely-ekosysteemitoimijoille\/#primaryimage","url":"https:\/\/i0.wp.com\/techart.fi\/wp-content\/uploads\/2022\/03\/2022_03-Frozen-People-Nallikari_099_NETTIKOKO.jpg?fit=1280%2C853&ssl=1","contentUrl":"https:\/\/i0.wp.com\/techart.fi\/wp-content\/uploads\/2022\/03\/2022_03-Frozen-People-Nallikari_099_NETTIKOKO.jpg?fit=1280%2C853&ssl=1","width":1280,"height":853,"caption":"Ensimm\u00e4inen Frozen People -tapahtuma Nallikarissa meren j\u00e4\u00e4ll\u00e4 12.3.2022. Frozen People on elektronisen musiikin sek\u00e4 arktisen taiteen ja tyylin festivaali, jonka j\u00e4rjest\u00e4\u00e4 Oulu Urban Culture. Osa Euroopan kest\u00e4vin kulttuurip\u00e4\u00e4kaupunki -hanketta. Pys\u00e4ytetty hetki -installaatio: APAJA Kollektiivi."},{"@type":"BreadcrumbList","@id":"https:\/\/techart.fi\/kysely-ekosysteemitoimijoille\/#breadcrumb","itemListElement":[{"@type":"ListItem","position":1,"name":"Home","item":"https:\/\/techart.fi\/"},{"@type":"ListItem","position":2,"name":"Kysely ekosysteemitoimijoille"}]},{"@type":"WebSite","@id":"https:\/\/techart.fi\/#website","url":"https:\/\/techart.fi\/","name":"TechArt","description":"","publisher":{"@id":"https:\/\/techart.fi\/#organization"},"potentialAction":[{"@type":"SearchAction","target":{"@type":"EntryPoint","urlTemplate":"https:\/\/techart.fi\/?s={search_term_string}"},"query-input":{"@type":"PropertyValueSpecification","valueRequired":true,"valueName":"search_term_string"}}],"inLanguage":"en-GB"},{"@type":"Organization","@id":"https:\/\/techart.fi\/#organization","name":"TechArt","url":"https:\/\/techart.fi\/","logo":{"@type":"ImageObject","inLanguage":"en-GB","@id":"https:\/\/techart.fi\/#\/schema\/logo\/image\/","url":"https:\/\/i0.wp.com\/techart.fi\/wp-content\/uploads\/2021\/11\/cropped-techart_webclip.png?fit=256%2C161&ssl=1","contentUrl":"https:\/\/i0.wp.com\/techart.fi\/wp-content\/uploads\/2021\/11\/cropped-techart_webclip.png?fit=256%2C161&ssl=1","width":256,"height":161,"caption":"TechArt"},"image":{"@id":"https:\/\/techart.fi\/#\/schema\/logo\/image\/"},"sameAs":["https:\/\/www.facebook.com\/techartoulu","https:\/\/www.instagram.com\/techartoulu\/","https:\/\/www.youtube.com\/channel\/UCzcjRf7yPFh7Etzp_zCAwMQ"]}]}},"jetpack-related-posts":[{"id":18,"url":"https:\/\/techart.fi\/en\/ekosysteemi\/","url_meta":{"origin":1212,"position":0},"title":"Ekosysteemity\u00f6","author":"admin","date":"11\/08\/2021","format":false,"excerpt":"TechArt- hankkeen ty\u00f6paketti TechArt City pyrkii rakentamaan kansallisen ja kansainv\u00e4lisen verkoston, jossa kaupungit ja alueet, teknologiayritykset, TKI -organisaatiot, luovat ja kulttuurialat sek\u00e4 taiteen ammattilaiset kohtaavat ja jakavat tietoa. Keskeisen\u00e4 teemana on ekosysteemiajattelu; Miten kaupungit voivat kehitt\u00e4\u00e4 alustan, joka synnytt\u00e4\u00e4 teknologiaa ja kulttuuria yhdist\u00e4v\u00e4\u00e4 toimeliaisuutta Hankkeessa ekosysteemin tavoitteita toteutetaan seuraavilla toimenpiteill\u00e4:\u2026","rel":"","context":"Similar post","block_context":{"text":"Similar post","link":""},"img":{"alt_text":"","src":"https:\/\/i0.wp.com\/techart.fi\/wp-content\/uploads\/2022\/03\/PHOTO-2021-11-18-18-27-14.jpeg?fit=1200%2C900&ssl=1&resize=350%2C200","width":350,"height":200,"srcset":"https:\/\/i0.wp.com\/techart.fi\/wp-content\/uploads\/2022\/03\/PHOTO-2021-11-18-18-27-14.jpeg?fit=1200%2C900&ssl=1&resize=350%2C200 1x, https:\/\/i0.wp.com\/techart.fi\/wp-content\/uploads\/2022\/03\/PHOTO-2021-11-18-18-27-14.jpeg?fit=1200%2C900&ssl=1&resize=525%2C300 1.5x, https:\/\/i0.wp.com\/techart.fi\/wp-content\/uploads\/2022\/03\/PHOTO-2021-11-18-18-27-14.jpeg?fit=1200%2C900&ssl=1&resize=700%2C400 2x, https:\/\/i0.wp.com\/techart.fi\/wp-content\/uploads\/2022\/03\/PHOTO-2021-11-18-18-27-14.jpeg?fit=1200%2C900&ssl=1&resize=1050%2C600 3x"},"classes":[]},{"id":247,"url":"https:\/\/techart.fi\/en\/info\/","url_meta":{"origin":1212,"position":1},"title":"Info","author":"admin","date":"11\/23\/2021","format":false,"excerpt":"TechArt\u00a0-hankkeen tarkoituksena on selvitt\u00e4\u00e4, rakentaa ja\u00a0pilotoida\u00a0teknologiaa ja kulttuuria yhdist\u00e4v\u00e4\u00e4 ekosysteemi\u00e4. Teknologia ei yksin pysty ratkaisemaan tarpeita, joissa ihmiset tarvitsevat sosiaalista vuorovaikutusta ja vuorovaikutteisuutta.\u00a0TechArt\u00a0-hanke rakentaa ekosysteemi\u00e4, jossa teknologiayritykset, taide-, luovien ja kulttuurialojen toimijat, kunnat ja eri sidosryhm\u00e4t\u00a0tki-kent\u00e4lt\u00e4 tuovat taide- ja kulttuuri- ja teknologia-alan toimijoita ja sis\u00e4lt\u00f6j\u00e4 yhteen alueellisesti, kansallisesti ja kansainv\u00e4lisesti.\u2026","rel":"","context":"Similar post","block_context":{"text":"Similar post","link":""},"img":{"alt_text":"","src":"https:\/\/i0.wp.com\/techart.fi\/wp-content\/uploads\/2022\/03\/2021_11-Lumo-valofestivaali_089_VERKKOON.jpg?fit=1200%2C800&ssl=1&resize=350%2C200","width":350,"height":200,"srcset":"https:\/\/i0.wp.com\/techart.fi\/wp-content\/uploads\/2022\/03\/2021_11-Lumo-valofestivaali_089_VERKKOON.jpg?fit=1200%2C800&ssl=1&resize=350%2C200 1x, https:\/\/i0.wp.com\/techart.fi\/wp-content\/uploads\/2022\/03\/2021_11-Lumo-valofestivaali_089_VERKKOON.jpg?fit=1200%2C800&ssl=1&resize=525%2C300 1.5x, https:\/\/i0.wp.com\/techart.fi\/wp-content\/uploads\/2022\/03\/2021_11-Lumo-valofestivaali_089_VERKKOON.jpg?fit=1200%2C800&ssl=1&resize=700%2C400 2x, https:\/\/i0.wp.com\/techart.fi\/wp-content\/uploads\/2022\/03\/2021_11-Lumo-valofestivaali_089_VERKKOON.jpg?fit=1200%2C800&ssl=1&resize=1050%2C600 3x"},"classes":[]},{"id":13,"url":"https:\/\/techart.fi\/en\/mika-on-techart\/","url_meta":{"origin":1212,"position":2},"title":"Welcome to the TechArt project website!","author":"admin","date":"11\/08\/2021","format":false,"excerpt":"TechArt\u00a0-hankkeen tarkoituksena on selvitt\u00e4\u00e4, rakentaa ja\u00a0pilotoida\u00a0teknologiaa ja kulttuuria yhdist\u00e4v\u00e4\u00e4 ekosysteemi\u00e4. N\u00e4ilt\u00e4 sivuilta l\u00f6yd\u00e4t tietoa hankkeen aikana toteutetuista piloteista, tapahtumista sek\u00e4 ekosysteemity\u00f6st\u00e4. Hankeen aikana tuotetut digitaaliset kokeilut ja virtuaalimallit l\u00f6ytyv\u00e4t sivustolta. Pistepilvimallit ovat ladattavissa ilmaiseksi kaikille halukkaille. Info osion alta l\u00f6ytyy hankkeen aikana toteutettuja esittelyvideoita mm. LUMO valofestivaali 2021 aikana olleista\u2026","rel":"","context":"Similar post","block_context":{"text":"Similar post","link":""},"img":{"alt_text":"TechArt","src":"https:\/\/i0.wp.com\/techart.fi\/wp-content\/uploads\/2021\/11\/IMG-1661-scaled.jpg?resize=350%2C200&ssl=1","width":350,"height":200,"srcset":"https:\/\/i0.wp.com\/techart.fi\/wp-content\/uploads\/2021\/11\/IMG-1661-scaled.jpg?resize=350%2C200&ssl=1 1x, https:\/\/i0.wp.com\/techart.fi\/wp-content\/uploads\/2021\/11\/IMG-1661-scaled.jpg?resize=525%2C300&ssl=1 1.5x, https:\/\/i0.wp.com\/techart.fi\/wp-content\/uploads\/2021\/11\/IMG-1661-scaled.jpg?resize=700%2C400&ssl=1 2x, https:\/\/i0.wp.com\/techart.fi\/wp-content\/uploads\/2021\/11\/IMG-1661-scaled.jpg?resize=1050%2C600&ssl=1 3x, https:\/\/i0.wp.com\/techart.fi\/wp-content\/uploads\/2021\/11\/IMG-1661-scaled.jpg?resize=1400%2C800&ssl=1 4x"},"classes":[]},{"id":439,"url":"https:\/\/techart.fi\/en\/kuvagalleria\/","url_meta":{"origin":1212,"position":3},"title":"Photogallery","author":"admin","date":"11\/26\/2021","format":false,"excerpt":"Ohesta l\u00f6ytyy kuvia TechArt- hankkeen eri tapahtumista. TechArt Forum 2022 TechArt Forum 2022, Kuvaaja: Sanna Krook Photos from previous TechArt Events.","rel":"","context":"Similar post","block_context":{"text":"Similar post","link":""},"img":{"alt_text":"","src":"https:\/\/i0.wp.com\/techart.fi\/wp-content\/uploads\/2022\/04\/278675678_1338925289919853_3329231881314140027_n.jpg?resize=350%2C200&ssl=1","width":350,"height":200,"srcset":"https:\/\/i0.wp.com\/techart.fi\/wp-content\/uploads\/2022\/04\/278675678_1338925289919853_3329231881314140027_n.jpg?resize=350%2C200&ssl=1 1x, https:\/\/i0.wp.com\/techart.fi\/wp-content\/uploads\/2022\/04\/278675678_1338925289919853_3329231881314140027_n.jpg?resize=525%2C300&ssl=1 1.5x, https:\/\/i0.wp.com\/techart.fi\/wp-content\/uploads\/2022\/04\/278675678_1338925289919853_3329231881314140027_n.jpg?resize=700%2C400&ssl=1 2x, https:\/\/i0.wp.com\/techart.fi\/wp-content\/uploads\/2022\/04\/278675678_1338925289919853_3329231881314140027_n.jpg?resize=1050%2C600&ssl=1 3x, https:\/\/i0.wp.com\/techart.fi\/wp-content\/uploads\/2022\/04\/278675678_1338925289919853_3329231881314140027_n.jpg?resize=1400%2C800&ssl=1 4x"},"classes":[]},{"id":500,"url":"https:\/\/techart.fi\/en\/techart-mediaseuranta\/","url_meta":{"origin":1212,"position":4},"title":"TechArt mediaseuranta","author":"admin","date":"11\/28\/2021","format":false,"excerpt":"Keijustamina XR musiikkivideo https:\/\/www.omvf.net\/en\/ohmudog-keijustamina\/","rel":"","context":"Similar post","block_context":{"text":"Similar post","link":""},"img":{"alt_text":"","src":"","width":0,"height":0},"classes":[]},{"id":1450,"url":"https:\/\/techart.fi\/en\/techart-forum-metacity-oulu-experiences-schedule\/","url_meta":{"origin":1212,"position":5},"title":"TechArt Forum &#8211; MetaCity Oulu &#038; Experiences Schedule","author":"admin","date":"11\/15\/2022","format":false,"excerpt":"","rel":"","context":"Similar post","block_context":{"text":"Similar post","link":""},"img":{"alt_text":"","src":"","width":0,"height":0},"classes":[]}],"jetpack_sharing_enabled":true,"_links":{"self":[{"href":"https:\/\/techart.fi\/en\/wp-json\/wp\/v2\/pages\/1212","targetHints":{"allow":["GET"]}}],"collection":[{"href":"https:\/\/techart.fi\/en\/wp-json\/wp\/v2\/pages"}],"about":[{"href":"https:\/\/techart.fi\/en\/wp-json\/wp\/v2\/types\/page"}],"author":[{"embeddable":true,"href":"https:\/\/techart.fi\/en\/wp-json\/wp\/v2\/users\/1"}],"replies":[{"embeddable":true,"href":"https:\/\/techart.fi\/en\/wp-json\/wp\/v2\/comments?post=1212"}],"version-history":[{"count":1,"href":"https:\/\/techart.fi\/en\/wp-json\/wp\/v2\/pages\/1212\/revisions"}],"predecessor-version":[{"id":1213,"href":"https:\/\/techart.fi\/en\/wp-json\/wp\/v2\/pages\/1212\/revisions\/1213"}],"wp:featuredmedia":[{"embeddable":true,"href":"https:\/\/techart.fi\/en\/wp-json\/wp\/v2\/media\/1148"}],"wp:attachment":[{"href":"https:\/\/techart.fi\/en\/wp-json\/wp\/v2\/media?parent=1212"}],"curies":[{"name":"wp","href":"https:\/\/api.w.org\/{rel}","templated":true}]}}